{"id":5206,"date":"2025-07-14T12:43:48","date_gmt":"2025-07-14T12:43:48","guid":{"rendered":"https:\/\/www.mercuredubaihotel.com\/?page_id=5206"},"modified":"2025-10-14T08:51:56","modified_gmt":"2025-10-14T08:51:56","slug":"station-de-recharge-pour-voitures-electriques","status":"publish","type":"page","link":"https:\/\/www.mercuredubaihotel.com\/fr\/guest-services\/station-de-recharge-pour-voitures-electriques\/","title":{"rendered":"Station de Recharge pour Voitures \u00c9lectriques"},"content":{"rendered":"<p data-start=\"2968\" data-end=\"3275\">Au Mercure Duba\u00ef Barsha Heights, nous sommes engag\u00e9s dans un avenir plus durable. Notre station de recharge pour v\u00e9hicules \u00e9lectriques (EV) est disponible pour les clients et les visiteurs, offrant une solution pratique et \u00e9cologique pendant votre s\u00e9jour.<\/p>\n<p data-start=\"3277\" data-end=\"3353\">\ud83d\udccd <strong data-start=\"3280\" data-end=\"3297\">Emplacement :<\/strong><br data-start=\"3297\" data-end=\"3300\" \/>Parking Niveau 1 \u2013 Emplacement d\u00e9di\u00e9 \u00e0 la recharge EV<\/p>\n<p data-start=\"3355\" data-end=\"3560\">\u26a1 <strong data-start=\"3357\" data-end=\"3385\">D\u00e9tails de la recharge :<\/strong><br data-start=\"3385\" data-end=\"3388\" \/>Branchez simplement votre v\u00e9hicule et rechargez-le pendant que vous profitez des installations de l\u2019h\u00f4tel.<br data-start=\"3494\" data-end=\"3497\" \/>Disponible 24h\/24 sur la base du premier arriv\u00e9, premier servi.<\/p>\n<p data-start=\"3562\" data-end=\"3817\">\ud83d\udcb0 <strong data-start=\"3565\" data-end=\"3577\">Tarifs :<\/strong><br data-start=\"3577\" data-end=\"3580\" \/>1,4 AED par kWh pendant la recharge<br data-start=\"3616\" data-end=\"3619\" \/>15 AED par heure de stationnement une fois le v\u00e9hicule compl\u00e8tement charg\u00e9<br data-start=\"3693\" data-end=\"3696\" \/>\ud83d\udd14 <strong data-start=\"3699\" data-end=\"3713\">Remarque :<\/strong> Veuillez d\u00e9placer votre v\u00e9hicule une fois la recharge termin\u00e9e afin d\u2019\u00e9viter des frais suppl\u00e9mentaires.<\/p>\n","protected":false},"excerpt":{"rendered":"<p>Au Mercure Duba\u00ef Barsha Heights, nous sommes engag\u00e9s dans un avenir plus durable. Notre station de recharge pour v\u00e9hicules \u00e9lectriques (EV) est disponible pour les clients et les visiteurs, offrant une solution pratique et \u00e9cologique pendant votre s\u00e9jour. \ud83d\udccd Emplacement :Parking Niveau 1 \u2013 Emplacement d\u00e9di\u00e9 \u00e0 la recharge EV \u26a1 D\u00e9tails de la recharge [&hellip;]<\/p>\n","protected":false},"author":82,"featured_media":5193,"parent":1452,"menu_order":5,"comment_status":"closed","ping_status":"closed","template":"","meta":{"footnotes":""},"categories":[],"class_list":["post-5206","page","type-page","status-publish","has-post-thumbnail","hentry"],"acf":[],"yoast_head":"<!-- This site is optimized with the Yoast SEO plugin v26.9 - https:\/\/yoast.com\/product\/yoast-seo-wordpress\/ -->\n<title>Station de Recharge pour Voitures \u00c9lectriques - Mercure Dubai Barsha Heights -<\/title>\n<meta name=\"description\" content=\"Au Mercure Duba\u00ef Barsha Heights, nous sommes engag\u00e9s dans un avenir plus durable. Notre station de recharge pour v\u00e9hicules \u00e9lectriques (EV) est disponible pour les clients et les visiteurs, offrant une solution pratique et \u00e9cologique pendant votre s\u00e9jour. \ud83d\udccd Emplacement :Parking Niveau 1 \u2013 Emplacement d\u00e9di\u00e9 \u00e0 la recharge EV \u26a1 D\u00e9tails de la recharge :Branchez simplement votre v\u00e9hicule et rechargez-le pendant que vous profitez des installations de l\u2019h\u00f4tel.Disponible 24h\/24 sur la base du premier arriv\u00e9, premier servi. \ud83d\udcb0 Tarifs :1,4 AED par kWh pendant la recharge15 AED par heure de stationnement une fois le v\u00e9hicule compl\u00e8tement charg\u00e9\ud83d\udd14 Remarque : Veuillez d\u00e9placer votre v\u00e9hicule une fois la recharge termin\u00e9e afin d\u2019\u00e9viter des frais suppl\u00e9mentaires.\" \/>\n<meta name=\"robots\" content=\"index, follow, max-snippet:-1, max-image-preview:large, max-video-preview:-1\" \/>\n<link rel=\"canonical\" href=\"https:\/\/www.mercuredubaihotel.com\/fr\/guest-services\/station-de-recharge-pour-voitures-electriques\/\" \/>\n<meta property=\"og:locale\" content=\"fr_FR\" \/>\n<meta property=\"og:type\" content=\"article\" \/>\n<meta property=\"og:title\" content=\"Station de Recharge pour Voitures \u00c9lectriques - Mercure Dubai Barsha Heights -\" \/>\n<meta property=\"og:description\" content=\"Au Mercure Duba\u00ef Barsha Heights, nous sommes engag\u00e9s dans un avenir plus durable. Notre station de recharge pour v\u00e9hicules \u00e9lectriques (EV) est disponible pour les clients et les visiteurs, offrant une solution pratique et \u00e9cologique pendant votre s\u00e9jour. \ud83d\udccd Emplacement :Parking Niveau 1 \u2013 Emplacement d\u00e9di\u00e9 \u00e0 la recharge EV \u26a1 D\u00e9tails de la recharge :Branchez simplement votre v\u00e9hicule et rechargez-le pendant que vous profitez des installations de l\u2019h\u00f4tel.Disponible 24h\/24 sur la base du premier arriv\u00e9, premier servi. \ud83d\udcb0 Tarifs :1,4 AED par kWh pendant la recharge15 AED par heure de stationnement une fois le v\u00e9hicule compl\u00e8tement charg\u00e9\ud83d\udd14 Remarque : Veuillez d\u00e9placer votre v\u00e9hicule une fois la recharge termin\u00e9e afin d\u2019\u00e9viter des frais suppl\u00e9mentaires.\" \/>\n<meta property=\"og:url\" content=\"https:\/\/www.mercuredubaihotel.com\/fr\/guest-services\/station-de-recharge-pour-voitures-electriques\/\" \/>\n<meta property=\"og:site_name\" content=\"Mercure Dubai Barsha Heights\" \/>\n<meta property=\"article:modified_time\" content=\"2025-10-14T08:51:56+00:00\" \/>\n<meta property=\"og:image\" content=\"https:\/\/www.mercuredubaihotel.com\/wp-content\/uploads\/sites\/37\/2025\/07\/freepik_edit_expand-to-fit-landscape-size.jpg\" \/>\n\t<meta property=\"og:image:width\" content=\"1500\" \/>\n\t<meta property=\"og:image:height\" content=\"838\" \/>\n\t<meta property=\"og:image:type\" content=\"image\/jpeg\" \/>\n<meta name=\"twitter:card\" content=\"summary_large_image\" \/>\n<meta name=\"twitter:label1\" content=\"Dur\u00e9e de lecture est.\" \/>\n\t<meta name=\"twitter:data1\" content=\"1 minute\" \/>\n<script type=\"application\/ld+json\" class=\"yoast-schema-graph\">{\"@context\":\"https:\/\/schema.org\",\"@graph\":[{\"@type\":\"WebPage\",\"@id\":\"https:\/\/www.mercuredubaihotel.com\/fr\/guest-services\/station-de-recharge-pour-voitures-electriques\/\",\"url\":\"https:\/\/www.mercuredubaihotel.com\/fr\/guest-services\/station-de-recharge-pour-voitures-electriques\/\",\"name\":\"Station de Recharge pour Voitures \u00c9lectriques - Mercure Dubai Barsha Heights -\",\"isPartOf\":{\"@id\":\"https:\/\/www.mercuredubaihotel.com\/#website\"},\"primaryImageOfPage\":{\"@id\":\"https:\/\/www.mercuredubaihotel.com\/fr\/guest-services\/station-de-recharge-pour-voitures-electriques\/#primaryimage\"},\"image\":{\"@id\":\"https:\/\/www.mercuredubaihotel.com\/fr\/guest-services\/station-de-recharge-pour-voitures-electriques\/#primaryimage\"},\"thumbnailUrl\":\"https:\/\/www.mercuredubaihotel.com\/wp-content\/uploads\/sites\/37\/2025\/07\/freepik_edit_expand-to-fit-landscape-size.jpg\",\"datePublished\":\"2025-07-14T12:43:48+00:00\",\"dateModified\":\"2025-10-14T08:51:56+00:00\",\"description\":\"Au Mercure Duba\u00ef Barsha Heights, nous sommes engag\u00e9s dans un avenir plus durable. Notre station de recharge pour v\u00e9hicules \u00e9lectriques (EV) est disponible pour les clients et les visiteurs, offrant une solution pratique et \u00e9cologique pendant votre s\u00e9jour. \ud83d\udccd Emplacement :Parking Niveau 1 \u2013 Emplacement d\u00e9di\u00e9 \u00e0 la recharge EV \u26a1 D\u00e9tails de la recharge :Branchez simplement votre v\u00e9hicule et rechargez-le pendant que vous profitez des installations de l\u2019h\u00f4tel.Disponible 24h\/24 sur la base du premier arriv\u00e9, premier servi. \ud83d\udcb0 Tarifs :1,4 AED par kWh pendant la recharge15 AED par heure de stationnement une fois le v\u00e9hicule compl\u00e8tement charg\u00e9\ud83d\udd14 Remarque : Veuillez d\u00e9placer votre v\u00e9hicule une fois la recharge termin\u00e9e afin d\u2019\u00e9viter des frais suppl\u00e9mentaires.\",\"breadcrumb\":{\"@id\":\"https:\/\/www.mercuredubaihotel.com\/fr\/guest-services\/station-de-recharge-pour-voitures-electriques\/#breadcrumb\"},\"inLanguage\":\"fr-FR\",\"potentialAction\":[{\"@type\":\"ReadAction\",\"target\":[\"https:\/\/www.mercuredubaihotel.com\/fr\/guest-services\/station-de-recharge-pour-voitures-electriques\/\"]}]},{\"@type\":\"ImageObject\",\"inLanguage\":\"fr-FR\",\"@id\":\"https:\/\/www.mercuredubaihotel.com\/fr\/guest-services\/station-de-recharge-pour-voitures-electriques\/#primaryimage\",\"url\":\"https:\/\/www.mercuredubaihotel.com\/wp-content\/uploads\/sites\/37\/2025\/07\/freepik_edit_expand-to-fit-landscape-size.jpg\",\"contentUrl\":\"https:\/\/www.mercuredubaihotel.com\/wp-content\/uploads\/sites\/37\/2025\/07\/freepik_edit_expand-to-fit-landscape-size.jpg\",\"width\":1500,\"height\":838,\"caption\":\"electric car charging station\"},{\"@type\":\"BreadcrumbList\",\"@id\":\"https:\/\/www.mercuredubaihotel.com\/fr\/guest-services\/station-de-recharge-pour-voitures-electriques\/#breadcrumb\",\"itemListElement\":[{\"@type\":\"ListItem\",\"position\":1,\"name\":\"Home\",\"item\":\"https:\/\/www.mercuredubaihotel.com\/fr\/\"},{\"@type\":\"ListItem\",\"position\":2,\"name\":\"SERVICES AUX H\u00d4TES\",\"item\":\"https:\/\/www.mercuredubaihotel.com\/fr\/guest-services\/\"},{\"@type\":\"ListItem\",\"position\":3,\"name\":\"Station de Recharge pour Voitures \u00c9lectriques\"}]},{\"@type\":\"WebSite\",\"@id\":\"https:\/\/www.mercuredubaihotel.com\/#website\",\"url\":\"https:\/\/www.mercuredubaihotel.com\/\",\"name\":\"Mercure Dubai Barsha Heights\",\"description\":\"\",\"potentialAction\":[{\"@type\":\"SearchAction\",\"target\":{\"@type\":\"EntryPoint\",\"urlTemplate\":\"https:\/\/www.mercuredubaihotel.com\/?s={search_term_string}\"},\"query-input\":{\"@type\":\"PropertyValueSpecification\",\"valueRequired\":true,\"valueName\":\"search_term_string\"}}],\"inLanguage\":\"fr-FR\"}]}<\/script>\n<!-- \/ Yoast SEO plugin. -->","yoast_head_json":{"title":"Station de Recharge pour Voitures \u00c9lectriques - Mercure Dubai Barsha Heights -","description":"Au Mercure Duba\u00ef Barsha Heights, nous sommes engag\u00e9s dans un avenir plus durable. Notre station de recharge pour v\u00e9hicules \u00e9lectriques (EV) est disponible pour les clients et les visiteurs, offrant une solution pratique et \u00e9cologique pendant votre s\u00e9jour. \ud83d\udccd Emplacement :Parking Niveau 1 \u2013 Emplacement d\u00e9di\u00e9 \u00e0 la recharge EV \u26a1 D\u00e9tails de la recharge :Branchez simplement votre v\u00e9hicule et rechargez-le pendant que vous profitez des installations de l\u2019h\u00f4tel.Disponible 24h\/24 sur la base du premier arriv\u00e9, premier servi. \ud83d\udcb0 Tarifs :1,4 AED par kWh pendant la recharge15 AED par heure de stationnement une fois le v\u00e9hicule compl\u00e8tement charg\u00e9\ud83d\udd14 Remarque : Veuillez d\u00e9placer votre v\u00e9hicule une fois la recharge termin\u00e9e afin d\u2019\u00e9viter des frais suppl\u00e9mentaires.","robots":{"index":"index","follow":"follow","max-snippet":"max-snippet:-1","max-image-preview":"max-image-preview:large","max-video-preview":"max-video-preview:-1"},"canonical":"https:\/\/www.mercuredubaihotel.com\/fr\/guest-services\/station-de-recharge-pour-voitures-electriques\/","og_locale":"fr_FR","og_type":"article","og_title":"Station de Recharge pour Voitures \u00c9lectriques - Mercure Dubai Barsha Heights -","og_description":"Au Mercure Duba\u00ef Barsha Heights, nous sommes engag\u00e9s dans un avenir plus durable. Notre station de recharge pour v\u00e9hicules \u00e9lectriques (EV) est disponible pour les clients et les visiteurs, offrant une solution pratique et \u00e9cologique pendant votre s\u00e9jour. \ud83d\udccd Emplacement :Parking Niveau 1 \u2013 Emplacement d\u00e9di\u00e9 \u00e0 la recharge EV \u26a1 D\u00e9tails de la recharge :Branchez simplement votre v\u00e9hicule et rechargez-le pendant que vous profitez des installations de l\u2019h\u00f4tel.Disponible 24h\/24 sur la base du premier arriv\u00e9, premier servi. \ud83d\udcb0 Tarifs :1,4 AED par kWh pendant la recharge15 AED par heure de stationnement une fois le v\u00e9hicule compl\u00e8tement charg\u00e9\ud83d\udd14 Remarque : Veuillez d\u00e9placer votre v\u00e9hicule une fois la recharge termin\u00e9e afin d\u2019\u00e9viter des frais suppl\u00e9mentaires.","og_url":"https:\/\/www.mercuredubaihotel.com\/fr\/guest-services\/station-de-recharge-pour-voitures-electriques\/","og_site_name":"Mercure Dubai Barsha Heights","article_modified_time":"2025-10-14T08:51:56+00:00","og_image":[{"width":1500,"height":838,"url":"https:\/\/www.mercuredubaihotel.com\/wp-content\/uploads\/sites\/37\/2025\/07\/freepik_edit_expand-to-fit-landscape-size.jpg","type":"image\/jpeg"}],"twitter_card":"summary_large_image","twitter_misc":{"Dur\u00e9e de lecture est.":"1 minute"},"schema":{"@context":"https:\/\/schema.org","@graph":[{"@type":"WebPage","@id":"https:\/\/www.mercuredubaihotel.com\/fr\/guest-services\/station-de-recharge-pour-voitures-electriques\/","url":"https:\/\/www.mercuredubaihotel.com\/fr\/guest-services\/station-de-recharge-pour-voitures-electriques\/","name":"Station de Recharge pour Voitures \u00c9lectriques - Mercure Dubai Barsha Heights -","isPartOf":{"@id":"https:\/\/www.mercuredubaihotel.com\/#website"},"primaryImageOfPage":{"@id":"https:\/\/www.mercuredubaihotel.com\/fr\/guest-services\/station-de-recharge-pour-voitures-electriques\/#primaryimage"},"image":{"@id":"https:\/\/www.mercuredubaihotel.com\/fr\/guest-services\/station-de-recharge-pour-voitures-electriques\/#primaryimage"},"thumbnailUrl":"https:\/\/www.mercuredubaihotel.com\/wp-content\/uploads\/sites\/37\/2025\/07\/freepik_edit_expand-to-fit-landscape-size.jpg","datePublished":"2025-07-14T12:43:48+00:00","dateModified":"2025-10-14T08:51:56+00:00","description":"Au Mercure Duba\u00ef Barsha Heights, nous sommes engag\u00e9s dans un avenir plus durable. Notre station de recharge pour v\u00e9hicules \u00e9lectriques (EV) est disponible pour les clients et les visiteurs, offrant une solution pratique et \u00e9cologique pendant votre s\u00e9jour. \ud83d\udccd Emplacement :Parking Niveau 1 \u2013 Emplacement d\u00e9di\u00e9 \u00e0 la recharge EV \u26a1 D\u00e9tails de la recharge :Branchez simplement votre v\u00e9hicule et rechargez-le pendant que vous profitez des installations de l\u2019h\u00f4tel.Disponible 24h\/24 sur la base du premier arriv\u00e9, premier servi. \ud83d\udcb0 Tarifs :1,4 AED par kWh pendant la recharge15 AED par heure de stationnement une fois le v\u00e9hicule compl\u00e8tement charg\u00e9\ud83d\udd14 Remarque : Veuillez d\u00e9placer votre v\u00e9hicule une fois la recharge termin\u00e9e afin d\u2019\u00e9viter des frais suppl\u00e9mentaires.","breadcrumb":{"@id":"https:\/\/www.mercuredubaihotel.com\/fr\/guest-services\/station-de-recharge-pour-voitures-electriques\/#breadcrumb"},"inLanguage":"fr-FR","potentialAction":[{"@type":"ReadAction","target":["https:\/\/www.mercuredubaihotel.com\/fr\/guest-services\/station-de-recharge-pour-voitures-electriques\/"]}]},{"@type":"ImageObject","inLanguage":"fr-FR","@id":"https:\/\/www.mercuredubaihotel.com\/fr\/guest-services\/station-de-recharge-pour-voitures-electriques\/#primaryimage","url":"https:\/\/www.mercuredubaihotel.com\/wp-content\/uploads\/sites\/37\/2025\/07\/freepik_edit_expand-to-fit-landscape-size.jpg","contentUrl":"https:\/\/www.mercuredubaihotel.com\/wp-content\/uploads\/sites\/37\/2025\/07\/freepik_edit_expand-to-fit-landscape-size.jpg","width":1500,"height":838,"caption":"electric car charging station"},{"@type":"BreadcrumbList","@id":"https:\/\/www.mercuredubaihotel.com\/fr\/guest-services\/station-de-recharge-pour-voitures-electriques\/#breadcrumb","itemListElement":[{"@type":"ListItem","position":1,"name":"Home","item":"https:\/\/www.mercuredubaihotel.com\/fr\/"},{"@type":"ListItem","position":2,"name":"SERVICES AUX H\u00d4TES","item":"https:\/\/www.mercuredubaihotel.com\/fr\/guest-services\/"},{"@type":"ListItem","position":3,"name":"Station de Recharge pour Voitures \u00c9lectriques"}]},{"@type":"WebSite","@id":"https:\/\/www.mercuredubaihotel.com\/#website","url":"https:\/\/www.mercuredubaihotel.com\/","name":"Mercure Dubai Barsha Heights","description":"","potentialAction":[{"@type":"SearchAction","target":{"@type":"EntryPoint","urlTemplate":"https:\/\/www.mercuredubaihotel.com\/?s={search_term_string}"},"query-input":{"@type":"PropertyValueSpecification","valueRequired":true,"valueName":"search_term_string"}}],"inLanguage":"fr-FR"}]}},"_links":{"self":[{"href":"https:\/\/www.mercuredubaihotel.com\/fr\/wp-json\/wp\/v2\/pages\/5206","targetHints":{"allow":["GET"]}}],"collection":[{"href":"https:\/\/www.mercuredubaihotel.com\/fr\/wp-json\/wp\/v2\/pages"}],"about":[{"href":"https:\/\/www.mercuredubaihotel.com\/fr\/wp-json\/wp\/v2\/types\/page"}],"author":[{"embeddable":true,"href":"https:\/\/www.mercuredubaihotel.com\/fr\/wp-json\/wp\/v2\/users\/82"}],"replies":[{"embeddable":true,"href":"https:\/\/www.mercuredubaihotel.com\/fr\/wp-json\/wp\/v2\/comments?post=5206"}],"version-history":[{"count":0,"href":"https:\/\/www.mercuredubaihotel.com\/fr\/wp-json\/wp\/v2\/pages\/5206\/revisions"}],"up":[{"embeddable":true,"href":"https:\/\/www.mercuredubaihotel.com\/fr\/wp-json\/wp\/v2\/pages\/1452"}],"wp:featuredmedia":[{"embeddable":true,"href":"https:\/\/www.mercuredubaihotel.com\/fr\/wp-json\/wp\/v2\/media\/5193"}],"wp:attachment":[{"href":"https:\/\/www.mercuredubaihotel.com\/fr\/wp-json\/wp\/v2\/media?parent=5206"}],"wp:term":[{"taxonomy":"category","embeddable":true,"href":"https:\/\/www.mercuredubaihotel.com\/fr\/wp-json\/wp\/v2\/categories?post=5206"}],"curies":[{"name":"wp","href":"https:\/\/api.w.org\/{rel}","templated":true}]}}