{"id":1456,"date":"2023-03-01T15:08:43","date_gmt":"2023-03-01T15:08:43","guid":{"rendered":"https:\/\/www.mercuredubaihotel.com\/sustainability\/"},"modified":"2026-01-13T13:58:57","modified_gmt":"2026-01-13T13:58:57","slug":"sustainability","status":"publish","type":"page","link":"https:\/\/www.mercuredubaihotel.com\/fr\/sustainability\/","title":{"rendered":"Durabilit\u00e9"},"content":{"rendered":"<p><strong>Notre engagement en faveur de la durabilit\u00e9<\/strong><\/p>\n<p>\u00c0 l\u2019h\u00f4tel Mercure Dubai Barsha Heights, la construction d\u2019un avenir plus durable constitue une priorit\u00e9 absolue. Pour y parvenir, nous appliquons rigoureusement les trois piliers op\u00e9rationnels d\u00e9finis par Accor et veillons \u00e0 int\u00e9grer la durabilit\u00e9 au c\u0153ur de chacune de nos initiatives, qu\u2019il s\u2019agisse de la gestion de l\u2019\u00e9tablissement ou de l\u2019exp\u00e9rience offerte \u00e0 nos clients.<\/p>\n<p><strong>Concr\u00e9tiser le changement \u00e0 travers l&rsquo;application des trois piliers op\u00e9rationnels d\u2019Accor<\/strong><\/p>\n<p>Le changement est activement mis en \u0153uvre par le biais d&rsquo;une approche holistique permettant d&rsquo;am\u00e9liorer tous les aspects du voyage dans l&rsquo;h\u00f4tel :<\/p>\n<ul>\n<li><strong>S\u00e9journer :<\/strong> Consolider la durabilit\u00e9 des op\u00e9rations h\u00f4teli\u00e8res en renfor\u00e7ant l\u2019efficacit\u00e9 \u00e9nerg\u00e9tique, en optimisant la gestion de l\u2019eau et en minimisant les d\u00e9chets.<\/li>\n<li><strong>Manger :<\/strong> s\u2019engager pour une alimentation responsable en favorisant des ingr\u00e9dients soigneusement s\u00e9lectionn\u00e9s, en luttant contre le gaspillage et en offrant des menus \u00e9quilibr\u00e9s.<\/li>\n<li><strong>Explorer :<\/strong> Promouvoir l\u2019\u00e9cosyst\u00e8me local et encourager les exp\u00e9riences de voyage responsables.<\/li>\n<\/ul>\n<p>En tant que fiers membres du groupe Accor, nous nous engageons r\u00e9solument \u00e0 atteindre des \u00e9missions nettes nulles de carbone d&rsquo;ici 2050, conform\u00e9ment \u00e0 l&rsquo;Accord de Paris. Nous privil\u00e9gions par ailleurs les r\u00e9ductions absolues des \u00e9missions de gaz \u00e0 effet de serre, en \u0153uvrant activement pour un secteur h\u00f4telier et de la restauration plus respectueux de l&rsquo;environnement, pour un avenir plus durable et responsable.<\/p>\n<p><strong>Des outils pour faire avancer notre strat\u00e9gie durable<\/strong><\/p>\n<p>Pour garantir un progr\u00e8s continu, Nous faisons recours \u00e0 Ga\u00efa\u00b2, notre outil de reporting en ligne de Accor. Cette plateforme facilite le suivi et la mesure des principaux indicateurs de durabilit\u00e9, dont les suivants :<\/p>\n<ul>\n<li>L&rsquo;efficacit\u00e9 \u00e9nerg\u00e9tique<\/li>\n<li>La conservation de l&rsquo;eau<\/li>\n<li>La gestion des d\u00e9chets<\/li>\n<li>La r\u00e9duction de l&#8217;empreinte carbone<\/li>\n<\/ul>\n<p>En nous appuyant sur des informations guid\u00e9es par les donn\u00e9es, nous maximisons l&rsquo;impact de nos initiatives durables, r\u00e9duisons les co\u00fbts de gestion et satisfaisons pleinement les attentes des parties prenantes.<\/p>\n<p><strong>Certifi\u00e9 pour son excellence en mati\u00e8re de durabilit\u00e9<\/strong><\/p>\n<p>Notre engagement en faveur de la durabilit\u00e9 a \u00e9t\u00e9 reconnu par l&rsquo;obtention de la certification Green Globe, une norme internationale de r\u00e9f\u00e9rence dans le domaine du tourisme durable. En 2025, nous viserons \u00e0 d\u00e9crocher la certification Platine, ce qui t\u00e9moigne de nos efforts continus en faveur de la responsabilit\u00e9 environnementale et de l&rsquo;excellence op\u00e9rationnelle.<\/p>\n<p>\u00c0 l\u2019h\u00f4tel Mercure Dubai Barsha Heights, nous sommes fermement convaincus qu\u2019un avenir plus vert se construit un s\u00e9jour \u00e0 la fois.<\/p>\n<p><strong>Rejoignez-nous et faites la diff\u00e9rence.<\/strong><\/p>\n<p>Vous trouverez ci-dessous des informations d\u00e9taill\u00e9es sur les objectifs et les projets durables sp\u00e9cifiques que nous nous engageons \u00e0 r\u00e9aliser :<\/p>\n<p><a class=\"btn-custom\" href=\"https:\/\/www.mercuredubaihotel.com\/wp-content\/uploads\/sites\/37\/2026\/01\/Mercure-SUSTAINABILITY-MANAGEMENT-PLAN-2026.pdf\" target=\"_blank\"rel=\"noopener\">Plan de gestion de la durabilit\u00e9 2026<\/a><br \/>\n<a class=\"btn-custom\" href=\"https:\/\/www.mercuredubaihotel.com\/wp-content\/uploads\/sites\/37\/2025\/01\/The-key-sustainable-initiative-by-GAIA-2.0-Mercure-sustainability-programme.pdf\" target=\"_blank\"rel=\"noopener\">Principales initiatives durables de GAIA 2.0 et conseils pour \u00e9conomiser l&rsquo;eau et l&rsquo;\u00e9nergie<\/a><br \/>\n<a class=\"btn-custom\" href=\"https:\/\/www.mercuredubaihotel.com\/wp-content\/uploads\/sites\/37\/2025\/01\/Native-plants-of-the-UAE-Mercure-sustainability-programme.pdf\" target=\"_blank\"rel=\"noopener\">Plantes indig\u00e8nes des \u00c9mirats Arabes Unis<\/a><br \/>\n<a class=\"btn-custom\" href=\"https:\/\/www.mercuredubaihotel.com\/wp-content\/uploads\/sites\/37\/2025\/01\/Preserved-and-protected-sites-in-Dubai-Mercure-sustainability-programme.pdf\" target=\"_blank\"rel=\"noopener\">Sites pr\u00e9serv\u00e9s et prot\u00e9g\u00e9s \u00e0 Duba\u00ef<\/a><br \/>\n<a class=\"btn-custom\" href=\"http:\/\/mercure-dubai-barsha-heights.accorv2prod.decms.eu\/wp-content\/uploads\/sites\/37\/2023\/03\/Environmental-Policy-online.pdf\" target=\"_blank\"rel=\"noopener\">Politique environnementale<\/a><br \/>\n<a class=\"btn-custom\" href=\"http:\/\/mercure-dubai-barsha-heights.accorv2prod.decms.eu\/wp-content\/uploads\/sites\/37\/2023\/03\/Quality-Policy-online.pdf\" target=\"_blank\"rel=\"noopener\">Politique qualit\u00e9<\/a><br \/>\n<a class=\"btn-custom\" href=\"https:\/\/www.mercuredubaihotel.com\/wp-content\/uploads\/sites\/37\/2025\/01\/Mercure-sustainability-programme.pdf\" target=\"_blank\"rel=\"noopener\">Strat\u00e9gie mondiale de durabilit\u00e9 d&rsquo;Accor<\/a><br \/>\n<a class=\"btn-custom\" href=\"https:\/\/www.mercuredubaihotel.com\/wp-content\/uploads\/sites\/37\/2025\/01\/Accors-3-strategic-pillars-Mercure-sustainability-programme.pdf\" target=\"_blank\"rel=\"noopener\">Les 3 piliers strat\u00e9giques d&rsquo;Accor<\/a><br \/>\n<a class=\"btn-custom\" href=\"https:\/\/www.mercuredubaihotel.com\/wp-content\/uploads\/sites\/37\/2025\/01\/ACCOR_charteERSE2024-120924-EN.pdf\" target=\"_blank\"rel=\"noopener\">Charte RSE d&rsquo;Accor<\/a><\/p>\n<p>Pour toute information compl\u00e9mentaire ou pour des opportunit\u00e9s de collaboration \u00e9cologique, n&rsquo;h\u00e9sitez pas \u00e0 nous contacter :<\/p>\n<p>Mr. Godlove Azinwi: <a href=\"mailto:Godlove.AZINWI@accor.com\">Godlove.AZINWI@accor.com<\/a><\/p>\n","protected":false},"excerpt":{"rendered":"<p>Notre engagement en faveur de la durabilit\u00e9 \u00c0 l\u2019h\u00f4tel Mercure Dubai Barsha Heights, la construction d\u2019un avenir plus durable constitue une priorit\u00e9 absolue. Pour y parvenir, nous appliquons rigoureusement les trois piliers op\u00e9rationnels d\u00e9finis par Accor et veillons \u00e0 int\u00e9grer la durabilit\u00e9 au c\u0153ur de chacune de nos initiatives, qu\u2019il s\u2019agisse de la gestion de [&hellip;]<\/p>\n","protected":false},"author":3,"featured_media":0,"parent":0,"menu_order":150,"comment_status":"closed","ping_status":"closed","template":"","meta":{"footnotes":""},"categories":[],"class_list":["post-1456","page","type-page","status-publish","hentry"],"acf":[],"yoast_head":"<!-- This site is optimized with the Yoast SEO plugin v26.9 - https:\/\/yoast.com\/product\/yoast-seo-wordpress\/ -->\n<title>Durabilit\u00e9 - Mercure Dubai Barsha Heights -<\/title>\n<meta name=\"description\" content=\"Notre engagement en faveur de la durabilit\u00e9  \u00c0 l\u2019h\u00f4tel Mercure Dubai Barsha Heights, la construction d\u2019un avenir plus durable constitue une priorit\u00e9 absolue. Pour y parvenir, nous appliquons rigoureusement les trois piliers op\u00e9rationnels d\u00e9finis par Accor et veillons \u00e0 int\u00e9grer la durabilit\u00e9 au c\u0153ur de chacune de nos initiatives, qu\u2019il s\u2019agisse de la gestion de l\u2019\u00e9tablissement ou de l\u2019exp\u00e9rience offerte \u00e0 nos clients.  Concr\u00e9tiser le changement \u00e0 travers l&#039;application des trois piliers op\u00e9rationnels d\u2019Accor  Le changement est activement mis en \u0153uvre par le biais d&#039;une approche holistique permettant d&#039;am\u00e9liorer tous les aspects du voyage dans l&#039;h\u00f4tel :   S\u00e9journer : Consolider la durabilit\u00e9 des op\u00e9rations h\u00f4teli\u00e8res en renfor\u00e7ant l\u2019efficacit\u00e9 \u00e9nerg\u00e9tique, en optimisant la gestion de l\u2019eau et en minimisant les d\u00e9chets.  Manger : s\u2019engager pour une alimentation responsable en favorisant des ingr\u00e9dients soigneusement s\u00e9lectionn\u00e9s, en luttant contre le gaspillage et en offrant des menus \u00e9quilibr\u00e9s.  Explorer : Promouvoir l\u2019\u00e9cosyst\u00e8me local et encourager les exp\u00e9riences de voyage responsables.  En tant que fiers membres du groupe Accor, nous nous engageons r\u00e9solument \u00e0 atteindre des \u00e9missions nettes nulles de carbone d&#039;ici 2050, conform\u00e9ment \u00e0 l&#039;Accord de Paris\" \/>\n<meta name=\"robots\" content=\"index, follow, max-snippet:-1, max-image-preview:large, max-video-preview:-1\" \/>\n<link rel=\"canonical\" href=\"https:\/\/www.mercuredubaihotel.com\/fr\/sustainability\/\" \/>\n<meta property=\"og:locale\" content=\"fr_FR\" \/>\n<meta property=\"og:type\" content=\"article\" \/>\n<meta property=\"og:title\" content=\"Durabilit\u00e9 - Mercure Dubai Barsha Heights -\" \/>\n<meta property=\"og:description\" content=\"Notre engagement en faveur de la durabilit\u00e9  \u00c0 l\u2019h\u00f4tel Mercure Dubai Barsha Heights, la construction d\u2019un avenir plus durable constitue une priorit\u00e9 absolue. Pour y parvenir, nous appliquons rigoureusement les trois piliers op\u00e9rationnels d\u00e9finis par Accor et veillons \u00e0 int\u00e9grer la durabilit\u00e9 au c\u0153ur de chacune de nos initiatives, qu\u2019il s\u2019agisse de la gestion de l\u2019\u00e9tablissement ou de l\u2019exp\u00e9rience offerte \u00e0 nos clients.  Concr\u00e9tiser le changement \u00e0 travers l&#039;application des trois piliers op\u00e9rationnels d\u2019Accor  Le changement est activement mis en \u0153uvre par le biais d&#039;une approche holistique permettant d&#039;am\u00e9liorer tous les aspects du voyage dans l&#039;h\u00f4tel :   S\u00e9journer : Consolider la durabilit\u00e9 des op\u00e9rations h\u00f4teli\u00e8res en renfor\u00e7ant l\u2019efficacit\u00e9 \u00e9nerg\u00e9tique, en optimisant la gestion de l\u2019eau et en minimisant les d\u00e9chets.  Manger : s\u2019engager pour une alimentation responsable en favorisant des ingr\u00e9dients soigneusement s\u00e9lectionn\u00e9s, en luttant contre le gaspillage et en offrant des menus \u00e9quilibr\u00e9s.  Explorer : Promouvoir l\u2019\u00e9cosyst\u00e8me local et encourager les exp\u00e9riences de voyage responsables.  En tant que fiers membres du groupe Accor, nous nous engageons r\u00e9solument \u00e0 atteindre des \u00e9missions nettes nulles de carbone d&#039;ici 2050, conform\u00e9ment \u00e0 l&#039;Accord de Paris\" \/>\n<meta property=\"og:url\" content=\"https:\/\/www.mercuredubaihotel.com\/fr\/sustainability\/\" \/>\n<meta property=\"og:site_name\" content=\"Mercure Dubai Barsha Heights\" \/>\n<meta property=\"article:modified_time\" content=\"2026-01-13T13:58:57+00:00\" \/>\n<meta property=\"og:image\" content=\"https:\/\/www.mercuredubaihotel.com\/wp-content\/uploads\/sites\/37\/2023\/02\/Mercure_dubai_barsha_heights_home_slide02.jpg\" \/>\n\t<meta property=\"og:image:width\" content=\"2200\" \/>\n\t<meta property=\"og:image:height\" content=\"1200\" \/>\n\t<meta property=\"og:image:type\" content=\"image\/jpeg\" \/>\n<meta name=\"twitter:card\" content=\"summary_large_image\" \/>\n<meta name=\"twitter:label1\" content=\"Dur\u00e9e de lecture est.\" \/>\n\t<meta name=\"twitter:data1\" content=\"2 minutes\" \/>\n<script type=\"application\/ld+json\" class=\"yoast-schema-graph\">{\"@context\":\"https:\/\/schema.org\",\"@graph\":[{\"@type\":\"WebPage\",\"@id\":\"https:\/\/www.mercuredubaihotel.com\/fr\/sustainability\/\",\"url\":\"https:\/\/www.mercuredubaihotel.com\/fr\/sustainability\/\",\"name\":\"Durabilit\u00e9 - Mercure Dubai Barsha Heights -\",\"isPartOf\":{\"@id\":\"https:\/\/www.mercuredubaihotel.com\/#website\"},\"datePublished\":\"2023-03-01T15:08:43+00:00\",\"dateModified\":\"2026-01-13T13:58:57+00:00\",\"description\":\"Notre engagement en faveur de la durabilit\u00e9 \u00c0 l\u2019h\u00f4tel Mercure Dubai Barsha Heights, la construction d\u2019un avenir plus durable constitue une priorit\u00e9 absolue. Pour y parvenir, nous appliquons rigoureusement les trois piliers op\u00e9rationnels d\u00e9finis par Accor et veillons \u00e0 int\u00e9grer la durabilit\u00e9 au c\u0153ur de chacune de nos initiatives, qu\u2019il s\u2019agisse de la gestion de l\u2019\u00e9tablissement ou de l\u2019exp\u00e9rience offerte \u00e0 nos clients. Concr\u00e9tiser le changement \u00e0 travers l'application des trois piliers op\u00e9rationnels d\u2019Accor Le changement est activement mis en \u0153uvre par le biais d'une approche holistique permettant d'am\u00e9liorer tous les aspects du voyage dans l'h\u00f4tel : \u2022 S\u00e9journer : Consolider la durabilit\u00e9 des op\u00e9rations h\u00f4teli\u00e8res en renfor\u00e7ant l\u2019efficacit\u00e9 \u00e9nerg\u00e9tique, en optimisant la gestion de l\u2019eau et en minimisant les d\u00e9chets. \u2022 Manger : s\u2019engager pour une alimentation responsable en favorisant des ingr\u00e9dients soigneusement s\u00e9lectionn\u00e9s, en luttant contre le gaspillage et en offrant des menus \u00e9quilibr\u00e9s. \u2022 Explorer : Promouvoir l\u2019\u00e9cosyst\u00e8me local et encourager les exp\u00e9riences de voyage responsables. En tant que fiers membres du groupe Accor, nous nous engageons r\u00e9solument \u00e0 atteindre des \u00e9missions nettes nulles de carbone d'ici 2050, conform\u00e9ment \u00e0 l'Accord de Paris\",\"breadcrumb\":{\"@id\":\"https:\/\/www.mercuredubaihotel.com\/fr\/sustainability\/#breadcrumb\"},\"inLanguage\":\"fr-FR\",\"potentialAction\":[{\"@type\":\"ReadAction\",\"target\":[\"https:\/\/www.mercuredubaihotel.com\/fr\/sustainability\/\"]}]},{\"@type\":\"BreadcrumbList\",\"@id\":\"https:\/\/www.mercuredubaihotel.com\/fr\/sustainability\/#breadcrumb\",\"itemListElement\":[{\"@type\":\"ListItem\",\"position\":1,\"name\":\"Home\",\"item\":\"https:\/\/www.mercuredubaihotel.com\/fr\/\"},{\"@type\":\"ListItem\",\"position\":2,\"name\":\"Durabilit\u00e9\"}]},{\"@type\":\"WebSite\",\"@id\":\"https:\/\/www.mercuredubaihotel.com\/#website\",\"url\":\"https:\/\/www.mercuredubaihotel.com\/\",\"name\":\"Mercure Dubai Barsha Heights\",\"description\":\"\",\"potentialAction\":[{\"@type\":\"SearchAction\",\"target\":{\"@type\":\"EntryPoint\",\"urlTemplate\":\"https:\/\/www.mercuredubaihotel.com\/?s={search_term_string}\"},\"query-input\":{\"@type\":\"PropertyValueSpecification\",\"valueRequired\":true,\"valueName\":\"search_term_string\"}}],\"inLanguage\":\"fr-FR\"}]}<\/script>\n<!-- \/ Yoast SEO plugin. -->","yoast_head_json":{"title":"Durabilit\u00e9 - Mercure Dubai Barsha Heights -","description":"Notre engagement en faveur de la durabilit\u00e9  \u00c0 l\u2019h\u00f4tel Mercure Dubai Barsha Heights, la construction d\u2019un avenir plus durable constitue une priorit\u00e9 absolue. Pour y parvenir, nous appliquons rigoureusement les trois piliers op\u00e9rationnels d\u00e9finis par Accor et veillons \u00e0 int\u00e9grer la durabilit\u00e9 au c\u0153ur de chacune de nos initiatives, qu\u2019il s\u2019agisse de la gestion de l\u2019\u00e9tablissement ou de l\u2019exp\u00e9rience offerte \u00e0 nos clients.  Concr\u00e9tiser le changement \u00e0 travers l'application des trois piliers op\u00e9rationnels d\u2019Accor  Le changement est activement mis en \u0153uvre par le biais d'une approche holistique permettant d'am\u00e9liorer tous les aspects du voyage dans l'h\u00f4tel :   S\u00e9journer : Consolider la durabilit\u00e9 des op\u00e9rations h\u00f4teli\u00e8res en renfor\u00e7ant l\u2019efficacit\u00e9 \u00e9nerg\u00e9tique, en optimisant la gestion de l\u2019eau et en minimisant les d\u00e9chets.  Manger : s\u2019engager pour une alimentation responsable en favorisant des ingr\u00e9dients soigneusement s\u00e9lectionn\u00e9s, en luttant contre le gaspillage et en offrant des menus \u00e9quilibr\u00e9s.  Explorer : Promouvoir l\u2019\u00e9cosyst\u00e8me local et encourager les exp\u00e9riences de voyage responsables.  En tant que fiers membres du groupe Accor, nous nous engageons r\u00e9solument \u00e0 atteindre des \u00e9missions nettes nulles de carbone d'ici 2050, conform\u00e9ment \u00e0 l'Accord de Paris","robots":{"index":"index","follow":"follow","max-snippet":"max-snippet:-1","max-image-preview":"max-image-preview:large","max-video-preview":"max-video-preview:-1"},"canonical":"https:\/\/www.mercuredubaihotel.com\/fr\/sustainability\/","og_locale":"fr_FR","og_type":"article","og_title":"Durabilit\u00e9 - Mercure Dubai Barsha Heights -","og_description":"Notre engagement en faveur de la durabilit\u00e9  \u00c0 l\u2019h\u00f4tel Mercure Dubai Barsha Heights, la construction d\u2019un avenir plus durable constitue une priorit\u00e9 absolue. Pour y parvenir, nous appliquons rigoureusement les trois piliers op\u00e9rationnels d\u00e9finis par Accor et veillons \u00e0 int\u00e9grer la durabilit\u00e9 au c\u0153ur de chacune de nos initiatives, qu\u2019il s\u2019agisse de la gestion de l\u2019\u00e9tablissement ou de l\u2019exp\u00e9rience offerte \u00e0 nos clients.  Concr\u00e9tiser le changement \u00e0 travers l'application des trois piliers op\u00e9rationnels d\u2019Accor  Le changement est activement mis en \u0153uvre par le biais d'une approche holistique permettant d'am\u00e9liorer tous les aspects du voyage dans l'h\u00f4tel :   S\u00e9journer : Consolider la durabilit\u00e9 des op\u00e9rations h\u00f4teli\u00e8res en renfor\u00e7ant l\u2019efficacit\u00e9 \u00e9nerg\u00e9tique, en optimisant la gestion de l\u2019eau et en minimisant les d\u00e9chets.  Manger : s\u2019engager pour une alimentation responsable en favorisant des ingr\u00e9dients soigneusement s\u00e9lectionn\u00e9s, en luttant contre le gaspillage et en offrant des menus \u00e9quilibr\u00e9s.  Explorer : Promouvoir l\u2019\u00e9cosyst\u00e8me local et encourager les exp\u00e9riences de voyage responsables.  En tant que fiers membres du groupe Accor, nous nous engageons r\u00e9solument \u00e0 atteindre des \u00e9missions nettes nulles de carbone d'ici 2050, conform\u00e9ment \u00e0 l'Accord de Paris","og_url":"https:\/\/www.mercuredubaihotel.com\/fr\/sustainability\/","og_site_name":"Mercure Dubai Barsha Heights","article_modified_time":"2026-01-13T13:58:57+00:00","og_image":[{"width":2200,"height":1200,"url":"https:\/\/www.mercuredubaihotel.com\/wp-content\/uploads\/sites\/37\/2023\/02\/Mercure_dubai_barsha_heights_home_slide02.jpg","type":"image\/jpeg"}],"twitter_card":"summary_large_image","twitter_misc":{"Dur\u00e9e de lecture est.":"2 minutes"},"schema":{"@context":"https:\/\/schema.org","@graph":[{"@type":"WebPage","@id":"https:\/\/www.mercuredubaihotel.com\/fr\/sustainability\/","url":"https:\/\/www.mercuredubaihotel.com\/fr\/sustainability\/","name":"Durabilit\u00e9 - Mercure Dubai Barsha Heights -","isPartOf":{"@id":"https:\/\/www.mercuredubaihotel.com\/#website"},"datePublished":"2023-03-01T15:08:43+00:00","dateModified":"2026-01-13T13:58:57+00:00","description":"Notre engagement en faveur de la durabilit\u00e9 \u00c0 l\u2019h\u00f4tel Mercure Dubai Barsha Heights, la construction d\u2019un avenir plus durable constitue une priorit\u00e9 absolue. Pour y parvenir, nous appliquons rigoureusement les trois piliers op\u00e9rationnels d\u00e9finis par Accor et veillons \u00e0 int\u00e9grer la durabilit\u00e9 au c\u0153ur de chacune de nos initiatives, qu\u2019il s\u2019agisse de la gestion de l\u2019\u00e9tablissement ou de l\u2019exp\u00e9rience offerte \u00e0 nos clients. Concr\u00e9tiser le changement \u00e0 travers l'application des trois piliers op\u00e9rationnels d\u2019Accor Le changement est activement mis en \u0153uvre par le biais d'une approche holistique permettant d'am\u00e9liorer tous les aspects du voyage dans l'h\u00f4tel : \u2022 S\u00e9journer : Consolider la durabilit\u00e9 des op\u00e9rations h\u00f4teli\u00e8res en renfor\u00e7ant l\u2019efficacit\u00e9 \u00e9nerg\u00e9tique, en optimisant la gestion de l\u2019eau et en minimisant les d\u00e9chets. \u2022 Manger : s\u2019engager pour une alimentation responsable en favorisant des ingr\u00e9dients soigneusement s\u00e9lectionn\u00e9s, en luttant contre le gaspillage et en offrant des menus \u00e9quilibr\u00e9s. \u2022 Explorer : Promouvoir l\u2019\u00e9cosyst\u00e8me local et encourager les exp\u00e9riences de voyage responsables. En tant que fiers membres du groupe Accor, nous nous engageons r\u00e9solument \u00e0 atteindre des \u00e9missions nettes nulles de carbone d'ici 2050, conform\u00e9ment \u00e0 l'Accord de Paris","breadcrumb":{"@id":"https:\/\/www.mercuredubaihotel.com\/fr\/sustainability\/#breadcrumb"},"inLanguage":"fr-FR","potentialAction":[{"@type":"ReadAction","target":["https:\/\/www.mercuredubaihotel.com\/fr\/sustainability\/"]}]},{"@type":"BreadcrumbList","@id":"https:\/\/www.mercuredubaihotel.com\/fr\/sustainability\/#breadcrumb","itemListElement":[{"@type":"ListItem","position":1,"name":"Home","item":"https:\/\/www.mercuredubaihotel.com\/fr\/"},{"@type":"ListItem","position":2,"name":"Durabilit\u00e9"}]},{"@type":"WebSite","@id":"https:\/\/www.mercuredubaihotel.com\/#website","url":"https:\/\/www.mercuredubaihotel.com\/","name":"Mercure Dubai Barsha Heights","description":"","potentialAction":[{"@type":"SearchAction","target":{"@type":"EntryPoint","urlTemplate":"https:\/\/www.mercuredubaihotel.com\/?s={search_term_string}"},"query-input":{"@type":"PropertyValueSpecification","valueRequired":true,"valueName":"search_term_string"}}],"inLanguage":"fr-FR"}]}},"_links":{"self":[{"href":"https:\/\/www.mercuredubaihotel.com\/fr\/wp-json\/wp\/v2\/pages\/1456","targetHints":{"allow":["GET"]}}],"collection":[{"href":"https:\/\/www.mercuredubaihotel.com\/fr\/wp-json\/wp\/v2\/pages"}],"about":[{"href":"https:\/\/www.mercuredubaihotel.com\/fr\/wp-json\/wp\/v2\/types\/page"}],"author":[{"embeddable":true,"href":"https:\/\/www.mercuredubaihotel.com\/fr\/wp-json\/wp\/v2\/users\/3"}],"replies":[{"embeddable":true,"href":"https:\/\/www.mercuredubaihotel.com\/fr\/wp-json\/wp\/v2\/comments?post=1456"}],"version-history":[{"count":0,"href":"https:\/\/www.mercuredubaihotel.com\/fr\/wp-json\/wp\/v2\/pages\/1456\/revisions"}],"wp:attachment":[{"href":"https:\/\/www.mercuredubaihotel.com\/fr\/wp-json\/wp\/v2\/media?parent=1456"}],"wp:term":[{"taxonomy":"category","embeddable":true,"href":"https:\/\/www.mercuredubaihotel.com\/fr\/wp-json\/wp\/v2\/categories?post=1456"}],"curies":[{"name":"wp","href":"https:\/\/api.w.org\/{rel}","templated":true}]}}