{"id":1454,"date":"2023-03-01T14:28:34","date_gmt":"2023-03-01T14:28:34","guid":{"rendered":"https:\/\/www.mercuredubaihotel.com\/guest-services\/shuttle-bus-information\/"},"modified":"2025-03-21T06:52:34","modified_gmt":"2025-03-21T06:52:34","slug":"shuttle-bus-information","status":"publish","type":"page","link":"https:\/\/www.mercuredubaihotel.com\/fr\/guest-services\/shuttle-bus-information\/","title":{"rendered":"INFORMATIONS SUR LA NAVETTE"},"content":{"rendered":"<p>Le service de navette est gratuit pour tous les r\u00e9sidents de l&rsquo;h\u00f4tel et leur permet de visiter les sites les plus importants de la ville. Un service de navette gratuit est propos\u00e9 pour Kite Beach et Outlet Mall Dubai. En cas d&rsquo;indisponibilit\u00e9 de places dans les bus, un service de taxi est \u00e9galement disponible, \u00e0 titre on\u00e9reux.<\/p>\n<p>Pour plus d\u2019informations sur les horaires des bus, veuillez vous adresser au concierge.<\/p>\n<p style=\"text-align: center\"><strong>LA PLAGE OUVERTE DE JUMEIROH<\/strong><\/p>\n<table style=\"height: 136px\" width=\"484\">\n<tbody>\n<tr>\n<td width=\"178\"><strong>TRANSFERT DE L&rsquo;H\u00d4TEL<\/strong><\/td>\n<td width=\"178\"><strong>TRANSFERT DE LA PLAGE<\/strong><\/td>\n<\/tr>\n<tr>\n<td width=\"178\">9:00 HRS<\/td>\n<td width=\"178\">13:00 HRS<\/td>\n<\/tr>\n<tr>\n<td width=\"178\">10:00 HRS<\/td>\n<td width=\"178\">14:00 HRS<\/td>\n<\/tr>\n<tr>\n<td width=\"178\">11:00 HRS<\/td>\n<td width=\"178\">15:00 HRS<\/td>\n<\/tr>\n<\/tbody>\n<\/table>\n<p style=\"text-align: center\"><strong>LE CENTRE COMMERCIAL THE BEACH MALL, JBR<\/strong><\/p>\n<table style=\"height: 111px\" width=\"649\">\n<tbody>\n<tr>\n<td><strong>TRANSFERT DE L&rsquo;H\u00d4TEL<\/strong><\/td>\n<td><strong>TRANSFERT DEPUIS LE CENTRE COMMERCIAL<\/strong><\/td>\n<\/tr>\n<tr>\n<td>12:55 HRS<\/td>\n<td>\u00a016:30 HRS<\/td>\n<\/tr>\n<tr>\n<td>16:50 HRS<\/td>\n<td>\u00a020:00 HRS<\/td>\n<\/tr>\n<\/tbody>\n<\/table>\n<p style=\"text-align: center\"><strong>CENTRE COMMERCIAL DE DUBA\u00cf<\/strong><\/p>\n<table style=\"height: 77px\" width=\"654\">\n<tbody>\n<tr>\n<td><strong>TRANSFERT DE L&rsquo;H\u00d4TEL<\/strong><\/td>\n<td><strong>TRANSFERT DEPUIS LE CENTRE COMMERCIAL<\/strong><\/td>\n<\/tr>\n<tr>\n<td>11:05 HRS<\/td>\n<td>15:00 HRS<\/td>\n<\/tr>\n<\/tbody>\n<\/table>\n<p style=\"text-align: center\"><b><br \/>\nParcs \u00e0 th\u00e8me de l&rsquo;\u00eele de Yas<\/b><\/p>\n<p style=\"text-align: center\">Service de navette de luxe gratuit vers les parcs \u00e0 th\u00e8me<\/p>\n<p style=\"text-align: center\"><em>Pour plus d&rsquo;informations, visitez: <a href=\"https:\/\/qrstud.io\/yxi1s94\">Click Here<\/a><\/em><\/p>\n<table width=\"550\">\n<tbody>\n<tr>\n<td width=\"131\"><strong>Mercure Barsha Heights<\/strong><\/td>\n<td width=\"143\"><strong>Yas Water world, Warner Bros World Abu Dhabi<\/strong><\/td>\n<td width=\"111\"><strong>Sea World Abu Dhabi<\/strong><\/td>\n<td width=\"165\"><strong>Ferrari World, Yas Island Abu Dhabi<\/strong><\/td>\n<\/tr>\n<tr>\n<td width=\"131\">9:30<\/td>\n<td width=\"143\">11:00<\/td>\n<td width=\"111\">11:10<\/td>\n<td width=\"165\">11:15<\/td>\n<\/tr>\n<tr>\n<td width=\"131\"><strong>YAS Water world, Warner Bros World Abu Dhabi<\/strong><\/td>\n<td width=\"143\"><strong>Sea World Abu Dhabi<\/strong><\/td>\n<td width=\"111\"><strong>Ferrari World, Yas Island Abu Dhabi<\/strong><\/td>\n<td width=\"165\"><strong>Mercure Barsha Heights<\/strong><\/td>\n<\/tr>\n<tr>\n<td width=\"131\">19:40<\/td>\n<td width=\"143\">19:50<\/td>\n<td width=\"111\">19:55<\/td>\n<td width=\"165\">21:25<\/td>\n<\/tr>\n<\/tbody>\n<\/table>\n<p>&nbsp;<\/p>\n<table style=\"height: 265px\" width=\"671\">\n<tbody>\n<tr>\n<td width=\"131\"><strong>Mercure Barsha Heights<\/strong><\/td>\n<td width=\"143\"><strong>Parc aquatique Yas Water World, Warner Bros World Abu Dhabi<\/strong><\/td>\n<td width=\"111\"><strong>Sea World Abu Dhabi<\/strong><\/td>\n<td width=\"165\"><strong>Ferrari World, \u00eele de Yas, Abu Dhabi<\/strong><\/td>\n<\/tr>\n<tr>\n<td width=\"131\">9:30<\/td>\n<td width=\"143\">11:00<\/td>\n<td width=\"111\">11:10<\/td>\n<td width=\"165\">11:15<\/td>\n<\/tr>\n<tr>\n<td width=\"131\"><strong>Parc aquatique YAS, Warner Bros World Abu Dhabi<\/strong><\/td>\n<td width=\"143\"><strong>Sea World Abu Dhabi<\/strong><\/td>\n<td width=\"111\"><strong>Ferrari World, \u00eele de Yas, Abu Dhabi<\/strong><\/td>\n<td width=\"165\"><strong>Mercure Barsha Heights<\/strong><\/td>\n<\/tr>\n<tr>\n<td width=\"131\">19:40<\/td>\n<td width=\"143\">19:50<\/td>\n<td width=\"111\">19:55<\/td>\n<td width=\"165\">21:25<\/td>\n<\/tr>\n<\/tbody>\n<\/table>\n","protected":false},"excerpt":{"rendered":"<p>Le service de navette est gratuit pour tous les r\u00e9sidents de l&rsquo;h\u00f4tel et leur permet de visiter les sites les plus importants de la ville. Un service de navette gratuit est propos\u00e9 pour Kite Beach et Outlet Mall Dubai. En cas d&rsquo;indisponibilit\u00e9 de places dans les bus, un service de taxi est \u00e9galement disponible, \u00e0 [&hellip;]<\/p>\n","protected":false},"author":3,"featured_media":0,"parent":1452,"menu_order":15,"comment_status":"closed","ping_status":"closed","template":"","meta":{"footnotes":""},"categories":[],"class_list":["post-1454","page","type-page","status-publish","hentry"],"acf":[],"yoast_head":"<!-- This site is optimized with the Yoast SEO plugin v26.9 - https:\/\/yoast.com\/product\/yoast-seo-wordpress\/ -->\n<title>INFORMATIONS SUR LA NAVETTE - Mercure Dubai Barsha Heights -<\/title>\n<meta name=\"description\" content=\"Le service de navette est gratuit pour tous les r\u00e9sidents de l&#039;h\u00f4tel et leur permet de visiter les sites les plus importants de la ville. Un service de navette gratuit est propos\u00e9 pour Kite Beach et Outlet Mall Dubai\" \/>\n<meta name=\"robots\" content=\"index, follow, max-snippet:-1, max-image-preview:large, max-video-preview:-1\" \/>\n<link rel=\"canonical\" href=\"https:\/\/www.mercuredubaihotel.com\/fr\/guest-services\/shuttle-bus-information\/\" \/>\n<meta property=\"og:locale\" content=\"fr_FR\" \/>\n<meta property=\"og:type\" content=\"article\" \/>\n<meta property=\"og:title\" content=\"INFORMATIONS SUR LA NAVETTE - Mercure Dubai Barsha Heights -\" \/>\n<meta property=\"og:description\" content=\"Le service de navette est gratuit pour tous les r\u00e9sidents de l&#039;h\u00f4tel et leur permet de visiter les sites les plus importants de la ville. Un service de navette gratuit est propos\u00e9 pour Kite Beach et Outlet Mall Dubai\" \/>\n<meta property=\"og:url\" content=\"https:\/\/www.mercuredubaihotel.com\/fr\/guest-services\/shuttle-bus-information\/\" \/>\n<meta property=\"og:site_name\" content=\"Mercure Dubai Barsha Heights\" \/>\n<meta property=\"article:modified_time\" content=\"2025-03-21T06:52:34+00:00\" \/>\n<meta property=\"og:image\" content=\"https:\/\/www.mercuredubaihotel.com\/wp-content\/uploads\/sites\/37\/2023\/02\/Mercure_dubai_barsha_heights_home_slide02.jpg\" \/>\n\t<meta property=\"og:image:width\" content=\"2200\" \/>\n\t<meta property=\"og:image:height\" content=\"1200\" \/>\n\t<meta property=\"og:image:type\" content=\"image\/jpeg\" \/>\n<meta name=\"twitter:card\" content=\"summary_large_image\" \/>\n<meta name=\"twitter:label1\" content=\"Dur\u00e9e de lecture est.\" \/>\n\t<meta name=\"twitter:data1\" content=\"1 minute\" \/>\n<script type=\"application\/ld+json\" class=\"yoast-schema-graph\">{\"@context\":\"https:\/\/schema.org\",\"@graph\":[{\"@type\":\"WebPage\",\"@id\":\"https:\/\/www.mercuredubaihotel.com\/fr\/guest-services\/shuttle-bus-information\/\",\"url\":\"https:\/\/www.mercuredubaihotel.com\/fr\/guest-services\/shuttle-bus-information\/\",\"name\":\"INFORMATIONS SUR LA NAVETTE - Mercure Dubai Barsha Heights -\",\"isPartOf\":{\"@id\":\"https:\/\/www.mercuredubaihotel.com\/#website\"},\"datePublished\":\"2023-03-01T14:28:34+00:00\",\"dateModified\":\"2025-03-21T06:52:34+00:00\",\"description\":\"Le service de navette est gratuit pour tous les r\u00e9sidents de l'h\u00f4tel et leur permet de visiter les sites les plus importants de la ville. Un service de navette gratuit est propos\u00e9 pour Kite Beach et Outlet Mall Dubai\",\"breadcrumb\":{\"@id\":\"https:\/\/www.mercuredubaihotel.com\/fr\/guest-services\/shuttle-bus-information\/#breadcrumb\"},\"inLanguage\":\"fr-FR\",\"potentialAction\":[{\"@type\":\"ReadAction\",\"target\":[\"https:\/\/www.mercuredubaihotel.com\/fr\/guest-services\/shuttle-bus-information\/\"]}]},{\"@type\":\"BreadcrumbList\",\"@id\":\"https:\/\/www.mercuredubaihotel.com\/fr\/guest-services\/shuttle-bus-information\/#breadcrumb\",\"itemListElement\":[{\"@type\":\"ListItem\",\"position\":1,\"name\":\"Home\",\"item\":\"https:\/\/www.mercuredubaihotel.com\/fr\/\"},{\"@type\":\"ListItem\",\"position\":2,\"name\":\"SERVICES AUX H\u00d4TES\",\"item\":\"https:\/\/www.mercuredubaihotel.com\/fr\/guest-services\/\"},{\"@type\":\"ListItem\",\"position\":3,\"name\":\"INFORMATIONS SUR LA NAVETTE\"}]},{\"@type\":\"WebSite\",\"@id\":\"https:\/\/www.mercuredubaihotel.com\/#website\",\"url\":\"https:\/\/www.mercuredubaihotel.com\/\",\"name\":\"Mercure Dubai Barsha Heights\",\"description\":\"\",\"potentialAction\":[{\"@type\":\"SearchAction\",\"target\":{\"@type\":\"EntryPoint\",\"urlTemplate\":\"https:\/\/www.mercuredubaihotel.com\/?s={search_term_string}\"},\"query-input\":{\"@type\":\"PropertyValueSpecification\",\"valueRequired\":true,\"valueName\":\"search_term_string\"}}],\"inLanguage\":\"fr-FR\"}]}<\/script>\n<!-- \/ Yoast SEO plugin. -->","yoast_head_json":{"title":"INFORMATIONS SUR LA NAVETTE - Mercure Dubai Barsha Heights -","description":"Le service de navette est gratuit pour tous les r\u00e9sidents de l'h\u00f4tel et leur permet de visiter les sites les plus importants de la ville. Un service de navette gratuit est propos\u00e9 pour Kite Beach et Outlet Mall Dubai","robots":{"index":"index","follow":"follow","max-snippet":"max-snippet:-1","max-image-preview":"max-image-preview:large","max-video-preview":"max-video-preview:-1"},"canonical":"https:\/\/www.mercuredubaihotel.com\/fr\/guest-services\/shuttle-bus-information\/","og_locale":"fr_FR","og_type":"article","og_title":"INFORMATIONS SUR LA NAVETTE - Mercure Dubai Barsha Heights -","og_description":"Le service de navette est gratuit pour tous les r\u00e9sidents de l'h\u00f4tel et leur permet de visiter les sites les plus importants de la ville. Un service de navette gratuit est propos\u00e9 pour Kite Beach et Outlet Mall Dubai","og_url":"https:\/\/www.mercuredubaihotel.com\/fr\/guest-services\/shuttle-bus-information\/","og_site_name":"Mercure Dubai Barsha Heights","article_modified_time":"2025-03-21T06:52:34+00:00","og_image":[{"width":2200,"height":1200,"url":"https:\/\/www.mercuredubaihotel.com\/wp-content\/uploads\/sites\/37\/2023\/02\/Mercure_dubai_barsha_heights_home_slide02.jpg","type":"image\/jpeg"}],"twitter_card":"summary_large_image","twitter_misc":{"Dur\u00e9e de lecture est.":"1 minute"},"schema":{"@context":"https:\/\/schema.org","@graph":[{"@type":"WebPage","@id":"https:\/\/www.mercuredubaihotel.com\/fr\/guest-services\/shuttle-bus-information\/","url":"https:\/\/www.mercuredubaihotel.com\/fr\/guest-services\/shuttle-bus-information\/","name":"INFORMATIONS SUR LA NAVETTE - Mercure Dubai Barsha Heights -","isPartOf":{"@id":"https:\/\/www.mercuredubaihotel.com\/#website"},"datePublished":"2023-03-01T14:28:34+00:00","dateModified":"2025-03-21T06:52:34+00:00","description":"Le service de navette est gratuit pour tous les r\u00e9sidents de l'h\u00f4tel et leur permet de visiter les sites les plus importants de la ville. Un service de navette gratuit est propos\u00e9 pour Kite Beach et Outlet Mall Dubai","breadcrumb":{"@id":"https:\/\/www.mercuredubaihotel.com\/fr\/guest-services\/shuttle-bus-information\/#breadcrumb"},"inLanguage":"fr-FR","potentialAction":[{"@type":"ReadAction","target":["https:\/\/www.mercuredubaihotel.com\/fr\/guest-services\/shuttle-bus-information\/"]}]},{"@type":"BreadcrumbList","@id":"https:\/\/www.mercuredubaihotel.com\/fr\/guest-services\/shuttle-bus-information\/#breadcrumb","itemListElement":[{"@type":"ListItem","position":1,"name":"Home","item":"https:\/\/www.mercuredubaihotel.com\/fr\/"},{"@type":"ListItem","position":2,"name":"SERVICES AUX H\u00d4TES","item":"https:\/\/www.mercuredubaihotel.com\/fr\/guest-services\/"},{"@type":"ListItem","position":3,"name":"INFORMATIONS SUR LA NAVETTE"}]},{"@type":"WebSite","@id":"https:\/\/www.mercuredubaihotel.com\/#website","url":"https:\/\/www.mercuredubaihotel.com\/","name":"Mercure Dubai Barsha Heights","description":"","potentialAction":[{"@type":"SearchAction","target":{"@type":"EntryPoint","urlTemplate":"https:\/\/www.mercuredubaihotel.com\/?s={search_term_string}"},"query-input":{"@type":"PropertyValueSpecification","valueRequired":true,"valueName":"search_term_string"}}],"inLanguage":"fr-FR"}]}},"_links":{"self":[{"href":"https:\/\/www.mercuredubaihotel.com\/fr\/wp-json\/wp\/v2\/pages\/1454","targetHints":{"allow":["GET"]}}],"collection":[{"href":"https:\/\/www.mercuredubaihotel.com\/fr\/wp-json\/wp\/v2\/pages"}],"about":[{"href":"https:\/\/www.mercuredubaihotel.com\/fr\/wp-json\/wp\/v2\/types\/page"}],"author":[{"embeddable":true,"href":"https:\/\/www.mercuredubaihotel.com\/fr\/wp-json\/wp\/v2\/users\/3"}],"replies":[{"embeddable":true,"href":"https:\/\/www.mercuredubaihotel.com\/fr\/wp-json\/wp\/v2\/comments?post=1454"}],"version-history":[{"count":0,"href":"https:\/\/www.mercuredubaihotel.com\/fr\/wp-json\/wp\/v2\/pages\/1454\/revisions"}],"up":[{"embeddable":true,"href":"https:\/\/www.mercuredubaihotel.com\/fr\/wp-json\/wp\/v2\/pages\/1452"}],"wp:attachment":[{"href":"https:\/\/www.mercuredubaihotel.com\/fr\/wp-json\/wp\/v2\/media?parent=1454"}],"wp:term":[{"taxonomy":"category","embeddable":true,"href":"https:\/\/www.mercuredubaihotel.com\/fr\/wp-json\/wp\/v2\/categories?post=1454"}],"curies":[{"name":"wp","href":"https:\/\/api.w.org\/{rel}","templated":true}]}}