{"id":1453,"date":"2023-03-01T14:20:11","date_gmt":"2023-03-01T14:20:11","guid":{"rendered":"https:\/\/www.mercuredubaihotel.com\/guest-services\/our-concierge\/"},"modified":"2024-07-19T13:55:00","modified_gmt":"2024-07-19T13:55:00","slug":"our-concierge","status":"publish","type":"page","link":"https:\/\/www.mercuredubaihotel.com\/fr\/guest-services\/our-concierge\/","title":{"rendered":"NOTRE CONCIERGE"},"content":{"rendered":"<p>Notre \u00e9quipe de concierges ne souhaite rien tant que de vous rapprocher un peu plus de Duba\u00ef qu&rsquo;ils adorent. Profitez de leurs connaissances, ils connaissent les bons plans et les astuces d&rsquo;initi\u00e9s pour vous faire d\u00e9couvrir la ville comme vous ne l&rsquo;avez jamais vue.<\/p>\n<p>Tirez parti des offres sp\u00e9ciales et des forfaits les plus int\u00e9ressants de la saison et laissez l&rsquo;\u00e9quipe de concierges vous apporter un peu de magie et de culture locale dans votre aventure au Moyen-Orient.<\/p>\n<p>Vous pouvez b\u00e9n\u00e9ficier des services de chauffeur vers n&rsquo;importe quelle destination aux \u00c9mirats arabes unis ou pour explorer Duba\u00ef. Limousines priv\u00e9es et de luxe pour le transport vers et depuis l&rsquo;a\u00e9roport. Pour plus d&rsquo;informations et r\u00e9servations, vous pouvez contacter l&rsquo;\u00e9quipe de conciergerie depuis votre chambre au 8931\/8932.<\/p>\n","protected":false},"excerpt":{"rendered":"<p>Notre \u00e9quipe de concierges ne souhaite rien tant que de vous rapprocher un peu plus de Duba\u00ef qu&rsquo;ils adorent. Profitez de leurs connaissances, ils connaissent les bons plans et les astuces d&rsquo;initi\u00e9s pour vous faire d\u00e9couvrir la ville comme vous ne l&rsquo;avez jamais vue. Tirez parti des offres sp\u00e9ciales et des forfaits les plus int\u00e9ressants [&hellip;]<\/p>\n","protected":false},"author":3,"featured_media":0,"parent":1452,"menu_order":10,"comment_status":"closed","ping_status":"closed","template":"","meta":{"footnotes":""},"categories":[],"class_list":["post-1453","page","type-page","status-publish","hentry"],"acf":[],"yoast_head":"<!-- This site is optimized with the Yoast SEO plugin v26.9 - https:\/\/yoast.com\/product\/yoast-seo-wordpress\/ -->\n<title>NOTRE CONCIERGE - Mercure Dubai Barsha Heights -<\/title>\n<meta name=\"description\" content=\"Notre \u00e9quipe de concierges ne souhaite rien tant que de vous rapprocher un peu plus de Duba\u00ef qu&#039;ils adorent. Profitez de leurs connaissances, ils connaissent les bons plans et les astuces d&#039;initi\u00e9s pour vous faire d\u00e9couvrir la ville comme vous ne l&#039;avez jamais vue.  Tirez parti des offres sp\u00e9ciales et des forfaits les plus int\u00e9ressants de la saison et laissez l&#039;\u00e9quipe de concierges vous apporter un peu de magie et de culture locale dans votre aventure au Moyen-Orient.  Vous pouvez b\u00e9n\u00e9ficier des services de chauffeur vers n&#039;importe quelle destination aux \u00c9mirats arabes unis ou pour explorer Duba\u00ef\" \/>\n<meta name=\"robots\" content=\"index, follow, max-snippet:-1, max-image-preview:large, max-video-preview:-1\" \/>\n<link rel=\"canonical\" href=\"https:\/\/www.mercuredubaihotel.com\/fr\/guest-services\/our-concierge\/\" \/>\n<meta property=\"og:locale\" content=\"fr_FR\" \/>\n<meta property=\"og:type\" content=\"article\" \/>\n<meta property=\"og:title\" content=\"NOTRE CONCIERGE - Mercure Dubai Barsha Heights -\" \/>\n<meta property=\"og:description\" content=\"Notre \u00e9quipe de concierges ne souhaite rien tant que de vous rapprocher un peu plus de Duba\u00ef qu&#039;ils adorent. Profitez de leurs connaissances, ils connaissent les bons plans et les astuces d&#039;initi\u00e9s pour vous faire d\u00e9couvrir la ville comme vous ne l&#039;avez jamais vue.  Tirez parti des offres sp\u00e9ciales et des forfaits les plus int\u00e9ressants de la saison et laissez l&#039;\u00e9quipe de concierges vous apporter un peu de magie et de culture locale dans votre aventure au Moyen-Orient.  Vous pouvez b\u00e9n\u00e9ficier des services de chauffeur vers n&#039;importe quelle destination aux \u00c9mirats arabes unis ou pour explorer Duba\u00ef\" \/>\n<meta property=\"og:url\" content=\"https:\/\/www.mercuredubaihotel.com\/fr\/guest-services\/our-concierge\/\" \/>\n<meta property=\"og:site_name\" content=\"Mercure Dubai Barsha Heights\" \/>\n<meta property=\"article:modified_time\" content=\"2024-07-19T13:55:00+00:00\" \/>\n<meta property=\"og:image\" content=\"https:\/\/www.mercuredubaihotel.com\/wp-content\/uploads\/sites\/37\/2023\/02\/Mercure_dubai_barsha_heights_home_slide02.jpg\" \/>\n\t<meta property=\"og:image:width\" content=\"2200\" \/>\n\t<meta property=\"og:image:height\" content=\"1200\" \/>\n\t<meta property=\"og:image:type\" content=\"image\/jpeg\" \/>\n<meta name=\"twitter:card\" content=\"summary_large_image\" \/>\n<meta name=\"twitter:label1\" content=\"Dur\u00e9e de lecture est.\" \/>\n\t<meta name=\"twitter:data1\" content=\"1 minute\" \/>\n<script type=\"application\/ld+json\" class=\"yoast-schema-graph\">{\"@context\":\"https:\/\/schema.org\",\"@graph\":[{\"@type\":\"WebPage\",\"@id\":\"https:\/\/www.mercuredubaihotel.com\/fr\/guest-services\/our-concierge\/\",\"url\":\"https:\/\/www.mercuredubaihotel.com\/fr\/guest-services\/our-concierge\/\",\"name\":\"NOTRE CONCIERGE - Mercure Dubai Barsha Heights -\",\"isPartOf\":{\"@id\":\"https:\/\/www.mercuredubaihotel.com\/#website\"},\"datePublished\":\"2023-03-01T14:20:11+00:00\",\"dateModified\":\"2024-07-19T13:55:00+00:00\",\"description\":\"Notre \u00e9quipe de concierges ne souhaite rien tant que de vous rapprocher un peu plus de Duba\u00ef qu'ils adorent. Profitez de leurs connaissances, ils connaissent les bons plans et les astuces d'initi\u00e9s pour vous faire d\u00e9couvrir la ville comme vous ne l'avez jamais vue. Tirez parti des offres sp\u00e9ciales et des forfaits les plus int\u00e9ressants de la saison et laissez l'\u00e9quipe de concierges vous apporter un peu de magie et de culture locale dans votre aventure au Moyen-Orient. Vous pouvez b\u00e9n\u00e9ficier des services de chauffeur vers n'importe quelle destination aux \u00c9mirats arabes unis ou pour explorer Duba\u00ef\",\"breadcrumb\":{\"@id\":\"https:\/\/www.mercuredubaihotel.com\/fr\/guest-services\/our-concierge\/#breadcrumb\"},\"inLanguage\":\"fr-FR\",\"potentialAction\":[{\"@type\":\"ReadAction\",\"target\":[\"https:\/\/www.mercuredubaihotel.com\/fr\/guest-services\/our-concierge\/\"]}]},{\"@type\":\"BreadcrumbList\",\"@id\":\"https:\/\/www.mercuredubaihotel.com\/fr\/guest-services\/our-concierge\/#breadcrumb\",\"itemListElement\":[{\"@type\":\"ListItem\",\"position\":1,\"name\":\"Home\",\"item\":\"https:\/\/www.mercuredubaihotel.com\/fr\/\"},{\"@type\":\"ListItem\",\"position\":2,\"name\":\"SERVICES AUX H\u00d4TES\",\"item\":\"https:\/\/www.mercuredubaihotel.com\/fr\/guest-services\/\"},{\"@type\":\"ListItem\",\"position\":3,\"name\":\"NOTRE CONCIERGE\"}]},{\"@type\":\"WebSite\",\"@id\":\"https:\/\/www.mercuredubaihotel.com\/#website\",\"url\":\"https:\/\/www.mercuredubaihotel.com\/\",\"name\":\"Mercure Dubai Barsha Heights\",\"description\":\"\",\"potentialAction\":[{\"@type\":\"SearchAction\",\"target\":{\"@type\":\"EntryPoint\",\"urlTemplate\":\"https:\/\/www.mercuredubaihotel.com\/?s={search_term_string}\"},\"query-input\":{\"@type\":\"PropertyValueSpecification\",\"valueRequired\":true,\"valueName\":\"search_term_string\"}}],\"inLanguage\":\"fr-FR\"}]}<\/script>\n<!-- \/ Yoast SEO plugin. -->","yoast_head_json":{"title":"NOTRE CONCIERGE - Mercure Dubai Barsha Heights -","description":"Notre \u00e9quipe de concierges ne souhaite rien tant que de vous rapprocher un peu plus de Duba\u00ef qu'ils adorent. Profitez de leurs connaissances, ils connaissent les bons plans et les astuces d'initi\u00e9s pour vous faire d\u00e9couvrir la ville comme vous ne l'avez jamais vue.  Tirez parti des offres sp\u00e9ciales et des forfaits les plus int\u00e9ressants de la saison et laissez l'\u00e9quipe de concierges vous apporter un peu de magie et de culture locale dans votre aventure au Moyen-Orient.  Vous pouvez b\u00e9n\u00e9ficier des services de chauffeur vers n'importe quelle destination aux \u00c9mirats arabes unis ou pour explorer Duba\u00ef","robots":{"index":"index","follow":"follow","max-snippet":"max-snippet:-1","max-image-preview":"max-image-preview:large","max-video-preview":"max-video-preview:-1"},"canonical":"https:\/\/www.mercuredubaihotel.com\/fr\/guest-services\/our-concierge\/","og_locale":"fr_FR","og_type":"article","og_title":"NOTRE CONCIERGE - Mercure Dubai Barsha Heights -","og_description":"Notre \u00e9quipe de concierges ne souhaite rien tant que de vous rapprocher un peu plus de Duba\u00ef qu'ils adorent. Profitez de leurs connaissances, ils connaissent les bons plans et les astuces d'initi\u00e9s pour vous faire d\u00e9couvrir la ville comme vous ne l'avez jamais vue.  Tirez parti des offres sp\u00e9ciales et des forfaits les plus int\u00e9ressants de la saison et laissez l'\u00e9quipe de concierges vous apporter un peu de magie et de culture locale dans votre aventure au Moyen-Orient.  Vous pouvez b\u00e9n\u00e9ficier des services de chauffeur vers n'importe quelle destination aux \u00c9mirats arabes unis ou pour explorer Duba\u00ef","og_url":"https:\/\/www.mercuredubaihotel.com\/fr\/guest-services\/our-concierge\/","og_site_name":"Mercure Dubai Barsha Heights","article_modified_time":"2024-07-19T13:55:00+00:00","og_image":[{"width":2200,"height":1200,"url":"https:\/\/www.mercuredubaihotel.com\/wp-content\/uploads\/sites\/37\/2023\/02\/Mercure_dubai_barsha_heights_home_slide02.jpg","type":"image\/jpeg"}],"twitter_card":"summary_large_image","twitter_misc":{"Dur\u00e9e de lecture est.":"1 minute"},"schema":{"@context":"https:\/\/schema.org","@graph":[{"@type":"WebPage","@id":"https:\/\/www.mercuredubaihotel.com\/fr\/guest-services\/our-concierge\/","url":"https:\/\/www.mercuredubaihotel.com\/fr\/guest-services\/our-concierge\/","name":"NOTRE CONCIERGE - Mercure Dubai Barsha Heights -","isPartOf":{"@id":"https:\/\/www.mercuredubaihotel.com\/#website"},"datePublished":"2023-03-01T14:20:11+00:00","dateModified":"2024-07-19T13:55:00+00:00","description":"Notre \u00e9quipe de concierges ne souhaite rien tant que de vous rapprocher un peu plus de Duba\u00ef qu'ils adorent. Profitez de leurs connaissances, ils connaissent les bons plans et les astuces d'initi\u00e9s pour vous faire d\u00e9couvrir la ville comme vous ne l'avez jamais vue. Tirez parti des offres sp\u00e9ciales et des forfaits les plus int\u00e9ressants de la saison et laissez l'\u00e9quipe de concierges vous apporter un peu de magie et de culture locale dans votre aventure au Moyen-Orient. Vous pouvez b\u00e9n\u00e9ficier des services de chauffeur vers n'importe quelle destination aux \u00c9mirats arabes unis ou pour explorer Duba\u00ef","breadcrumb":{"@id":"https:\/\/www.mercuredubaihotel.com\/fr\/guest-services\/our-concierge\/#breadcrumb"},"inLanguage":"fr-FR","potentialAction":[{"@type":"ReadAction","target":["https:\/\/www.mercuredubaihotel.com\/fr\/guest-services\/our-concierge\/"]}]},{"@type":"BreadcrumbList","@id":"https:\/\/www.mercuredubaihotel.com\/fr\/guest-services\/our-concierge\/#breadcrumb","itemListElement":[{"@type":"ListItem","position":1,"name":"Home","item":"https:\/\/www.mercuredubaihotel.com\/fr\/"},{"@type":"ListItem","position":2,"name":"SERVICES AUX H\u00d4TES","item":"https:\/\/www.mercuredubaihotel.com\/fr\/guest-services\/"},{"@type":"ListItem","position":3,"name":"NOTRE CONCIERGE"}]},{"@type":"WebSite","@id":"https:\/\/www.mercuredubaihotel.com\/#website","url":"https:\/\/www.mercuredubaihotel.com\/","name":"Mercure Dubai Barsha Heights","description":"","potentialAction":[{"@type":"SearchAction","target":{"@type":"EntryPoint","urlTemplate":"https:\/\/www.mercuredubaihotel.com\/?s={search_term_string}"},"query-input":{"@type":"PropertyValueSpecification","valueRequired":true,"valueName":"search_term_string"}}],"inLanguage":"fr-FR"}]}},"_links":{"self":[{"href":"https:\/\/www.mercuredubaihotel.com\/fr\/wp-json\/wp\/v2\/pages\/1453","targetHints":{"allow":["GET"]}}],"collection":[{"href":"https:\/\/www.mercuredubaihotel.com\/fr\/wp-json\/wp\/v2\/pages"}],"about":[{"href":"https:\/\/www.mercuredubaihotel.com\/fr\/wp-json\/wp\/v2\/types\/page"}],"author":[{"embeddable":true,"href":"https:\/\/www.mercuredubaihotel.com\/fr\/wp-json\/wp\/v2\/users\/3"}],"replies":[{"embeddable":true,"href":"https:\/\/www.mercuredubaihotel.com\/fr\/wp-json\/wp\/v2\/comments?post=1453"}],"version-history":[{"count":0,"href":"https:\/\/www.mercuredubaihotel.com\/fr\/wp-json\/wp\/v2\/pages\/1453\/revisions"}],"up":[{"embeddable":true,"href":"https:\/\/www.mercuredubaihotel.com\/fr\/wp-json\/wp\/v2\/pages\/1452"}],"wp:attachment":[{"href":"https:\/\/www.mercuredubaihotel.com\/fr\/wp-json\/wp\/v2\/media?parent=1453"}],"wp:term":[{"taxonomy":"category","embeddable":true,"href":"https:\/\/www.mercuredubaihotel.com\/fr\/wp-json\/wp\/v2\/categories?post=1453"}],"curies":[{"name":"wp","href":"https:\/\/api.w.org\/{rel}","templated":true}]}}