{"id":1452,"date":"2023-03-01T14:06:39","date_gmt":"2023-03-01T14:06:39","guid":{"rendered":"https:\/\/www.mercuredubaihotel.com\/guest-services\/"},"modified":"2024-07-29T10:05:15","modified_gmt":"2024-07-29T10:05:15","slug":"guest-services","status":"publish","type":"page","link":"https:\/\/www.mercuredubaihotel.com\/fr\/guest-services\/","title":{"rendered":"SERVICES AUX H\u00d4TES"},"content":{"rendered":"<p>Le Mercure Dubai Barsha Heights vous offre un confort personnalis\u00e9, une large vari\u00e9t\u00e9 de commodit\u00e9s et un service de qualit\u00e9 exceptionnelle en vue de rendre votre s\u00e9jour inoubliable, que vous soyez en voyage d&rsquo;affaires ou en vacances. Notre \u00e9quipe du service client\u00e8le, install\u00e9e dans le hall de l&rsquo;h\u00f4tel, est \u00e0 votre disposition pour r\u00e9pondre \u00e0 toutes vos questions et vous aider \u00e0 faire tout ce dont vous avez besoin pendant votre s\u00e9jour.<\/p>\n<p>L&rsquo;h\u00f4tel Mercure Dubai \u00e0 4 \u00e9toiles propose 1015 suites et appartements \u00e9l\u00e9gants et contemporains sur la route Sheikh Zayed \u00e0 Barsha Heights, \u00e0 proximit\u00e9 de la station de m\u00e9tro Dubai Internet City.<\/p>\n","protected":false},"excerpt":{"rendered":"<p>Le Mercure Dubai Barsha Heights vous offre un confort personnalis\u00e9, une large vari\u00e9t\u00e9 de commodit\u00e9s et un service de qualit\u00e9 exceptionnelle en vue de rendre votre s\u00e9jour inoubliable, que vous soyez en voyage d&rsquo;affaires ou en vacances. Notre \u00e9quipe du service client\u00e8le, install\u00e9e dans le hall de l&rsquo;h\u00f4tel, est \u00e0 votre disposition pour r\u00e9pondre \u00e0 [&hellip;]<\/p>\n","protected":false},"author":3,"featured_media":0,"parent":0,"menu_order":120,"comment_status":"closed","ping_status":"closed","template":"","meta":{"footnotes":""},"categories":[],"class_list":["post-1452","page","type-page","status-publish","hentry"],"acf":[],"yoast_head":"<!-- This site is optimized with the Yoast SEO plugin v26.9 - https:\/\/yoast.com\/product\/yoast-seo-wordpress\/ -->\n<title>SERVICES AUX H\u00d4TES - Mercure Dubai Barsha Heights -<\/title>\n<meta name=\"description\" content=\"Le Mercure Dubai Barsha Heights vous offre un confort personnalis\u00e9, une large vari\u00e9t\u00e9 de commodit\u00e9s et un service de qualit\u00e9 exceptionnelle en vue de rendre votre s\u00e9jour inoubliable, que vous soyez en voyage d&#039;affaires ou en vacances. Notre \u00e9quipe du service client\u00e8le, install\u00e9e dans le hall de l&#039;h\u00f4tel, est \u00e0 votre disposition pour r\u00e9pondre \u00e0 toutes vos questions et vous aider \u00e0 faire tout ce dont vous avez besoin pendant votre s\u00e9jour.  L&#039;h\u00f4tel Mercure Dubai \u00e0 4 \u00e9toiles propose 1015 suites et appartements \u00e9l\u00e9gants et contemporains sur la route Sheikh Zayed \u00e0 Barsha Heights, \u00e0 proximit\u00e9 de la station de m\u00e9tro Dubai Internet City.\" \/>\n<meta name=\"robots\" content=\"index, follow, max-snippet:-1, max-image-preview:large, max-video-preview:-1\" \/>\n<link rel=\"canonical\" href=\"https:\/\/www.mercuredubaihotel.com\/fr\/guest-services\/\" \/>\n<meta property=\"og:locale\" content=\"fr_FR\" \/>\n<meta property=\"og:type\" content=\"article\" \/>\n<meta property=\"og:title\" content=\"SERVICES AUX H\u00d4TES - Mercure Dubai Barsha Heights -\" \/>\n<meta property=\"og:description\" content=\"Le Mercure Dubai Barsha Heights vous offre un confort personnalis\u00e9, une large vari\u00e9t\u00e9 de commodit\u00e9s et un service de qualit\u00e9 exceptionnelle en vue de rendre votre s\u00e9jour inoubliable, que vous soyez en voyage d&#039;affaires ou en vacances. Notre \u00e9quipe du service client\u00e8le, install\u00e9e dans le hall de l&#039;h\u00f4tel, est \u00e0 votre disposition pour r\u00e9pondre \u00e0 toutes vos questions et vous aider \u00e0 faire tout ce dont vous avez besoin pendant votre s\u00e9jour.  L&#039;h\u00f4tel Mercure Dubai \u00e0 4 \u00e9toiles propose 1015 suites et appartements \u00e9l\u00e9gants et contemporains sur la route Sheikh Zayed \u00e0 Barsha Heights, \u00e0 proximit\u00e9 de la station de m\u00e9tro Dubai Internet City.\" \/>\n<meta property=\"og:url\" content=\"https:\/\/www.mercuredubaihotel.com\/fr\/guest-services\/\" \/>\n<meta property=\"og:site_name\" content=\"Mercure Dubai Barsha Heights\" \/>\n<meta property=\"article:modified_time\" content=\"2024-07-29T10:05:15+00:00\" \/>\n<meta property=\"og:image\" content=\"https:\/\/www.mercuredubaihotel.com\/wp-content\/uploads\/sites\/37\/2023\/02\/Mercure_dubai_barsha_heights_home_slide02.jpg\" \/>\n\t<meta property=\"og:image:width\" content=\"2200\" \/>\n\t<meta property=\"og:image:height\" content=\"1200\" \/>\n\t<meta property=\"og:image:type\" content=\"image\/jpeg\" \/>\n<meta name=\"twitter:card\" content=\"summary_large_image\" \/>\n<meta name=\"twitter:label1\" content=\"Dur\u00e9e de lecture est.\" \/>\n\t<meta name=\"twitter:data1\" content=\"1 minute\" \/>\n<script type=\"application\/ld+json\" class=\"yoast-schema-graph\">{\"@context\":\"https:\/\/schema.org\",\"@graph\":[{\"@type\":\"WebPage\",\"@id\":\"https:\/\/www.mercuredubaihotel.com\/fr\/guest-services\/\",\"url\":\"https:\/\/www.mercuredubaihotel.com\/fr\/guest-services\/\",\"name\":\"SERVICES AUX H\u00d4TES - Mercure Dubai Barsha Heights -\",\"isPartOf\":{\"@id\":\"https:\/\/www.mercuredubaihotel.com\/#website\"},\"datePublished\":\"2023-03-01T14:06:39+00:00\",\"dateModified\":\"2024-07-29T10:05:15+00:00\",\"description\":\"Le Mercure Dubai Barsha Heights vous offre un confort personnalis\u00e9, une large vari\u00e9t\u00e9 de commodit\u00e9s et un service de qualit\u00e9 exceptionnelle en vue de rendre votre s\u00e9jour inoubliable, que vous soyez en voyage d'affaires ou en vacances. Notre \u00e9quipe du service client\u00e8le, install\u00e9e dans le hall de l'h\u00f4tel, est \u00e0 votre disposition pour r\u00e9pondre \u00e0 toutes vos questions et vous aider \u00e0 faire tout ce dont vous avez besoin pendant votre s\u00e9jour. L'h\u00f4tel Mercure Dubai \u00e0 4 \u00e9toiles propose 1015 suites et appartements \u00e9l\u00e9gants et contemporains sur la route Sheikh Zayed \u00e0 Barsha Heights, \u00e0 proximit\u00e9 de la station de m\u00e9tro Dubai Internet City.\",\"breadcrumb\":{\"@id\":\"https:\/\/www.mercuredubaihotel.com\/fr\/guest-services\/#breadcrumb\"},\"inLanguage\":\"fr-FR\",\"potentialAction\":[{\"@type\":\"ReadAction\",\"target\":[\"https:\/\/www.mercuredubaihotel.com\/fr\/guest-services\/\"]}]},{\"@type\":\"BreadcrumbList\",\"@id\":\"https:\/\/www.mercuredubaihotel.com\/fr\/guest-services\/#breadcrumb\",\"itemListElement\":[{\"@type\":\"ListItem\",\"position\":1,\"name\":\"Home\",\"item\":\"https:\/\/www.mercuredubaihotel.com\/fr\/\"},{\"@type\":\"ListItem\",\"position\":2,\"name\":\"SERVICES AUX H\u00d4TES\"}]},{\"@type\":\"WebSite\",\"@id\":\"https:\/\/www.mercuredubaihotel.com\/#website\",\"url\":\"https:\/\/www.mercuredubaihotel.com\/\",\"name\":\"Mercure Dubai Barsha Heights\",\"description\":\"\",\"potentialAction\":[{\"@type\":\"SearchAction\",\"target\":{\"@type\":\"EntryPoint\",\"urlTemplate\":\"https:\/\/www.mercuredubaihotel.com\/?s={search_term_string}\"},\"query-input\":{\"@type\":\"PropertyValueSpecification\",\"valueRequired\":true,\"valueName\":\"search_term_string\"}}],\"inLanguage\":\"fr-FR\"}]}<\/script>\n<!-- \/ Yoast SEO plugin. -->","yoast_head_json":{"title":"SERVICES AUX H\u00d4TES - Mercure Dubai Barsha Heights -","description":"Le Mercure Dubai Barsha Heights vous offre un confort personnalis\u00e9, une large vari\u00e9t\u00e9 de commodit\u00e9s et un service de qualit\u00e9 exceptionnelle en vue de rendre votre s\u00e9jour inoubliable, que vous soyez en voyage d'affaires ou en vacances. Notre \u00e9quipe du service client\u00e8le, install\u00e9e dans le hall de l'h\u00f4tel, est \u00e0 votre disposition pour r\u00e9pondre \u00e0 toutes vos questions et vous aider \u00e0 faire tout ce dont vous avez besoin pendant votre s\u00e9jour.  L'h\u00f4tel Mercure Dubai \u00e0 4 \u00e9toiles propose 1015 suites et appartements \u00e9l\u00e9gants et contemporains sur la route Sheikh Zayed \u00e0 Barsha Heights, \u00e0 proximit\u00e9 de la station de m\u00e9tro Dubai Internet City.","robots":{"index":"index","follow":"follow","max-snippet":"max-snippet:-1","max-image-preview":"max-image-preview:large","max-video-preview":"max-video-preview:-1"},"canonical":"https:\/\/www.mercuredubaihotel.com\/fr\/guest-services\/","og_locale":"fr_FR","og_type":"article","og_title":"SERVICES AUX H\u00d4TES - Mercure Dubai Barsha Heights -","og_description":"Le Mercure Dubai Barsha Heights vous offre un confort personnalis\u00e9, une large vari\u00e9t\u00e9 de commodit\u00e9s et un service de qualit\u00e9 exceptionnelle en vue de rendre votre s\u00e9jour inoubliable, que vous soyez en voyage d'affaires ou en vacances. Notre \u00e9quipe du service client\u00e8le, install\u00e9e dans le hall de l'h\u00f4tel, est \u00e0 votre disposition pour r\u00e9pondre \u00e0 toutes vos questions et vous aider \u00e0 faire tout ce dont vous avez besoin pendant votre s\u00e9jour.  L'h\u00f4tel Mercure Dubai \u00e0 4 \u00e9toiles propose 1015 suites et appartements \u00e9l\u00e9gants et contemporains sur la route Sheikh Zayed \u00e0 Barsha Heights, \u00e0 proximit\u00e9 de la station de m\u00e9tro Dubai Internet City.","og_url":"https:\/\/www.mercuredubaihotel.com\/fr\/guest-services\/","og_site_name":"Mercure Dubai Barsha Heights","article_modified_time":"2024-07-29T10:05:15+00:00","og_image":[{"width":2200,"height":1200,"url":"https:\/\/www.mercuredubaihotel.com\/wp-content\/uploads\/sites\/37\/2023\/02\/Mercure_dubai_barsha_heights_home_slide02.jpg","type":"image\/jpeg"}],"twitter_card":"summary_large_image","twitter_misc":{"Dur\u00e9e de lecture est.":"1 minute"},"schema":{"@context":"https:\/\/schema.org","@graph":[{"@type":"WebPage","@id":"https:\/\/www.mercuredubaihotel.com\/fr\/guest-services\/","url":"https:\/\/www.mercuredubaihotel.com\/fr\/guest-services\/","name":"SERVICES AUX H\u00d4TES - Mercure Dubai Barsha Heights -","isPartOf":{"@id":"https:\/\/www.mercuredubaihotel.com\/#website"},"datePublished":"2023-03-01T14:06:39+00:00","dateModified":"2024-07-29T10:05:15+00:00","description":"Le Mercure Dubai Barsha Heights vous offre un confort personnalis\u00e9, une large vari\u00e9t\u00e9 de commodit\u00e9s et un service de qualit\u00e9 exceptionnelle en vue de rendre votre s\u00e9jour inoubliable, que vous soyez en voyage d'affaires ou en vacances. Notre \u00e9quipe du service client\u00e8le, install\u00e9e dans le hall de l'h\u00f4tel, est \u00e0 votre disposition pour r\u00e9pondre \u00e0 toutes vos questions et vous aider \u00e0 faire tout ce dont vous avez besoin pendant votre s\u00e9jour. L'h\u00f4tel Mercure Dubai \u00e0 4 \u00e9toiles propose 1015 suites et appartements \u00e9l\u00e9gants et contemporains sur la route Sheikh Zayed \u00e0 Barsha Heights, \u00e0 proximit\u00e9 de la station de m\u00e9tro Dubai Internet City.","breadcrumb":{"@id":"https:\/\/www.mercuredubaihotel.com\/fr\/guest-services\/#breadcrumb"},"inLanguage":"fr-FR","potentialAction":[{"@type":"ReadAction","target":["https:\/\/www.mercuredubaihotel.com\/fr\/guest-services\/"]}]},{"@type":"BreadcrumbList","@id":"https:\/\/www.mercuredubaihotel.com\/fr\/guest-services\/#breadcrumb","itemListElement":[{"@type":"ListItem","position":1,"name":"Home","item":"https:\/\/www.mercuredubaihotel.com\/fr\/"},{"@type":"ListItem","position":2,"name":"SERVICES AUX H\u00d4TES"}]},{"@type":"WebSite","@id":"https:\/\/www.mercuredubaihotel.com\/#website","url":"https:\/\/www.mercuredubaihotel.com\/","name":"Mercure Dubai Barsha Heights","description":"","potentialAction":[{"@type":"SearchAction","target":{"@type":"EntryPoint","urlTemplate":"https:\/\/www.mercuredubaihotel.com\/?s={search_term_string}"},"query-input":{"@type":"PropertyValueSpecification","valueRequired":true,"valueName":"search_term_string"}}],"inLanguage":"fr-FR"}]}},"_links":{"self":[{"href":"https:\/\/www.mercuredubaihotel.com\/fr\/wp-json\/wp\/v2\/pages\/1452","targetHints":{"allow":["GET"]}}],"collection":[{"href":"https:\/\/www.mercuredubaihotel.com\/fr\/wp-json\/wp\/v2\/pages"}],"about":[{"href":"https:\/\/www.mercuredubaihotel.com\/fr\/wp-json\/wp\/v2\/types\/page"}],"author":[{"embeddable":true,"href":"https:\/\/www.mercuredubaihotel.com\/fr\/wp-json\/wp\/v2\/users\/3"}],"replies":[{"embeddable":true,"href":"https:\/\/www.mercuredubaihotel.com\/fr\/wp-json\/wp\/v2\/comments?post=1452"}],"version-history":[{"count":0,"href":"https:\/\/www.mercuredubaihotel.com\/fr\/wp-json\/wp\/v2\/pages\/1452\/revisions"}],"wp:attachment":[{"href":"https:\/\/www.mercuredubaihotel.com\/fr\/wp-json\/wp\/v2\/media?parent=1452"}],"wp:term":[{"taxonomy":"category","embeddable":true,"href":"https:\/\/www.mercuredubaihotel.com\/fr\/wp-json\/wp\/v2\/categories?post=1452"}],"curies":[{"name":"wp","href":"https:\/\/api.w.org\/{rel}","templated":true}]}}