{"id":1451,"date":"2023-03-01T14:18:23","date_gmt":"2023-03-01T14:18:23","guid":{"rendered":"https:\/\/www.mercuredubaihotel.com\/check-in-check-out\/"},"modified":"2023-06-15T13:39:43","modified_gmt":"2023-06-15T13:39:43","slug":"check-in-check-out","status":"publish","type":"page","link":"https:\/\/www.mercuredubaihotel.com\/fr\/guest-services\/check-in-check-out\/","title":{"rendered":"ENREGISTREMENT\/D\u00c9PART"},"content":{"rendered":"<p>Notre service d&rsquo;enregistrement standard est disponible \u00e0 14h et le d\u00e9part \u00e0 12h.<\/p>\n","protected":false},"excerpt":{"rendered":"<p>Notre service d&rsquo;enregistrement standard est disponible \u00e0 14h et le d\u00e9part \u00e0 12h.<\/p>\n","protected":false},"author":3,"featured_media":0,"parent":1452,"menu_order":5,"comment_status":"closed","ping_status":"closed","template":"","meta":{"footnotes":""},"categories":[],"class_list":["post-1451","page","type-page","status-publish","hentry"],"acf":[],"yoast_head":"<!-- This site is optimized with the Yoast SEO plugin v26.9 - https:\/\/yoast.com\/product\/yoast-seo-wordpress\/ -->\n<title>ENREGISTREMENT\/D\u00c9PART - Mercure Dubai Barsha Heights -<\/title>\n<meta name=\"description\" content=\"Notre service d&#039;enregistrement standard est disponible \u00e0 14h et le d\u00e9part \u00e0 12h..\" \/>\n<meta name=\"robots\" content=\"index, follow, max-snippet:-1, max-image-preview:large, max-video-preview:-1\" \/>\n<link rel=\"canonical\" href=\"https:\/\/www.mercuredubaihotel.com\/fr\/guest-services\/check-in-check-out\/\" \/>\n<meta property=\"og:locale\" content=\"fr_FR\" \/>\n<meta property=\"og:type\" content=\"article\" \/>\n<meta property=\"og:title\" content=\"ENREGISTREMENT\/D\u00c9PART - Mercure Dubai Barsha Heights -\" \/>\n<meta property=\"og:description\" content=\"Notre service d&#039;enregistrement standard est disponible \u00e0 14h et le d\u00e9part \u00e0 12h..\" \/>\n<meta property=\"og:url\" content=\"https:\/\/www.mercuredubaihotel.com\/fr\/guest-services\/check-in-check-out\/\" \/>\n<meta property=\"og:site_name\" content=\"Mercure Dubai Barsha Heights\" \/>\n<meta property=\"article:modified_time\" content=\"2023-06-15T13:39:43+00:00\" \/>\n<meta property=\"og:image\" content=\"https:\/\/www.mercuredubaihotel.com\/wp-content\/uploads\/sites\/37\/2023\/02\/Mercure_dubai_barsha_heights_home_slide02.jpg\" \/>\n\t<meta property=\"og:image:width\" content=\"2200\" \/>\n\t<meta property=\"og:image:height\" content=\"1200\" \/>\n\t<meta property=\"og:image:type\" content=\"image\/jpeg\" \/>\n<meta name=\"twitter:card\" content=\"summary_large_image\" \/>\n<meta name=\"twitter:label1\" content=\"Dur\u00e9e de lecture est.\" \/>\n\t<meta name=\"twitter:data1\" content=\"1 minute\" \/>\n<script type=\"application\/ld+json\" class=\"yoast-schema-graph\">{\"@context\":\"https:\/\/schema.org\",\"@graph\":[{\"@type\":\"WebPage\",\"@id\":\"https:\/\/www.mercuredubaihotel.com\/fr\/guest-services\/check-in-check-out\/\",\"url\":\"https:\/\/www.mercuredubaihotel.com\/fr\/guest-services\/check-in-check-out\/\",\"name\":\"ENREGISTREMENT\/D\u00c9PART - Mercure Dubai Barsha Heights -\",\"isPartOf\":{\"@id\":\"https:\/\/www.mercuredubaihotel.com\/#website\"},\"datePublished\":\"2023-03-01T14:18:23+00:00\",\"dateModified\":\"2023-06-15T13:39:43+00:00\",\"description\":\"Notre service d'enregistrement standard est disponible \u00e0 14h et le d\u00e9part \u00e0 12h..\",\"breadcrumb\":{\"@id\":\"https:\/\/www.mercuredubaihotel.com\/fr\/guest-services\/check-in-check-out\/#breadcrumb\"},\"inLanguage\":\"fr-FR\",\"potentialAction\":[{\"@type\":\"ReadAction\",\"target\":[\"https:\/\/www.mercuredubaihotel.com\/fr\/guest-services\/check-in-check-out\/\"]}]},{\"@type\":\"BreadcrumbList\",\"@id\":\"https:\/\/www.mercuredubaihotel.com\/fr\/guest-services\/check-in-check-out\/#breadcrumb\",\"itemListElement\":[{\"@type\":\"ListItem\",\"position\":1,\"name\":\"Home\",\"item\":\"https:\/\/www.mercuredubaihotel.com\/fr\/\"},{\"@type\":\"ListItem\",\"position\":2,\"name\":\"SERVICES AUX H\u00d4TES\",\"item\":\"https:\/\/www.mercuredubaihotel.com\/fr\/guest-services\/\"},{\"@type\":\"ListItem\",\"position\":3,\"name\":\"ENREGISTREMENT\/D\u00c9PART\"}]},{\"@type\":\"WebSite\",\"@id\":\"https:\/\/www.mercuredubaihotel.com\/#website\",\"url\":\"https:\/\/www.mercuredubaihotel.com\/\",\"name\":\"Mercure Dubai Barsha Heights\",\"description\":\"\",\"potentialAction\":[{\"@type\":\"SearchAction\",\"target\":{\"@type\":\"EntryPoint\",\"urlTemplate\":\"https:\/\/www.mercuredubaihotel.com\/?s={search_term_string}\"},\"query-input\":{\"@type\":\"PropertyValueSpecification\",\"valueRequired\":true,\"valueName\":\"search_term_string\"}}],\"inLanguage\":\"fr-FR\"}]}<\/script>\n<!-- \/ Yoast SEO plugin. -->","yoast_head_json":{"title":"ENREGISTREMENT\/D\u00c9PART - Mercure Dubai Barsha Heights -","description":"Notre service d'enregistrement standard est disponible \u00e0 14h et le d\u00e9part \u00e0 12h..","robots":{"index":"index","follow":"follow","max-snippet":"max-snippet:-1","max-image-preview":"max-image-preview:large","max-video-preview":"max-video-preview:-1"},"canonical":"https:\/\/www.mercuredubaihotel.com\/fr\/guest-services\/check-in-check-out\/","og_locale":"fr_FR","og_type":"article","og_title":"ENREGISTREMENT\/D\u00c9PART - Mercure Dubai Barsha Heights -","og_description":"Notre service d'enregistrement standard est disponible \u00e0 14h et le d\u00e9part \u00e0 12h..","og_url":"https:\/\/www.mercuredubaihotel.com\/fr\/guest-services\/check-in-check-out\/","og_site_name":"Mercure Dubai Barsha Heights","article_modified_time":"2023-06-15T13:39:43+00:00","og_image":[{"width":2200,"height":1200,"url":"https:\/\/www.mercuredubaihotel.com\/wp-content\/uploads\/sites\/37\/2023\/02\/Mercure_dubai_barsha_heights_home_slide02.jpg","type":"image\/jpeg"}],"twitter_card":"summary_large_image","twitter_misc":{"Dur\u00e9e de lecture est.":"1 minute"},"schema":{"@context":"https:\/\/schema.org","@graph":[{"@type":"WebPage","@id":"https:\/\/www.mercuredubaihotel.com\/fr\/guest-services\/check-in-check-out\/","url":"https:\/\/www.mercuredubaihotel.com\/fr\/guest-services\/check-in-check-out\/","name":"ENREGISTREMENT\/D\u00c9PART - Mercure Dubai Barsha Heights -","isPartOf":{"@id":"https:\/\/www.mercuredubaihotel.com\/#website"},"datePublished":"2023-03-01T14:18:23+00:00","dateModified":"2023-06-15T13:39:43+00:00","description":"Notre service d'enregistrement standard est disponible \u00e0 14h et le d\u00e9part \u00e0 12h..","breadcrumb":{"@id":"https:\/\/www.mercuredubaihotel.com\/fr\/guest-services\/check-in-check-out\/#breadcrumb"},"inLanguage":"fr-FR","potentialAction":[{"@type":"ReadAction","target":["https:\/\/www.mercuredubaihotel.com\/fr\/guest-services\/check-in-check-out\/"]}]},{"@type":"BreadcrumbList","@id":"https:\/\/www.mercuredubaihotel.com\/fr\/guest-services\/check-in-check-out\/#breadcrumb","itemListElement":[{"@type":"ListItem","position":1,"name":"Home","item":"https:\/\/www.mercuredubaihotel.com\/fr\/"},{"@type":"ListItem","position":2,"name":"SERVICES AUX H\u00d4TES","item":"https:\/\/www.mercuredubaihotel.com\/fr\/guest-services\/"},{"@type":"ListItem","position":3,"name":"ENREGISTREMENT\/D\u00c9PART"}]},{"@type":"WebSite","@id":"https:\/\/www.mercuredubaihotel.com\/#website","url":"https:\/\/www.mercuredubaihotel.com\/","name":"Mercure Dubai Barsha Heights","description":"","potentialAction":[{"@type":"SearchAction","target":{"@type":"EntryPoint","urlTemplate":"https:\/\/www.mercuredubaihotel.com\/?s={search_term_string}"},"query-input":{"@type":"PropertyValueSpecification","valueRequired":true,"valueName":"search_term_string"}}],"inLanguage":"fr-FR"}]}},"_links":{"self":[{"href":"https:\/\/www.mercuredubaihotel.com\/fr\/wp-json\/wp\/v2\/pages\/1451","targetHints":{"allow":["GET"]}}],"collection":[{"href":"https:\/\/www.mercuredubaihotel.com\/fr\/wp-json\/wp\/v2\/pages"}],"about":[{"href":"https:\/\/www.mercuredubaihotel.com\/fr\/wp-json\/wp\/v2\/types\/page"}],"author":[{"embeddable":true,"href":"https:\/\/www.mercuredubaihotel.com\/fr\/wp-json\/wp\/v2\/users\/3"}],"replies":[{"embeddable":true,"href":"https:\/\/www.mercuredubaihotel.com\/fr\/wp-json\/wp\/v2\/comments?post=1451"}],"version-history":[{"count":0,"href":"https:\/\/www.mercuredubaihotel.com\/fr\/wp-json\/wp\/v2\/pages\/1451\/revisions"}],"up":[{"embeddable":true,"href":"https:\/\/www.mercuredubaihotel.com\/fr\/wp-json\/wp\/v2\/pages\/1452"}],"wp:attachment":[{"href":"https:\/\/www.mercuredubaihotel.com\/fr\/wp-json\/wp\/v2\/media?parent=1451"}],"wp:term":[{"taxonomy":"category","embeddable":true,"href":"https:\/\/www.mercuredubaihotel.com\/fr\/wp-json\/wp\/v2\/categories?post=1451"}],"curies":[{"name":"wp","href":"https:\/\/api.w.org\/{rel}","templated":true}]}}