{"id":1450,"date":"2023-03-01T12:16:55","date_gmt":"2023-03-01T12:16:55","guid":{"rendered":"https:\/\/www.mercuredubaihotel.com\/location\/"},"modified":"2023-06-15T13:45:04","modified_gmt":"2023-06-15T13:45:04","slug":"location","status":"publish","type":"page","link":"https:\/\/www.mercuredubaihotel.com\/fr\/location\/","title":{"rendered":"EMPLACEMENT"},"content":{"rendered":"<p>Pour d\u00e9guster des plats populaires ou fl\u00e2ner sur The Walk, JBR, vous aurez acc\u00e8s \u00e0 un emplacement de choix pour explorer la ville. Les amateurs d&rsquo;art y trouveront de superbes mus\u00e9es et galeries d&rsquo;art, les passionn\u00e9s de shopping un p\u00f4le de la mode et les amateurs de musique un r\u00eave avec des lieux comme l&rsquo;Op\u00e9ra de Duba\u00ef et la Coca-Cola Arena. Les amateurs de cuisine affluent pour la diversit\u00e9 de la sc\u00e8ne culinaire, allant des camions de nourriture aux restaurants raffin\u00e9s, cependant que les amoureux de la vie nocturne ne seront pas d\u00e9\u00e7us par la ville qui ne dort jamais.<\/p>\n","protected":false},"excerpt":{"rendered":"<p>Pour d\u00e9guster des plats populaires ou fl\u00e2ner sur The Walk, JBR, vous aurez acc\u00e8s \u00e0 un emplacement de choix pour explorer la ville. Les amateurs d&rsquo;art y trouveront de superbes mus\u00e9es et galeries d&rsquo;art, les passionn\u00e9s de shopping un p\u00f4le de la mode et les amateurs de musique un r\u00eave avec des lieux comme l&rsquo;Op\u00e9ra [&hellip;]<\/p>\n","protected":false},"author":3,"featured_media":0,"parent":0,"menu_order":100,"comment_status":"closed","ping_status":"closed","template":"template-location.php","meta":{"footnotes":""},"categories":[],"class_list":["post-1450","page","type-page","status-publish","hentry"],"acf":[],"yoast_head":"<!-- This site is optimized with the Yoast SEO plugin v26.9 - https:\/\/yoast.com\/product\/yoast-seo-wordpress\/ -->\n<title>EMPLACEMENT - Mercure Dubai Barsha Heights -<\/title>\n<meta name=\"description\" content=\"Pour d\u00e9guster des plats populaires ou fl\u00e2ner sur The Walk, JBR, vous aurez acc\u00e8s \u00e0 un emplacement de choix pour explorer la ville. Les amateurs d&#039;art y trouveront de superbes mus\u00e9es et galeries d&#039;art, les passionn\u00e9s de shopping un p\u00f4le de la mode et les amateurs de musique un r\u00eave avec des lieux comme l&#039;Op\u00e9ra de Duba\u00ef et la Coca-Cola Arena\" \/>\n<meta name=\"robots\" content=\"index, follow, max-snippet:-1, max-image-preview:large, max-video-preview:-1\" \/>\n<link rel=\"canonical\" href=\"https:\/\/www.mercuredubaihotel.com\/fr\/location\/\" \/>\n<meta property=\"og:locale\" content=\"fr_FR\" \/>\n<meta property=\"og:type\" content=\"article\" \/>\n<meta property=\"og:title\" content=\"EMPLACEMENT - Mercure Dubai Barsha Heights -\" \/>\n<meta property=\"og:description\" content=\"Pour d\u00e9guster des plats populaires ou fl\u00e2ner sur The Walk, JBR, vous aurez acc\u00e8s \u00e0 un emplacement de choix pour explorer la ville. Les amateurs d&#039;art y trouveront de superbes mus\u00e9es et galeries d&#039;art, les passionn\u00e9s de shopping un p\u00f4le de la mode et les amateurs de musique un r\u00eave avec des lieux comme l&#039;Op\u00e9ra de Duba\u00ef et la Coca-Cola Arena\" \/>\n<meta property=\"og:url\" content=\"https:\/\/www.mercuredubaihotel.com\/fr\/location\/\" \/>\n<meta property=\"og:site_name\" content=\"Mercure Dubai Barsha Heights\" \/>\n<meta property=\"article:modified_time\" content=\"2023-06-15T13:45:04+00:00\" \/>\n<meta property=\"og:image\" content=\"https:\/\/www.mercuredubaihotel.com\/wp-content\/uploads\/sites\/37\/2023\/02\/Mercure_dubai_barsha_heights_home_slide02.jpg\" \/>\n\t<meta property=\"og:image:width\" content=\"2200\" \/>\n\t<meta property=\"og:image:height\" content=\"1200\" \/>\n\t<meta property=\"og:image:type\" content=\"image\/jpeg\" \/>\n<meta name=\"twitter:card\" content=\"summary_large_image\" \/>\n<meta name=\"twitter:label1\" content=\"Dur\u00e9e de lecture est.\" \/>\n\t<meta name=\"twitter:data1\" content=\"1 minute\" \/>\n<script type=\"application\/ld+json\" class=\"yoast-schema-graph\">{\"@context\":\"https:\/\/schema.org\",\"@graph\":[{\"@type\":\"WebPage\",\"@id\":\"https:\/\/www.mercuredubaihotel.com\/fr\/location\/\",\"url\":\"https:\/\/www.mercuredubaihotel.com\/fr\/location\/\",\"name\":\"EMPLACEMENT - Mercure Dubai Barsha Heights -\",\"isPartOf\":{\"@id\":\"https:\/\/www.mercuredubaihotel.com\/#website\"},\"datePublished\":\"2023-03-01T12:16:55+00:00\",\"dateModified\":\"2023-06-15T13:45:04+00:00\",\"description\":\"Pour d\u00e9guster des plats populaires ou fl\u00e2ner sur The Walk, JBR, vous aurez acc\u00e8s \u00e0 un emplacement de choix pour explorer la ville. Les amateurs d'art y trouveront de superbes mus\u00e9es et galeries d'art, les passionn\u00e9s de shopping un p\u00f4le de la mode et les amateurs de musique un r\u00eave avec des lieux comme l'Op\u00e9ra de Duba\u00ef et la Coca-Cola Arena\",\"breadcrumb\":{\"@id\":\"https:\/\/www.mercuredubaihotel.com\/fr\/location\/#breadcrumb\"},\"inLanguage\":\"fr-FR\",\"potentialAction\":[{\"@type\":\"ReadAction\",\"target\":[\"https:\/\/www.mercuredubaihotel.com\/fr\/location\/\"]}]},{\"@type\":\"BreadcrumbList\",\"@id\":\"https:\/\/www.mercuredubaihotel.com\/fr\/location\/#breadcrumb\",\"itemListElement\":[{\"@type\":\"ListItem\",\"position\":1,\"name\":\"Home\",\"item\":\"https:\/\/www.mercuredubaihotel.com\/fr\/\"},{\"@type\":\"ListItem\",\"position\":2,\"name\":\"EMPLACEMENT\"}]},{\"@type\":\"WebSite\",\"@id\":\"https:\/\/www.mercuredubaihotel.com\/#website\",\"url\":\"https:\/\/www.mercuredubaihotel.com\/\",\"name\":\"Mercure Dubai Barsha Heights\",\"description\":\"\",\"potentialAction\":[{\"@type\":\"SearchAction\",\"target\":{\"@type\":\"EntryPoint\",\"urlTemplate\":\"https:\/\/www.mercuredubaihotel.com\/?s={search_term_string}\"},\"query-input\":{\"@type\":\"PropertyValueSpecification\",\"valueRequired\":true,\"valueName\":\"search_term_string\"}}],\"inLanguage\":\"fr-FR\"}]}<\/script>\n<!-- \/ Yoast SEO plugin. -->","yoast_head_json":{"title":"EMPLACEMENT - Mercure Dubai Barsha Heights -","description":"Pour d\u00e9guster des plats populaires ou fl\u00e2ner sur The Walk, JBR, vous aurez acc\u00e8s \u00e0 un emplacement de choix pour explorer la ville. Les amateurs d'art y trouveront de superbes mus\u00e9es et galeries d'art, les passionn\u00e9s de shopping un p\u00f4le de la mode et les amateurs de musique un r\u00eave avec des lieux comme l'Op\u00e9ra de Duba\u00ef et la Coca-Cola Arena","robots":{"index":"index","follow":"follow","max-snippet":"max-snippet:-1","max-image-preview":"max-image-preview:large","max-video-preview":"max-video-preview:-1"},"canonical":"https:\/\/www.mercuredubaihotel.com\/fr\/location\/","og_locale":"fr_FR","og_type":"article","og_title":"EMPLACEMENT - Mercure Dubai Barsha Heights -","og_description":"Pour d\u00e9guster des plats populaires ou fl\u00e2ner sur The Walk, JBR, vous aurez acc\u00e8s \u00e0 un emplacement de choix pour explorer la ville. Les amateurs d'art y trouveront de superbes mus\u00e9es et galeries d'art, les passionn\u00e9s de shopping un p\u00f4le de la mode et les amateurs de musique un r\u00eave avec des lieux comme l'Op\u00e9ra de Duba\u00ef et la Coca-Cola Arena","og_url":"https:\/\/www.mercuredubaihotel.com\/fr\/location\/","og_site_name":"Mercure Dubai Barsha Heights","article_modified_time":"2023-06-15T13:45:04+00:00","og_image":[{"width":2200,"height":1200,"url":"https:\/\/www.mercuredubaihotel.com\/wp-content\/uploads\/sites\/37\/2023\/02\/Mercure_dubai_barsha_heights_home_slide02.jpg","type":"image\/jpeg"}],"twitter_card":"summary_large_image","twitter_misc":{"Dur\u00e9e de lecture est.":"1 minute"},"schema":{"@context":"https:\/\/schema.org","@graph":[{"@type":"WebPage","@id":"https:\/\/www.mercuredubaihotel.com\/fr\/location\/","url":"https:\/\/www.mercuredubaihotel.com\/fr\/location\/","name":"EMPLACEMENT - Mercure Dubai Barsha Heights -","isPartOf":{"@id":"https:\/\/www.mercuredubaihotel.com\/#website"},"datePublished":"2023-03-01T12:16:55+00:00","dateModified":"2023-06-15T13:45:04+00:00","description":"Pour d\u00e9guster des plats populaires ou fl\u00e2ner sur The Walk, JBR, vous aurez acc\u00e8s \u00e0 un emplacement de choix pour explorer la ville. Les amateurs d'art y trouveront de superbes mus\u00e9es et galeries d'art, les passionn\u00e9s de shopping un p\u00f4le de la mode et les amateurs de musique un r\u00eave avec des lieux comme l'Op\u00e9ra de Duba\u00ef et la Coca-Cola Arena","breadcrumb":{"@id":"https:\/\/www.mercuredubaihotel.com\/fr\/location\/#breadcrumb"},"inLanguage":"fr-FR","potentialAction":[{"@type":"ReadAction","target":["https:\/\/www.mercuredubaihotel.com\/fr\/location\/"]}]},{"@type":"BreadcrumbList","@id":"https:\/\/www.mercuredubaihotel.com\/fr\/location\/#breadcrumb","itemListElement":[{"@type":"ListItem","position":1,"name":"Home","item":"https:\/\/www.mercuredubaihotel.com\/fr\/"},{"@type":"ListItem","position":2,"name":"EMPLACEMENT"}]},{"@type":"WebSite","@id":"https:\/\/www.mercuredubaihotel.com\/#website","url":"https:\/\/www.mercuredubaihotel.com\/","name":"Mercure Dubai Barsha Heights","description":"","potentialAction":[{"@type":"SearchAction","target":{"@type":"EntryPoint","urlTemplate":"https:\/\/www.mercuredubaihotel.com\/?s={search_term_string}"},"query-input":{"@type":"PropertyValueSpecification","valueRequired":true,"valueName":"search_term_string"}}],"inLanguage":"fr-FR"}]}},"_links":{"self":[{"href":"https:\/\/www.mercuredubaihotel.com\/fr\/wp-json\/wp\/v2\/pages\/1450","targetHints":{"allow":["GET"]}}],"collection":[{"href":"https:\/\/www.mercuredubaihotel.com\/fr\/wp-json\/wp\/v2\/pages"}],"about":[{"href":"https:\/\/www.mercuredubaihotel.com\/fr\/wp-json\/wp\/v2\/types\/page"}],"author":[{"embeddable":true,"href":"https:\/\/www.mercuredubaihotel.com\/fr\/wp-json\/wp\/v2\/users\/3"}],"replies":[{"embeddable":true,"href":"https:\/\/www.mercuredubaihotel.com\/fr\/wp-json\/wp\/v2\/comments?post=1450"}],"version-history":[{"count":0,"href":"https:\/\/www.mercuredubaihotel.com\/fr\/wp-json\/wp\/v2\/pages\/1450\/revisions"}],"wp:attachment":[{"href":"https:\/\/www.mercuredubaihotel.com\/fr\/wp-json\/wp\/v2\/media?parent=1450"}],"wp:term":[{"taxonomy":"category","embeddable":true,"href":"https:\/\/www.mercuredubaihotel.com\/fr\/wp-json\/wp\/v2\/categories?post=1450"}],"curies":[{"name":"wp","href":"https:\/\/api.w.org\/{rel}","templated":true}]}}