{"id":1446,"date":"2023-03-21T15:41:43","date_gmt":"2023-03-21T15:41:43","guid":{"rendered":"https:\/\/www.mercuredubaihotel.com\/long-stay\/yearly-stay-packages\/"},"modified":"2025-10-15T05:51:53","modified_gmt":"2025-10-15T05:51:53","slug":"yearly-stay-packages","status":"publish","type":"page","link":"https:\/\/www.mercuredubaihotel.com\/fr\/long-stay\/yearly-stay-packages\/","title":{"rendered":"FORFAITS DE S\u00c9JOUR ANNUELS"},"content":{"rendered":"<p>Le Mercure Dubai Barsha Heights &#8211; Les appartements de l&rsquo;h\u00f4tel vous propose des appartements tout \u00e9quip\u00e9s avec des services h\u00f4teliers commodes pour des s\u00e9jours d&rsquo;une dur\u00e9e d&rsquo;un an. Le balcon spacieux de nos appartements d&rsquo;une ou deux chambres offre une vue imprenable sur la ville de Duba\u00ef. La cuisine est enti\u00e8rement \u00e9quip\u00e9e et la buanderie est \u00e0 votre disposition pour que vous puissiez cuisiner vos propres repas.<\/p>\n<p>Peu importe la dur\u00e9e de votre s\u00e9jour, votre sant\u00e9 et votre bien-\u00eatre sont notre priorit\u00e9 et notre \u00e9quipe est pr\u00eate \u00e0 r\u00e9pondre \u00e0 toutes vos questions. <a href=\"https:\/\/dq5r178u4t83b.cloudfront.net\/wp-content\/uploads\/sites\/51\/2020\/08\/11111352\/Mercure-Dubai-Hotel-APARTMENTS-2020.pdf\">Voir plus de d\u00e9tails sur les appartements<\/a><\/p>\n<p style=\"text-align: left\"><strong>Pour les visites et les r\u00e9servations, nous vous prions de contacter le service commercial:<\/strong><\/p>\n<p>Appeler :+971 56 961 6108<br \/>\nCourriel : <a href=\"mailto:rube.manuzon@accor.com\">rube.manuzon@accor.com<\/a><\/p>\n","protected":false},"excerpt":{"rendered":"<p>Le Mercure Dubai Barsha Heights &#8211; Les appartements de l&rsquo;h\u00f4tel vous propose des appartements tout \u00e9quip\u00e9s avec des services h\u00f4teliers commodes pour des s\u00e9jours d&rsquo;une dur\u00e9e d&rsquo;un an. Le balcon spacieux de nos appartements d&rsquo;une ou deux chambres offre une vue imprenable sur la ville de Duba\u00ef. La cuisine est enti\u00e8rement \u00e9quip\u00e9e et la buanderie [&hellip;]<\/p>\n","protected":false},"author":3,"featured_media":0,"parent":1444,"menu_order":10,"comment_status":"closed","ping_status":"closed","template":"template-default-second.php","meta":{"footnotes":""},"categories":[],"class_list":["post-1446","page","type-page","status-publish","hentry"],"acf":[],"yoast_head":"<!-- This site is optimized with the Yoast SEO plugin v26.9 - https:\/\/yoast.com\/product\/yoast-seo-wordpress\/ -->\n<title>FORFAITS DE S\u00c9JOUR ANNUELS - Mercure Dubai Barsha Heights -<\/title>\n<meta name=\"description\" content=\"Le Mercure Dubai Barsha Heights - Les appartements de l&#039;h\u00f4tel vous propose des appartements tout \u00e9quip\u00e9s avec des services h\u00f4teliers commodes pour des s\u00e9jours d&#039;une dur\u00e9e d&#039;un an. Le balcon spacieux de nos appartements d&#039;une ou deux chambres offre une vue imprenable sur la ville de Duba\u00ef\" \/>\n<meta name=\"robots\" content=\"index, follow, max-snippet:-1, max-image-preview:large, max-video-preview:-1\" \/>\n<link rel=\"canonical\" href=\"https:\/\/www.mercuredubaihotel.com\/fr\/long-stay\/yearly-stay-packages\/\" \/>\n<meta property=\"og:locale\" content=\"fr_FR\" \/>\n<meta property=\"og:type\" content=\"article\" \/>\n<meta property=\"og:title\" content=\"FORFAITS DE S\u00c9JOUR ANNUELS - Mercure Dubai Barsha Heights -\" \/>\n<meta property=\"og:description\" content=\"Le Mercure Dubai Barsha Heights - Les appartements de l&#039;h\u00f4tel vous propose des appartements tout \u00e9quip\u00e9s avec des services h\u00f4teliers commodes pour des s\u00e9jours d&#039;une dur\u00e9e d&#039;un an. Le balcon spacieux de nos appartements d&#039;une ou deux chambres offre une vue imprenable sur la ville de Duba\u00ef\" \/>\n<meta property=\"og:url\" content=\"https:\/\/www.mercuredubaihotel.com\/fr\/long-stay\/yearly-stay-packages\/\" \/>\n<meta property=\"og:site_name\" content=\"Mercure Dubai Barsha Heights\" \/>\n<meta property=\"article:modified_time\" content=\"2025-10-15T05:51:53+00:00\" \/>\n<meta property=\"og:image\" content=\"https:\/\/www.mercuredubaihotel.com\/wp-content\/uploads\/sites\/37\/2023\/02\/Mercure_dubai_barsha_heights_home_slide02.jpg\" \/>\n\t<meta property=\"og:image:width\" content=\"2200\" \/>\n\t<meta property=\"og:image:height\" content=\"1200\" \/>\n\t<meta property=\"og:image:type\" content=\"image\/jpeg\" \/>\n<meta name=\"twitter:card\" content=\"summary_large_image\" \/>\n<meta name=\"twitter:label1\" content=\"Dur\u00e9e de lecture est.\" \/>\n\t<meta name=\"twitter:data1\" content=\"1 minute\" \/>\n<script type=\"application\/ld+json\" class=\"yoast-schema-graph\">{\"@context\":\"https:\/\/schema.org\",\"@graph\":[{\"@type\":\"WebPage\",\"@id\":\"https:\/\/www.mercuredubaihotel.com\/fr\/long-stay\/yearly-stay-packages\/\",\"url\":\"https:\/\/www.mercuredubaihotel.com\/fr\/long-stay\/yearly-stay-packages\/\",\"name\":\"FORFAITS DE S\u00c9JOUR ANNUELS - Mercure Dubai Barsha Heights -\",\"isPartOf\":{\"@id\":\"https:\/\/www.mercuredubaihotel.com\/#website\"},\"datePublished\":\"2023-03-21T15:41:43+00:00\",\"dateModified\":\"2025-10-15T05:51:53+00:00\",\"description\":\"Le Mercure Dubai Barsha Heights - Les appartements de l'h\u00f4tel vous propose des appartements tout \u00e9quip\u00e9s avec des services h\u00f4teliers commodes pour des s\u00e9jours d'une dur\u00e9e d'un an. Le balcon spacieux de nos appartements d'une ou deux chambres offre une vue imprenable sur la ville de Duba\u00ef\",\"breadcrumb\":{\"@id\":\"https:\/\/www.mercuredubaihotel.com\/fr\/long-stay\/yearly-stay-packages\/#breadcrumb\"},\"inLanguage\":\"fr-FR\",\"potentialAction\":[{\"@type\":\"ReadAction\",\"target\":[\"https:\/\/www.mercuredubaihotel.com\/fr\/long-stay\/yearly-stay-packages\/\"]}]},{\"@type\":\"BreadcrumbList\",\"@id\":\"https:\/\/www.mercuredubaihotel.com\/fr\/long-stay\/yearly-stay-packages\/#breadcrumb\",\"itemListElement\":[{\"@type\":\"ListItem\",\"position\":1,\"name\":\"Home\",\"item\":\"https:\/\/www.mercuredubaihotel.com\/fr\/\"},{\"@type\":\"ListItem\",\"position\":2,\"name\":\"LONGS S\u00c9JOURS\",\"item\":\"https:\/\/www.mercuredubaihotel.com\/fr\/long-stay\/\"},{\"@type\":\"ListItem\",\"position\":3,\"name\":\"FORFAITS DE S\u00c9JOUR ANNUELS\"}]},{\"@type\":\"WebSite\",\"@id\":\"https:\/\/www.mercuredubaihotel.com\/#website\",\"url\":\"https:\/\/www.mercuredubaihotel.com\/\",\"name\":\"Mercure Dubai Barsha Heights\",\"description\":\"\",\"potentialAction\":[{\"@type\":\"SearchAction\",\"target\":{\"@type\":\"EntryPoint\",\"urlTemplate\":\"https:\/\/www.mercuredubaihotel.com\/?s={search_term_string}\"},\"query-input\":{\"@type\":\"PropertyValueSpecification\",\"valueRequired\":true,\"valueName\":\"search_term_string\"}}],\"inLanguage\":\"fr-FR\"}]}<\/script>\n<!-- \/ Yoast SEO plugin. -->","yoast_head_json":{"title":"FORFAITS DE S\u00c9JOUR ANNUELS - Mercure Dubai Barsha Heights -","description":"Le Mercure Dubai Barsha Heights - Les appartements de l'h\u00f4tel vous propose des appartements tout \u00e9quip\u00e9s avec des services h\u00f4teliers commodes pour des s\u00e9jours d'une dur\u00e9e d'un an. Le balcon spacieux de nos appartements d'une ou deux chambres offre une vue imprenable sur la ville de Duba\u00ef","robots":{"index":"index","follow":"follow","max-snippet":"max-snippet:-1","max-image-preview":"max-image-preview:large","max-video-preview":"max-video-preview:-1"},"canonical":"https:\/\/www.mercuredubaihotel.com\/fr\/long-stay\/yearly-stay-packages\/","og_locale":"fr_FR","og_type":"article","og_title":"FORFAITS DE S\u00c9JOUR ANNUELS - Mercure Dubai Barsha Heights -","og_description":"Le Mercure Dubai Barsha Heights - Les appartements de l'h\u00f4tel vous propose des appartements tout \u00e9quip\u00e9s avec des services h\u00f4teliers commodes pour des s\u00e9jours d'une dur\u00e9e d'un an. Le balcon spacieux de nos appartements d'une ou deux chambres offre une vue imprenable sur la ville de Duba\u00ef","og_url":"https:\/\/www.mercuredubaihotel.com\/fr\/long-stay\/yearly-stay-packages\/","og_site_name":"Mercure Dubai Barsha Heights","article_modified_time":"2025-10-15T05:51:53+00:00","og_image":[{"width":2200,"height":1200,"url":"https:\/\/www.mercuredubaihotel.com\/wp-content\/uploads\/sites\/37\/2023\/02\/Mercure_dubai_barsha_heights_home_slide02.jpg","type":"image\/jpeg"}],"twitter_card":"summary_large_image","twitter_misc":{"Dur\u00e9e de lecture est.":"1 minute"},"schema":{"@context":"https:\/\/schema.org","@graph":[{"@type":"WebPage","@id":"https:\/\/www.mercuredubaihotel.com\/fr\/long-stay\/yearly-stay-packages\/","url":"https:\/\/www.mercuredubaihotel.com\/fr\/long-stay\/yearly-stay-packages\/","name":"FORFAITS DE S\u00c9JOUR ANNUELS - Mercure Dubai Barsha Heights -","isPartOf":{"@id":"https:\/\/www.mercuredubaihotel.com\/#website"},"datePublished":"2023-03-21T15:41:43+00:00","dateModified":"2025-10-15T05:51:53+00:00","description":"Le Mercure Dubai Barsha Heights - Les appartements de l'h\u00f4tel vous propose des appartements tout \u00e9quip\u00e9s avec des services h\u00f4teliers commodes pour des s\u00e9jours d'une dur\u00e9e d'un an. Le balcon spacieux de nos appartements d'une ou deux chambres offre une vue imprenable sur la ville de Duba\u00ef","breadcrumb":{"@id":"https:\/\/www.mercuredubaihotel.com\/fr\/long-stay\/yearly-stay-packages\/#breadcrumb"},"inLanguage":"fr-FR","potentialAction":[{"@type":"ReadAction","target":["https:\/\/www.mercuredubaihotel.com\/fr\/long-stay\/yearly-stay-packages\/"]}]},{"@type":"BreadcrumbList","@id":"https:\/\/www.mercuredubaihotel.com\/fr\/long-stay\/yearly-stay-packages\/#breadcrumb","itemListElement":[{"@type":"ListItem","position":1,"name":"Home","item":"https:\/\/www.mercuredubaihotel.com\/fr\/"},{"@type":"ListItem","position":2,"name":"LONGS S\u00c9JOURS","item":"https:\/\/www.mercuredubaihotel.com\/fr\/long-stay\/"},{"@type":"ListItem","position":3,"name":"FORFAITS DE S\u00c9JOUR ANNUELS"}]},{"@type":"WebSite","@id":"https:\/\/www.mercuredubaihotel.com\/#website","url":"https:\/\/www.mercuredubaihotel.com\/","name":"Mercure Dubai Barsha Heights","description":"","potentialAction":[{"@type":"SearchAction","target":{"@type":"EntryPoint","urlTemplate":"https:\/\/www.mercuredubaihotel.com\/?s={search_term_string}"},"query-input":{"@type":"PropertyValueSpecification","valueRequired":true,"valueName":"search_term_string"}}],"inLanguage":"fr-FR"}]}},"_links":{"self":[{"href":"https:\/\/www.mercuredubaihotel.com\/fr\/wp-json\/wp\/v2\/pages\/1446","targetHints":{"allow":["GET"]}}],"collection":[{"href":"https:\/\/www.mercuredubaihotel.com\/fr\/wp-json\/wp\/v2\/pages"}],"about":[{"href":"https:\/\/www.mercuredubaihotel.com\/fr\/wp-json\/wp\/v2\/types\/page"}],"author":[{"embeddable":true,"href":"https:\/\/www.mercuredubaihotel.com\/fr\/wp-json\/wp\/v2\/users\/3"}],"replies":[{"embeddable":true,"href":"https:\/\/www.mercuredubaihotel.com\/fr\/wp-json\/wp\/v2\/comments?post=1446"}],"version-history":[{"count":0,"href":"https:\/\/www.mercuredubaihotel.com\/fr\/wp-json\/wp\/v2\/pages\/1446\/revisions"}],"up":[{"embeddable":true,"href":"https:\/\/www.mercuredubaihotel.com\/fr\/wp-json\/wp\/v2\/pages\/1444"}],"wp:attachment":[{"href":"https:\/\/www.mercuredubaihotel.com\/fr\/wp-json\/wp\/v2\/media?parent=1446"}],"wp:term":[{"taxonomy":"category","embeddable":true,"href":"https:\/\/www.mercuredubaihotel.com\/fr\/wp-json\/wp\/v2\/categories?post=1446"}],"curies":[{"name":"wp","href":"https:\/\/api.w.org\/{rel}","templated":true}]}}