{"id":1444,"date":"2023-03-21T15:28:11","date_gmt":"2023-03-21T15:28:11","guid":{"rendered":"https:\/\/www.mercuredubaihotel.com\/long-stay\/"},"modified":"2025-10-15T05:49:44","modified_gmt":"2025-10-15T05:49:44","slug":"long-stay","status":"publish","type":"page","link":"https:\/\/www.mercuredubaihotel.com\/fr\/long-stay\/","title":{"rendered":"LONGS S\u00c9JOURS"},"content":{"rendered":"<p style=\"text-align: left\">Des contrats de location flexibles \u00e0 long terme, mensuels et annuels ont \u00e9t\u00e9 mis en place en vue de r\u00e9pondre aux besoins de chaque client, tandis que l&rsquo;\u00e9quipe de l&rsquo;h\u00f4tel se tient \u00e0 votre disposition 24 heures sur 24 pour rendre votre s\u00e9jour \u00e0 Duba\u00ef plus agr\u00e9able et plus confortable. Les appartements de l&rsquo;h\u00f4tel, enti\u00e8rement meubl\u00e9s et \u00e9quip\u00e9s, sont dot\u00e9s de grandes fen\u00eatres donnant une vue imprenable sur la ligne d&rsquo;horizon de Duba\u00ef. Tous les appartements ont \u00e9t\u00e9 soigneusement d\u00e9cor\u00e9s et sont dot\u00e9s d&rsquo;une gamme de commodit\u00e9s modernes, ainsi que d&rsquo;une cuisine enti\u00e8rement \u00e9quip\u00e9e et de grands balcons.<\/p>\n<table style=\"height: 134px\" width=\"1044\">\n<tbody>\n<tr>\n<td width=\"168\"><strong>\u00a0<\/strong><\/td>\n<td width=\"230\"><a href=\"https:\/\/www.mercuredubaihotel.com\/fr\/long-stay\/early-bird-long-stay-offer\/\"><strong>Au mois<\/strong><\/a><\/td>\n<td width=\"249\"><a href=\"https:\/\/www.mercuredubaihotel.com\/fr\/long-stay\/yearly-stay-packages\/\"><strong>A l&rsquo;ann\u00e9e<\/strong><\/a><\/td>\n<\/tr>\n<tr>\n<td width=\"168\"><span style=\"color: #420080\"><strong>Appartement \u00e0 une chambre<\/strong><\/span><\/td>\n<td width=\"230\">A partir de 15,000 AED par mois<\/td>\n<td width=\"249\">\u00c0 partir de 135 000 AED<\/td>\n<\/tr>\n<tr>\n<td width=\"168\"><span style=\"color: #420080\"><strong>Appartement \u00e0 deux chambres<\/strong><\/span><\/td>\n<td width=\"230\">A partir de 22,000 AED par mois<\/td>\n<td width=\"249\">\u00c0 partir de 175 000 AED<\/td>\n<\/tr>\n<\/tbody>\n<\/table>\n<p style=\"text-align: left\"><strong>Pour les visites et les r\u00e9servations, nous vous prions de contacter le service commercial:<\/strong><\/p>\n<p>Appeler: +97156 961 6108<br \/>\nCourriel : <a href=\"mailto:rube.manuzon@accor.com\">rube.manuzon@accor.com<\/a><\/p>\n","protected":false},"excerpt":{"rendered":"<p>Des contrats de location flexibles \u00e0 long terme, mensuels et annuels ont \u00e9t\u00e9 mis en place en vue de r\u00e9pondre aux besoins de chaque client, tandis que l&rsquo;\u00e9quipe de l&rsquo;h\u00f4tel se tient \u00e0 votre disposition 24 heures sur 24 pour rendre votre s\u00e9jour \u00e0 Duba\u00ef plus agr\u00e9able et plus confortable. Les appartements de l&rsquo;h\u00f4tel, enti\u00e8rement [&hellip;]<\/p>\n","protected":false},"author":3,"featured_media":0,"parent":0,"menu_order":65,"comment_status":"closed","ping_status":"closed","template":"","meta":{"footnotes":""},"categories":[],"class_list":["post-1444","page","type-page","status-publish","hentry"],"acf":[],"yoast_head":"<!-- This site is optimized with the Yoast SEO plugin v26.9 - https:\/\/yoast.com\/product\/yoast-seo-wordpress\/ -->\n<title>LONGS S\u00c9JOURS - Mercure Dubai Barsha Heights -<\/title>\n<meta name=\"description\" content=\"Des contrats de location flexibles \u00e0 long terme, mensuels et annuels ont \u00e9t\u00e9 mis en place en vue de r\u00e9pondre aux besoins de chaque client, tandis que l&#039;\u00e9quipe de l&#039;h\u00f4tel se tient \u00e0 votre disposition 24 heures sur 24 pour rendre votre s\u00e9jour \u00e0 Duba\u00ef plus agr\u00e9able et plus confortable. Les appartements de l&#039;h\u00f4tel, enti\u00e8rement meubl\u00e9s et \u00e9quip\u00e9s, sont dot\u00e9s de grandes fen\u00eatres donnant une vue imprenable sur la ligne d&#039;horizon de Duba\u00ef\" \/>\n<meta name=\"robots\" content=\"index, follow, max-snippet:-1, max-image-preview:large, max-video-preview:-1\" \/>\n<link rel=\"canonical\" href=\"https:\/\/www.mercuredubaihotel.com\/fr\/long-stay\/\" \/>\n<meta property=\"og:locale\" content=\"fr_FR\" \/>\n<meta property=\"og:type\" content=\"article\" \/>\n<meta property=\"og:title\" content=\"LONGS S\u00c9JOURS - Mercure Dubai Barsha Heights -\" \/>\n<meta property=\"og:description\" content=\"Des contrats de location flexibles \u00e0 long terme, mensuels et annuels ont \u00e9t\u00e9 mis en place en vue de r\u00e9pondre aux besoins de chaque client, tandis que l&#039;\u00e9quipe de l&#039;h\u00f4tel se tient \u00e0 votre disposition 24 heures sur 24 pour rendre votre s\u00e9jour \u00e0 Duba\u00ef plus agr\u00e9able et plus confortable. Les appartements de l&#039;h\u00f4tel, enti\u00e8rement meubl\u00e9s et \u00e9quip\u00e9s, sont dot\u00e9s de grandes fen\u00eatres donnant une vue imprenable sur la ligne d&#039;horizon de Duba\u00ef\" \/>\n<meta property=\"og:url\" content=\"https:\/\/www.mercuredubaihotel.com\/fr\/long-stay\/\" \/>\n<meta property=\"og:site_name\" content=\"Mercure Dubai Barsha Heights\" \/>\n<meta property=\"article:modified_time\" content=\"2025-10-15T05:49:44+00:00\" \/>\n<meta property=\"og:image\" content=\"https:\/\/www.mercuredubaihotel.com\/wp-content\/uploads\/sites\/37\/2023\/02\/Mercure_dubai_barsha_heights_home_slide02.jpg\" \/>\n\t<meta property=\"og:image:width\" content=\"2200\" \/>\n\t<meta property=\"og:image:height\" content=\"1200\" \/>\n\t<meta property=\"og:image:type\" content=\"image\/jpeg\" \/>\n<meta name=\"twitter:card\" content=\"summary_large_image\" \/>\n<meta name=\"twitter:label1\" content=\"Dur\u00e9e de lecture est.\" \/>\n\t<meta name=\"twitter:data1\" content=\"1 minute\" \/>\n<script type=\"application\/ld+json\" class=\"yoast-schema-graph\">{\"@context\":\"https:\/\/schema.org\",\"@graph\":[{\"@type\":\"WebPage\",\"@id\":\"https:\/\/www.mercuredubaihotel.com\/fr\/long-stay\/\",\"url\":\"https:\/\/www.mercuredubaihotel.com\/fr\/long-stay\/\",\"name\":\"LONGS S\u00c9JOURS - Mercure Dubai Barsha Heights -\",\"isPartOf\":{\"@id\":\"https:\/\/www.mercuredubaihotel.com\/#website\"},\"datePublished\":\"2023-03-21T15:28:11+00:00\",\"dateModified\":\"2025-10-15T05:49:44+00:00\",\"description\":\"Des contrats de location flexibles \u00e0 long terme, mensuels et annuels ont \u00e9t\u00e9 mis en place en vue de r\u00e9pondre aux besoins de chaque client, tandis que l'\u00e9quipe de l'h\u00f4tel se tient \u00e0 votre disposition 24 heures sur 24 pour rendre votre s\u00e9jour \u00e0 Duba\u00ef plus agr\u00e9able et plus confortable. Les appartements de l'h\u00f4tel, enti\u00e8rement meubl\u00e9s et \u00e9quip\u00e9s, sont dot\u00e9s de grandes fen\u00eatres donnant une vue imprenable sur la ligne d'horizon de Duba\u00ef\",\"breadcrumb\":{\"@id\":\"https:\/\/www.mercuredubaihotel.com\/fr\/long-stay\/#breadcrumb\"},\"inLanguage\":\"fr-FR\",\"potentialAction\":[{\"@type\":\"ReadAction\",\"target\":[\"https:\/\/www.mercuredubaihotel.com\/fr\/long-stay\/\"]}]},{\"@type\":\"BreadcrumbList\",\"@id\":\"https:\/\/www.mercuredubaihotel.com\/fr\/long-stay\/#breadcrumb\",\"itemListElement\":[{\"@type\":\"ListItem\",\"position\":1,\"name\":\"Home\",\"item\":\"https:\/\/www.mercuredubaihotel.com\/fr\/\"},{\"@type\":\"ListItem\",\"position\":2,\"name\":\"LONGS S\u00c9JOURS\"}]},{\"@type\":\"WebSite\",\"@id\":\"https:\/\/www.mercuredubaihotel.com\/#website\",\"url\":\"https:\/\/www.mercuredubaihotel.com\/\",\"name\":\"Mercure Dubai Barsha Heights\",\"description\":\"\",\"potentialAction\":[{\"@type\":\"SearchAction\",\"target\":{\"@type\":\"EntryPoint\",\"urlTemplate\":\"https:\/\/www.mercuredubaihotel.com\/?s={search_term_string}\"},\"query-input\":{\"@type\":\"PropertyValueSpecification\",\"valueRequired\":true,\"valueName\":\"search_term_string\"}}],\"inLanguage\":\"fr-FR\"}]}<\/script>\n<!-- \/ Yoast SEO plugin. -->","yoast_head_json":{"title":"LONGS S\u00c9JOURS - Mercure Dubai Barsha Heights -","description":"Des contrats de location flexibles \u00e0 long terme, mensuels et annuels ont \u00e9t\u00e9 mis en place en vue de r\u00e9pondre aux besoins de chaque client, tandis que l'\u00e9quipe de l'h\u00f4tel se tient \u00e0 votre disposition 24 heures sur 24 pour rendre votre s\u00e9jour \u00e0 Duba\u00ef plus agr\u00e9able et plus confortable. Les appartements de l'h\u00f4tel, enti\u00e8rement meubl\u00e9s et \u00e9quip\u00e9s, sont dot\u00e9s de grandes fen\u00eatres donnant une vue imprenable sur la ligne d'horizon de Duba\u00ef","robots":{"index":"index","follow":"follow","max-snippet":"max-snippet:-1","max-image-preview":"max-image-preview:large","max-video-preview":"max-video-preview:-1"},"canonical":"https:\/\/www.mercuredubaihotel.com\/fr\/long-stay\/","og_locale":"fr_FR","og_type":"article","og_title":"LONGS S\u00c9JOURS - Mercure Dubai Barsha Heights -","og_description":"Des contrats de location flexibles \u00e0 long terme, mensuels et annuels ont \u00e9t\u00e9 mis en place en vue de r\u00e9pondre aux besoins de chaque client, tandis que l'\u00e9quipe de l'h\u00f4tel se tient \u00e0 votre disposition 24 heures sur 24 pour rendre votre s\u00e9jour \u00e0 Duba\u00ef plus agr\u00e9able et plus confortable. Les appartements de l'h\u00f4tel, enti\u00e8rement meubl\u00e9s et \u00e9quip\u00e9s, sont dot\u00e9s de grandes fen\u00eatres donnant une vue imprenable sur la ligne d'horizon de Duba\u00ef","og_url":"https:\/\/www.mercuredubaihotel.com\/fr\/long-stay\/","og_site_name":"Mercure Dubai Barsha Heights","article_modified_time":"2025-10-15T05:49:44+00:00","og_image":[{"width":2200,"height":1200,"url":"https:\/\/www.mercuredubaihotel.com\/wp-content\/uploads\/sites\/37\/2023\/02\/Mercure_dubai_barsha_heights_home_slide02.jpg","type":"image\/jpeg"}],"twitter_card":"summary_large_image","twitter_misc":{"Dur\u00e9e de lecture est.":"1 minute"},"schema":{"@context":"https:\/\/schema.org","@graph":[{"@type":"WebPage","@id":"https:\/\/www.mercuredubaihotel.com\/fr\/long-stay\/","url":"https:\/\/www.mercuredubaihotel.com\/fr\/long-stay\/","name":"LONGS S\u00c9JOURS - Mercure Dubai Barsha Heights -","isPartOf":{"@id":"https:\/\/www.mercuredubaihotel.com\/#website"},"datePublished":"2023-03-21T15:28:11+00:00","dateModified":"2025-10-15T05:49:44+00:00","description":"Des contrats de location flexibles \u00e0 long terme, mensuels et annuels ont \u00e9t\u00e9 mis en place en vue de r\u00e9pondre aux besoins de chaque client, tandis que l'\u00e9quipe de l'h\u00f4tel se tient \u00e0 votre disposition 24 heures sur 24 pour rendre votre s\u00e9jour \u00e0 Duba\u00ef plus agr\u00e9able et plus confortable. Les appartements de l'h\u00f4tel, enti\u00e8rement meubl\u00e9s et \u00e9quip\u00e9s, sont dot\u00e9s de grandes fen\u00eatres donnant une vue imprenable sur la ligne d'horizon de Duba\u00ef","breadcrumb":{"@id":"https:\/\/www.mercuredubaihotel.com\/fr\/long-stay\/#breadcrumb"},"inLanguage":"fr-FR","potentialAction":[{"@type":"ReadAction","target":["https:\/\/www.mercuredubaihotel.com\/fr\/long-stay\/"]}]},{"@type":"BreadcrumbList","@id":"https:\/\/www.mercuredubaihotel.com\/fr\/long-stay\/#breadcrumb","itemListElement":[{"@type":"ListItem","position":1,"name":"Home","item":"https:\/\/www.mercuredubaihotel.com\/fr\/"},{"@type":"ListItem","position":2,"name":"LONGS S\u00c9JOURS"}]},{"@type":"WebSite","@id":"https:\/\/www.mercuredubaihotel.com\/#website","url":"https:\/\/www.mercuredubaihotel.com\/","name":"Mercure Dubai Barsha Heights","description":"","potentialAction":[{"@type":"SearchAction","target":{"@type":"EntryPoint","urlTemplate":"https:\/\/www.mercuredubaihotel.com\/?s={search_term_string}"},"query-input":{"@type":"PropertyValueSpecification","valueRequired":true,"valueName":"search_term_string"}}],"inLanguage":"fr-FR"}]}},"_links":{"self":[{"href":"https:\/\/www.mercuredubaihotel.com\/fr\/wp-json\/wp\/v2\/pages\/1444","targetHints":{"allow":["GET"]}}],"collection":[{"href":"https:\/\/www.mercuredubaihotel.com\/fr\/wp-json\/wp\/v2\/pages"}],"about":[{"href":"https:\/\/www.mercuredubaihotel.com\/fr\/wp-json\/wp\/v2\/types\/page"}],"author":[{"embeddable":true,"href":"https:\/\/www.mercuredubaihotel.com\/fr\/wp-json\/wp\/v2\/users\/3"}],"replies":[{"embeddable":true,"href":"https:\/\/www.mercuredubaihotel.com\/fr\/wp-json\/wp\/v2\/comments?post=1444"}],"version-history":[{"count":0,"href":"https:\/\/www.mercuredubaihotel.com\/fr\/wp-json\/wp\/v2\/pages\/1444\/revisions"}],"wp:attachment":[{"href":"https:\/\/www.mercuredubaihotel.com\/fr\/wp-json\/wp\/v2\/media?parent=1444"}],"wp:term":[{"taxonomy":"category","embeddable":true,"href":"https:\/\/www.mercuredubaihotel.com\/fr\/wp-json\/wp\/v2\/categories?post=1444"}],"curies":[{"name":"wp","href":"https:\/\/api.w.org\/{rel}","templated":true}]}}