{"id":1442,"date":"2023-02-27T13:40:59","date_gmt":"2023-02-27T13:40:59","guid":{"rendered":"https:\/\/www.mercuredubaihotel.com\/meet\/meetings-events-offer\/"},"modified":"2026-01-02T07:49:32","modified_gmt":"2026-01-02T07:49:32","slug":"meetings-events-offer","status":"publish","type":"page","link":"https:\/\/www.mercuredubaihotel.com\/fr\/meet\/meetings-events-offer\/","title":{"rendered":"OFFRE DE R\u00c9UNIONS ET D&rsquo;\u00c9V\u00c9NEMENTS"},"content":{"rendered":"<h2 style=\"text-align: center\">D\u00e9couvrez nos offres r\u00e9unions et \u00e9v\u00e9nements tout compris \u00e0 partir de 80 AED par personne*<\/h2>\n<p style=\"text-align: center\">Pour les f\u00eates, nos salles spacieuses peuvent \u00eatre transform\u00e9es en d\u00e9cors de r\u00eave pour votre \u00e9v\u00e9nement sp\u00e9cial \u00e0 Duba\u00ef.<\/p>\n<p style=\"text-align: center\">Vous pourrez y organiser une r\u00e9union d&rsquo;affaires, un cocktail ou un banquet convivial dans un cadre exceptionnel, offrant une vue imprenable sur l&rsquo;art\u00e8re principale de la ville, la rue Sheikh Zayed. Venez partager avec notre \u00e9quipe d\u00e9vou\u00e9e de sp\u00e9cialistes de l&rsquo;\u00e9v\u00e9nementiel votre vision et laissez-les vous d\u00e9charger du fardeau de l&rsquo;organisation de votre r\u00e9union. Chaque service \u00e9tant adapt\u00e9 \u00e0 vos moindres d\u00e9sirs, ils vous garantissent des \u00e9v\u00e9nements sans faille pour un maximum de 100 personnes*.<\/p>\n<p>&nbsp;<\/p>\n<h5 style=\"text-align: center\">Choisissez parmi une vari\u00e9t\u00e9 de forfaits adapt\u00e9s \u00e0 vos besoins :<\/h5>\n<h6 style=\"text-align: center\">Forfait Pause Caf\u00e9 :<\/h6>\n<p style=\"text-align: center\">Personnalisez votre \u00e9v\u00e9nement avec une, deux ou trois pauses caf\u00e9.<\/p>\n<p style=\"text-align: center\">Restez rafra\u00eechi avec du caf\u00e9 fra\u00eechement moulu, des th\u00e9s aromatis\u00e9s et de d\u00e9licieuses p\u00e2tisseries.<\/p>\n<h6 style=\"text-align: center\">Pause caf\u00e9 et d\u00e9jeuner :<\/h6>\n<p style=\"text-align: center\">Dynamisez-vous avec des pauses caf\u00e9, puis savourez un d\u00e9jeuner sp\u00e9cialement concoct\u00e9 par notre Chef,<\/p>\n<p style=\"text-align: center\">Inclus eau\/boissons gazeuses.<\/p>\n<p>&nbsp;<\/p>\n<p style=\"text-align: left\"><strong>R\u00e9servez vos r\u00e9unions au Mercure Hotel Dubai Barsha Heights et profitez-en :<\/strong><\/p>\n<ul>\n<li>Planificateur de r\u00e9union sp\u00e9cialis\u00e9 assure l&rsquo;organisation de l&rsquo;\u00e9v\u00e9nement.<\/li>\n<li>Location d&rsquo;une salle de r\u00e9union dot\u00e9e de mat\u00e9riel audiovisuel ultramoderne.<\/li>\n<li>\u00c9cran LCD et projecteur int\u00e9gr\u00e9s et 1 microphone \u00e0 main sans fil<\/li>\n<li>Acc\u00e8s Internet Wi-Fi \u00e0 haut d\u00e9bit partag\u00e9<\/li>\n<li>Syst\u00e8me d&rsquo;\u00e9clairage exclusif<\/li>\n<li>Une bouteille d&rsquo;eau plate par d\u00e9l\u00e9gu\u00e9 pour la dur\u00e9e de la r\u00e9union<\/li>\n<li>Des menthes et des articles de papeterie (stylos et bloc-notes) par d\u00e9l\u00e9gu\u00e9<\/li>\n<li>Une bo\u00eete de mouchoirs et un d\u00e9sinfectant pour les mains pos\u00e9s sur chaque table<\/li>\n<li>Une signalisation de la r\u00e9union incluant le logo de l&rsquo;entreprise pour orienter les invit\u00e9s<\/li>\n<li>Un service de voiturier gratuit<\/li>\n<\/ul>\n<p>&nbsp;<\/p>\n<p><strong>\ud83d\udcde Contactez-nous d\u00e8s maintenant pour r\u00e9server votre \u00e9v\u00e9nement ou votre r\u00e9union. Notre \u00e9quipe est pr\u00eate \u00e0 vous aider dans les moindres d\u00e9tails, vous garantissant une exp\u00e9rience fluide et inoubliable.<\/strong><\/p>\n<p>Appeler : +971 58 127 5960<\/p>\n<p>E-mail : <a href=\"mailto:Myra.TOLENTINO@accor.com\">Myra.TOLENTINO@accor.com<\/a><\/p>\n<p>*Prix sujets \u00e0 changement en fonction des besoins en repas et de la disponibilit\u00e9. Contactez-nous pour un devis personnalis\u00e9.<\/p>\n","protected":false},"excerpt":{"rendered":"<p>D\u00e9couvrez nos offres r\u00e9unions et \u00e9v\u00e9nements tout compris \u00e0 partir de 80 AED par personne* Pour les f\u00eates, nos salles spacieuses peuvent \u00eatre transform\u00e9es en d\u00e9cors de r\u00eave pour votre \u00e9v\u00e9nement sp\u00e9cial \u00e0 Duba\u00ef. Vous pourrez y organiser une r\u00e9union d&rsquo;affaires, un cocktail ou un banquet convivial dans un cadre exceptionnel, offrant une vue imprenable [&hellip;]<\/p>\n","protected":false},"author":3,"featured_media":0,"parent":1441,"menu_order":5,"comment_status":"closed","ping_status":"closed","template":"template-meetings-events-offer.php","meta":{"footnotes":""},"categories":[],"class_list":["post-1442","page","type-page","status-publish","hentry"],"acf":[],"yoast_head":"<!-- This site is optimized with the Yoast SEO plugin v26.9 - https:\/\/yoast.com\/product\/yoast-seo-wordpress\/ -->\n<title>OFFRE DE R\u00c9UNIONS ET D&#039;\u00c9V\u00c9NEMENTS - Mercure Dubai Barsha Heights -<\/title>\n<meta name=\"description\" content=\"D\u00e9couvrez nos offres r\u00e9unions et \u00e9v\u00e9nements tout compris \u00e0 partir de 80 AED par personne* Pour les f\u00eates, nos salles spacieuses peuvent \u00eatre transform\u00e9es en d\u00e9cors de r\u00eave pour votre \u00e9v\u00e9nement sp\u00e9cial \u00e0 Duba\u00ef. Vous pourrez y organiser une r\u00e9union d&#039;affaires, un cocktail ou un banquet convivial dans un cadre exceptionnel, offrant une vue imprenable sur l&#039;art\u00e8re principale de la ville, la rue Sheikh Zayed. Venez partager avec notre \u00e9quipe d\u00e9vou\u00e9e de sp\u00e9cialistes de l&#039;\u00e9v\u00e9nementiel votre vision et laissez-les vous d\u00e9charger du fardeau de l&#039;organisation de votre r\u00e9union\" \/>\n<meta name=\"robots\" content=\"index, follow, max-snippet:-1, max-image-preview:large, max-video-preview:-1\" \/>\n<link rel=\"canonical\" href=\"https:\/\/www.mercuredubaihotel.com\/fr\/meet\/meetings-events-offer\/\" \/>\n<meta property=\"og:locale\" content=\"fr_FR\" \/>\n<meta property=\"og:type\" content=\"article\" \/>\n<meta property=\"og:title\" content=\"OFFRE DE R\u00c9UNIONS ET D&#039;\u00c9V\u00c9NEMENTS - Mercure Dubai Barsha Heights -\" \/>\n<meta property=\"og:description\" content=\"D\u00e9couvrez nos offres r\u00e9unions et \u00e9v\u00e9nements tout compris \u00e0 partir de 80 AED par personne* Pour les f\u00eates, nos salles spacieuses peuvent \u00eatre transform\u00e9es en d\u00e9cors de r\u00eave pour votre \u00e9v\u00e9nement sp\u00e9cial \u00e0 Duba\u00ef. Vous pourrez y organiser une r\u00e9union d&#039;affaires, un cocktail ou un banquet convivial dans un cadre exceptionnel, offrant une vue imprenable sur l&#039;art\u00e8re principale de la ville, la rue Sheikh Zayed. Venez partager avec notre \u00e9quipe d\u00e9vou\u00e9e de sp\u00e9cialistes de l&#039;\u00e9v\u00e9nementiel votre vision et laissez-les vous d\u00e9charger du fardeau de l&#039;organisation de votre r\u00e9union\" \/>\n<meta property=\"og:url\" content=\"https:\/\/www.mercuredubaihotel.com\/fr\/meet\/meetings-events-offer\/\" \/>\n<meta property=\"og:site_name\" content=\"Mercure Dubai Barsha Heights\" \/>\n<meta property=\"article:modified_time\" content=\"2026-01-02T07:49:32+00:00\" \/>\n<meta property=\"og:image\" content=\"https:\/\/www.mercuredubaihotel.com\/wp-content\/uploads\/sites\/37\/2023\/02\/Mercure_dubai_barsha_heights_home_slide02.jpg\" \/>\n\t<meta property=\"og:image:width\" content=\"2200\" \/>\n\t<meta property=\"og:image:height\" content=\"1200\" \/>\n\t<meta property=\"og:image:type\" content=\"image\/jpeg\" \/>\n<meta name=\"twitter:card\" content=\"summary_large_image\" \/>\n<meta name=\"twitter:label1\" content=\"Dur\u00e9e de lecture est.\" \/>\n\t<meta name=\"twitter:data1\" content=\"2 minutes\" \/>\n<script type=\"application\/ld+json\" class=\"yoast-schema-graph\">{\"@context\":\"https:\/\/schema.org\",\"@graph\":[{\"@type\":\"WebPage\",\"@id\":\"https:\/\/www.mercuredubaihotel.com\/fr\/meet\/meetings-events-offer\/\",\"url\":\"https:\/\/www.mercuredubaihotel.com\/fr\/meet\/meetings-events-offer\/\",\"name\":\"OFFRE DE R\u00c9UNIONS ET D'\u00c9V\u00c9NEMENTS - Mercure Dubai Barsha Heights -\",\"isPartOf\":{\"@id\":\"https:\/\/www.mercuredubaihotel.com\/#website\"},\"datePublished\":\"2023-02-27T13:40:59+00:00\",\"dateModified\":\"2026-01-02T07:49:32+00:00\",\"description\":\"D\u00e9couvrez nos offres r\u00e9unions et \u00e9v\u00e9nements tout compris \u00e0 partir de 80 AED par personne* Pour les f\u00eates, nos salles spacieuses peuvent \u00eatre transform\u00e9es en d\u00e9cors de r\u00eave pour votre \u00e9v\u00e9nement sp\u00e9cial \u00e0 Duba\u00ef. Vous pourrez y organiser une r\u00e9union d'affaires, un cocktail ou un banquet convivial dans un cadre exceptionnel, offrant une vue imprenable sur l'art\u00e8re principale de la ville, la rue Sheikh Zayed. Venez partager avec notre \u00e9quipe d\u00e9vou\u00e9e de sp\u00e9cialistes de l'\u00e9v\u00e9nementiel votre vision et laissez-les vous d\u00e9charger du fardeau de l'organisation de votre r\u00e9union\",\"breadcrumb\":{\"@id\":\"https:\/\/www.mercuredubaihotel.com\/fr\/meet\/meetings-events-offer\/#breadcrumb\"},\"inLanguage\":\"fr-FR\",\"potentialAction\":[{\"@type\":\"ReadAction\",\"target\":[\"https:\/\/www.mercuredubaihotel.com\/fr\/meet\/meetings-events-offer\/\"]}]},{\"@type\":\"BreadcrumbList\",\"@id\":\"https:\/\/www.mercuredubaihotel.com\/fr\/meet\/meetings-events-offer\/#breadcrumb\",\"itemListElement\":[{\"@type\":\"ListItem\",\"position\":1,\"name\":\"Home\",\"item\":\"https:\/\/www.mercuredubaihotel.com\/fr\/\"},{\"@type\":\"ListItem\",\"position\":2,\"name\":\"Rencontrer\",\"item\":\"https:\/\/www.mercuredubaihotel.com\/fr\/meet\/\"},{\"@type\":\"ListItem\",\"position\":3,\"name\":\"OFFRE DE R\u00c9UNIONS ET D&#8217;\u00c9V\u00c9NEMENTS\"}]},{\"@type\":\"WebSite\",\"@id\":\"https:\/\/www.mercuredubaihotel.com\/#website\",\"url\":\"https:\/\/www.mercuredubaihotel.com\/\",\"name\":\"Mercure Dubai Barsha Heights\",\"description\":\"\",\"potentialAction\":[{\"@type\":\"SearchAction\",\"target\":{\"@type\":\"EntryPoint\",\"urlTemplate\":\"https:\/\/www.mercuredubaihotel.com\/?s={search_term_string}\"},\"query-input\":{\"@type\":\"PropertyValueSpecification\",\"valueRequired\":true,\"valueName\":\"search_term_string\"}}],\"inLanguage\":\"fr-FR\"}]}<\/script>\n<!-- \/ Yoast SEO plugin. -->","yoast_head_json":{"title":"OFFRE DE R\u00c9UNIONS ET D'\u00c9V\u00c9NEMENTS - Mercure Dubai Barsha Heights -","description":"D\u00e9couvrez nos offres r\u00e9unions et \u00e9v\u00e9nements tout compris \u00e0 partir de 80 AED par personne* Pour les f\u00eates, nos salles spacieuses peuvent \u00eatre transform\u00e9es en d\u00e9cors de r\u00eave pour votre \u00e9v\u00e9nement sp\u00e9cial \u00e0 Duba\u00ef. Vous pourrez y organiser une r\u00e9union d'affaires, un cocktail ou un banquet convivial dans un cadre exceptionnel, offrant une vue imprenable sur l'art\u00e8re principale de la ville, la rue Sheikh Zayed. Venez partager avec notre \u00e9quipe d\u00e9vou\u00e9e de sp\u00e9cialistes de l'\u00e9v\u00e9nementiel votre vision et laissez-les vous d\u00e9charger du fardeau de l'organisation de votre r\u00e9union","robots":{"index":"index","follow":"follow","max-snippet":"max-snippet:-1","max-image-preview":"max-image-preview:large","max-video-preview":"max-video-preview:-1"},"canonical":"https:\/\/www.mercuredubaihotel.com\/fr\/meet\/meetings-events-offer\/","og_locale":"fr_FR","og_type":"article","og_title":"OFFRE DE R\u00c9UNIONS ET D'\u00c9V\u00c9NEMENTS - Mercure Dubai Barsha Heights -","og_description":"D\u00e9couvrez nos offres r\u00e9unions et \u00e9v\u00e9nements tout compris \u00e0 partir de 80 AED par personne* Pour les f\u00eates, nos salles spacieuses peuvent \u00eatre transform\u00e9es en d\u00e9cors de r\u00eave pour votre \u00e9v\u00e9nement sp\u00e9cial \u00e0 Duba\u00ef. Vous pourrez y organiser une r\u00e9union d'affaires, un cocktail ou un banquet convivial dans un cadre exceptionnel, offrant une vue imprenable sur l'art\u00e8re principale de la ville, la rue Sheikh Zayed. Venez partager avec notre \u00e9quipe d\u00e9vou\u00e9e de sp\u00e9cialistes de l'\u00e9v\u00e9nementiel votre vision et laissez-les vous d\u00e9charger du fardeau de l'organisation de votre r\u00e9union","og_url":"https:\/\/www.mercuredubaihotel.com\/fr\/meet\/meetings-events-offer\/","og_site_name":"Mercure Dubai Barsha Heights","article_modified_time":"2026-01-02T07:49:32+00:00","og_image":[{"width":2200,"height":1200,"url":"https:\/\/www.mercuredubaihotel.com\/wp-content\/uploads\/sites\/37\/2023\/02\/Mercure_dubai_barsha_heights_home_slide02.jpg","type":"image\/jpeg"}],"twitter_card":"summary_large_image","twitter_misc":{"Dur\u00e9e de lecture est.":"2 minutes"},"schema":{"@context":"https:\/\/schema.org","@graph":[{"@type":"WebPage","@id":"https:\/\/www.mercuredubaihotel.com\/fr\/meet\/meetings-events-offer\/","url":"https:\/\/www.mercuredubaihotel.com\/fr\/meet\/meetings-events-offer\/","name":"OFFRE DE R\u00c9UNIONS ET D'\u00c9V\u00c9NEMENTS - Mercure Dubai Barsha Heights -","isPartOf":{"@id":"https:\/\/www.mercuredubaihotel.com\/#website"},"datePublished":"2023-02-27T13:40:59+00:00","dateModified":"2026-01-02T07:49:32+00:00","description":"D\u00e9couvrez nos offres r\u00e9unions et \u00e9v\u00e9nements tout compris \u00e0 partir de 80 AED par personne* Pour les f\u00eates, nos salles spacieuses peuvent \u00eatre transform\u00e9es en d\u00e9cors de r\u00eave pour votre \u00e9v\u00e9nement sp\u00e9cial \u00e0 Duba\u00ef. Vous pourrez y organiser une r\u00e9union d'affaires, un cocktail ou un banquet convivial dans un cadre exceptionnel, offrant une vue imprenable sur l'art\u00e8re principale de la ville, la rue Sheikh Zayed. Venez partager avec notre \u00e9quipe d\u00e9vou\u00e9e de sp\u00e9cialistes de l'\u00e9v\u00e9nementiel votre vision et laissez-les vous d\u00e9charger du fardeau de l'organisation de votre r\u00e9union","breadcrumb":{"@id":"https:\/\/www.mercuredubaihotel.com\/fr\/meet\/meetings-events-offer\/#breadcrumb"},"inLanguage":"fr-FR","potentialAction":[{"@type":"ReadAction","target":["https:\/\/www.mercuredubaihotel.com\/fr\/meet\/meetings-events-offer\/"]}]},{"@type":"BreadcrumbList","@id":"https:\/\/www.mercuredubaihotel.com\/fr\/meet\/meetings-events-offer\/#breadcrumb","itemListElement":[{"@type":"ListItem","position":1,"name":"Home","item":"https:\/\/www.mercuredubaihotel.com\/fr\/"},{"@type":"ListItem","position":2,"name":"Rencontrer","item":"https:\/\/www.mercuredubaihotel.com\/fr\/meet\/"},{"@type":"ListItem","position":3,"name":"OFFRE DE R\u00c9UNIONS ET D&#8217;\u00c9V\u00c9NEMENTS"}]},{"@type":"WebSite","@id":"https:\/\/www.mercuredubaihotel.com\/#website","url":"https:\/\/www.mercuredubaihotel.com\/","name":"Mercure Dubai Barsha Heights","description":"","potentialAction":[{"@type":"SearchAction","target":{"@type":"EntryPoint","urlTemplate":"https:\/\/www.mercuredubaihotel.com\/?s={search_term_string}"},"query-input":{"@type":"PropertyValueSpecification","valueRequired":true,"valueName":"search_term_string"}}],"inLanguage":"fr-FR"}]}},"_links":{"self":[{"href":"https:\/\/www.mercuredubaihotel.com\/fr\/wp-json\/wp\/v2\/pages\/1442","targetHints":{"allow":["GET"]}}],"collection":[{"href":"https:\/\/www.mercuredubaihotel.com\/fr\/wp-json\/wp\/v2\/pages"}],"about":[{"href":"https:\/\/www.mercuredubaihotel.com\/fr\/wp-json\/wp\/v2\/types\/page"}],"author":[{"embeddable":true,"href":"https:\/\/www.mercuredubaihotel.com\/fr\/wp-json\/wp\/v2\/users\/3"}],"replies":[{"embeddable":true,"href":"https:\/\/www.mercuredubaihotel.com\/fr\/wp-json\/wp\/v2\/comments?post=1442"}],"version-history":[{"count":0,"href":"https:\/\/www.mercuredubaihotel.com\/fr\/wp-json\/wp\/v2\/pages\/1442\/revisions"}],"up":[{"embeddable":true,"href":"https:\/\/www.mercuredubaihotel.com\/fr\/wp-json\/wp\/v2\/pages\/1441"}],"wp:attachment":[{"href":"https:\/\/www.mercuredubaihotel.com\/fr\/wp-json\/wp\/v2\/media?parent=1442"}],"wp:term":[{"taxonomy":"category","embeddable":true,"href":"https:\/\/www.mercuredubaihotel.com\/fr\/wp-json\/wp\/v2\/categories?post=1442"}],"curies":[{"name":"wp","href":"https:\/\/api.w.org\/{rel}","templated":true}]}}