{"id":1440,"date":"2023-03-13T16:01:28","date_gmt":"2023-03-13T16:01:28","guid":{"rendered":"https:\/\/www.mercuredubaihotel.com\/recreation\/lavana-spa\/"},"modified":"2025-09-04T06:03:07","modified_gmt":"2025-09-04T06:03:07","slug":"viora-spa","status":"publish","type":"page","link":"https:\/\/www.mercuredubaihotel.com\/fr\/viora-spa\/","title":{"rendered":"Spa Viora"},"content":{"rendered":"<p data-start=\"115\" data-end=\"486\">Le Spa Viora est un v\u00e9ritable sanctuaire de d\u00e9tente et de revitalisation, offrant une large gamme de soins et de services con\u00e7us pour vous aider \u00e0 vous relaxer et \u00e0 retrouver votre \u00e9nergie. Notre \u00e9quipe de th\u00e9rapeutes exp\u00e9riment\u00e9s s\u2019engage \u00e0 vous offrir une attention personnalis\u00e9e, garantissant que chaque visite au Spa Viora soit une exp\u00e9rience unique et inoubliable.<\/p>\n<p data-start=\"488\" data-end=\"887\">Nous proposons une vari\u00e9t\u00e9 de soins, incluant massages, soins du visage, enveloppements corporels et bien plus encore, tous con\u00e7us pour vous procurer une sensation de fra\u00eecheur et de renouveau. L\u2019atmosph\u00e8re paisible, la musique apaisante et l\u2019\u00e9clairage tamis\u00e9 vous transporteront dans un univers de s\u00e9r\u00e9nit\u00e9, o\u00f9 vous pourrez laisser vos soucis derri\u00e8re vous et vous concentrer sur votre bien-\u00eatre.<\/p>\n<p data-start=\"889\" data-end=\"1079\">Que vous recherchiez une journ\u00e9e spa entre amis ou simplement un havre de paix loin du stress quotidien, le Spa Viora a tout ce qu\u2019il vous faut pour vous sentir au meilleur de votre forme.<\/p>\n","protected":false},"excerpt":{"rendered":"<p>Le Spa Viora est un v\u00e9ritable sanctuaire de d\u00e9tente et de revitalisation, offrant une large gamme de soins et de services con\u00e7us pour vous aider \u00e0 vous relaxer et \u00e0 retrouver votre \u00e9nergie. Notre \u00e9quipe de th\u00e9rapeutes exp\u00e9riment\u00e9s s\u2019engage \u00e0 vous offrir une attention personnalis\u00e9e, garantissant que chaque visite au Spa Viora soit une exp\u00e9rience [&hellip;]<\/p>\n","protected":false},"author":3,"featured_media":0,"parent":0,"menu_order":30,"comment_status":"closed","ping_status":"closed","template":"template-single-spa.php","meta":{"footnotes":""},"categories":[],"class_list":["post-1440","page","type-page","status-publish","hentry"],"acf":[],"yoast_head":"<!-- This site is optimized with the Yoast SEO plugin v26.9 - https:\/\/yoast.com\/product\/yoast-seo-wordpress\/ -->\n<title>Spa Viora - Mercure Dubai Barsha Heights -<\/title>\n<meta name=\"description\" content=\"Le Spa Viora est un v\u00e9ritable sanctuaire de d\u00e9tente et de revitalisation, offrant une large gamme de soins et de services con\u00e7us pour vous aider \u00e0 vous relaxer et \u00e0 retrouver votre \u00e9nergie. Notre \u00e9quipe de th\u00e9rapeutes exp\u00e9riment\u00e9s s\u2019engage \u00e0 vous offrir une attention personnalis\u00e9e, garantissant que chaque visite au Spa Viora soit une exp\u00e9rience unique et inoubliable. Nous proposons une vari\u00e9t\u00e9 de soins, incluant massages, soins du visage, enveloppements corporels et bien plus encore, tous con\u00e7us pour vous procurer une sensation de fra\u00eecheur et de renouveau\" \/>\n<meta name=\"robots\" content=\"index, follow, max-snippet:-1, max-image-preview:large, max-video-preview:-1\" \/>\n<link rel=\"canonical\" href=\"https:\/\/www.mercuredubaihotel.com\/fr\/viora-spa\/\" \/>\n<meta property=\"og:locale\" content=\"fr_FR\" \/>\n<meta property=\"og:type\" content=\"article\" \/>\n<meta property=\"og:title\" content=\"Spa Viora - Mercure Dubai Barsha Heights -\" \/>\n<meta property=\"og:description\" content=\"Le Spa Viora est un v\u00e9ritable sanctuaire de d\u00e9tente et de revitalisation, offrant une large gamme de soins et de services con\u00e7us pour vous aider \u00e0 vous relaxer et \u00e0 retrouver votre \u00e9nergie. Notre \u00e9quipe de th\u00e9rapeutes exp\u00e9riment\u00e9s s\u2019engage \u00e0 vous offrir une attention personnalis\u00e9e, garantissant que chaque visite au Spa Viora soit une exp\u00e9rience unique et inoubliable. Nous proposons une vari\u00e9t\u00e9 de soins, incluant massages, soins du visage, enveloppements corporels et bien plus encore, tous con\u00e7us pour vous procurer une sensation de fra\u00eecheur et de renouveau\" \/>\n<meta property=\"og:url\" content=\"https:\/\/www.mercuredubaihotel.com\/fr\/viora-spa\/\" \/>\n<meta property=\"og:site_name\" content=\"Mercure Dubai Barsha Heights\" \/>\n<meta property=\"article:modified_time\" content=\"2025-09-04T06:03:07+00:00\" \/>\n<meta property=\"og:image\" content=\"https:\/\/www.mercuredubaihotel.com\/wp-content\/uploads\/sites\/37\/2023\/02\/Mercure_dubai_barsha_heights_home_slide02.jpg\" \/>\n\t<meta property=\"og:image:width\" content=\"2200\" \/>\n\t<meta property=\"og:image:height\" content=\"1200\" \/>\n\t<meta property=\"og:image:type\" content=\"image\/jpeg\" \/>\n<meta name=\"twitter:card\" content=\"summary_large_image\" \/>\n<meta name=\"twitter:label1\" content=\"Dur\u00e9e de lecture est.\" \/>\n\t<meta name=\"twitter:data1\" content=\"1 minute\" \/>\n<script type=\"application\/ld+json\" class=\"yoast-schema-graph\">{\"@context\":\"https:\/\/schema.org\",\"@graph\":[{\"@type\":\"WebPage\",\"@id\":\"https:\/\/www.mercuredubaihotel.com\/fr\/viora-spa\/\",\"url\":\"https:\/\/www.mercuredubaihotel.com\/fr\/viora-spa\/\",\"name\":\"Spa Viora - Mercure Dubai Barsha Heights -\",\"isPartOf\":{\"@id\":\"https:\/\/www.mercuredubaihotel.com\/#website\"},\"datePublished\":\"2023-03-13T16:01:28+00:00\",\"dateModified\":\"2025-09-04T06:03:07+00:00\",\"description\":\"Le Spa Viora est un v\u00e9ritable sanctuaire de d\u00e9tente et de revitalisation, offrant une large gamme de soins et de services con\u00e7us pour vous aider \u00e0 vous relaxer et \u00e0 retrouver votre \u00e9nergie. Notre \u00e9quipe de th\u00e9rapeutes exp\u00e9riment\u00e9s s\u2019engage \u00e0 vous offrir une attention personnalis\u00e9e, garantissant que chaque visite au Spa Viora soit une exp\u00e9rience unique et inoubliable. Nous proposons une vari\u00e9t\u00e9 de soins, incluant massages, soins du visage, enveloppements corporels et bien plus encore, tous con\u00e7us pour vous procurer une sensation de fra\u00eecheur et de renouveau\",\"breadcrumb\":{\"@id\":\"https:\/\/www.mercuredubaihotel.com\/fr\/viora-spa\/#breadcrumb\"},\"inLanguage\":\"fr-FR\",\"potentialAction\":[{\"@type\":\"ReadAction\",\"target\":[\"https:\/\/www.mercuredubaihotel.com\/fr\/viora-spa\/\"]}]},{\"@type\":\"BreadcrumbList\",\"@id\":\"https:\/\/www.mercuredubaihotel.com\/fr\/viora-spa\/#breadcrumb\",\"itemListElement\":[{\"@type\":\"ListItem\",\"position\":1,\"name\":\"Home\",\"item\":\"https:\/\/www.mercuredubaihotel.com\/fr\/\"},{\"@type\":\"ListItem\",\"position\":2,\"name\":\"Spa Viora\"}]},{\"@type\":\"WebSite\",\"@id\":\"https:\/\/www.mercuredubaihotel.com\/#website\",\"url\":\"https:\/\/www.mercuredubaihotel.com\/\",\"name\":\"Mercure Dubai Barsha Heights\",\"description\":\"\",\"potentialAction\":[{\"@type\":\"SearchAction\",\"target\":{\"@type\":\"EntryPoint\",\"urlTemplate\":\"https:\/\/www.mercuredubaihotel.com\/?s={search_term_string}\"},\"query-input\":{\"@type\":\"PropertyValueSpecification\",\"valueRequired\":true,\"valueName\":\"search_term_string\"}}],\"inLanguage\":\"fr-FR\"}]}<\/script>\n<!-- \/ Yoast SEO plugin. -->","yoast_head_json":{"title":"Spa Viora - Mercure Dubai Barsha Heights -","description":"Le Spa Viora est un v\u00e9ritable sanctuaire de d\u00e9tente et de revitalisation, offrant une large gamme de soins et de services con\u00e7us pour vous aider \u00e0 vous relaxer et \u00e0 retrouver votre \u00e9nergie. Notre \u00e9quipe de th\u00e9rapeutes exp\u00e9riment\u00e9s s\u2019engage \u00e0 vous offrir une attention personnalis\u00e9e, garantissant que chaque visite au Spa Viora soit une exp\u00e9rience unique et inoubliable. Nous proposons une vari\u00e9t\u00e9 de soins, incluant massages, soins du visage, enveloppements corporels et bien plus encore, tous con\u00e7us pour vous procurer une sensation de fra\u00eecheur et de renouveau","robots":{"index":"index","follow":"follow","max-snippet":"max-snippet:-1","max-image-preview":"max-image-preview:large","max-video-preview":"max-video-preview:-1"},"canonical":"https:\/\/www.mercuredubaihotel.com\/fr\/viora-spa\/","og_locale":"fr_FR","og_type":"article","og_title":"Spa Viora - Mercure Dubai Barsha Heights -","og_description":"Le Spa Viora est un v\u00e9ritable sanctuaire de d\u00e9tente et de revitalisation, offrant une large gamme de soins et de services con\u00e7us pour vous aider \u00e0 vous relaxer et \u00e0 retrouver votre \u00e9nergie. Notre \u00e9quipe de th\u00e9rapeutes exp\u00e9riment\u00e9s s\u2019engage \u00e0 vous offrir une attention personnalis\u00e9e, garantissant que chaque visite au Spa Viora soit une exp\u00e9rience unique et inoubliable. Nous proposons une vari\u00e9t\u00e9 de soins, incluant massages, soins du visage, enveloppements corporels et bien plus encore, tous con\u00e7us pour vous procurer une sensation de fra\u00eecheur et de renouveau","og_url":"https:\/\/www.mercuredubaihotel.com\/fr\/viora-spa\/","og_site_name":"Mercure Dubai Barsha Heights","article_modified_time":"2025-09-04T06:03:07+00:00","og_image":[{"width":2200,"height":1200,"url":"https:\/\/www.mercuredubaihotel.com\/wp-content\/uploads\/sites\/37\/2023\/02\/Mercure_dubai_barsha_heights_home_slide02.jpg","type":"image\/jpeg"}],"twitter_card":"summary_large_image","twitter_misc":{"Dur\u00e9e de lecture est.":"1 minute"},"schema":{"@context":"https:\/\/schema.org","@graph":[{"@type":"WebPage","@id":"https:\/\/www.mercuredubaihotel.com\/fr\/viora-spa\/","url":"https:\/\/www.mercuredubaihotel.com\/fr\/viora-spa\/","name":"Spa Viora - Mercure Dubai Barsha Heights -","isPartOf":{"@id":"https:\/\/www.mercuredubaihotel.com\/#website"},"datePublished":"2023-03-13T16:01:28+00:00","dateModified":"2025-09-04T06:03:07+00:00","description":"Le Spa Viora est un v\u00e9ritable sanctuaire de d\u00e9tente et de revitalisation, offrant une large gamme de soins et de services con\u00e7us pour vous aider \u00e0 vous relaxer et \u00e0 retrouver votre \u00e9nergie. Notre \u00e9quipe de th\u00e9rapeutes exp\u00e9riment\u00e9s s\u2019engage \u00e0 vous offrir une attention personnalis\u00e9e, garantissant que chaque visite au Spa Viora soit une exp\u00e9rience unique et inoubliable. Nous proposons une vari\u00e9t\u00e9 de soins, incluant massages, soins du visage, enveloppements corporels et bien plus encore, tous con\u00e7us pour vous procurer une sensation de fra\u00eecheur et de renouveau","breadcrumb":{"@id":"https:\/\/www.mercuredubaihotel.com\/fr\/viora-spa\/#breadcrumb"},"inLanguage":"fr-FR","potentialAction":[{"@type":"ReadAction","target":["https:\/\/www.mercuredubaihotel.com\/fr\/viora-spa\/"]}]},{"@type":"BreadcrumbList","@id":"https:\/\/www.mercuredubaihotel.com\/fr\/viora-spa\/#breadcrumb","itemListElement":[{"@type":"ListItem","position":1,"name":"Home","item":"https:\/\/www.mercuredubaihotel.com\/fr\/"},{"@type":"ListItem","position":2,"name":"Spa Viora"}]},{"@type":"WebSite","@id":"https:\/\/www.mercuredubaihotel.com\/#website","url":"https:\/\/www.mercuredubaihotel.com\/","name":"Mercure Dubai Barsha Heights","description":"","potentialAction":[{"@type":"SearchAction","target":{"@type":"EntryPoint","urlTemplate":"https:\/\/www.mercuredubaihotel.com\/?s={search_term_string}"},"query-input":{"@type":"PropertyValueSpecification","valueRequired":true,"valueName":"search_term_string"}}],"inLanguage":"fr-FR"}]}},"_links":{"self":[{"href":"https:\/\/www.mercuredubaihotel.com\/fr\/wp-json\/wp\/v2\/pages\/1440","targetHints":{"allow":["GET"]}}],"collection":[{"href":"https:\/\/www.mercuredubaihotel.com\/fr\/wp-json\/wp\/v2\/pages"}],"about":[{"href":"https:\/\/www.mercuredubaihotel.com\/fr\/wp-json\/wp\/v2\/types\/page"}],"author":[{"embeddable":true,"href":"https:\/\/www.mercuredubaihotel.com\/fr\/wp-json\/wp\/v2\/users\/3"}],"replies":[{"embeddable":true,"href":"https:\/\/www.mercuredubaihotel.com\/fr\/wp-json\/wp\/v2\/comments?post=1440"}],"version-history":[{"count":0,"href":"https:\/\/www.mercuredubaihotel.com\/fr\/wp-json\/wp\/v2\/pages\/1440\/revisions"}],"wp:attachment":[{"href":"https:\/\/www.mercuredubaihotel.com\/fr\/wp-json\/wp\/v2\/media?parent=1440"}],"wp:term":[{"taxonomy":"category","embeddable":true,"href":"https:\/\/www.mercuredubaihotel.com\/fr\/wp-json\/wp\/v2\/categories?post=1440"}],"curies":[{"name":"wp","href":"https:\/\/api.w.org\/{rel}","templated":true}]}}