{"id":1438,"date":"2023-02-24T16:14:17","date_gmt":"2023-02-24T16:14:17","guid":{"rendered":"https:\/\/www.mercuredubaihotel.com\/recreation\/squash-court\/"},"modified":"2025-08-29T08:32:29","modified_gmt":"2025-08-29T08:32:29","slug":"squash-court","status":"publish","type":"page","link":"https:\/\/www.mercuredubaihotel.com\/fr\/recreation\/squash-court\/","title":{"rendered":"Terrain de squash rebond"},"content":{"rendered":"<p>Pour \u00e9vacuer le stress, participez \u00e0 une partie de squash \u00e9nergisante sur le court couvert de l&rsquo;h\u00f4tel. Louez une raquette ou apportez la v\u00f4tre et si vous cherchez \u00e0 am\u00e9liorer vos comp\u00e9tences, que pensez-vous de r\u00e9server quelques s\u00e9ances avec un entra\u00eeneur sp\u00e9cialis\u00e9 que nous mettons \u00e0 votre disposition ?<\/p>\n<p><strong>Pour un entra\u00eenement individuel sans coach<\/strong><\/p>\n<table width=\"330\">\n<tbody>\n<tr>\n<td width=\"92\">En semaine<\/td>\n<td width=\"106\">65 AED par heure<\/td>\n<td width=\"132\">40 AED pour une demi-heure<\/td>\n<\/tr>\n<tr>\n<td>Week-end<\/td>\n<td>75 AED par heure<\/td>\n<td>45 AED pour une demi-heure<\/td>\n<\/tr>\n<tr>\n<td>Location de raquette<\/td>\n<td colspan=\"2\">40 AED par heure, par personne<\/td>\n<\/tr>\n<\/tbody>\n<\/table>\n<p><strong>Pour un entra\u00eenement individuel avec un coach<\/strong><\/p>\n<table width=\"198\">\n<tbody>\n<tr>\n<td width=\"92\">1 s\u00e9ance<\/td>\n<td width=\"106\">AED 140<\/td>\n<\/tr>\n<tr>\n<td>5 s\u00e9ances<\/td>\n<td>AED 620<\/td>\n<\/tr>\n<tr>\n<td width=\"92\">10 s\u00e9ances<\/td>\n<td>AED 1,020<\/td>\n<\/tr>\n<tr>\n<td width=\"92\">20 s\u00e9ances<\/td>\n<td>AED 2,000<\/td>\n<\/tr>\n<\/tbody>\n<\/table>\n<p><a href=\"https:\/\/www.mercuredubaihotel.com\/offers\/squash-it\/\">Cliquez ici pour voir toutes les offres d\u2019entra\u00eenement de squash<\/a><\/p>\n","protected":false},"excerpt":{"rendered":"<p>Pour \u00e9vacuer le stress, participez \u00e0 une partie de squash \u00e9nergisante sur le court couvert de l&rsquo;h\u00f4tel. Louez une raquette ou apportez la v\u00f4tre et si vous cherchez \u00e0 am\u00e9liorer vos comp\u00e9tences, que pensez-vous de r\u00e9server quelques s\u00e9ances avec un entra\u00eeneur sp\u00e9cialis\u00e9 que nous mettons \u00e0 votre disposition ? Pour un entra\u00eenement individuel sans coach [&hellip;]<\/p>\n","protected":false},"author":3,"featured_media":0,"parent":1432,"menu_order":15,"comment_status":"closed","ping_status":"closed","template":"template-single-spa.php","meta":{"footnotes":""},"categories":[],"class_list":["post-1438","page","type-page","status-publish","hentry"],"acf":[],"yoast_head":"<!-- This site is optimized with the Yoast SEO plugin v26.9 - https:\/\/yoast.com\/product\/yoast-seo-wordpress\/ -->\n<title>Terrain de squash rebond - Mercure Dubai Barsha Heights -<\/title>\n<meta name=\"description\" content=\"Pour \u00e9vacuer le stress, participez \u00e0 une partie de squash \u00e9nergisante sur le court couvert de l&#039;h\u00f4tel. Louez une raquette ou apportez la v\u00f4tre et si vous cherchez \u00e0 am\u00e9liorer vos comp\u00e9tences, que pensez-vous de r\u00e9server quelques s\u00e9ances avec un entra\u00eeneur sp\u00e9cialis\u00e9 que nous mettons \u00e0 votre disposition ?  Pour un entra\u00eenement individuel sans coach    En semaine 65 AED par heure 40 AED pour une demi-heure   Week-end 75 AED par heure 45 AED pour une demi-heure   Location de raquette 40 AED par heure, par personne    Pour un entra\u00eenement individuel avec un coach    1 s\u00e9ance AED 140   5 s\u00e9ances AED 620   10 s\u00e9ances AED 1,020   20 s\u00e9ances AED 2,000    Cliquez ici pour voir toutes les offres d\u2019entra\u00eenement de squash\" \/>\n<meta name=\"robots\" content=\"index, follow, max-snippet:-1, max-image-preview:large, max-video-preview:-1\" \/>\n<link rel=\"canonical\" href=\"https:\/\/www.mercuredubaihotel.com\/fr\/recreation\/squash-court\/\" \/>\n<meta property=\"og:locale\" content=\"fr_FR\" \/>\n<meta property=\"og:type\" content=\"article\" \/>\n<meta property=\"og:title\" content=\"Terrain de squash rebond - Mercure Dubai Barsha Heights -\" \/>\n<meta property=\"og:description\" content=\"Pour \u00e9vacuer le stress, participez \u00e0 une partie de squash \u00e9nergisante sur le court couvert de l&#039;h\u00f4tel. Louez une raquette ou apportez la v\u00f4tre et si vous cherchez \u00e0 am\u00e9liorer vos comp\u00e9tences, que pensez-vous de r\u00e9server quelques s\u00e9ances avec un entra\u00eeneur sp\u00e9cialis\u00e9 que nous mettons \u00e0 votre disposition ?  Pour un entra\u00eenement individuel sans coach    En semaine 65 AED par heure 40 AED pour une demi-heure   Week-end 75 AED par heure 45 AED pour une demi-heure   Location de raquette 40 AED par heure, par personne    Pour un entra\u00eenement individuel avec un coach    1 s\u00e9ance AED 140   5 s\u00e9ances AED 620   10 s\u00e9ances AED 1,020   20 s\u00e9ances AED 2,000    Cliquez ici pour voir toutes les offres d\u2019entra\u00eenement de squash\" \/>\n<meta property=\"og:url\" content=\"https:\/\/www.mercuredubaihotel.com\/fr\/recreation\/squash-court\/\" \/>\n<meta property=\"og:site_name\" content=\"Mercure Dubai Barsha Heights\" \/>\n<meta property=\"article:modified_time\" content=\"2025-08-29T08:32:29+00:00\" \/>\n<meta property=\"og:image\" content=\"https:\/\/www.mercuredubaihotel.com\/wp-content\/uploads\/sites\/37\/2023\/02\/Mercure_dubai_barsha_heights_home_slide02.jpg\" \/>\n\t<meta property=\"og:image:width\" content=\"2200\" \/>\n\t<meta property=\"og:image:height\" content=\"1200\" \/>\n\t<meta property=\"og:image:type\" content=\"image\/jpeg\" \/>\n<meta name=\"twitter:card\" content=\"summary_large_image\" \/>\n<meta name=\"twitter:label1\" content=\"Dur\u00e9e de lecture est.\" \/>\n\t<meta name=\"twitter:data1\" content=\"1 minute\" \/>\n<script type=\"application\/ld+json\" class=\"yoast-schema-graph\">{\"@context\":\"https:\/\/schema.org\",\"@graph\":[{\"@type\":\"WebPage\",\"@id\":\"https:\/\/www.mercuredubaihotel.com\/fr\/recreation\/squash-court\/\",\"url\":\"https:\/\/www.mercuredubaihotel.com\/fr\/recreation\/squash-court\/\",\"name\":\"Terrain de squash rebond - Mercure Dubai Barsha Heights -\",\"isPartOf\":{\"@id\":\"https:\/\/www.mercuredubaihotel.com\/#website\"},\"datePublished\":\"2023-02-24T16:14:17+00:00\",\"dateModified\":\"2025-08-29T08:32:29+00:00\",\"description\":\"Pour \u00e9vacuer le stress, participez \u00e0 une partie de squash \u00e9nergisante sur le court couvert de l'h\u00f4tel. Louez une raquette ou apportez la v\u00f4tre et si vous cherchez \u00e0 am\u00e9liorer vos comp\u00e9tences, que pensez-vous de r\u00e9server quelques s\u00e9ances avec un entra\u00eeneur sp\u00e9cialis\u00e9 que nous mettons \u00e0 votre disposition ? Pour un entra\u00eenement individuel sans coach En semaine 65 AED par heure 40 AED pour une demi-heure Week-end 75 AED par heure 45 AED pour une demi-heure Location de raquette 40 AED par heure, par personne Pour un entra\u00eenement individuel avec un coach 1 s\u00e9ance AED 140 5 s\u00e9ances AED 620 10 s\u00e9ances AED 1,020 20 s\u00e9ances AED 2,000 Cliquez ici pour voir toutes les offres d\u2019entra\u00eenement de squash\",\"breadcrumb\":{\"@id\":\"https:\/\/www.mercuredubaihotel.com\/fr\/recreation\/squash-court\/#breadcrumb\"},\"inLanguage\":\"fr-FR\",\"potentialAction\":[{\"@type\":\"ReadAction\",\"target\":[\"https:\/\/www.mercuredubaihotel.com\/fr\/recreation\/squash-court\/\"]}]},{\"@type\":\"BreadcrumbList\",\"@id\":\"https:\/\/www.mercuredubaihotel.com\/fr\/recreation\/squash-court\/#breadcrumb\",\"itemListElement\":[{\"@type\":\"ListItem\",\"position\":1,\"name\":\"Home\",\"item\":\"https:\/\/www.mercuredubaihotel.com\/fr\/\"},{\"@type\":\"ListItem\",\"position\":2,\"name\":\"LOISIRS\",\"item\":\"https:\/\/www.mercuredubaihotel.com\/fr\/recreation\/\"},{\"@type\":\"ListItem\",\"position\":3,\"name\":\"Terrain de squash rebond\"}]},{\"@type\":\"WebSite\",\"@id\":\"https:\/\/www.mercuredubaihotel.com\/#website\",\"url\":\"https:\/\/www.mercuredubaihotel.com\/\",\"name\":\"Mercure Dubai Barsha Heights\",\"description\":\"\",\"potentialAction\":[{\"@type\":\"SearchAction\",\"target\":{\"@type\":\"EntryPoint\",\"urlTemplate\":\"https:\/\/www.mercuredubaihotel.com\/?s={search_term_string}\"},\"query-input\":{\"@type\":\"PropertyValueSpecification\",\"valueRequired\":true,\"valueName\":\"search_term_string\"}}],\"inLanguage\":\"fr-FR\"}]}<\/script>\n<!-- \/ Yoast SEO plugin. -->","yoast_head_json":{"title":"Terrain de squash rebond - Mercure Dubai Barsha Heights -","description":"Pour \u00e9vacuer le stress, participez \u00e0 une partie de squash \u00e9nergisante sur le court couvert de l'h\u00f4tel. Louez une raquette ou apportez la v\u00f4tre et si vous cherchez \u00e0 am\u00e9liorer vos comp\u00e9tences, que pensez-vous de r\u00e9server quelques s\u00e9ances avec un entra\u00eeneur sp\u00e9cialis\u00e9 que nous mettons \u00e0 votre disposition ?  Pour un entra\u00eenement individuel sans coach    En semaine 65 AED par heure 40 AED pour une demi-heure   Week-end 75 AED par heure 45 AED pour une demi-heure   Location de raquette 40 AED par heure, par personne    Pour un entra\u00eenement individuel avec un coach    1 s\u00e9ance AED 140   5 s\u00e9ances AED 620   10 s\u00e9ances AED 1,020   20 s\u00e9ances AED 2,000    Cliquez ici pour voir toutes les offres d\u2019entra\u00eenement de squash","robots":{"index":"index","follow":"follow","max-snippet":"max-snippet:-1","max-image-preview":"max-image-preview:large","max-video-preview":"max-video-preview:-1"},"canonical":"https:\/\/www.mercuredubaihotel.com\/fr\/recreation\/squash-court\/","og_locale":"fr_FR","og_type":"article","og_title":"Terrain de squash rebond - Mercure Dubai Barsha Heights -","og_description":"Pour \u00e9vacuer le stress, participez \u00e0 une partie de squash \u00e9nergisante sur le court couvert de l'h\u00f4tel. Louez une raquette ou apportez la v\u00f4tre et si vous cherchez \u00e0 am\u00e9liorer vos comp\u00e9tences, que pensez-vous de r\u00e9server quelques s\u00e9ances avec un entra\u00eeneur sp\u00e9cialis\u00e9 que nous mettons \u00e0 votre disposition ?  Pour un entra\u00eenement individuel sans coach    En semaine 65 AED par heure 40 AED pour une demi-heure   Week-end 75 AED par heure 45 AED pour une demi-heure   Location de raquette 40 AED par heure, par personne    Pour un entra\u00eenement individuel avec un coach    1 s\u00e9ance AED 140   5 s\u00e9ances AED 620   10 s\u00e9ances AED 1,020   20 s\u00e9ances AED 2,000    Cliquez ici pour voir toutes les offres d\u2019entra\u00eenement de squash","og_url":"https:\/\/www.mercuredubaihotel.com\/fr\/recreation\/squash-court\/","og_site_name":"Mercure Dubai Barsha Heights","article_modified_time":"2025-08-29T08:32:29+00:00","og_image":[{"width":2200,"height":1200,"url":"https:\/\/www.mercuredubaihotel.com\/wp-content\/uploads\/sites\/37\/2023\/02\/Mercure_dubai_barsha_heights_home_slide02.jpg","type":"image\/jpeg"}],"twitter_card":"summary_large_image","twitter_misc":{"Dur\u00e9e de lecture est.":"1 minute"},"schema":{"@context":"https:\/\/schema.org","@graph":[{"@type":"WebPage","@id":"https:\/\/www.mercuredubaihotel.com\/fr\/recreation\/squash-court\/","url":"https:\/\/www.mercuredubaihotel.com\/fr\/recreation\/squash-court\/","name":"Terrain de squash rebond - Mercure Dubai Barsha Heights -","isPartOf":{"@id":"https:\/\/www.mercuredubaihotel.com\/#website"},"datePublished":"2023-02-24T16:14:17+00:00","dateModified":"2025-08-29T08:32:29+00:00","description":"Pour \u00e9vacuer le stress, participez \u00e0 une partie de squash \u00e9nergisante sur le court couvert de l'h\u00f4tel. Louez une raquette ou apportez la v\u00f4tre et si vous cherchez \u00e0 am\u00e9liorer vos comp\u00e9tences, que pensez-vous de r\u00e9server quelques s\u00e9ances avec un entra\u00eeneur sp\u00e9cialis\u00e9 que nous mettons \u00e0 votre disposition ? Pour un entra\u00eenement individuel sans coach En semaine 65 AED par heure 40 AED pour une demi-heure Week-end 75 AED par heure 45 AED pour une demi-heure Location de raquette 40 AED par heure, par personne Pour un entra\u00eenement individuel avec un coach 1 s\u00e9ance AED 140 5 s\u00e9ances AED 620 10 s\u00e9ances AED 1,020 20 s\u00e9ances AED 2,000 Cliquez ici pour voir toutes les offres d\u2019entra\u00eenement de squash","breadcrumb":{"@id":"https:\/\/www.mercuredubaihotel.com\/fr\/recreation\/squash-court\/#breadcrumb"},"inLanguage":"fr-FR","potentialAction":[{"@type":"ReadAction","target":["https:\/\/www.mercuredubaihotel.com\/fr\/recreation\/squash-court\/"]}]},{"@type":"BreadcrumbList","@id":"https:\/\/www.mercuredubaihotel.com\/fr\/recreation\/squash-court\/#breadcrumb","itemListElement":[{"@type":"ListItem","position":1,"name":"Home","item":"https:\/\/www.mercuredubaihotel.com\/fr\/"},{"@type":"ListItem","position":2,"name":"LOISIRS","item":"https:\/\/www.mercuredubaihotel.com\/fr\/recreation\/"},{"@type":"ListItem","position":3,"name":"Terrain de squash rebond"}]},{"@type":"WebSite","@id":"https:\/\/www.mercuredubaihotel.com\/#website","url":"https:\/\/www.mercuredubaihotel.com\/","name":"Mercure Dubai Barsha Heights","description":"","potentialAction":[{"@type":"SearchAction","target":{"@type":"EntryPoint","urlTemplate":"https:\/\/www.mercuredubaihotel.com\/?s={search_term_string}"},"query-input":{"@type":"PropertyValueSpecification","valueRequired":true,"valueName":"search_term_string"}}],"inLanguage":"fr-FR"}]}},"_links":{"self":[{"href":"https:\/\/www.mercuredubaihotel.com\/fr\/wp-json\/wp\/v2\/pages\/1438","targetHints":{"allow":["GET"]}}],"collection":[{"href":"https:\/\/www.mercuredubaihotel.com\/fr\/wp-json\/wp\/v2\/pages"}],"about":[{"href":"https:\/\/www.mercuredubaihotel.com\/fr\/wp-json\/wp\/v2\/types\/page"}],"author":[{"embeddable":true,"href":"https:\/\/www.mercuredubaihotel.com\/fr\/wp-json\/wp\/v2\/users\/3"}],"replies":[{"embeddable":true,"href":"https:\/\/www.mercuredubaihotel.com\/fr\/wp-json\/wp\/v2\/comments?post=1438"}],"version-history":[{"count":0,"href":"https:\/\/www.mercuredubaihotel.com\/fr\/wp-json\/wp\/v2\/pages\/1438\/revisions"}],"up":[{"embeddable":true,"href":"https:\/\/www.mercuredubaihotel.com\/fr\/wp-json\/wp\/v2\/pages\/1432"}],"wp:attachment":[{"href":"https:\/\/www.mercuredubaihotel.com\/fr\/wp-json\/wp\/v2\/media?parent=1438"}],"wp:term":[{"taxonomy":"category","embeddable":true,"href":"https:\/\/www.mercuredubaihotel.com\/fr\/wp-json\/wp\/v2\/categories?post=1438"}],"curies":[{"name":"wp","href":"https:\/\/api.w.org\/{rel}","templated":true}]}}