{"id":1436,"date":"2023-02-24T14:54:41","date_gmt":"2023-02-24T14:54:41","guid":{"rendered":"https:\/\/www.mercuredubaihotel.com\/recreation\/muscle-bound-gym\/boxing-mma-group-class\/"},"modified":"2023-06-16T07:16:40","modified_gmt":"2023-06-16T07:16:40","slug":"boxing-mma-group-class","status":"publish","type":"page","link":"https:\/\/www.mercuredubaihotel.com\/fr\/recreation\/muscle-bound-gym\/boxing-mma-group-class\/","title":{"rendered":"COURS EN GROUPE DE BOXE ET DE MMA"},"content":{"rendered":"<p>Entra\u00eenez-vous \u00e0 la mani\u00e8re d&rsquo;un combattant et r\u00e9v\u00e9lez le guerrier qui est en vous gr\u00e2ce \u00e0 nos cours en groupe intensifs de boxe\/MMA. Nos entra\u00eeneurs chevronn\u00e9s vous enseigneront les techniques et les comp\u00e9tences n\u00e9cessaires pour acqu\u00e9rir de la force, de l&rsquo;endurance et de la confiance en soi.<\/p>\n<ul>\n<li>Tous les lundis, mercredis et vendredis<\/li>\n<li>Pour les enfants &#8211; 16h \u00e0 17h<\/li>\n<li>Pour les adultes &#8211; de 17h30 \u00e0 18h30 | de 19h \u00e0 20h<\/li>\n<\/ul>\n<p>POUR EN SAVOIR PLUS: <a href=\"https:\/\/api.whatsapp.com\/send\/?phone=971502838985&amp;text&amp;type=phone_number&amp;app_absent=0\">WhatsApp Us<\/a><\/p>\n","protected":false},"excerpt":{"rendered":"<p>Entra\u00eenez-vous \u00e0 la mani\u00e8re d&rsquo;un combattant et r\u00e9v\u00e9lez le guerrier qui est en vous gr\u00e2ce \u00e0 nos cours en groupe intensifs de boxe\/MMA. Nos entra\u00eeneurs chevronn\u00e9s vous enseigneront les techniques et les comp\u00e9tences n\u00e9cessaires pour acqu\u00e9rir de la force, de l&rsquo;endurance et de la confiance en soi. Tous les lundis, mercredis et vendredis Pour les [&hellip;]<\/p>\n","protected":false},"author":3,"featured_media":0,"parent":1433,"menu_order":15,"comment_status":"closed","ping_status":"closed","template":"","meta":{"footnotes":""},"categories":[],"class_list":["post-1436","page","type-page","status-publish","hentry"],"acf":[],"yoast_head":"<!-- This site is optimized with the Yoast SEO plugin v26.9 - https:\/\/yoast.com\/product\/yoast-seo-wordpress\/ -->\n<title>COURS EN GROUPE DE BOXE ET DE MMA - Mercure Dubai Barsha Heights -<\/title>\n<meta name=\"description\" content=\"Entra\u00eenez-vous \u00e0 la mani\u00e8re d&#039;un combattant et r\u00e9v\u00e9lez le guerrier qui est en vous gr\u00e2ce \u00e0 nos cours en groupe intensifs de boxe\/MMA. Nos entra\u00eeneurs chevronn\u00e9s vous enseigneront les techniques et les comp\u00e9tences n\u00e9cessaires pour acqu\u00e9rir de la force, de l&#039;endurance et de la confiance en soi.   Tous les lundis, mercredis et vendredis  Pour les enfants - 16h \u00e0 17h  Pour les adultes - de 17h30 \u00e0 18h30 | de 19h \u00e0 20h  POUR EN SAVOIR PLUS: WhatsApp Us\" \/>\n<meta name=\"robots\" content=\"index, follow, max-snippet:-1, max-image-preview:large, max-video-preview:-1\" \/>\n<link rel=\"canonical\" href=\"https:\/\/www.mercuredubaihotel.com\/fr\/recreation\/muscle-bound-gym\/boxing-mma-group-class\/\" \/>\n<meta property=\"og:locale\" content=\"fr_FR\" \/>\n<meta property=\"og:type\" content=\"article\" \/>\n<meta property=\"og:title\" content=\"COURS EN GROUPE DE BOXE ET DE MMA - Mercure Dubai Barsha Heights -\" \/>\n<meta property=\"og:description\" content=\"Entra\u00eenez-vous \u00e0 la mani\u00e8re d&#039;un combattant et r\u00e9v\u00e9lez le guerrier qui est en vous gr\u00e2ce \u00e0 nos cours en groupe intensifs de boxe\/MMA. Nos entra\u00eeneurs chevronn\u00e9s vous enseigneront les techniques et les comp\u00e9tences n\u00e9cessaires pour acqu\u00e9rir de la force, de l&#039;endurance et de la confiance en soi.   Tous les lundis, mercredis et vendredis  Pour les enfants - 16h \u00e0 17h  Pour les adultes - de 17h30 \u00e0 18h30 | de 19h \u00e0 20h  POUR EN SAVOIR PLUS: WhatsApp Us\" \/>\n<meta property=\"og:url\" content=\"https:\/\/www.mercuredubaihotel.com\/fr\/recreation\/muscle-bound-gym\/boxing-mma-group-class\/\" \/>\n<meta property=\"og:site_name\" content=\"Mercure Dubai Barsha Heights\" \/>\n<meta property=\"article:modified_time\" content=\"2023-06-16T07:16:40+00:00\" \/>\n<meta property=\"og:image\" content=\"https:\/\/www.mercuredubaihotel.com\/wp-content\/uploads\/sites\/37\/2023\/02\/Mercure_dubai_barsha_heights_home_slide02.jpg\" \/>\n\t<meta property=\"og:image:width\" content=\"2200\" \/>\n\t<meta property=\"og:image:height\" content=\"1200\" \/>\n\t<meta property=\"og:image:type\" content=\"image\/jpeg\" \/>\n<meta name=\"twitter:card\" content=\"summary_large_image\" \/>\n<meta name=\"twitter:label1\" content=\"Dur\u00e9e de lecture est.\" \/>\n\t<meta name=\"twitter:data1\" content=\"1 minute\" \/>\n<script type=\"application\/ld+json\" class=\"yoast-schema-graph\">{\"@context\":\"https:\/\/schema.org\",\"@graph\":[{\"@type\":\"WebPage\",\"@id\":\"https:\/\/www.mercuredubaihotel.com\/fr\/recreation\/muscle-bound-gym\/boxing-mma-group-class\/\",\"url\":\"https:\/\/www.mercuredubaihotel.com\/fr\/recreation\/muscle-bound-gym\/boxing-mma-group-class\/\",\"name\":\"COURS EN GROUPE DE BOXE ET DE MMA - Mercure Dubai Barsha Heights -\",\"isPartOf\":{\"@id\":\"https:\/\/www.mercuredubaihotel.com\/#website\"},\"datePublished\":\"2023-02-24T14:54:41+00:00\",\"dateModified\":\"2023-06-16T07:16:40+00:00\",\"description\":\"Entra\u00eenez-vous \u00e0 la mani\u00e8re d'un combattant et r\u00e9v\u00e9lez le guerrier qui est en vous gr\u00e2ce \u00e0 nos cours en groupe intensifs de boxe\/MMA. Nos entra\u00eeneurs chevronn\u00e9s vous enseigneront les techniques et les comp\u00e9tences n\u00e9cessaires pour acqu\u00e9rir de la force, de l'endurance et de la confiance en soi. \u2022 Tous les lundis, mercredis et vendredis \u2022 Pour les enfants - 16h \u00e0 17h \u2022 Pour les adultes - de 17h30 \u00e0 18h30 | de 19h \u00e0 20h POUR EN SAVOIR PLUS: WhatsApp Us\",\"breadcrumb\":{\"@id\":\"https:\/\/www.mercuredubaihotel.com\/fr\/recreation\/muscle-bound-gym\/boxing-mma-group-class\/#breadcrumb\"},\"inLanguage\":\"fr-FR\",\"potentialAction\":[{\"@type\":\"ReadAction\",\"target\":[\"https:\/\/www.mercuredubaihotel.com\/fr\/recreation\/muscle-bound-gym\/boxing-mma-group-class\/\"]}]},{\"@type\":\"BreadcrumbList\",\"@id\":\"https:\/\/www.mercuredubaihotel.com\/fr\/recreation\/muscle-bound-gym\/boxing-mma-group-class\/#breadcrumb\",\"itemListElement\":[{\"@type\":\"ListItem\",\"position\":1,\"name\":\"Home\",\"item\":\"https:\/\/www.mercuredubaihotel.com\/fr\/\"},{\"@type\":\"ListItem\",\"position\":2,\"name\":\"LOISIRS\",\"item\":\"https:\/\/www.mercuredubaihotel.com\/fr\/recreation\/\"},{\"@type\":\"ListItem\",\"position\":3,\"name\":\"MUSCLE BOUND GYM\",\"item\":\"https:\/\/www.mercuredubaihotel.com\/fr\/recreation\/muscle-bound-gym\/\"},{\"@type\":\"ListItem\",\"position\":4,\"name\":\"COURS EN GROUPE DE BOXE ET DE MMA\"}]},{\"@type\":\"WebSite\",\"@id\":\"https:\/\/www.mercuredubaihotel.com\/#website\",\"url\":\"https:\/\/www.mercuredubaihotel.com\/\",\"name\":\"Mercure Dubai Barsha Heights\",\"description\":\"\",\"potentialAction\":[{\"@type\":\"SearchAction\",\"target\":{\"@type\":\"EntryPoint\",\"urlTemplate\":\"https:\/\/www.mercuredubaihotel.com\/?s={search_term_string}\"},\"query-input\":{\"@type\":\"PropertyValueSpecification\",\"valueRequired\":true,\"valueName\":\"search_term_string\"}}],\"inLanguage\":\"fr-FR\"}]}<\/script>\n<!-- \/ Yoast SEO plugin. -->","yoast_head_json":{"title":"COURS EN GROUPE DE BOXE ET DE MMA - Mercure Dubai Barsha Heights -","description":"Entra\u00eenez-vous \u00e0 la mani\u00e8re d'un combattant et r\u00e9v\u00e9lez le guerrier qui est en vous gr\u00e2ce \u00e0 nos cours en groupe intensifs de boxe\/MMA. Nos entra\u00eeneurs chevronn\u00e9s vous enseigneront les techniques et les comp\u00e9tences n\u00e9cessaires pour acqu\u00e9rir de la force, de l'endurance et de la confiance en soi.   Tous les lundis, mercredis et vendredis  Pour les enfants - 16h \u00e0 17h  Pour les adultes - de 17h30 \u00e0 18h30 | de 19h \u00e0 20h  POUR EN SAVOIR PLUS: WhatsApp Us","robots":{"index":"index","follow":"follow","max-snippet":"max-snippet:-1","max-image-preview":"max-image-preview:large","max-video-preview":"max-video-preview:-1"},"canonical":"https:\/\/www.mercuredubaihotel.com\/fr\/recreation\/muscle-bound-gym\/boxing-mma-group-class\/","og_locale":"fr_FR","og_type":"article","og_title":"COURS EN GROUPE DE BOXE ET DE MMA - Mercure Dubai Barsha Heights -","og_description":"Entra\u00eenez-vous \u00e0 la mani\u00e8re d'un combattant et r\u00e9v\u00e9lez le guerrier qui est en vous gr\u00e2ce \u00e0 nos cours en groupe intensifs de boxe\/MMA. Nos entra\u00eeneurs chevronn\u00e9s vous enseigneront les techniques et les comp\u00e9tences n\u00e9cessaires pour acqu\u00e9rir de la force, de l'endurance et de la confiance en soi.   Tous les lundis, mercredis et vendredis  Pour les enfants - 16h \u00e0 17h  Pour les adultes - de 17h30 \u00e0 18h30 | de 19h \u00e0 20h  POUR EN SAVOIR PLUS: WhatsApp Us","og_url":"https:\/\/www.mercuredubaihotel.com\/fr\/recreation\/muscle-bound-gym\/boxing-mma-group-class\/","og_site_name":"Mercure Dubai Barsha Heights","article_modified_time":"2023-06-16T07:16:40+00:00","og_image":[{"width":2200,"height":1200,"url":"https:\/\/www.mercuredubaihotel.com\/wp-content\/uploads\/sites\/37\/2023\/02\/Mercure_dubai_barsha_heights_home_slide02.jpg","type":"image\/jpeg"}],"twitter_card":"summary_large_image","twitter_misc":{"Dur\u00e9e de lecture est.":"1 minute"},"schema":{"@context":"https:\/\/schema.org","@graph":[{"@type":"WebPage","@id":"https:\/\/www.mercuredubaihotel.com\/fr\/recreation\/muscle-bound-gym\/boxing-mma-group-class\/","url":"https:\/\/www.mercuredubaihotel.com\/fr\/recreation\/muscle-bound-gym\/boxing-mma-group-class\/","name":"COURS EN GROUPE DE BOXE ET DE MMA - Mercure Dubai Barsha Heights -","isPartOf":{"@id":"https:\/\/www.mercuredubaihotel.com\/#website"},"datePublished":"2023-02-24T14:54:41+00:00","dateModified":"2023-06-16T07:16:40+00:00","description":"Entra\u00eenez-vous \u00e0 la mani\u00e8re d'un combattant et r\u00e9v\u00e9lez le guerrier qui est en vous gr\u00e2ce \u00e0 nos cours en groupe intensifs de boxe\/MMA. Nos entra\u00eeneurs chevronn\u00e9s vous enseigneront les techniques et les comp\u00e9tences n\u00e9cessaires pour acqu\u00e9rir de la force, de l'endurance et de la confiance en soi. \u2022 Tous les lundis, mercredis et vendredis \u2022 Pour les enfants - 16h \u00e0 17h \u2022 Pour les adultes - de 17h30 \u00e0 18h30 | de 19h \u00e0 20h POUR EN SAVOIR PLUS: WhatsApp Us","breadcrumb":{"@id":"https:\/\/www.mercuredubaihotel.com\/fr\/recreation\/muscle-bound-gym\/boxing-mma-group-class\/#breadcrumb"},"inLanguage":"fr-FR","potentialAction":[{"@type":"ReadAction","target":["https:\/\/www.mercuredubaihotel.com\/fr\/recreation\/muscle-bound-gym\/boxing-mma-group-class\/"]}]},{"@type":"BreadcrumbList","@id":"https:\/\/www.mercuredubaihotel.com\/fr\/recreation\/muscle-bound-gym\/boxing-mma-group-class\/#breadcrumb","itemListElement":[{"@type":"ListItem","position":1,"name":"Home","item":"https:\/\/www.mercuredubaihotel.com\/fr\/"},{"@type":"ListItem","position":2,"name":"LOISIRS","item":"https:\/\/www.mercuredubaihotel.com\/fr\/recreation\/"},{"@type":"ListItem","position":3,"name":"MUSCLE BOUND GYM","item":"https:\/\/www.mercuredubaihotel.com\/fr\/recreation\/muscle-bound-gym\/"},{"@type":"ListItem","position":4,"name":"COURS EN GROUPE DE BOXE ET DE MMA"}]},{"@type":"WebSite","@id":"https:\/\/www.mercuredubaihotel.com\/#website","url":"https:\/\/www.mercuredubaihotel.com\/","name":"Mercure Dubai Barsha Heights","description":"","potentialAction":[{"@type":"SearchAction","target":{"@type":"EntryPoint","urlTemplate":"https:\/\/www.mercuredubaihotel.com\/?s={search_term_string}"},"query-input":{"@type":"PropertyValueSpecification","valueRequired":true,"valueName":"search_term_string"}}],"inLanguage":"fr-FR"}]}},"_links":{"self":[{"href":"https:\/\/www.mercuredubaihotel.com\/fr\/wp-json\/wp\/v2\/pages\/1436","targetHints":{"allow":["GET"]}}],"collection":[{"href":"https:\/\/www.mercuredubaihotel.com\/fr\/wp-json\/wp\/v2\/pages"}],"about":[{"href":"https:\/\/www.mercuredubaihotel.com\/fr\/wp-json\/wp\/v2\/types\/page"}],"author":[{"embeddable":true,"href":"https:\/\/www.mercuredubaihotel.com\/fr\/wp-json\/wp\/v2\/users\/3"}],"replies":[{"embeddable":true,"href":"https:\/\/www.mercuredubaihotel.com\/fr\/wp-json\/wp\/v2\/comments?post=1436"}],"version-history":[{"count":0,"href":"https:\/\/www.mercuredubaihotel.com\/fr\/wp-json\/wp\/v2\/pages\/1436\/revisions"}],"up":[{"embeddable":true,"href":"https:\/\/www.mercuredubaihotel.com\/fr\/wp-json\/wp\/v2\/pages\/1433"}],"wp:attachment":[{"href":"https:\/\/www.mercuredubaihotel.com\/fr\/wp-json\/wp\/v2\/media?parent=1436"}],"wp:term":[{"taxonomy":"category","embeddable":true,"href":"https:\/\/www.mercuredubaihotel.com\/fr\/wp-json\/wp\/v2\/categories?post=1436"}],"curies":[{"name":"wp","href":"https:\/\/api.w.org\/{rel}","templated":true}]}}