{"id":1435,"date":"2023-02-24T14:49:11","date_gmt":"2023-02-24T14:49:11","guid":{"rendered":"https:\/\/www.mercuredubaihotel.com\/recreation\/muscle-bound-gym\/yoga-group-class\/"},"modified":"2023-06-16T07:26:16","modified_gmt":"2023-06-16T07:26:16","slug":"yoga-group-class","status":"publish","type":"page","link":"https:\/\/www.mercuredubaihotel.com\/fr\/recreation\/muscle-bound-gym\/yoga-group-class\/","title":{"rendered":"COURS DE YOGA EN GROUPE"},"content":{"rendered":"<p>Nous vous invitons \u00e0 nous rejoindre pour un cours de yoga en groupe \u00e0 la fois \u00e9nergisant et rajeunissant qui vous fera vous sentir d\u00e9tendu et rafra\u00eechi. Nos professeurs exp\u00e9riment\u00e9s vous guideront au cours d&rsquo;une s\u00e9rie de poses et d&rsquo;exercices de respiration qui vous permettront d&rsquo;am\u00e9liorer votre souplesse, votre force et votre bien-\u00eatre g\u00e9n\u00e9ral.<\/p>\n<ul>\n<li>Tous les mardis et jeudis<\/li>\n<li>A partir de 18h30<\/li>\n<li>500 AED par mois pour les adultes<\/li>\n<li>400 AED par mois pour les enfants<\/li>\n<\/ul>\n<p>Inscrivez-vous d\u00e8s maintenant<\/p>\n<p><a href=\"https:\/\/api.whatsapp.com\/send\/?phone=971502838985&amp;text&amp;type=phone_number&amp;app_absent=0\">WhatsApp Us<\/a><\/p>\n","protected":false},"excerpt":{"rendered":"<p>Nous vous invitons \u00e0 nous rejoindre pour un cours de yoga en groupe \u00e0 la fois \u00e9nergisant et rajeunissant qui vous fera vous sentir d\u00e9tendu et rafra\u00eechi. Nos professeurs exp\u00e9riment\u00e9s vous guideront au cours d&rsquo;une s\u00e9rie de poses et d&rsquo;exercices de respiration qui vous permettront d&rsquo;am\u00e9liorer votre souplesse, votre force et votre bien-\u00eatre g\u00e9n\u00e9ral. Tous [&hellip;]<\/p>\n","protected":false},"author":3,"featured_media":0,"parent":1433,"menu_order":10,"comment_status":"closed","ping_status":"closed","template":"","meta":{"footnotes":""},"categories":[],"class_list":["post-1435","page","type-page","status-publish","hentry"],"acf":[],"yoast_head":"<!-- This site is optimized with the Yoast SEO plugin v26.9 - https:\/\/yoast.com\/product\/yoast-seo-wordpress\/ -->\n<title>COURS DE YOGA EN GROUPE - Mercure Dubai Barsha Heights -<\/title>\n<meta name=\"description\" content=\"Nous vous invitons \u00e0 nous rejoindre pour un cours de yoga en groupe \u00e0 la fois \u00e9nergisant et rajeunissant qui vous fera vous sentir d\u00e9tendu et rafra\u00eechi. Nos professeurs exp\u00e9riment\u00e9s vous guideront au cours d&#039;une s\u00e9rie de poses et d&#039;exercices de respiration qui vous permettront d&#039;am\u00e9liorer votre souplesse, votre force et votre bien-\u00eatre g\u00e9n\u00e9ral.   Tous les mardis et jeudis  A partir de 18h30  500 AED par mois pour les adultes  400 AED par mois pour les enfants  Inscrivez-vous d\u00e8s maintenant  WhatsApp Us\" \/>\n<meta name=\"robots\" content=\"index, follow, max-snippet:-1, max-image-preview:large, max-video-preview:-1\" \/>\n<link rel=\"canonical\" href=\"https:\/\/www.mercuredubaihotel.com\/fr\/recreation\/muscle-bound-gym\/yoga-group-class\/\" \/>\n<meta property=\"og:locale\" content=\"fr_FR\" \/>\n<meta property=\"og:type\" content=\"article\" \/>\n<meta property=\"og:title\" content=\"COURS DE YOGA EN GROUPE - Mercure Dubai Barsha Heights -\" \/>\n<meta property=\"og:description\" content=\"Nous vous invitons \u00e0 nous rejoindre pour un cours de yoga en groupe \u00e0 la fois \u00e9nergisant et rajeunissant qui vous fera vous sentir d\u00e9tendu et rafra\u00eechi. Nos professeurs exp\u00e9riment\u00e9s vous guideront au cours d&#039;une s\u00e9rie de poses et d&#039;exercices de respiration qui vous permettront d&#039;am\u00e9liorer votre souplesse, votre force et votre bien-\u00eatre g\u00e9n\u00e9ral.   Tous les mardis et jeudis  A partir de 18h30  500 AED par mois pour les adultes  400 AED par mois pour les enfants  Inscrivez-vous d\u00e8s maintenant  WhatsApp Us\" \/>\n<meta property=\"og:url\" content=\"https:\/\/www.mercuredubaihotel.com\/fr\/recreation\/muscle-bound-gym\/yoga-group-class\/\" \/>\n<meta property=\"og:site_name\" content=\"Mercure Dubai Barsha Heights\" \/>\n<meta property=\"article:modified_time\" content=\"2023-06-16T07:26:16+00:00\" \/>\n<meta property=\"og:image\" content=\"https:\/\/www.mercuredubaihotel.com\/wp-content\/uploads\/sites\/37\/2023\/02\/Mercure_dubai_barsha_heights_home_slide02.jpg\" \/>\n\t<meta property=\"og:image:width\" content=\"2200\" \/>\n\t<meta property=\"og:image:height\" content=\"1200\" \/>\n\t<meta property=\"og:image:type\" content=\"image\/jpeg\" \/>\n<meta name=\"twitter:card\" content=\"summary_large_image\" \/>\n<meta name=\"twitter:label1\" content=\"Dur\u00e9e de lecture est.\" \/>\n\t<meta name=\"twitter:data1\" content=\"1 minute\" \/>\n<script type=\"application\/ld+json\" class=\"yoast-schema-graph\">{\"@context\":\"https:\/\/schema.org\",\"@graph\":[{\"@type\":\"WebPage\",\"@id\":\"https:\/\/www.mercuredubaihotel.com\/fr\/recreation\/muscle-bound-gym\/yoga-group-class\/\",\"url\":\"https:\/\/www.mercuredubaihotel.com\/fr\/recreation\/muscle-bound-gym\/yoga-group-class\/\",\"name\":\"COURS DE YOGA EN GROUPE - Mercure Dubai Barsha Heights -\",\"isPartOf\":{\"@id\":\"https:\/\/www.mercuredubaihotel.com\/#website\"},\"datePublished\":\"2023-02-24T14:49:11+00:00\",\"dateModified\":\"2023-06-16T07:26:16+00:00\",\"description\":\"Nous vous invitons \u00e0 nous rejoindre pour un cours de yoga en groupe \u00e0 la fois \u00e9nergisant et rajeunissant qui vous fera vous sentir d\u00e9tendu et rafra\u00eechi. Nos professeurs exp\u00e9riment\u00e9s vous guideront au cours d'une s\u00e9rie de poses et d'exercices de respiration qui vous permettront d'am\u00e9liorer votre souplesse, votre force et votre bien-\u00eatre g\u00e9n\u00e9ral. \u2022 Tous les mardis et jeudis \u2022 A partir de 18h30 \u2022 500 AED par mois pour les adultes \u2022 400 AED par mois pour les enfants Inscrivez-vous d\u00e8s maintenant WhatsApp Us\",\"breadcrumb\":{\"@id\":\"https:\/\/www.mercuredubaihotel.com\/fr\/recreation\/muscle-bound-gym\/yoga-group-class\/#breadcrumb\"},\"inLanguage\":\"fr-FR\",\"potentialAction\":[{\"@type\":\"ReadAction\",\"target\":[\"https:\/\/www.mercuredubaihotel.com\/fr\/recreation\/muscle-bound-gym\/yoga-group-class\/\"]}]},{\"@type\":\"BreadcrumbList\",\"@id\":\"https:\/\/www.mercuredubaihotel.com\/fr\/recreation\/muscle-bound-gym\/yoga-group-class\/#breadcrumb\",\"itemListElement\":[{\"@type\":\"ListItem\",\"position\":1,\"name\":\"Home\",\"item\":\"https:\/\/www.mercuredubaihotel.com\/fr\/\"},{\"@type\":\"ListItem\",\"position\":2,\"name\":\"LOISIRS\",\"item\":\"https:\/\/www.mercuredubaihotel.com\/fr\/recreation\/\"},{\"@type\":\"ListItem\",\"position\":3,\"name\":\"MUSCLE BOUND GYM\",\"item\":\"https:\/\/www.mercuredubaihotel.com\/fr\/recreation\/muscle-bound-gym\/\"},{\"@type\":\"ListItem\",\"position\":4,\"name\":\"COURS DE YOGA EN GROUPE\"}]},{\"@type\":\"WebSite\",\"@id\":\"https:\/\/www.mercuredubaihotel.com\/#website\",\"url\":\"https:\/\/www.mercuredubaihotel.com\/\",\"name\":\"Mercure Dubai Barsha Heights\",\"description\":\"\",\"potentialAction\":[{\"@type\":\"SearchAction\",\"target\":{\"@type\":\"EntryPoint\",\"urlTemplate\":\"https:\/\/www.mercuredubaihotel.com\/?s={search_term_string}\"},\"query-input\":{\"@type\":\"PropertyValueSpecification\",\"valueRequired\":true,\"valueName\":\"search_term_string\"}}],\"inLanguage\":\"fr-FR\"}]}<\/script>\n<!-- \/ Yoast SEO plugin. -->","yoast_head_json":{"title":"COURS DE YOGA EN GROUPE - Mercure Dubai Barsha Heights -","description":"Nous vous invitons \u00e0 nous rejoindre pour un cours de yoga en groupe \u00e0 la fois \u00e9nergisant et rajeunissant qui vous fera vous sentir d\u00e9tendu et rafra\u00eechi. Nos professeurs exp\u00e9riment\u00e9s vous guideront au cours d'une s\u00e9rie de poses et d'exercices de respiration qui vous permettront d'am\u00e9liorer votre souplesse, votre force et votre bien-\u00eatre g\u00e9n\u00e9ral.   Tous les mardis et jeudis  A partir de 18h30  500 AED par mois pour les adultes  400 AED par mois pour les enfants  Inscrivez-vous d\u00e8s maintenant  WhatsApp Us","robots":{"index":"index","follow":"follow","max-snippet":"max-snippet:-1","max-image-preview":"max-image-preview:large","max-video-preview":"max-video-preview:-1"},"canonical":"https:\/\/www.mercuredubaihotel.com\/fr\/recreation\/muscle-bound-gym\/yoga-group-class\/","og_locale":"fr_FR","og_type":"article","og_title":"COURS DE YOGA EN GROUPE - Mercure Dubai Barsha Heights -","og_description":"Nous vous invitons \u00e0 nous rejoindre pour un cours de yoga en groupe \u00e0 la fois \u00e9nergisant et rajeunissant qui vous fera vous sentir d\u00e9tendu et rafra\u00eechi. Nos professeurs exp\u00e9riment\u00e9s vous guideront au cours d'une s\u00e9rie de poses et d'exercices de respiration qui vous permettront d'am\u00e9liorer votre souplesse, votre force et votre bien-\u00eatre g\u00e9n\u00e9ral.   Tous les mardis et jeudis  A partir de 18h30  500 AED par mois pour les adultes  400 AED par mois pour les enfants  Inscrivez-vous d\u00e8s maintenant  WhatsApp Us","og_url":"https:\/\/www.mercuredubaihotel.com\/fr\/recreation\/muscle-bound-gym\/yoga-group-class\/","og_site_name":"Mercure Dubai Barsha Heights","article_modified_time":"2023-06-16T07:26:16+00:00","og_image":[{"width":2200,"height":1200,"url":"https:\/\/www.mercuredubaihotel.com\/wp-content\/uploads\/sites\/37\/2023\/02\/Mercure_dubai_barsha_heights_home_slide02.jpg","type":"image\/jpeg"}],"twitter_card":"summary_large_image","twitter_misc":{"Dur\u00e9e de lecture est.":"1 minute"},"schema":{"@context":"https:\/\/schema.org","@graph":[{"@type":"WebPage","@id":"https:\/\/www.mercuredubaihotel.com\/fr\/recreation\/muscle-bound-gym\/yoga-group-class\/","url":"https:\/\/www.mercuredubaihotel.com\/fr\/recreation\/muscle-bound-gym\/yoga-group-class\/","name":"COURS DE YOGA EN GROUPE - Mercure Dubai Barsha Heights -","isPartOf":{"@id":"https:\/\/www.mercuredubaihotel.com\/#website"},"datePublished":"2023-02-24T14:49:11+00:00","dateModified":"2023-06-16T07:26:16+00:00","description":"Nous vous invitons \u00e0 nous rejoindre pour un cours de yoga en groupe \u00e0 la fois \u00e9nergisant et rajeunissant qui vous fera vous sentir d\u00e9tendu et rafra\u00eechi. Nos professeurs exp\u00e9riment\u00e9s vous guideront au cours d'une s\u00e9rie de poses et d'exercices de respiration qui vous permettront d'am\u00e9liorer votre souplesse, votre force et votre bien-\u00eatre g\u00e9n\u00e9ral. \u2022 Tous les mardis et jeudis \u2022 A partir de 18h30 \u2022 500 AED par mois pour les adultes \u2022 400 AED par mois pour les enfants Inscrivez-vous d\u00e8s maintenant WhatsApp Us","breadcrumb":{"@id":"https:\/\/www.mercuredubaihotel.com\/fr\/recreation\/muscle-bound-gym\/yoga-group-class\/#breadcrumb"},"inLanguage":"fr-FR","potentialAction":[{"@type":"ReadAction","target":["https:\/\/www.mercuredubaihotel.com\/fr\/recreation\/muscle-bound-gym\/yoga-group-class\/"]}]},{"@type":"BreadcrumbList","@id":"https:\/\/www.mercuredubaihotel.com\/fr\/recreation\/muscle-bound-gym\/yoga-group-class\/#breadcrumb","itemListElement":[{"@type":"ListItem","position":1,"name":"Home","item":"https:\/\/www.mercuredubaihotel.com\/fr\/"},{"@type":"ListItem","position":2,"name":"LOISIRS","item":"https:\/\/www.mercuredubaihotel.com\/fr\/recreation\/"},{"@type":"ListItem","position":3,"name":"MUSCLE BOUND GYM","item":"https:\/\/www.mercuredubaihotel.com\/fr\/recreation\/muscle-bound-gym\/"},{"@type":"ListItem","position":4,"name":"COURS DE YOGA EN GROUPE"}]},{"@type":"WebSite","@id":"https:\/\/www.mercuredubaihotel.com\/#website","url":"https:\/\/www.mercuredubaihotel.com\/","name":"Mercure Dubai Barsha Heights","description":"","potentialAction":[{"@type":"SearchAction","target":{"@type":"EntryPoint","urlTemplate":"https:\/\/www.mercuredubaihotel.com\/?s={search_term_string}"},"query-input":{"@type":"PropertyValueSpecification","valueRequired":true,"valueName":"search_term_string"}}],"inLanguage":"fr-FR"}]}},"_links":{"self":[{"href":"https:\/\/www.mercuredubaihotel.com\/fr\/wp-json\/wp\/v2\/pages\/1435","targetHints":{"allow":["GET"]}}],"collection":[{"href":"https:\/\/www.mercuredubaihotel.com\/fr\/wp-json\/wp\/v2\/pages"}],"about":[{"href":"https:\/\/www.mercuredubaihotel.com\/fr\/wp-json\/wp\/v2\/types\/page"}],"author":[{"embeddable":true,"href":"https:\/\/www.mercuredubaihotel.com\/fr\/wp-json\/wp\/v2\/users\/3"}],"replies":[{"embeddable":true,"href":"https:\/\/www.mercuredubaihotel.com\/fr\/wp-json\/wp\/v2\/comments?post=1435"}],"version-history":[{"count":0,"href":"https:\/\/www.mercuredubaihotel.com\/fr\/wp-json\/wp\/v2\/pages\/1435\/revisions"}],"up":[{"embeddable":true,"href":"https:\/\/www.mercuredubaihotel.com\/fr\/wp-json\/wp\/v2\/pages\/1433"}],"wp:attachment":[{"href":"https:\/\/www.mercuredubaihotel.com\/fr\/wp-json\/wp\/v2\/media?parent=1435"}],"wp:term":[{"taxonomy":"category","embeddable":true,"href":"https:\/\/www.mercuredubaihotel.com\/fr\/wp-json\/wp\/v2\/categories?post=1435"}],"curies":[{"name":"wp","href":"https:\/\/api.w.org\/{rel}","templated":true}]}}