{"id":1433,"date":"2023-02-24T14:00:05","date_gmt":"2023-02-24T14:00:05","guid":{"rendered":"https:\/\/www.mercuredubaihotel.com\/recreation\/muscle-bound-gym\/"},"modified":"2023-06-16T07:29:04","modified_gmt":"2023-06-16T07:29:04","slug":"muscle-bound-gym","status":"publish","type":"page","link":"https:\/\/www.mercuredubaihotel.com\/fr\/recreation\/muscle-bound-gym\/","title":{"rendered":"MUSCLE BOUND GYM"},"content":{"rendered":"<p>La salle de sport Muscle Bound, situ\u00e9e au 8e \u00e9tage et dont les grandes fen\u00eatres laissent entrer la lumi\u00e8re naturelle, est un endroit parfait pour s&rsquo;entra\u00eener et faire bouger toutes les parties de son corps. \u00c9quip\u00e9 des derniers appareils TechnoGym, vous pourrez rester en forme et vous sentir au mieux de votre forme pendant votre s\u00e9jour.<\/p>\n","protected":false},"excerpt":{"rendered":"<p>La salle de sport Muscle Bound, situ\u00e9e au 8e \u00e9tage et dont les grandes fen\u00eatres laissent entrer la lumi\u00e8re naturelle, est un endroit parfait pour s&rsquo;entra\u00eener et faire bouger toutes les parties de son corps. \u00c9quip\u00e9 des derniers appareils TechnoGym, vous pourrez rester en forme et vous sentir au mieux de votre forme pendant votre [&hellip;]<\/p>\n","protected":false},"author":3,"featured_media":0,"parent":1432,"menu_order":5,"comment_status":"closed","ping_status":"closed","template":"template-single-spa.php","meta":{"footnotes":""},"categories":[],"class_list":["post-1433","page","type-page","status-publish","hentry"],"acf":[],"yoast_head":"<!-- This site is optimized with the Yoast SEO plugin v26.9 - https:\/\/yoast.com\/product\/yoast-seo-wordpress\/ -->\n<title>MUSCLE BOUND GYM - Mercure Dubai Barsha Heights -<\/title>\n<meta name=\"description\" content=\"La salle de sport Muscle Bound, situ\u00e9e au 8e \u00e9tage et dont les grandes fen\u00eatres laissent entrer la lumi\u00e8re naturelle, est un endroit parfait pour s&#039;entra\u00eener et faire bouger toutes les parties de son corps. \u00c9quip\u00e9 des derniers appareils TechnoGym, vous pourrez rester en forme et vous sentir au mieux de votre forme pendant votre s\u00e9jour.\" \/>\n<meta name=\"robots\" content=\"index, follow, max-snippet:-1, max-image-preview:large, max-video-preview:-1\" \/>\n<link rel=\"canonical\" href=\"https:\/\/www.mercuredubaihotel.com\/fr\/recreation\/muscle-bound-gym\/\" \/>\n<meta property=\"og:locale\" content=\"fr_FR\" \/>\n<meta property=\"og:type\" content=\"article\" \/>\n<meta property=\"og:title\" content=\"MUSCLE BOUND GYM - Mercure Dubai Barsha Heights -\" \/>\n<meta property=\"og:description\" content=\"La salle de sport Muscle Bound, situ\u00e9e au 8e \u00e9tage et dont les grandes fen\u00eatres laissent entrer la lumi\u00e8re naturelle, est un endroit parfait pour s&#039;entra\u00eener et faire bouger toutes les parties de son corps. \u00c9quip\u00e9 des derniers appareils TechnoGym, vous pourrez rester en forme et vous sentir au mieux de votre forme pendant votre s\u00e9jour.\" \/>\n<meta property=\"og:url\" content=\"https:\/\/www.mercuredubaihotel.com\/fr\/recreation\/muscle-bound-gym\/\" \/>\n<meta property=\"og:site_name\" content=\"Mercure Dubai Barsha Heights\" \/>\n<meta property=\"article:modified_time\" content=\"2023-06-16T07:29:04+00:00\" \/>\n<meta property=\"og:image\" content=\"https:\/\/www.mercuredubaihotel.com\/wp-content\/uploads\/sites\/37\/2023\/02\/Mercure_dubai_barsha_heights_home_slide02.jpg\" \/>\n\t<meta property=\"og:image:width\" content=\"2200\" \/>\n\t<meta property=\"og:image:height\" content=\"1200\" \/>\n\t<meta property=\"og:image:type\" content=\"image\/jpeg\" \/>\n<meta name=\"twitter:card\" content=\"summary_large_image\" \/>\n<meta name=\"twitter:label1\" content=\"Dur\u00e9e de lecture est.\" \/>\n\t<meta name=\"twitter:data1\" content=\"1 minute\" \/>\n<script type=\"application\/ld+json\" class=\"yoast-schema-graph\">{\"@context\":\"https:\/\/schema.org\",\"@graph\":[{\"@type\":\"WebPage\",\"@id\":\"https:\/\/www.mercuredubaihotel.com\/fr\/recreation\/muscle-bound-gym\/\",\"url\":\"https:\/\/www.mercuredubaihotel.com\/fr\/recreation\/muscle-bound-gym\/\",\"name\":\"MUSCLE BOUND GYM - Mercure Dubai Barsha Heights -\",\"isPartOf\":{\"@id\":\"https:\/\/www.mercuredubaihotel.com\/#website\"},\"datePublished\":\"2023-02-24T14:00:05+00:00\",\"dateModified\":\"2023-06-16T07:29:04+00:00\",\"description\":\"La salle de sport Muscle Bound, situ\u00e9e au 8e \u00e9tage et dont les grandes fen\u00eatres laissent entrer la lumi\u00e8re naturelle, est un endroit parfait pour s'entra\u00eener et faire bouger toutes les parties de son corps. \u00c9quip\u00e9 des derniers appareils TechnoGym, vous pourrez rester en forme et vous sentir au mieux de votre forme pendant votre s\u00e9jour.\",\"breadcrumb\":{\"@id\":\"https:\/\/www.mercuredubaihotel.com\/fr\/recreation\/muscle-bound-gym\/#breadcrumb\"},\"inLanguage\":\"fr-FR\",\"potentialAction\":[{\"@type\":\"ReadAction\",\"target\":[\"https:\/\/www.mercuredubaihotel.com\/fr\/recreation\/muscle-bound-gym\/\"]}]},{\"@type\":\"BreadcrumbList\",\"@id\":\"https:\/\/www.mercuredubaihotel.com\/fr\/recreation\/muscle-bound-gym\/#breadcrumb\",\"itemListElement\":[{\"@type\":\"ListItem\",\"position\":1,\"name\":\"Home\",\"item\":\"https:\/\/www.mercuredubaihotel.com\/fr\/\"},{\"@type\":\"ListItem\",\"position\":2,\"name\":\"LOISIRS\",\"item\":\"https:\/\/www.mercuredubaihotel.com\/fr\/recreation\/\"},{\"@type\":\"ListItem\",\"position\":3,\"name\":\"MUSCLE BOUND GYM\"}]},{\"@type\":\"WebSite\",\"@id\":\"https:\/\/www.mercuredubaihotel.com\/#website\",\"url\":\"https:\/\/www.mercuredubaihotel.com\/\",\"name\":\"Mercure Dubai Barsha Heights\",\"description\":\"\",\"potentialAction\":[{\"@type\":\"SearchAction\",\"target\":{\"@type\":\"EntryPoint\",\"urlTemplate\":\"https:\/\/www.mercuredubaihotel.com\/?s={search_term_string}\"},\"query-input\":{\"@type\":\"PropertyValueSpecification\",\"valueRequired\":true,\"valueName\":\"search_term_string\"}}],\"inLanguage\":\"fr-FR\"}]}<\/script>\n<!-- \/ Yoast SEO plugin. -->","yoast_head_json":{"title":"MUSCLE BOUND GYM - Mercure Dubai Barsha Heights -","description":"La salle de sport Muscle Bound, situ\u00e9e au 8e \u00e9tage et dont les grandes fen\u00eatres laissent entrer la lumi\u00e8re naturelle, est un endroit parfait pour s'entra\u00eener et faire bouger toutes les parties de son corps. \u00c9quip\u00e9 des derniers appareils TechnoGym, vous pourrez rester en forme et vous sentir au mieux de votre forme pendant votre s\u00e9jour.","robots":{"index":"index","follow":"follow","max-snippet":"max-snippet:-1","max-image-preview":"max-image-preview:large","max-video-preview":"max-video-preview:-1"},"canonical":"https:\/\/www.mercuredubaihotel.com\/fr\/recreation\/muscle-bound-gym\/","og_locale":"fr_FR","og_type":"article","og_title":"MUSCLE BOUND GYM - Mercure Dubai Barsha Heights -","og_description":"La salle de sport Muscle Bound, situ\u00e9e au 8e \u00e9tage et dont les grandes fen\u00eatres laissent entrer la lumi\u00e8re naturelle, est un endroit parfait pour s'entra\u00eener et faire bouger toutes les parties de son corps. \u00c9quip\u00e9 des derniers appareils TechnoGym, vous pourrez rester en forme et vous sentir au mieux de votre forme pendant votre s\u00e9jour.","og_url":"https:\/\/www.mercuredubaihotel.com\/fr\/recreation\/muscle-bound-gym\/","og_site_name":"Mercure Dubai Barsha Heights","article_modified_time":"2023-06-16T07:29:04+00:00","og_image":[{"width":2200,"height":1200,"url":"https:\/\/www.mercuredubaihotel.com\/wp-content\/uploads\/sites\/37\/2023\/02\/Mercure_dubai_barsha_heights_home_slide02.jpg","type":"image\/jpeg"}],"twitter_card":"summary_large_image","twitter_misc":{"Dur\u00e9e de lecture est.":"1 minute"},"schema":{"@context":"https:\/\/schema.org","@graph":[{"@type":"WebPage","@id":"https:\/\/www.mercuredubaihotel.com\/fr\/recreation\/muscle-bound-gym\/","url":"https:\/\/www.mercuredubaihotel.com\/fr\/recreation\/muscle-bound-gym\/","name":"MUSCLE BOUND GYM - Mercure Dubai Barsha Heights -","isPartOf":{"@id":"https:\/\/www.mercuredubaihotel.com\/#website"},"datePublished":"2023-02-24T14:00:05+00:00","dateModified":"2023-06-16T07:29:04+00:00","description":"La salle de sport Muscle Bound, situ\u00e9e au 8e \u00e9tage et dont les grandes fen\u00eatres laissent entrer la lumi\u00e8re naturelle, est un endroit parfait pour s'entra\u00eener et faire bouger toutes les parties de son corps. \u00c9quip\u00e9 des derniers appareils TechnoGym, vous pourrez rester en forme et vous sentir au mieux de votre forme pendant votre s\u00e9jour.","breadcrumb":{"@id":"https:\/\/www.mercuredubaihotel.com\/fr\/recreation\/muscle-bound-gym\/#breadcrumb"},"inLanguage":"fr-FR","potentialAction":[{"@type":"ReadAction","target":["https:\/\/www.mercuredubaihotel.com\/fr\/recreation\/muscle-bound-gym\/"]}]},{"@type":"BreadcrumbList","@id":"https:\/\/www.mercuredubaihotel.com\/fr\/recreation\/muscle-bound-gym\/#breadcrumb","itemListElement":[{"@type":"ListItem","position":1,"name":"Home","item":"https:\/\/www.mercuredubaihotel.com\/fr\/"},{"@type":"ListItem","position":2,"name":"LOISIRS","item":"https:\/\/www.mercuredubaihotel.com\/fr\/recreation\/"},{"@type":"ListItem","position":3,"name":"MUSCLE BOUND GYM"}]},{"@type":"WebSite","@id":"https:\/\/www.mercuredubaihotel.com\/#website","url":"https:\/\/www.mercuredubaihotel.com\/","name":"Mercure Dubai Barsha Heights","description":"","potentialAction":[{"@type":"SearchAction","target":{"@type":"EntryPoint","urlTemplate":"https:\/\/www.mercuredubaihotel.com\/?s={search_term_string}"},"query-input":{"@type":"PropertyValueSpecification","valueRequired":true,"valueName":"search_term_string"}}],"inLanguage":"fr-FR"}]}},"_links":{"self":[{"href":"https:\/\/www.mercuredubaihotel.com\/fr\/wp-json\/wp\/v2\/pages\/1433","targetHints":{"allow":["GET"]}}],"collection":[{"href":"https:\/\/www.mercuredubaihotel.com\/fr\/wp-json\/wp\/v2\/pages"}],"about":[{"href":"https:\/\/www.mercuredubaihotel.com\/fr\/wp-json\/wp\/v2\/types\/page"}],"author":[{"embeddable":true,"href":"https:\/\/www.mercuredubaihotel.com\/fr\/wp-json\/wp\/v2\/users\/3"}],"replies":[{"embeddable":true,"href":"https:\/\/www.mercuredubaihotel.com\/fr\/wp-json\/wp\/v2\/comments?post=1433"}],"version-history":[{"count":0,"href":"https:\/\/www.mercuredubaihotel.com\/fr\/wp-json\/wp\/v2\/pages\/1433\/revisions"}],"up":[{"embeddable":true,"href":"https:\/\/www.mercuredubaihotel.com\/fr\/wp-json\/wp\/v2\/pages\/1432"}],"wp:attachment":[{"href":"https:\/\/www.mercuredubaihotel.com\/fr\/wp-json\/wp\/v2\/media?parent=1433"}],"wp:term":[{"taxonomy":"category","embeddable":true,"href":"https:\/\/www.mercuredubaihotel.com\/fr\/wp-json\/wp\/v2\/categories?post=1433"}],"curies":[{"name":"wp","href":"https:\/\/api.w.org\/{rel}","templated":true}]}}