{"id":1432,"date":"2023-02-24T13:30:12","date_gmt":"2023-02-24T13:30:12","guid":{"rendered":"https:\/\/www.mercuredubaihotel.com\/recreation\/"},"modified":"2025-01-02T07:12:22","modified_gmt":"2025-01-02T07:12:22","slug":"recreation","status":"publish","type":"page","link":"https:\/\/www.mercuredubaihotel.com\/fr\/recreation\/","title":{"rendered":"LOISIRS"},"content":{"rendered":"<p>Restez en forme sur le plan physique et mental tout au long de votre s\u00e9jour.<\/p>\n<p>Que ce soit dans un centre de remise en forme tout \u00e9quip\u00e9 ou dans une piscine, choisissez votre programme de la journ\u00e9e et faites monter votre rythme cardiaque.<\/p>\n","protected":false},"excerpt":{"rendered":"<p>Restez en forme sur le plan physique et mental tout au long de votre s\u00e9jour. Que ce soit dans un centre de remise en forme tout \u00e9quip\u00e9 ou dans une piscine, choisissez votre programme de la journ\u00e9e et faites monter votre rythme cardiaque.<\/p>\n","protected":false},"author":3,"featured_media":0,"parent":0,"menu_order":30,"comment_status":"closed","ping_status":"closed","template":"template-spa.php","meta":{"footnotes":""},"categories":[],"class_list":["post-1432","page","type-page","status-publish","hentry"],"acf":[],"yoast_head":"<!-- This site is optimized with the Yoast SEO plugin v26.9 - https:\/\/yoast.com\/product\/yoast-seo-wordpress\/ -->\n<title>LOISIRS - Mercure Dubai Barsha Heights -<\/title>\n<meta name=\"description\" content=\"Restez en forme sur le plan physique et mental tout au long de votre s\u00e9jour.  Que ce soit dans un centre de remise en forme tout \u00e9quip\u00e9 ou dans une piscine, choisissez votre programme de la journ\u00e9e et faites monter votre rythme cardiaque..\" \/>\n<meta name=\"robots\" content=\"index, follow, max-snippet:-1, max-image-preview:large, max-video-preview:-1\" \/>\n<link rel=\"canonical\" href=\"https:\/\/www.mercuredubaihotel.com\/fr\/recreation\/\" \/>\n<meta property=\"og:locale\" content=\"fr_FR\" \/>\n<meta property=\"og:type\" content=\"article\" \/>\n<meta property=\"og:title\" content=\"LOISIRS - Mercure Dubai Barsha Heights -\" \/>\n<meta property=\"og:description\" content=\"Restez en forme sur le plan physique et mental tout au long de votre s\u00e9jour.  Que ce soit dans un centre de remise en forme tout \u00e9quip\u00e9 ou dans une piscine, choisissez votre programme de la journ\u00e9e et faites monter votre rythme cardiaque..\" \/>\n<meta property=\"og:url\" content=\"https:\/\/www.mercuredubaihotel.com\/fr\/recreation\/\" \/>\n<meta property=\"og:site_name\" content=\"Mercure Dubai Barsha Heights\" \/>\n<meta property=\"article:modified_time\" content=\"2025-01-02T07:12:22+00:00\" \/>\n<meta property=\"og:image\" content=\"https:\/\/www.mercuredubaihotel.com\/wp-content\/uploads\/sites\/37\/2023\/02\/Mercure_dubai_barsha_heights_home_slide02.jpg\" \/>\n\t<meta property=\"og:image:width\" content=\"2200\" \/>\n\t<meta property=\"og:image:height\" content=\"1200\" \/>\n\t<meta property=\"og:image:type\" content=\"image\/jpeg\" \/>\n<meta name=\"twitter:card\" content=\"summary_large_image\" \/>\n<meta name=\"twitter:label1\" content=\"Dur\u00e9e de lecture est.\" \/>\n\t<meta name=\"twitter:data1\" content=\"1 minute\" \/>\n<script type=\"application\/ld+json\" class=\"yoast-schema-graph\">{\"@context\":\"https:\/\/schema.org\",\"@graph\":[{\"@type\":\"WebPage\",\"@id\":\"https:\/\/www.mercuredubaihotel.com\/fr\/recreation\/\",\"url\":\"https:\/\/www.mercuredubaihotel.com\/fr\/recreation\/\",\"name\":\"LOISIRS - Mercure Dubai Barsha Heights -\",\"isPartOf\":{\"@id\":\"https:\/\/www.mercuredubaihotel.com\/#website\"},\"datePublished\":\"2023-02-24T13:30:12+00:00\",\"dateModified\":\"2025-01-02T07:12:22+00:00\",\"description\":\"Restez en forme sur le plan physique et mental tout au long de votre s\u00e9jour. Que ce soit dans un centre de remise en forme tout \u00e9quip\u00e9 ou dans une piscine, choisissez votre programme de la journ\u00e9e et faites monter votre rythme cardiaque..\",\"breadcrumb\":{\"@id\":\"https:\/\/www.mercuredubaihotel.com\/fr\/recreation\/#breadcrumb\"},\"inLanguage\":\"fr-FR\",\"potentialAction\":[{\"@type\":\"ReadAction\",\"target\":[\"https:\/\/www.mercuredubaihotel.com\/fr\/recreation\/\"]}]},{\"@type\":\"BreadcrumbList\",\"@id\":\"https:\/\/www.mercuredubaihotel.com\/fr\/recreation\/#breadcrumb\",\"itemListElement\":[{\"@type\":\"ListItem\",\"position\":1,\"name\":\"Home\",\"item\":\"https:\/\/www.mercuredubaihotel.com\/fr\/\"},{\"@type\":\"ListItem\",\"position\":2,\"name\":\"LOISIRS\"}]},{\"@type\":\"WebSite\",\"@id\":\"https:\/\/www.mercuredubaihotel.com\/#website\",\"url\":\"https:\/\/www.mercuredubaihotel.com\/\",\"name\":\"Mercure Dubai Barsha Heights\",\"description\":\"\",\"potentialAction\":[{\"@type\":\"SearchAction\",\"target\":{\"@type\":\"EntryPoint\",\"urlTemplate\":\"https:\/\/www.mercuredubaihotel.com\/?s={search_term_string}\"},\"query-input\":{\"@type\":\"PropertyValueSpecification\",\"valueRequired\":true,\"valueName\":\"search_term_string\"}}],\"inLanguage\":\"fr-FR\"}]}<\/script>\n<!-- \/ Yoast SEO plugin. -->","yoast_head_json":{"title":"LOISIRS - Mercure Dubai Barsha Heights -","description":"Restez en forme sur le plan physique et mental tout au long de votre s\u00e9jour.  Que ce soit dans un centre de remise en forme tout \u00e9quip\u00e9 ou dans une piscine, choisissez votre programme de la journ\u00e9e et faites monter votre rythme cardiaque..","robots":{"index":"index","follow":"follow","max-snippet":"max-snippet:-1","max-image-preview":"max-image-preview:large","max-video-preview":"max-video-preview:-1"},"canonical":"https:\/\/www.mercuredubaihotel.com\/fr\/recreation\/","og_locale":"fr_FR","og_type":"article","og_title":"LOISIRS - Mercure Dubai Barsha Heights -","og_description":"Restez en forme sur le plan physique et mental tout au long de votre s\u00e9jour.  Que ce soit dans un centre de remise en forme tout \u00e9quip\u00e9 ou dans une piscine, choisissez votre programme de la journ\u00e9e et faites monter votre rythme cardiaque..","og_url":"https:\/\/www.mercuredubaihotel.com\/fr\/recreation\/","og_site_name":"Mercure Dubai Barsha Heights","article_modified_time":"2025-01-02T07:12:22+00:00","og_image":[{"width":2200,"height":1200,"url":"https:\/\/www.mercuredubaihotel.com\/wp-content\/uploads\/sites\/37\/2023\/02\/Mercure_dubai_barsha_heights_home_slide02.jpg","type":"image\/jpeg"}],"twitter_card":"summary_large_image","twitter_misc":{"Dur\u00e9e de lecture est.":"1 minute"},"schema":{"@context":"https:\/\/schema.org","@graph":[{"@type":"WebPage","@id":"https:\/\/www.mercuredubaihotel.com\/fr\/recreation\/","url":"https:\/\/www.mercuredubaihotel.com\/fr\/recreation\/","name":"LOISIRS - Mercure Dubai Barsha Heights -","isPartOf":{"@id":"https:\/\/www.mercuredubaihotel.com\/#website"},"datePublished":"2023-02-24T13:30:12+00:00","dateModified":"2025-01-02T07:12:22+00:00","description":"Restez en forme sur le plan physique et mental tout au long de votre s\u00e9jour. Que ce soit dans un centre de remise en forme tout \u00e9quip\u00e9 ou dans une piscine, choisissez votre programme de la journ\u00e9e et faites monter votre rythme cardiaque..","breadcrumb":{"@id":"https:\/\/www.mercuredubaihotel.com\/fr\/recreation\/#breadcrumb"},"inLanguage":"fr-FR","potentialAction":[{"@type":"ReadAction","target":["https:\/\/www.mercuredubaihotel.com\/fr\/recreation\/"]}]},{"@type":"BreadcrumbList","@id":"https:\/\/www.mercuredubaihotel.com\/fr\/recreation\/#breadcrumb","itemListElement":[{"@type":"ListItem","position":1,"name":"Home","item":"https:\/\/www.mercuredubaihotel.com\/fr\/"},{"@type":"ListItem","position":2,"name":"LOISIRS"}]},{"@type":"WebSite","@id":"https:\/\/www.mercuredubaihotel.com\/#website","url":"https:\/\/www.mercuredubaihotel.com\/","name":"Mercure Dubai Barsha Heights","description":"","potentialAction":[{"@type":"SearchAction","target":{"@type":"EntryPoint","urlTemplate":"https:\/\/www.mercuredubaihotel.com\/?s={search_term_string}"},"query-input":{"@type":"PropertyValueSpecification","valueRequired":true,"valueName":"search_term_string"}}],"inLanguage":"fr-FR"}]}},"_links":{"self":[{"href":"https:\/\/www.mercuredubaihotel.com\/fr\/wp-json\/wp\/v2\/pages\/1432","targetHints":{"allow":["GET"]}}],"collection":[{"href":"https:\/\/www.mercuredubaihotel.com\/fr\/wp-json\/wp\/v2\/pages"}],"about":[{"href":"https:\/\/www.mercuredubaihotel.com\/fr\/wp-json\/wp\/v2\/types\/page"}],"author":[{"embeddable":true,"href":"https:\/\/www.mercuredubaihotel.com\/fr\/wp-json\/wp\/v2\/users\/3"}],"replies":[{"embeddable":true,"href":"https:\/\/www.mercuredubaihotel.com\/fr\/wp-json\/wp\/v2\/comments?post=1432"}],"version-history":[{"count":0,"href":"https:\/\/www.mercuredubaihotel.com\/fr\/wp-json\/wp\/v2\/pages\/1432\/revisions"}],"wp:attachment":[{"href":"https:\/\/www.mercuredubaihotel.com\/fr\/wp-json\/wp\/v2\/media?parent=1432"}],"wp:term":[{"taxonomy":"category","embeddable":true,"href":"https:\/\/www.mercuredubaihotel.com\/fr\/wp-json\/wp\/v2\/categories?post=1432"}],"curies":[{"name":"wp","href":"https:\/\/api.w.org\/{rel}","templated":true}]}}