{"id":1429,"date":"2023-02-24T09:18:29","date_gmt":"2023-02-24T09:18:29","guid":{"rendered":"https:\/\/www.mercuredubaihotel.com\/restaurants-bars\/code-8-mixolounge\/"},"modified":"2024-08-12T10:15:46","modified_gmt":"2024-08-12T10:15:46","slug":"ashoka-mixolounge","status":"publish","type":"page","link":"https:\/\/www.mercuredubaihotel.com\/fr\/restaurants-bars\/ashoka-mixolounge\/","title":{"rendered":"Ashoka Mixolounge"},"content":{"rendered":"<p>Install\u00e9 en plein c\u0153ur d&rsquo;Al Barsha, dot\u00e9 d&rsquo;une terrasse donnant sur la rue principale Cheikh Zayed Road, ce lieu de 1 200 m\u00e8tres carr\u00e9s constitue un concept de mixolounge branch\u00e9 qui rayonne d&rsquo;une atmosph\u00e8re positive et accueillante. Avec un menu inspir\u00e9 des cuisines du monde, il dispose de son propre salon VIP, d&rsquo;un laboratoire de mixolounge et d&rsquo;une terrasse ext\u00e9rieure Instagramable qui mettra \u00e0 coup s\u00fbr le feu \u00e0 votre fil d&rsquo;actualit\u00e9.<\/p>\n","protected":false},"excerpt":{"rendered":"<p>Install\u00e9 en plein c\u0153ur d&rsquo;Al Barsha, dot\u00e9 d&rsquo;une terrasse donnant sur la rue principale Cheikh Zayed Road, ce lieu de 1 200 m\u00e8tres carr\u00e9s constitue un concept de mixolounge branch\u00e9 qui rayonne d&rsquo;une atmosph\u00e8re positive et accueillante. Avec un menu inspir\u00e9 des cuisines du monde, il dispose de son propre salon VIP, d&rsquo;un laboratoire de [&hellip;]<\/p>\n","protected":false},"author":3,"featured_media":0,"parent":1425,"menu_order":4,"comment_status":"closed","ping_status":"closed","template":"template-restaurant.php","meta":{"footnotes":""},"categories":[79],"class_list":["post-1429","page","type-page","status-publish","hentry","category-restaurants-fr"],"acf":[],"yoast_head":"<!-- This site is optimized with the Yoast SEO plugin v26.9 - https:\/\/yoast.com\/product\/yoast-seo-wordpress\/ -->\n<title>Ashoka Mixolounge - Mercure Dubai Barsha Heights -<\/title>\n<meta name=\"description\" content=\"Install\u00e9 en plein c\u0153ur d&#039;Al Barsha, dot\u00e9 d&#039;une terrasse donnant sur la rue principale Cheikh Zayed Road, ce lieu de 1 200 m\u00e8tres carr\u00e9s constitue un concept de mixolounge branch\u00e9 qui rayonne d&#039;une atmosph\u00e8re positive et accueillante. Avec un menu inspir\u00e9 des cuisines du monde, il dispose de son propre salon VIP, d&#039;un laboratoire de mixolounge et d&#039;une terrasse ext\u00e9rieure Instagramable qui mettra \u00e0 coup s\u00fbr le feu \u00e0 votre fil d&#039;actualit\u00e9.\" \/>\n<meta name=\"robots\" content=\"index, follow, max-snippet:-1, max-image-preview:large, max-video-preview:-1\" \/>\n<link rel=\"canonical\" href=\"https:\/\/www.mercuredubaihotel.com\/fr\/restaurants-bars\/ashoka-mixolounge\/\" \/>\n<meta property=\"og:locale\" content=\"fr_FR\" \/>\n<meta property=\"og:type\" content=\"article\" \/>\n<meta property=\"og:title\" content=\"Ashoka Mixolounge - Mercure Dubai Barsha Heights -\" \/>\n<meta property=\"og:description\" content=\"Install\u00e9 en plein c\u0153ur d&#039;Al Barsha, dot\u00e9 d&#039;une terrasse donnant sur la rue principale Cheikh Zayed Road, ce lieu de 1 200 m\u00e8tres carr\u00e9s constitue un concept de mixolounge branch\u00e9 qui rayonne d&#039;une atmosph\u00e8re positive et accueillante. Avec un menu inspir\u00e9 des cuisines du monde, il dispose de son propre salon VIP, d&#039;un laboratoire de mixolounge et d&#039;une terrasse ext\u00e9rieure Instagramable qui mettra \u00e0 coup s\u00fbr le feu \u00e0 votre fil d&#039;actualit\u00e9.\" \/>\n<meta property=\"og:url\" content=\"https:\/\/www.mercuredubaihotel.com\/fr\/restaurants-bars\/ashoka-mixolounge\/\" \/>\n<meta property=\"og:site_name\" content=\"Mercure Dubai Barsha Heights\" \/>\n<meta property=\"article:modified_time\" content=\"2024-08-12T10:15:46+00:00\" \/>\n<meta property=\"og:image\" content=\"https:\/\/www.mercuredubaihotel.com\/wp-content\/uploads\/sites\/37\/2023\/02\/Mercure_dubai_barsha_heights_home_slide02.jpg\" \/>\n\t<meta property=\"og:image:width\" content=\"2200\" \/>\n\t<meta property=\"og:image:height\" content=\"1200\" \/>\n\t<meta property=\"og:image:type\" content=\"image\/jpeg\" \/>\n<meta name=\"twitter:card\" content=\"summary_large_image\" \/>\n<meta name=\"twitter:label1\" content=\"Dur\u00e9e de lecture est.\" \/>\n\t<meta name=\"twitter:data1\" content=\"1 minute\" \/>\n<script type=\"application\/ld+json\" class=\"yoast-schema-graph\">{\"@context\":\"https:\/\/schema.org\",\"@graph\":[{\"@type\":\"WebPage\",\"@id\":\"https:\/\/www.mercuredubaihotel.com\/fr\/restaurants-bars\/ashoka-mixolounge\/\",\"url\":\"https:\/\/www.mercuredubaihotel.com\/fr\/restaurants-bars\/ashoka-mixolounge\/\",\"name\":\"Ashoka Mixolounge - Mercure Dubai Barsha Heights -\",\"isPartOf\":{\"@id\":\"https:\/\/www.mercuredubaihotel.com\/#website\"},\"datePublished\":\"2023-02-24T09:18:29+00:00\",\"dateModified\":\"2024-08-12T10:15:46+00:00\",\"description\":\"Install\u00e9 en plein c\u0153ur d'Al Barsha, dot\u00e9 d'une terrasse donnant sur la rue principale Cheikh Zayed Road, ce lieu de 1 200 m\u00e8tres carr\u00e9s constitue un concept de mixolounge branch\u00e9 qui rayonne d'une atmosph\u00e8re positive et accueillante. Avec un menu inspir\u00e9 des cuisines du monde, il dispose de son propre salon VIP, d'un laboratoire de mixolounge et d'une terrasse ext\u00e9rieure Instagramable qui mettra \u00e0 coup s\u00fbr le feu \u00e0 votre fil d'actualit\u00e9.\",\"breadcrumb\":{\"@id\":\"https:\/\/www.mercuredubaihotel.com\/fr\/restaurants-bars\/ashoka-mixolounge\/#breadcrumb\"},\"inLanguage\":\"fr-FR\",\"potentialAction\":[{\"@type\":\"ReadAction\",\"target\":[\"https:\/\/www.mercuredubaihotel.com\/fr\/restaurants-bars\/ashoka-mixolounge\/\"]}]},{\"@type\":\"BreadcrumbList\",\"@id\":\"https:\/\/www.mercuredubaihotel.com\/fr\/restaurants-bars\/ashoka-mixolounge\/#breadcrumb\",\"itemListElement\":[{\"@type\":\"ListItem\",\"position\":1,\"name\":\"Home\",\"item\":\"https:\/\/www.mercuredubaihotel.com\/fr\/\"},{\"@type\":\"ListItem\",\"position\":2,\"name\":\"RESTAURANTS ET BARS\",\"item\":\"https:\/\/www.mercuredubaihotel.com\/fr\/restaurants-bars\/\"},{\"@type\":\"ListItem\",\"position\":3,\"name\":\"Ashoka Mixolounge\"}]},{\"@type\":\"WebSite\",\"@id\":\"https:\/\/www.mercuredubaihotel.com\/#website\",\"url\":\"https:\/\/www.mercuredubaihotel.com\/\",\"name\":\"Mercure Dubai Barsha Heights\",\"description\":\"\",\"potentialAction\":[{\"@type\":\"SearchAction\",\"target\":{\"@type\":\"EntryPoint\",\"urlTemplate\":\"https:\/\/www.mercuredubaihotel.com\/?s={search_term_string}\"},\"query-input\":{\"@type\":\"PropertyValueSpecification\",\"valueRequired\":true,\"valueName\":\"search_term_string\"}}],\"inLanguage\":\"fr-FR\"}]}<\/script>\n<!-- \/ Yoast SEO plugin. -->","yoast_head_json":{"title":"Ashoka Mixolounge - Mercure Dubai Barsha Heights -","description":"Install\u00e9 en plein c\u0153ur d'Al Barsha, dot\u00e9 d'une terrasse donnant sur la rue principale Cheikh Zayed Road, ce lieu de 1 200 m\u00e8tres carr\u00e9s constitue un concept de mixolounge branch\u00e9 qui rayonne d'une atmosph\u00e8re positive et accueillante. Avec un menu inspir\u00e9 des cuisines du monde, il dispose de son propre salon VIP, d'un laboratoire de mixolounge et d'une terrasse ext\u00e9rieure Instagramable qui mettra \u00e0 coup s\u00fbr le feu \u00e0 votre fil d'actualit\u00e9.","robots":{"index":"index","follow":"follow","max-snippet":"max-snippet:-1","max-image-preview":"max-image-preview:large","max-video-preview":"max-video-preview:-1"},"canonical":"https:\/\/www.mercuredubaihotel.com\/fr\/restaurants-bars\/ashoka-mixolounge\/","og_locale":"fr_FR","og_type":"article","og_title":"Ashoka Mixolounge - Mercure Dubai Barsha Heights -","og_description":"Install\u00e9 en plein c\u0153ur d'Al Barsha, dot\u00e9 d'une terrasse donnant sur la rue principale Cheikh Zayed Road, ce lieu de 1 200 m\u00e8tres carr\u00e9s constitue un concept de mixolounge branch\u00e9 qui rayonne d'une atmosph\u00e8re positive et accueillante. Avec un menu inspir\u00e9 des cuisines du monde, il dispose de son propre salon VIP, d'un laboratoire de mixolounge et d'une terrasse ext\u00e9rieure Instagramable qui mettra \u00e0 coup s\u00fbr le feu \u00e0 votre fil d'actualit\u00e9.","og_url":"https:\/\/www.mercuredubaihotel.com\/fr\/restaurants-bars\/ashoka-mixolounge\/","og_site_name":"Mercure Dubai Barsha Heights","article_modified_time":"2024-08-12T10:15:46+00:00","og_image":[{"width":2200,"height":1200,"url":"https:\/\/www.mercuredubaihotel.com\/wp-content\/uploads\/sites\/37\/2023\/02\/Mercure_dubai_barsha_heights_home_slide02.jpg","type":"image\/jpeg"}],"twitter_card":"summary_large_image","twitter_misc":{"Dur\u00e9e de lecture est.":"1 minute"},"schema":{"@context":"https:\/\/schema.org","@graph":[{"@type":"WebPage","@id":"https:\/\/www.mercuredubaihotel.com\/fr\/restaurants-bars\/ashoka-mixolounge\/","url":"https:\/\/www.mercuredubaihotel.com\/fr\/restaurants-bars\/ashoka-mixolounge\/","name":"Ashoka Mixolounge - Mercure Dubai Barsha Heights -","isPartOf":{"@id":"https:\/\/www.mercuredubaihotel.com\/#website"},"datePublished":"2023-02-24T09:18:29+00:00","dateModified":"2024-08-12T10:15:46+00:00","description":"Install\u00e9 en plein c\u0153ur d'Al Barsha, dot\u00e9 d'une terrasse donnant sur la rue principale Cheikh Zayed Road, ce lieu de 1 200 m\u00e8tres carr\u00e9s constitue un concept de mixolounge branch\u00e9 qui rayonne d'une atmosph\u00e8re positive et accueillante. Avec un menu inspir\u00e9 des cuisines du monde, il dispose de son propre salon VIP, d'un laboratoire de mixolounge et d'une terrasse ext\u00e9rieure Instagramable qui mettra \u00e0 coup s\u00fbr le feu \u00e0 votre fil d'actualit\u00e9.","breadcrumb":{"@id":"https:\/\/www.mercuredubaihotel.com\/fr\/restaurants-bars\/ashoka-mixolounge\/#breadcrumb"},"inLanguage":"fr-FR","potentialAction":[{"@type":"ReadAction","target":["https:\/\/www.mercuredubaihotel.com\/fr\/restaurants-bars\/ashoka-mixolounge\/"]}]},{"@type":"BreadcrumbList","@id":"https:\/\/www.mercuredubaihotel.com\/fr\/restaurants-bars\/ashoka-mixolounge\/#breadcrumb","itemListElement":[{"@type":"ListItem","position":1,"name":"Home","item":"https:\/\/www.mercuredubaihotel.com\/fr\/"},{"@type":"ListItem","position":2,"name":"RESTAURANTS ET BARS","item":"https:\/\/www.mercuredubaihotel.com\/fr\/restaurants-bars\/"},{"@type":"ListItem","position":3,"name":"Ashoka Mixolounge"}]},{"@type":"WebSite","@id":"https:\/\/www.mercuredubaihotel.com\/#website","url":"https:\/\/www.mercuredubaihotel.com\/","name":"Mercure Dubai Barsha Heights","description":"","potentialAction":[{"@type":"SearchAction","target":{"@type":"EntryPoint","urlTemplate":"https:\/\/www.mercuredubaihotel.com\/?s={search_term_string}"},"query-input":{"@type":"PropertyValueSpecification","valueRequired":true,"valueName":"search_term_string"}}],"inLanguage":"fr-FR"}]}},"_links":{"self":[{"href":"https:\/\/www.mercuredubaihotel.com\/fr\/wp-json\/wp\/v2\/pages\/1429","targetHints":{"allow":["GET"]}}],"collection":[{"href":"https:\/\/www.mercuredubaihotel.com\/fr\/wp-json\/wp\/v2\/pages"}],"about":[{"href":"https:\/\/www.mercuredubaihotel.com\/fr\/wp-json\/wp\/v2\/types\/page"}],"author":[{"embeddable":true,"href":"https:\/\/www.mercuredubaihotel.com\/fr\/wp-json\/wp\/v2\/users\/3"}],"replies":[{"embeddable":true,"href":"https:\/\/www.mercuredubaihotel.com\/fr\/wp-json\/wp\/v2\/comments?post=1429"}],"version-history":[{"count":0,"href":"https:\/\/www.mercuredubaihotel.com\/fr\/wp-json\/wp\/v2\/pages\/1429\/revisions"}],"up":[{"embeddable":true,"href":"https:\/\/www.mercuredubaihotel.com\/fr\/wp-json\/wp\/v2\/pages\/1425"}],"wp:attachment":[{"href":"https:\/\/www.mercuredubaihotel.com\/fr\/wp-json\/wp\/v2\/media?parent=1429"}],"wp:term":[{"taxonomy":"category","embeddable":true,"href":"https:\/\/www.mercuredubaihotel.com\/fr\/wp-json\/wp\/v2\/categories?post=1429"}],"curies":[{"name":"wp","href":"https:\/\/api.w.org\/{rel}","templated":true}]}}