{"id":1425,"date":"2023-02-24T08:49:04","date_gmt":"2023-02-24T08:49:04","guid":{"rendered":"https:\/\/www.mercuredubaihotel.com\/restaurants-bars\/"},"modified":"2023-06-16T07:58:13","modified_gmt":"2023-06-16T07:58:13","slug":"restaurants-bars","status":"publish","type":"page","link":"https:\/\/www.mercuredubaihotel.com\/fr\/restaurants-bars\/","title":{"rendered":"RESTAURANTS ET BARS"},"content":{"rendered":"<p>Gr\u00e2ce aux 4 restaurants et lieux de divertissement de l&rsquo;h\u00f4tel, vous ne serez pas g\u00ean\u00e9 de chercher trop loin en cas de faim. Le temps des repas est agr\u00e9able, en particulier gr\u00e2ce \u00e0 l&rsquo;ascenseur qui vous permet d&rsquo;y acc\u00e9der en un clin d&rsquo;\u0153il !<\/p>\n","protected":false},"excerpt":{"rendered":"<p>Enjoy casual dining experiences, just a keycard tap away.<\/p>\n","protected":false},"author":3,"featured_media":0,"parent":0,"menu_order":20,"comment_status":"closed","ping_status":"closed","template":"template-restaurants.php","meta":{"footnotes":""},"categories":[],"class_list":["post-1425","page","type-page","status-publish","hentry"],"acf":[],"yoast_head":"<!-- This site is optimized with the Yoast SEO plugin v26.9 - https:\/\/yoast.com\/product\/yoast-seo-wordpress\/ -->\n<title>Family Restaurants in Dubai | Mercure Dubai Barsha Heights<\/title>\n<meta name=\"description\" content=\"Gr\u00e2ce aux 4 restaurants et lieux de divertissement de l&#039;h\u00f4tel, vous ne serez pas g\u00ean\u00e9 de chercher trop loin en cas de faim. Le temps des repas est agr\u00e9able, en particulier gr\u00e2ce \u00e0 l&#039;ascenseur qui vous permet d&#039;y acc\u00e9der en un clin d&#039;\u0153il !\" \/>\n<meta name=\"robots\" content=\"index, follow, max-snippet:-1, max-image-preview:large, max-video-preview:-1\" \/>\n<link rel=\"canonical\" href=\"https:\/\/www.mercuredubaihotel.com\/fr\/restaurants-bars\/\" \/>\n<meta property=\"og:locale\" content=\"fr_FR\" \/>\n<meta property=\"og:type\" content=\"article\" \/>\n<meta property=\"og:title\" content=\"Family Restaurants in Dubai | Mercure Dubai Barsha Heights\" \/>\n<meta property=\"og:description\" content=\"Gr\u00e2ce aux 4 restaurants et lieux de divertissement de l&#039;h\u00f4tel, vous ne serez pas g\u00ean\u00e9 de chercher trop loin en cas de faim. Le temps des repas est agr\u00e9able, en particulier gr\u00e2ce \u00e0 l&#039;ascenseur qui vous permet d&#039;y acc\u00e9der en un clin d&#039;\u0153il !\" \/>\n<meta property=\"og:url\" content=\"https:\/\/www.mercuredubaihotel.com\/fr\/restaurants-bars\/\" \/>\n<meta property=\"og:site_name\" content=\"Mercure Dubai Barsha Heights\" \/>\n<meta property=\"article:modified_time\" content=\"2023-06-16T07:58:13+00:00\" \/>\n<meta property=\"og:image\" content=\"https:\/\/www.mercuredubaihotel.com\/wp-content\/uploads\/sites\/37\/2023\/02\/Mercure_dubai_barsha_heights_home_slide02.jpg\" \/>\n\t<meta property=\"og:image:width\" content=\"2200\" \/>\n\t<meta property=\"og:image:height\" content=\"1200\" \/>\n\t<meta property=\"og:image:type\" content=\"image\/jpeg\" \/>\n<meta name=\"twitter:card\" content=\"summary_large_image\" \/>\n<meta name=\"twitter:label1\" content=\"Dur\u00e9e de lecture est.\" \/>\n\t<meta name=\"twitter:data1\" content=\"1 minute\" \/>\n<script type=\"application\/ld+json\" class=\"yoast-schema-graph\">{\"@context\":\"https:\/\/schema.org\",\"@graph\":[{\"@type\":\"WebPage\",\"@id\":\"https:\/\/www.mercuredubaihotel.com\/fr\/restaurants-bars\/\",\"url\":\"https:\/\/www.mercuredubaihotel.com\/fr\/restaurants-bars\/\",\"name\":\"Family Restaurants in Dubai | Mercure Dubai Barsha Heights\",\"isPartOf\":{\"@id\":\"https:\/\/www.mercuredubaihotel.com\/#website\"},\"datePublished\":\"2023-02-24T08:49:04+00:00\",\"dateModified\":\"2023-06-16T07:58:13+00:00\",\"description\":\"Gr\u00e2ce aux 4 restaurants et lieux de divertissement de l'h\u00f4tel, vous ne serez pas g\u00ean\u00e9 de chercher trop loin en cas de faim. Le temps des repas est agr\u00e9able, en particulier gr\u00e2ce \u00e0 l'ascenseur qui vous permet d'y acc\u00e9der en un clin d'\u0153il !\",\"breadcrumb\":{\"@id\":\"https:\/\/www.mercuredubaihotel.com\/fr\/restaurants-bars\/#breadcrumb\"},\"inLanguage\":\"fr-FR\",\"potentialAction\":[{\"@type\":\"ReadAction\",\"target\":[\"https:\/\/www.mercuredubaihotel.com\/fr\/restaurants-bars\/\"]}]},{\"@type\":\"BreadcrumbList\",\"@id\":\"https:\/\/www.mercuredubaihotel.com\/fr\/restaurants-bars\/#breadcrumb\",\"itemListElement\":[{\"@type\":\"ListItem\",\"position\":1,\"name\":\"Home\",\"item\":\"https:\/\/www.mercuredubaihotel.com\/fr\/\"},{\"@type\":\"ListItem\",\"position\":2,\"name\":\"RESTAURANTS ET BARS\"}]},{\"@type\":\"WebSite\",\"@id\":\"https:\/\/www.mercuredubaihotel.com\/#website\",\"url\":\"https:\/\/www.mercuredubaihotel.com\/\",\"name\":\"Mercure Dubai Barsha Heights\",\"description\":\"\",\"potentialAction\":[{\"@type\":\"SearchAction\",\"target\":{\"@type\":\"EntryPoint\",\"urlTemplate\":\"https:\/\/www.mercuredubaihotel.com\/?s={search_term_string}\"},\"query-input\":{\"@type\":\"PropertyValueSpecification\",\"valueRequired\":true,\"valueName\":\"search_term_string\"}}],\"inLanguage\":\"fr-FR\"}]}<\/script>\n<!-- \/ Yoast SEO plugin. -->","yoast_head_json":{"title":"Family Restaurants in Dubai | Mercure Dubai Barsha Heights","description":"Gr\u00e2ce aux 4 restaurants et lieux de divertissement de l'h\u00f4tel, vous ne serez pas g\u00ean\u00e9 de chercher trop loin en cas de faim. Le temps des repas est agr\u00e9able, en particulier gr\u00e2ce \u00e0 l'ascenseur qui vous permet d'y acc\u00e9der en un clin d'\u0153il !","robots":{"index":"index","follow":"follow","max-snippet":"max-snippet:-1","max-image-preview":"max-image-preview:large","max-video-preview":"max-video-preview:-1"},"canonical":"https:\/\/www.mercuredubaihotel.com\/fr\/restaurants-bars\/","og_locale":"fr_FR","og_type":"article","og_title":"Family Restaurants in Dubai | Mercure Dubai Barsha Heights","og_description":"Gr\u00e2ce aux 4 restaurants et lieux de divertissement de l'h\u00f4tel, vous ne serez pas g\u00ean\u00e9 de chercher trop loin en cas de faim. Le temps des repas est agr\u00e9able, en particulier gr\u00e2ce \u00e0 l'ascenseur qui vous permet d'y acc\u00e9der en un clin d'\u0153il !","og_url":"https:\/\/www.mercuredubaihotel.com\/fr\/restaurants-bars\/","og_site_name":"Mercure Dubai Barsha Heights","article_modified_time":"2023-06-16T07:58:13+00:00","og_image":[{"width":2200,"height":1200,"url":"https:\/\/www.mercuredubaihotel.com\/wp-content\/uploads\/sites\/37\/2023\/02\/Mercure_dubai_barsha_heights_home_slide02.jpg","type":"image\/jpeg"}],"twitter_card":"summary_large_image","twitter_misc":{"Dur\u00e9e de lecture est.":"1 minute"},"schema":{"@context":"https:\/\/schema.org","@graph":[{"@type":"WebPage","@id":"https:\/\/www.mercuredubaihotel.com\/fr\/restaurants-bars\/","url":"https:\/\/www.mercuredubaihotel.com\/fr\/restaurants-bars\/","name":"Family Restaurants in Dubai | Mercure Dubai Barsha Heights","isPartOf":{"@id":"https:\/\/www.mercuredubaihotel.com\/#website"},"datePublished":"2023-02-24T08:49:04+00:00","dateModified":"2023-06-16T07:58:13+00:00","description":"Gr\u00e2ce aux 4 restaurants et lieux de divertissement de l'h\u00f4tel, vous ne serez pas g\u00ean\u00e9 de chercher trop loin en cas de faim. Le temps des repas est agr\u00e9able, en particulier gr\u00e2ce \u00e0 l'ascenseur qui vous permet d'y acc\u00e9der en un clin d'\u0153il !","breadcrumb":{"@id":"https:\/\/www.mercuredubaihotel.com\/fr\/restaurants-bars\/#breadcrumb"},"inLanguage":"fr-FR","potentialAction":[{"@type":"ReadAction","target":["https:\/\/www.mercuredubaihotel.com\/fr\/restaurants-bars\/"]}]},{"@type":"BreadcrumbList","@id":"https:\/\/www.mercuredubaihotel.com\/fr\/restaurants-bars\/#breadcrumb","itemListElement":[{"@type":"ListItem","position":1,"name":"Home","item":"https:\/\/www.mercuredubaihotel.com\/fr\/"},{"@type":"ListItem","position":2,"name":"RESTAURANTS ET BARS"}]},{"@type":"WebSite","@id":"https:\/\/www.mercuredubaihotel.com\/#website","url":"https:\/\/www.mercuredubaihotel.com\/","name":"Mercure Dubai Barsha Heights","description":"","potentialAction":[{"@type":"SearchAction","target":{"@type":"EntryPoint","urlTemplate":"https:\/\/www.mercuredubaihotel.com\/?s={search_term_string}"},"query-input":{"@type":"PropertyValueSpecification","valueRequired":true,"valueName":"search_term_string"}}],"inLanguage":"fr-FR"}]}},"_links":{"self":[{"href":"https:\/\/www.mercuredubaihotel.com\/fr\/wp-json\/wp\/v2\/pages\/1425","targetHints":{"allow":["GET"]}}],"collection":[{"href":"https:\/\/www.mercuredubaihotel.com\/fr\/wp-json\/wp\/v2\/pages"}],"about":[{"href":"https:\/\/www.mercuredubaihotel.com\/fr\/wp-json\/wp\/v2\/types\/page"}],"author":[{"embeddable":true,"href":"https:\/\/www.mercuredubaihotel.com\/fr\/wp-json\/wp\/v2\/users\/3"}],"replies":[{"embeddable":true,"href":"https:\/\/www.mercuredubaihotel.com\/fr\/wp-json\/wp\/v2\/comments?post=1425"}],"version-history":[{"count":0,"href":"https:\/\/www.mercuredubaihotel.com\/fr\/wp-json\/wp\/v2\/pages\/1425\/revisions"}],"wp:attachment":[{"href":"https:\/\/www.mercuredubaihotel.com\/fr\/wp-json\/wp\/v2\/media?parent=1425"}],"wp:term":[{"taxonomy":"category","embeddable":true,"href":"https:\/\/www.mercuredubaihotel.com\/fr\/wp-json\/wp\/v2\/categories?post=1425"}],"curies":[{"name":"wp","href":"https:\/\/api.w.org\/{rel}","templated":true}]}}