{"id":1424,"date":"2023-02-23T16:42:16","date_gmt":"2023-02-23T16:42:16","guid":{"rendered":"https:\/\/www.mercuredubaihotel.com\/apartments\/two-bedroom-skyline-view\/"},"modified":"2025-07-10T15:19:01","modified_gmt":"2025-07-10T15:19:01","slug":"two-bedroom-skyline-view","status":"publish","type":"page","link":"https:\/\/www.mercuredubaihotel.com\/fr\/apartments\/two-bedroom-skyline-view\/","title":{"rendered":"Deux chambres avec vue sur l&rsquo;horizon"},"content":{"rendered":"<p>Vous \u00eates en vacances, mais avec tout ce qu&rsquo;il faut pour \u00eatre chez vous, et faites-nous confiance, vous en appr\u00e9cierez chaque minute ! Chaque matin, vous vous r\u00e9veillez dans votre propre appartement de 105 m\u00e8tres carr\u00e9s dot\u00e9 de tous les services, avec un lave-vaisselle et une machine \u00e0 laver, et la possibilit\u00e9 de pr\u00e9parer votre propre petit d\u00e9jeuner et de faire les choses \u00e0 votre rythme dans la cuisine. L&rsquo;appartement comprend deux chambres dot\u00e9es d&rsquo;un balcon priv\u00e9. Prenez le temps de prendre des photos de l&rsquo;horizon de Duba\u00ef et de cr\u00e9er vos propres souvenirs.<\/p>\n<p>Le WiFi est mis \u00e0 votre disposition gratuitement tout au long de votre s\u00e9jour. Tous les appartements de deux chambres disposent d&rsquo;un lit royal et de 1 lit \u00e0 deux places.<\/p>\n<p>Les appartements sont propos\u00e9s dans quatre styles diff\u00e9rents : Californien, Moderne, Classique, M\u00e9diterran\u00e9en. Pour en savoir plus, il suffit d&rsquo;en faire la demande.<\/p>\n","protected":false},"excerpt":{"rendered":"<p>Vous \u00eates en vacances, mais avec tout ce qu&rsquo;il faut pour \u00eatre chez vous, et faites-nous confiance, vous en appr\u00e9cierez chaque minute ! Chaque matin, vous vous r\u00e9veillez dans votre propre appartement de 105 m\u00e8tres carr\u00e9s dot\u00e9 de tous les services, avec un lave-vaisselle et une machine \u00e0 laver, et la possibilit\u00e9 de pr\u00e9parer votre [&hellip;]<\/p>\n","protected":false},"author":3,"featured_media":0,"parent":1412,"menu_order":20,"comment_status":"closed","ping_status":"closed","template":"template-room.php","meta":{"footnotes":""},"categories":[],"class_list":["post-1424","page","type-page","status-publish","hentry"],"acf":[],"yoast_head":"<!-- This site is optimized with the Yoast SEO plugin v26.9 - https:\/\/yoast.com\/product\/yoast-seo-wordpress\/ -->\n<title>Deux chambres avec vue sur l&#039;horizon - Mercure Dubai Barsha Heights -<\/title>\n<meta name=\"description\" content=\"Vous \u00eates en vacances, mais avec tout ce qu&#039;il faut pour \u00eatre chez vous, et faites-nous confiance, vous en appr\u00e9cierez chaque minute ! Chaque matin, vous vous r\u00e9veillez dans votre propre appartement de 105 m\u00e8tres carr\u00e9s dot\u00e9 de tous les services, avec un lave-vaisselle et une machine \u00e0 laver, et la possibilit\u00e9 de pr\u00e9parer votre propre petit d\u00e9jeuner et de faire les choses \u00e0 votre rythme dans la cuisine. L&#039;appartement comprend deux chambres dot\u00e9es d&#039;un balcon priv\u00e9\" \/>\n<meta name=\"robots\" content=\"index, follow, max-snippet:-1, max-image-preview:large, max-video-preview:-1\" \/>\n<link rel=\"canonical\" href=\"https:\/\/www.mercuredubaihotel.com\/fr\/apartments\/two-bedroom-skyline-view\/\" \/>\n<meta property=\"og:locale\" content=\"fr_FR\" \/>\n<meta property=\"og:type\" content=\"article\" \/>\n<meta property=\"og:title\" content=\"Deux chambres avec vue sur l&#039;horizon - Mercure Dubai Barsha Heights -\" \/>\n<meta property=\"og:description\" content=\"Vous \u00eates en vacances, mais avec tout ce qu&#039;il faut pour \u00eatre chez vous, et faites-nous confiance, vous en appr\u00e9cierez chaque minute ! Chaque matin, vous vous r\u00e9veillez dans votre propre appartement de 105 m\u00e8tres carr\u00e9s dot\u00e9 de tous les services, avec un lave-vaisselle et une machine \u00e0 laver, et la possibilit\u00e9 de pr\u00e9parer votre propre petit d\u00e9jeuner et de faire les choses \u00e0 votre rythme dans la cuisine. L&#039;appartement comprend deux chambres dot\u00e9es d&#039;un balcon priv\u00e9\" \/>\n<meta property=\"og:url\" content=\"https:\/\/www.mercuredubaihotel.com\/fr\/apartments\/two-bedroom-skyline-view\/\" \/>\n<meta property=\"og:site_name\" content=\"Mercure Dubai Barsha Heights\" \/>\n<meta property=\"article:modified_time\" content=\"2025-07-10T15:19:01+00:00\" \/>\n<meta property=\"og:image\" content=\"https:\/\/www.mercuredubaihotel.com\/wp-content\/uploads\/sites\/37\/2023\/02\/Mercure_dubai_barsha_heights_home_slide02.jpg\" \/>\n\t<meta property=\"og:image:width\" content=\"2200\" \/>\n\t<meta property=\"og:image:height\" content=\"1200\" \/>\n\t<meta property=\"og:image:type\" content=\"image\/jpeg\" \/>\n<meta name=\"twitter:card\" content=\"summary_large_image\" \/>\n<meta name=\"twitter:label1\" content=\"Dur\u00e9e de lecture est.\" \/>\n\t<meta name=\"twitter:data1\" content=\"1 minute\" \/>\n<script type=\"application\/ld+json\" class=\"yoast-schema-graph\">{\"@context\":\"https:\/\/schema.org\",\"@graph\":[{\"@type\":\"WebPage\",\"@id\":\"https:\/\/www.mercuredubaihotel.com\/fr\/apartments\/two-bedroom-skyline-view\/\",\"url\":\"https:\/\/www.mercuredubaihotel.com\/fr\/apartments\/two-bedroom-skyline-view\/\",\"name\":\"Deux chambres avec vue sur l'horizon - Mercure Dubai Barsha Heights -\",\"isPartOf\":{\"@id\":\"https:\/\/www.mercuredubaihotel.com\/#website\"},\"datePublished\":\"2023-02-23T16:42:16+00:00\",\"dateModified\":\"2025-07-10T15:19:01+00:00\",\"description\":\"Vous \u00eates en vacances, mais avec tout ce qu'il faut pour \u00eatre chez vous, et faites-nous confiance, vous en appr\u00e9cierez chaque minute ! Chaque matin, vous vous r\u00e9veillez dans votre propre appartement de 105 m\u00e8tres carr\u00e9s dot\u00e9 de tous les services, avec un lave-vaisselle et une machine \u00e0 laver, et la possibilit\u00e9 de pr\u00e9parer votre propre petit d\u00e9jeuner et de faire les choses \u00e0 votre rythme dans la cuisine. L'appartement comprend deux chambres dot\u00e9es d'un balcon priv\u00e9\",\"breadcrumb\":{\"@id\":\"https:\/\/www.mercuredubaihotel.com\/fr\/apartments\/two-bedroom-skyline-view\/#breadcrumb\"},\"inLanguage\":\"fr-FR\",\"potentialAction\":[{\"@type\":\"ReadAction\",\"target\":[\"https:\/\/www.mercuredubaihotel.com\/fr\/apartments\/two-bedroom-skyline-view\/\"]}]},{\"@type\":\"BreadcrumbList\",\"@id\":\"https:\/\/www.mercuredubaihotel.com\/fr\/apartments\/two-bedroom-skyline-view\/#breadcrumb\",\"itemListElement\":[{\"@type\":\"ListItem\",\"position\":1,\"name\":\"Home\",\"item\":\"https:\/\/www.mercuredubaihotel.com\/fr\/\"},{\"@type\":\"ListItem\",\"position\":2,\"name\":\"Appartements\",\"item\":\"https:\/\/www.mercuredubaihotel.com\/fr\/apartments\/\"},{\"@type\":\"ListItem\",\"position\":3,\"name\":\"Deux chambres avec vue sur l&#8217;horizon\"}]},{\"@type\":\"WebSite\",\"@id\":\"https:\/\/www.mercuredubaihotel.com\/#website\",\"url\":\"https:\/\/www.mercuredubaihotel.com\/\",\"name\":\"Mercure Dubai Barsha Heights\",\"description\":\"\",\"potentialAction\":[{\"@type\":\"SearchAction\",\"target\":{\"@type\":\"EntryPoint\",\"urlTemplate\":\"https:\/\/www.mercuredubaihotel.com\/?s={search_term_string}\"},\"query-input\":{\"@type\":\"PropertyValueSpecification\",\"valueRequired\":true,\"valueName\":\"search_term_string\"}}],\"inLanguage\":\"fr-FR\"}]}<\/script>\n<!-- \/ Yoast SEO plugin. -->","yoast_head_json":{"title":"Deux chambres avec vue sur l'horizon - Mercure Dubai Barsha Heights -","description":"Vous \u00eates en vacances, mais avec tout ce qu'il faut pour \u00eatre chez vous, et faites-nous confiance, vous en appr\u00e9cierez chaque minute ! Chaque matin, vous vous r\u00e9veillez dans votre propre appartement de 105 m\u00e8tres carr\u00e9s dot\u00e9 de tous les services, avec un lave-vaisselle et une machine \u00e0 laver, et la possibilit\u00e9 de pr\u00e9parer votre propre petit d\u00e9jeuner et de faire les choses \u00e0 votre rythme dans la cuisine. L'appartement comprend deux chambres dot\u00e9es d'un balcon priv\u00e9","robots":{"index":"index","follow":"follow","max-snippet":"max-snippet:-1","max-image-preview":"max-image-preview:large","max-video-preview":"max-video-preview:-1"},"canonical":"https:\/\/www.mercuredubaihotel.com\/fr\/apartments\/two-bedroom-skyline-view\/","og_locale":"fr_FR","og_type":"article","og_title":"Deux chambres avec vue sur l'horizon - Mercure Dubai Barsha Heights -","og_description":"Vous \u00eates en vacances, mais avec tout ce qu'il faut pour \u00eatre chez vous, et faites-nous confiance, vous en appr\u00e9cierez chaque minute ! Chaque matin, vous vous r\u00e9veillez dans votre propre appartement de 105 m\u00e8tres carr\u00e9s dot\u00e9 de tous les services, avec un lave-vaisselle et une machine \u00e0 laver, et la possibilit\u00e9 de pr\u00e9parer votre propre petit d\u00e9jeuner et de faire les choses \u00e0 votre rythme dans la cuisine. L'appartement comprend deux chambres dot\u00e9es d'un balcon priv\u00e9","og_url":"https:\/\/www.mercuredubaihotel.com\/fr\/apartments\/two-bedroom-skyline-view\/","og_site_name":"Mercure Dubai Barsha Heights","article_modified_time":"2025-07-10T15:19:01+00:00","og_image":[{"width":2200,"height":1200,"url":"https:\/\/www.mercuredubaihotel.com\/wp-content\/uploads\/sites\/37\/2023\/02\/Mercure_dubai_barsha_heights_home_slide02.jpg","type":"image\/jpeg"}],"twitter_card":"summary_large_image","twitter_misc":{"Dur\u00e9e de lecture est.":"1 minute"},"schema":{"@context":"https:\/\/schema.org","@graph":[{"@type":"WebPage","@id":"https:\/\/www.mercuredubaihotel.com\/fr\/apartments\/two-bedroom-skyline-view\/","url":"https:\/\/www.mercuredubaihotel.com\/fr\/apartments\/two-bedroom-skyline-view\/","name":"Deux chambres avec vue sur l'horizon - Mercure Dubai Barsha Heights -","isPartOf":{"@id":"https:\/\/www.mercuredubaihotel.com\/#website"},"datePublished":"2023-02-23T16:42:16+00:00","dateModified":"2025-07-10T15:19:01+00:00","description":"Vous \u00eates en vacances, mais avec tout ce qu'il faut pour \u00eatre chez vous, et faites-nous confiance, vous en appr\u00e9cierez chaque minute ! Chaque matin, vous vous r\u00e9veillez dans votre propre appartement de 105 m\u00e8tres carr\u00e9s dot\u00e9 de tous les services, avec un lave-vaisselle et une machine \u00e0 laver, et la possibilit\u00e9 de pr\u00e9parer votre propre petit d\u00e9jeuner et de faire les choses \u00e0 votre rythme dans la cuisine. L'appartement comprend deux chambres dot\u00e9es d'un balcon priv\u00e9","breadcrumb":{"@id":"https:\/\/www.mercuredubaihotel.com\/fr\/apartments\/two-bedroom-skyline-view\/#breadcrumb"},"inLanguage":"fr-FR","potentialAction":[{"@type":"ReadAction","target":["https:\/\/www.mercuredubaihotel.com\/fr\/apartments\/two-bedroom-skyline-view\/"]}]},{"@type":"BreadcrumbList","@id":"https:\/\/www.mercuredubaihotel.com\/fr\/apartments\/two-bedroom-skyline-view\/#breadcrumb","itemListElement":[{"@type":"ListItem","position":1,"name":"Home","item":"https:\/\/www.mercuredubaihotel.com\/fr\/"},{"@type":"ListItem","position":2,"name":"Appartements","item":"https:\/\/www.mercuredubaihotel.com\/fr\/apartments\/"},{"@type":"ListItem","position":3,"name":"Deux chambres avec vue sur l&#8217;horizon"}]},{"@type":"WebSite","@id":"https:\/\/www.mercuredubaihotel.com\/#website","url":"https:\/\/www.mercuredubaihotel.com\/","name":"Mercure Dubai Barsha Heights","description":"","potentialAction":[{"@type":"SearchAction","target":{"@type":"EntryPoint","urlTemplate":"https:\/\/www.mercuredubaihotel.com\/?s={search_term_string}"},"query-input":{"@type":"PropertyValueSpecification","valueRequired":true,"valueName":"search_term_string"}}],"inLanguage":"fr-FR"}]}},"_links":{"self":[{"href":"https:\/\/www.mercuredubaihotel.com\/fr\/wp-json\/wp\/v2\/pages\/1424","targetHints":{"allow":["GET"]}}],"collection":[{"href":"https:\/\/www.mercuredubaihotel.com\/fr\/wp-json\/wp\/v2\/pages"}],"about":[{"href":"https:\/\/www.mercuredubaihotel.com\/fr\/wp-json\/wp\/v2\/types\/page"}],"author":[{"embeddable":true,"href":"https:\/\/www.mercuredubaihotel.com\/fr\/wp-json\/wp\/v2\/users\/3"}],"replies":[{"embeddable":true,"href":"https:\/\/www.mercuredubaihotel.com\/fr\/wp-json\/wp\/v2\/comments?post=1424"}],"version-history":[{"count":0,"href":"https:\/\/www.mercuredubaihotel.com\/fr\/wp-json\/wp\/v2\/pages\/1424\/revisions"}],"up":[{"embeddable":true,"href":"https:\/\/www.mercuredubaihotel.com\/fr\/wp-json\/wp\/v2\/pages\/1412"}],"wp:attachment":[{"href":"https:\/\/www.mercuredubaihotel.com\/fr\/wp-json\/wp\/v2\/media?parent=1424"}],"wp:term":[{"taxonomy":"category","embeddable":true,"href":"https:\/\/www.mercuredubaihotel.com\/fr\/wp-json\/wp\/v2\/categories?post=1424"}],"curies":[{"name":"wp","href":"https:\/\/api.w.org\/{rel}","templated":true}]}}