{"id":1422,"date":"2023-02-23T14:31:14","date_gmt":"2023-02-23T14:31:14","guid":{"rendered":"https:\/\/www.mercuredubaihotel.com\/apartments\/one-bedroom-skyline-view\/"},"modified":"2025-07-10T15:09:32","modified_gmt":"2025-07-10T15:09:32","slug":"one-bedroom-skyline-view","status":"publish","type":"page","link":"https:\/\/www.mercuredubaihotel.com\/fr\/apartments\/one-bedroom-skyline-view\/","title":{"rendered":"Une chambre avec vue sur l&rsquo;horizon"},"content":{"rendered":"<p>Dans l&rsquo;intimit\u00e9 de votre appartement \u00e0 une chambre, profitez de votre caf\u00e9, confortablement install\u00e9 sur votre balcon. Avec une vue sur l&rsquo;horizon scintillant de la ville, plongez dans le confort de votre chambre, dot\u00e9e d&rsquo;un canap\u00e9 et d&rsquo;une t\u00e9l\u00e9vision \u00e0 \u00e9cran plat. La cuisine enti\u00e8rement \u00e9quip\u00e9e vous permet de prendre une collation et le salon, \u00e9galement \u00e9quip\u00e9 d&rsquo;une t\u00e9l\u00e9vision, vous permet de regarder votre \u00e9mission pr\u00e9f\u00e9r\u00e9e.<br \/>\nLe WiFi est mis \u00e0 votre disposition gratuitement tout au long de votre s\u00e9jour. Tous les appartements de deux chambres disposent d&rsquo;un lit royal et de 1 lit \u00e0 deux places.<\/p>\n<p>Les appartements sont propos\u00e9s dans quatre styles diff\u00e9rents : Californien, Moderne, Classique, M\u00e9diterran\u00e9en. Pour en savoir plus, il suffit d&rsquo;en faire la demande.<\/p>\n","protected":false},"excerpt":{"rendered":"<p>Dans l&rsquo;intimit\u00e9 de votre appartement \u00e0 une chambre, profitez de votre caf\u00e9, confortablement install\u00e9 sur votre balcon. Avec une vue sur l&rsquo;horizon scintillant de la ville, plongez dans le confort de votre chambre, dot\u00e9e d&rsquo;un canap\u00e9 et d&rsquo;une t\u00e9l\u00e9vision \u00e0 \u00e9cran plat. La cuisine enti\u00e8rement \u00e9quip\u00e9e vous permet de prendre une collation et le salon, [&hellip;]<\/p>\n","protected":false},"author":3,"featured_media":0,"parent":1412,"menu_order":10,"comment_status":"closed","ping_status":"closed","template":"template-room.php","meta":{"footnotes":""},"categories":[],"class_list":["post-1422","page","type-page","status-publish","hentry"],"acf":[],"yoast_head":"<!-- This site is optimized with the Yoast SEO plugin v26.9 - https:\/\/yoast.com\/product\/yoast-seo-wordpress\/ -->\n<title>Une chambre avec vue sur l&#039;horizon - Mercure Dubai Barsha Heights -<\/title>\n<meta name=\"description\" content=\"Dans l&#039;intimit\u00e9 de votre appartement \u00e0 une chambre, profitez de votre caf\u00e9, confortablement install\u00e9 sur votre balcon. Avec une vue sur l&#039;horizon scintillant de la ville, plongez dans le confort de votre chambre, dot\u00e9e d&#039;un canap\u00e9 et d&#039;une t\u00e9l\u00e9vision \u00e0 \u00e9cran plat\" \/>\n<meta name=\"robots\" content=\"index, follow, max-snippet:-1, max-image-preview:large, max-video-preview:-1\" \/>\n<link rel=\"canonical\" href=\"https:\/\/www.mercuredubaihotel.com\/fr\/apartments\/one-bedroom-skyline-view\/\" \/>\n<meta property=\"og:locale\" content=\"fr_FR\" \/>\n<meta property=\"og:type\" content=\"article\" \/>\n<meta property=\"og:title\" content=\"Une chambre avec vue sur l&#039;horizon - Mercure Dubai Barsha Heights -\" \/>\n<meta property=\"og:description\" content=\"Dans l&#039;intimit\u00e9 de votre appartement \u00e0 une chambre, profitez de votre caf\u00e9, confortablement install\u00e9 sur votre balcon. Avec une vue sur l&#039;horizon scintillant de la ville, plongez dans le confort de votre chambre, dot\u00e9e d&#039;un canap\u00e9 et d&#039;une t\u00e9l\u00e9vision \u00e0 \u00e9cran plat\" \/>\n<meta property=\"og:url\" content=\"https:\/\/www.mercuredubaihotel.com\/fr\/apartments\/one-bedroom-skyline-view\/\" \/>\n<meta property=\"og:site_name\" content=\"Mercure Dubai Barsha Heights\" \/>\n<meta property=\"article:modified_time\" content=\"2025-07-10T15:09:32+00:00\" \/>\n<meta property=\"og:image\" content=\"https:\/\/www.mercuredubaihotel.com\/wp-content\/uploads\/sites\/37\/2023\/02\/Mercure_dubai_barsha_heights_home_slide02.jpg\" \/>\n\t<meta property=\"og:image:width\" content=\"2200\" \/>\n\t<meta property=\"og:image:height\" content=\"1200\" \/>\n\t<meta property=\"og:image:type\" content=\"image\/jpeg\" \/>\n<meta name=\"twitter:card\" content=\"summary_large_image\" \/>\n<meta name=\"twitter:label1\" content=\"Dur\u00e9e de lecture est.\" \/>\n\t<meta name=\"twitter:data1\" content=\"1 minute\" \/>\n<script type=\"application\/ld+json\" class=\"yoast-schema-graph\">{\"@context\":\"https:\/\/schema.org\",\"@graph\":[{\"@type\":\"WebPage\",\"@id\":\"https:\/\/www.mercuredubaihotel.com\/fr\/apartments\/one-bedroom-skyline-view\/\",\"url\":\"https:\/\/www.mercuredubaihotel.com\/fr\/apartments\/one-bedroom-skyline-view\/\",\"name\":\"Une chambre avec vue sur l'horizon - Mercure Dubai Barsha Heights -\",\"isPartOf\":{\"@id\":\"https:\/\/www.mercuredubaihotel.com\/#website\"},\"datePublished\":\"2023-02-23T14:31:14+00:00\",\"dateModified\":\"2025-07-10T15:09:32+00:00\",\"description\":\"Dans l'intimit\u00e9 de votre appartement \u00e0 une chambre, profitez de votre caf\u00e9, confortablement install\u00e9 sur votre balcon. Avec une vue sur l'horizon scintillant de la ville, plongez dans le confort de votre chambre, dot\u00e9e d'un canap\u00e9 et d'une t\u00e9l\u00e9vision \u00e0 \u00e9cran plat\",\"breadcrumb\":{\"@id\":\"https:\/\/www.mercuredubaihotel.com\/fr\/apartments\/one-bedroom-skyline-view\/#breadcrumb\"},\"inLanguage\":\"fr-FR\",\"potentialAction\":[{\"@type\":\"ReadAction\",\"target\":[\"https:\/\/www.mercuredubaihotel.com\/fr\/apartments\/one-bedroom-skyline-view\/\"]}]},{\"@type\":\"BreadcrumbList\",\"@id\":\"https:\/\/www.mercuredubaihotel.com\/fr\/apartments\/one-bedroom-skyline-view\/#breadcrumb\",\"itemListElement\":[{\"@type\":\"ListItem\",\"position\":1,\"name\":\"Home\",\"item\":\"https:\/\/www.mercuredubaihotel.com\/fr\/\"},{\"@type\":\"ListItem\",\"position\":2,\"name\":\"Appartements\",\"item\":\"https:\/\/www.mercuredubaihotel.com\/fr\/apartments\/\"},{\"@type\":\"ListItem\",\"position\":3,\"name\":\"Une chambre avec vue sur l&#8217;horizon\"}]},{\"@type\":\"WebSite\",\"@id\":\"https:\/\/www.mercuredubaihotel.com\/#website\",\"url\":\"https:\/\/www.mercuredubaihotel.com\/\",\"name\":\"Mercure Dubai Barsha Heights\",\"description\":\"\",\"potentialAction\":[{\"@type\":\"SearchAction\",\"target\":{\"@type\":\"EntryPoint\",\"urlTemplate\":\"https:\/\/www.mercuredubaihotel.com\/?s={search_term_string}\"},\"query-input\":{\"@type\":\"PropertyValueSpecification\",\"valueRequired\":true,\"valueName\":\"search_term_string\"}}],\"inLanguage\":\"fr-FR\"}]}<\/script>\n<!-- \/ Yoast SEO plugin. -->","yoast_head_json":{"title":"Une chambre avec vue sur l'horizon - Mercure Dubai Barsha Heights -","description":"Dans l'intimit\u00e9 de votre appartement \u00e0 une chambre, profitez de votre caf\u00e9, confortablement install\u00e9 sur votre balcon. Avec une vue sur l'horizon scintillant de la ville, plongez dans le confort de votre chambre, dot\u00e9e d'un canap\u00e9 et d'une t\u00e9l\u00e9vision \u00e0 \u00e9cran plat","robots":{"index":"index","follow":"follow","max-snippet":"max-snippet:-1","max-image-preview":"max-image-preview:large","max-video-preview":"max-video-preview:-1"},"canonical":"https:\/\/www.mercuredubaihotel.com\/fr\/apartments\/one-bedroom-skyline-view\/","og_locale":"fr_FR","og_type":"article","og_title":"Une chambre avec vue sur l'horizon - Mercure Dubai Barsha Heights -","og_description":"Dans l'intimit\u00e9 de votre appartement \u00e0 une chambre, profitez de votre caf\u00e9, confortablement install\u00e9 sur votre balcon. Avec une vue sur l'horizon scintillant de la ville, plongez dans le confort de votre chambre, dot\u00e9e d'un canap\u00e9 et d'une t\u00e9l\u00e9vision \u00e0 \u00e9cran plat","og_url":"https:\/\/www.mercuredubaihotel.com\/fr\/apartments\/one-bedroom-skyline-view\/","og_site_name":"Mercure Dubai Barsha Heights","article_modified_time":"2025-07-10T15:09:32+00:00","og_image":[{"width":2200,"height":1200,"url":"https:\/\/www.mercuredubaihotel.com\/wp-content\/uploads\/sites\/37\/2023\/02\/Mercure_dubai_barsha_heights_home_slide02.jpg","type":"image\/jpeg"}],"twitter_card":"summary_large_image","twitter_misc":{"Dur\u00e9e de lecture est.":"1 minute"},"schema":{"@context":"https:\/\/schema.org","@graph":[{"@type":"WebPage","@id":"https:\/\/www.mercuredubaihotel.com\/fr\/apartments\/one-bedroom-skyline-view\/","url":"https:\/\/www.mercuredubaihotel.com\/fr\/apartments\/one-bedroom-skyline-view\/","name":"Une chambre avec vue sur l'horizon - Mercure Dubai Barsha Heights -","isPartOf":{"@id":"https:\/\/www.mercuredubaihotel.com\/#website"},"datePublished":"2023-02-23T14:31:14+00:00","dateModified":"2025-07-10T15:09:32+00:00","description":"Dans l'intimit\u00e9 de votre appartement \u00e0 une chambre, profitez de votre caf\u00e9, confortablement install\u00e9 sur votre balcon. Avec une vue sur l'horizon scintillant de la ville, plongez dans le confort de votre chambre, dot\u00e9e d'un canap\u00e9 et d'une t\u00e9l\u00e9vision \u00e0 \u00e9cran plat","breadcrumb":{"@id":"https:\/\/www.mercuredubaihotel.com\/fr\/apartments\/one-bedroom-skyline-view\/#breadcrumb"},"inLanguage":"fr-FR","potentialAction":[{"@type":"ReadAction","target":["https:\/\/www.mercuredubaihotel.com\/fr\/apartments\/one-bedroom-skyline-view\/"]}]},{"@type":"BreadcrumbList","@id":"https:\/\/www.mercuredubaihotel.com\/fr\/apartments\/one-bedroom-skyline-view\/#breadcrumb","itemListElement":[{"@type":"ListItem","position":1,"name":"Home","item":"https:\/\/www.mercuredubaihotel.com\/fr\/"},{"@type":"ListItem","position":2,"name":"Appartements","item":"https:\/\/www.mercuredubaihotel.com\/fr\/apartments\/"},{"@type":"ListItem","position":3,"name":"Une chambre avec vue sur l&#8217;horizon"}]},{"@type":"WebSite","@id":"https:\/\/www.mercuredubaihotel.com\/#website","url":"https:\/\/www.mercuredubaihotel.com\/","name":"Mercure Dubai Barsha Heights","description":"","potentialAction":[{"@type":"SearchAction","target":{"@type":"EntryPoint","urlTemplate":"https:\/\/www.mercuredubaihotel.com\/?s={search_term_string}"},"query-input":{"@type":"PropertyValueSpecification","valueRequired":true,"valueName":"search_term_string"}}],"inLanguage":"fr-FR"}]}},"_links":{"self":[{"href":"https:\/\/www.mercuredubaihotel.com\/fr\/wp-json\/wp\/v2\/pages\/1422","targetHints":{"allow":["GET"]}}],"collection":[{"href":"https:\/\/www.mercuredubaihotel.com\/fr\/wp-json\/wp\/v2\/pages"}],"about":[{"href":"https:\/\/www.mercuredubaihotel.com\/fr\/wp-json\/wp\/v2\/types\/page"}],"author":[{"embeddable":true,"href":"https:\/\/www.mercuredubaihotel.com\/fr\/wp-json\/wp\/v2\/users\/3"}],"replies":[{"embeddable":true,"href":"https:\/\/www.mercuredubaihotel.com\/fr\/wp-json\/wp\/v2\/comments?post=1422"}],"version-history":[{"count":0,"href":"https:\/\/www.mercuredubaihotel.com\/fr\/wp-json\/wp\/v2\/pages\/1422\/revisions"}],"up":[{"embeddable":true,"href":"https:\/\/www.mercuredubaihotel.com\/fr\/wp-json\/wp\/v2\/pages\/1412"}],"wp:attachment":[{"href":"https:\/\/www.mercuredubaihotel.com\/fr\/wp-json\/wp\/v2\/media?parent=1422"}],"wp:term":[{"taxonomy":"category","embeddable":true,"href":"https:\/\/www.mercuredubaihotel.com\/fr\/wp-json\/wp\/v2\/categories?post=1422"}],"curies":[{"name":"wp","href":"https:\/\/api.w.org\/{rel}","templated":true}]}}