{"id":1410,"date":"2023-02-22T14:46:01","date_gmt":"2023-02-22T14:46:01","guid":{"rendered":"https:\/\/www.mercuredubaihotel.com\/suites\/prestige-suite-two-bedroom-city-view\/"},"modified":"2023-06-15T11:34:30","modified_gmt":"2023-06-15T11:34:30","slug":"prestige-suite-two-bedroom-city-view","status":"publish","type":"page","link":"https:\/\/www.mercuredubaihotel.com\/fr\/suites\/prestige-suite-two-bedroom-city-view\/","title":{"rendered":"Suite Prestige Deux chambres avec vue sur la ville"},"content":{"rendered":"<p>Dans cette spacieuse suite Prestige \u00e0 deux chambres, vous vous d\u00e9tendrez, surtout apr\u00e8s une longue journ\u00e9e de r\u00e9unions ou de visites. Avec une vue sur la ville, vous appr\u00e9cierez vraiment de passer des vacances en famille ou entre amis dans cette suite de 105 m\u00e8tres carr\u00e9s, comprenant un coin salon, des balcons priv\u00e9s et des commodit\u00e9s haut de gamme.<\/p>\n","protected":false},"excerpt":{"rendered":"<p>Dans cette spacieuse suite Prestige \u00e0 deux chambres, vous vous d\u00e9tendrez, surtout apr\u00e8s une longue journ\u00e9e de r\u00e9unions ou de visites. Avec une vue sur la ville, vous appr\u00e9cierez vraiment de passer des vacances en famille ou entre amis dans cette suite de 105 m\u00e8tres carr\u00e9s, comprenant un coin salon, des balcons priv\u00e9s et des [&hellip;]<\/p>\n","protected":false},"author":3,"featured_media":0,"parent":1407,"menu_order":15,"comment_status":"closed","ping_status":"closed","template":"template-room.php","meta":{"footnotes":""},"categories":[],"class_list":["post-1410","page","type-page","status-publish","hentry"],"acf":[],"yoast_head":"<!-- This site is optimized with the Yoast SEO plugin v26.9 - https:\/\/yoast.com\/product\/yoast-seo-wordpress\/ -->\n<title>Suite Prestige Deux chambres avec vue sur la ville - Mercure Dubai Barsha Heights -<\/title>\n<meta name=\"description\" content=\"Dans cette spacieuse suite Prestige \u00e0 deux chambres, vous vous d\u00e9tendrez, surtout apr\u00e8s une longue journ\u00e9e de r\u00e9unions ou de visites. Avec une vue sur la ville, vous appr\u00e9cierez vraiment de passer des vacances en famille ou entre amis dans cette suite de 105 m\u00e8tres carr\u00e9s, comprenant un coin salon, des balcons priv\u00e9s et des commodit\u00e9s haut de gamme.\" \/>\n<meta name=\"robots\" content=\"index, follow, max-snippet:-1, max-image-preview:large, max-video-preview:-1\" \/>\n<link rel=\"canonical\" href=\"https:\/\/www.mercuredubaihotel.com\/fr\/suites\/prestige-suite-two-bedroom-city-view\/\" \/>\n<meta property=\"og:locale\" content=\"fr_FR\" \/>\n<meta property=\"og:type\" content=\"article\" \/>\n<meta property=\"og:title\" content=\"Suite Prestige Deux chambres avec vue sur la ville - Mercure Dubai Barsha Heights -\" \/>\n<meta property=\"og:description\" content=\"Dans cette spacieuse suite Prestige \u00e0 deux chambres, vous vous d\u00e9tendrez, surtout apr\u00e8s une longue journ\u00e9e de r\u00e9unions ou de visites. Avec une vue sur la ville, vous appr\u00e9cierez vraiment de passer des vacances en famille ou entre amis dans cette suite de 105 m\u00e8tres carr\u00e9s, comprenant un coin salon, des balcons priv\u00e9s et des commodit\u00e9s haut de gamme.\" \/>\n<meta property=\"og:url\" content=\"https:\/\/www.mercuredubaihotel.com\/fr\/suites\/prestige-suite-two-bedroom-city-view\/\" \/>\n<meta property=\"og:site_name\" content=\"Mercure Dubai Barsha Heights\" \/>\n<meta property=\"article:modified_time\" content=\"2023-06-15T11:34:30+00:00\" \/>\n<meta property=\"og:image\" content=\"https:\/\/www.mercuredubaihotel.com\/wp-content\/uploads\/sites\/37\/2023\/02\/Mercure_dubai_barsha_heights_home_slide02.jpg\" \/>\n\t<meta property=\"og:image:width\" content=\"2200\" \/>\n\t<meta property=\"og:image:height\" content=\"1200\" \/>\n\t<meta property=\"og:image:type\" content=\"image\/jpeg\" \/>\n<meta name=\"twitter:card\" content=\"summary_large_image\" \/>\n<meta name=\"twitter:label1\" content=\"Dur\u00e9e de lecture est.\" \/>\n\t<meta name=\"twitter:data1\" content=\"1 minute\" \/>\n<script type=\"application\/ld+json\" class=\"yoast-schema-graph\">{\"@context\":\"https:\/\/schema.org\",\"@graph\":[{\"@type\":\"WebPage\",\"@id\":\"https:\/\/www.mercuredubaihotel.com\/fr\/suites\/prestige-suite-two-bedroom-city-view\/\",\"url\":\"https:\/\/www.mercuredubaihotel.com\/fr\/suites\/prestige-suite-two-bedroom-city-view\/\",\"name\":\"Suite Prestige Deux chambres avec vue sur la ville - Mercure Dubai Barsha Heights -\",\"isPartOf\":{\"@id\":\"https:\/\/www.mercuredubaihotel.com\/#website\"},\"datePublished\":\"2023-02-22T14:46:01+00:00\",\"dateModified\":\"2023-06-15T11:34:30+00:00\",\"description\":\"Dans cette spacieuse suite Prestige \u00e0 deux chambres, vous vous d\u00e9tendrez, surtout apr\u00e8s une longue journ\u00e9e de r\u00e9unions ou de visites. Avec une vue sur la ville, vous appr\u00e9cierez vraiment de passer des vacances en famille ou entre amis dans cette suite de 105 m\u00e8tres carr\u00e9s, comprenant un coin salon, des balcons priv\u00e9s et des commodit\u00e9s haut de gamme.\",\"breadcrumb\":{\"@id\":\"https:\/\/www.mercuredubaihotel.com\/fr\/suites\/prestige-suite-two-bedroom-city-view\/#breadcrumb\"},\"inLanguage\":\"fr-FR\",\"potentialAction\":[{\"@type\":\"ReadAction\",\"target\":[\"https:\/\/www.mercuredubaihotel.com\/fr\/suites\/prestige-suite-two-bedroom-city-view\/\"]}]},{\"@type\":\"BreadcrumbList\",\"@id\":\"https:\/\/www.mercuredubaihotel.com\/fr\/suites\/prestige-suite-two-bedroom-city-view\/#breadcrumb\",\"itemListElement\":[{\"@type\":\"ListItem\",\"position\":1,\"name\":\"Home\",\"item\":\"https:\/\/www.mercuredubaihotel.com\/fr\/\"},{\"@type\":\"ListItem\",\"position\":2,\"name\":\"Suites\",\"item\":\"https:\/\/www.mercuredubaihotel.com\/fr\/suites\/\"},{\"@type\":\"ListItem\",\"position\":3,\"name\":\"Suite Prestige Deux chambres avec vue sur la ville\"}]},{\"@type\":\"WebSite\",\"@id\":\"https:\/\/www.mercuredubaihotel.com\/#website\",\"url\":\"https:\/\/www.mercuredubaihotel.com\/\",\"name\":\"Mercure Dubai Barsha Heights\",\"description\":\"\",\"potentialAction\":[{\"@type\":\"SearchAction\",\"target\":{\"@type\":\"EntryPoint\",\"urlTemplate\":\"https:\/\/www.mercuredubaihotel.com\/?s={search_term_string}\"},\"query-input\":{\"@type\":\"PropertyValueSpecification\",\"valueRequired\":true,\"valueName\":\"search_term_string\"}}],\"inLanguage\":\"fr-FR\"}]}<\/script>\n<!-- \/ Yoast SEO plugin. -->","yoast_head_json":{"title":"Suite Prestige Deux chambres avec vue sur la ville - Mercure Dubai Barsha Heights -","description":"Dans cette spacieuse suite Prestige \u00e0 deux chambres, vous vous d\u00e9tendrez, surtout apr\u00e8s une longue journ\u00e9e de r\u00e9unions ou de visites. Avec une vue sur la ville, vous appr\u00e9cierez vraiment de passer des vacances en famille ou entre amis dans cette suite de 105 m\u00e8tres carr\u00e9s, comprenant un coin salon, des balcons priv\u00e9s et des commodit\u00e9s haut de gamme.","robots":{"index":"index","follow":"follow","max-snippet":"max-snippet:-1","max-image-preview":"max-image-preview:large","max-video-preview":"max-video-preview:-1"},"canonical":"https:\/\/www.mercuredubaihotel.com\/fr\/suites\/prestige-suite-two-bedroom-city-view\/","og_locale":"fr_FR","og_type":"article","og_title":"Suite Prestige Deux chambres avec vue sur la ville - Mercure Dubai Barsha Heights -","og_description":"Dans cette spacieuse suite Prestige \u00e0 deux chambres, vous vous d\u00e9tendrez, surtout apr\u00e8s une longue journ\u00e9e de r\u00e9unions ou de visites. Avec une vue sur la ville, vous appr\u00e9cierez vraiment de passer des vacances en famille ou entre amis dans cette suite de 105 m\u00e8tres carr\u00e9s, comprenant un coin salon, des balcons priv\u00e9s et des commodit\u00e9s haut de gamme.","og_url":"https:\/\/www.mercuredubaihotel.com\/fr\/suites\/prestige-suite-two-bedroom-city-view\/","og_site_name":"Mercure Dubai Barsha Heights","article_modified_time":"2023-06-15T11:34:30+00:00","og_image":[{"width":2200,"height":1200,"url":"https:\/\/www.mercuredubaihotel.com\/wp-content\/uploads\/sites\/37\/2023\/02\/Mercure_dubai_barsha_heights_home_slide02.jpg","type":"image\/jpeg"}],"twitter_card":"summary_large_image","twitter_misc":{"Dur\u00e9e de lecture est.":"1 minute"},"schema":{"@context":"https:\/\/schema.org","@graph":[{"@type":"WebPage","@id":"https:\/\/www.mercuredubaihotel.com\/fr\/suites\/prestige-suite-two-bedroom-city-view\/","url":"https:\/\/www.mercuredubaihotel.com\/fr\/suites\/prestige-suite-two-bedroom-city-view\/","name":"Suite Prestige Deux chambres avec vue sur la ville - Mercure Dubai Barsha Heights -","isPartOf":{"@id":"https:\/\/www.mercuredubaihotel.com\/#website"},"datePublished":"2023-02-22T14:46:01+00:00","dateModified":"2023-06-15T11:34:30+00:00","description":"Dans cette spacieuse suite Prestige \u00e0 deux chambres, vous vous d\u00e9tendrez, surtout apr\u00e8s une longue journ\u00e9e de r\u00e9unions ou de visites. Avec une vue sur la ville, vous appr\u00e9cierez vraiment de passer des vacances en famille ou entre amis dans cette suite de 105 m\u00e8tres carr\u00e9s, comprenant un coin salon, des balcons priv\u00e9s et des commodit\u00e9s haut de gamme.","breadcrumb":{"@id":"https:\/\/www.mercuredubaihotel.com\/fr\/suites\/prestige-suite-two-bedroom-city-view\/#breadcrumb"},"inLanguage":"fr-FR","potentialAction":[{"@type":"ReadAction","target":["https:\/\/www.mercuredubaihotel.com\/fr\/suites\/prestige-suite-two-bedroom-city-view\/"]}]},{"@type":"BreadcrumbList","@id":"https:\/\/www.mercuredubaihotel.com\/fr\/suites\/prestige-suite-two-bedroom-city-view\/#breadcrumb","itemListElement":[{"@type":"ListItem","position":1,"name":"Home","item":"https:\/\/www.mercuredubaihotel.com\/fr\/"},{"@type":"ListItem","position":2,"name":"Suites","item":"https:\/\/www.mercuredubaihotel.com\/fr\/suites\/"},{"@type":"ListItem","position":3,"name":"Suite Prestige Deux chambres avec vue sur la ville"}]},{"@type":"WebSite","@id":"https:\/\/www.mercuredubaihotel.com\/#website","url":"https:\/\/www.mercuredubaihotel.com\/","name":"Mercure Dubai Barsha Heights","description":"","potentialAction":[{"@type":"SearchAction","target":{"@type":"EntryPoint","urlTemplate":"https:\/\/www.mercuredubaihotel.com\/?s={search_term_string}"},"query-input":{"@type":"PropertyValueSpecification","valueRequired":true,"valueName":"search_term_string"}}],"inLanguage":"fr-FR"}]}},"_links":{"self":[{"href":"https:\/\/www.mercuredubaihotel.com\/fr\/wp-json\/wp\/v2\/pages\/1410","targetHints":{"allow":["GET"]}}],"collection":[{"href":"https:\/\/www.mercuredubaihotel.com\/fr\/wp-json\/wp\/v2\/pages"}],"about":[{"href":"https:\/\/www.mercuredubaihotel.com\/fr\/wp-json\/wp\/v2\/types\/page"}],"author":[{"embeddable":true,"href":"https:\/\/www.mercuredubaihotel.com\/fr\/wp-json\/wp\/v2\/users\/3"}],"replies":[{"embeddable":true,"href":"https:\/\/www.mercuredubaihotel.com\/fr\/wp-json\/wp\/v2\/comments?post=1410"}],"version-history":[{"count":0,"href":"https:\/\/www.mercuredubaihotel.com\/fr\/wp-json\/wp\/v2\/pages\/1410\/revisions"}],"up":[{"embeddable":true,"href":"https:\/\/www.mercuredubaihotel.com\/fr\/wp-json\/wp\/v2\/pages\/1407"}],"wp:attachment":[{"href":"https:\/\/www.mercuredubaihotel.com\/fr\/wp-json\/wp\/v2\/media?parent=1410"}],"wp:term":[{"taxonomy":"category","embeddable":true,"href":"https:\/\/www.mercuredubaihotel.com\/fr\/wp-json\/wp\/v2\/categories?post=1410"}],"curies":[{"name":"wp","href":"https:\/\/api.w.org\/{rel}","templated":true}]}}