{"id":1409,"date":"2023-02-22T13:04:14","date_gmt":"2023-02-22T13:04:14","guid":{"rendered":"https:\/\/www.mercuredubaihotel.com\/suites\/deluxe-suite-1-bedroom-skyline-view\/"},"modified":"2023-06-15T11:25:35","modified_gmt":"2023-06-15T11:25:35","slug":"deluxe-suite-1-bedroom-skyline-view","status":"publish","type":"page","link":"https:\/\/www.mercuredubaihotel.com\/fr\/suites\/deluxe-suite-1-bedroom-skyline-view\/","title":{"rendered":"Suite de luxe 1 Chambre Vue sur l&rsquo;horizon"},"content":{"rendered":"<p>Une d\u00e9coration saisissante, des couleurs rafra\u00eechissantes et un cadre spacieux donnent \u00e0 cette suite de luxe de 60 m\u00e8tres carr\u00e9s une allure d\u00e9contract\u00e9e et chic. Elle comprend une douche \u00e0 l&rsquo;italienne, des t\u00e9l\u00e9visions intelligentes \u00e0 \u00e9cran plat plac\u00e9es respectivement dans la chambre \u00e0 coucher et le salon, un service \u00e0 caf\u00e9 et \u00e0 th\u00e9 et un balcon priv\u00e9. Et cerise sur le g\u00e2teau ? Les fen\u00eatres allant du sol au plafond offrent une belle perspective sur la route Sheikh Zayed et le Burj Al Arab ou sur la marina de Duba\u00ef, offrant des vues partielles sur la mer et le Palm Jumeirah.<\/p>\n","protected":false},"excerpt":{"rendered":"<p>Une d\u00e9coration saisissante, des couleurs rafra\u00eechissantes et un cadre spacieux donnent \u00e0 cette suite de luxe de 60 m\u00e8tres carr\u00e9s une allure d\u00e9contract\u00e9e et chic. Elle comprend une douche \u00e0 l&rsquo;italienne, des t\u00e9l\u00e9visions intelligentes \u00e0 \u00e9cran plat plac\u00e9es respectivement dans la chambre \u00e0 coucher et le salon, un service \u00e0 caf\u00e9 et \u00e0 th\u00e9 et [&hellip;]<\/p>\n","protected":false},"author":3,"featured_media":0,"parent":1407,"menu_order":10,"comment_status":"closed","ping_status":"closed","template":"template-room.php","meta":{"footnotes":""},"categories":[],"class_list":["post-1409","page","type-page","status-publish","hentry"],"acf":[],"yoast_head":"<!-- This site is optimized with the Yoast SEO plugin v26.9 - https:\/\/yoast.com\/product\/yoast-seo-wordpress\/ -->\n<title>Suite de luxe 1 Chambre Vue sur l&#039;horizon - Mercure Dubai Barsha Heights -<\/title>\n<meta name=\"description\" content=\"Une d\u00e9coration saisissante, des couleurs rafra\u00eechissantes et un cadre spacieux donnent \u00e0 cette suite de luxe de 60 m\u00e8tres carr\u00e9s une allure d\u00e9contract\u00e9e et chic. Elle comprend une douche \u00e0 l&#039;italienne, des t\u00e9l\u00e9visions intelligentes \u00e0 \u00e9cran plat plac\u00e9es respectivement dans la chambre \u00e0 coucher et le salon, un service \u00e0 caf\u00e9 et \u00e0 th\u00e9 et un balcon priv\u00e9\" \/>\n<meta name=\"robots\" content=\"index, follow, max-snippet:-1, max-image-preview:large, max-video-preview:-1\" \/>\n<link rel=\"canonical\" href=\"https:\/\/www.mercuredubaihotel.com\/fr\/suites\/deluxe-suite-1-bedroom-skyline-view\/\" \/>\n<meta property=\"og:locale\" content=\"fr_FR\" \/>\n<meta property=\"og:type\" content=\"article\" \/>\n<meta property=\"og:title\" content=\"Suite de luxe 1 Chambre Vue sur l&#039;horizon - Mercure Dubai Barsha Heights -\" \/>\n<meta property=\"og:description\" content=\"Une d\u00e9coration saisissante, des couleurs rafra\u00eechissantes et un cadre spacieux donnent \u00e0 cette suite de luxe de 60 m\u00e8tres carr\u00e9s une allure d\u00e9contract\u00e9e et chic. Elle comprend une douche \u00e0 l&#039;italienne, des t\u00e9l\u00e9visions intelligentes \u00e0 \u00e9cran plat plac\u00e9es respectivement dans la chambre \u00e0 coucher et le salon, un service \u00e0 caf\u00e9 et \u00e0 th\u00e9 et un balcon priv\u00e9\" \/>\n<meta property=\"og:url\" content=\"https:\/\/www.mercuredubaihotel.com\/fr\/suites\/deluxe-suite-1-bedroom-skyline-view\/\" \/>\n<meta property=\"og:site_name\" content=\"Mercure Dubai Barsha Heights\" \/>\n<meta property=\"article:modified_time\" content=\"2023-06-15T11:25:35+00:00\" \/>\n<meta property=\"og:image\" content=\"https:\/\/www.mercuredubaihotel.com\/wp-content\/uploads\/sites\/37\/2023\/02\/Mercure_dubai_barsha_heights_home_slide02.jpg\" \/>\n\t<meta property=\"og:image:width\" content=\"2200\" \/>\n\t<meta property=\"og:image:height\" content=\"1200\" \/>\n\t<meta property=\"og:image:type\" content=\"image\/jpeg\" \/>\n<meta name=\"twitter:card\" content=\"summary_large_image\" \/>\n<meta name=\"twitter:label1\" content=\"Dur\u00e9e de lecture est.\" \/>\n\t<meta name=\"twitter:data1\" content=\"1 minute\" \/>\n<script type=\"application\/ld+json\" class=\"yoast-schema-graph\">{\"@context\":\"https:\/\/schema.org\",\"@graph\":[{\"@type\":\"WebPage\",\"@id\":\"https:\/\/www.mercuredubaihotel.com\/fr\/suites\/deluxe-suite-1-bedroom-skyline-view\/\",\"url\":\"https:\/\/www.mercuredubaihotel.com\/fr\/suites\/deluxe-suite-1-bedroom-skyline-view\/\",\"name\":\"Suite de luxe 1 Chambre Vue sur l'horizon - Mercure Dubai Barsha Heights -\",\"isPartOf\":{\"@id\":\"https:\/\/www.mercuredubaihotel.com\/#website\"},\"datePublished\":\"2023-02-22T13:04:14+00:00\",\"dateModified\":\"2023-06-15T11:25:35+00:00\",\"description\":\"Une d\u00e9coration saisissante, des couleurs rafra\u00eechissantes et un cadre spacieux donnent \u00e0 cette suite de luxe de 60 m\u00e8tres carr\u00e9s une allure d\u00e9contract\u00e9e et chic. Elle comprend une douche \u00e0 l'italienne, des t\u00e9l\u00e9visions intelligentes \u00e0 \u00e9cran plat plac\u00e9es respectivement dans la chambre \u00e0 coucher et le salon, un service \u00e0 caf\u00e9 et \u00e0 th\u00e9 et un balcon priv\u00e9\",\"breadcrumb\":{\"@id\":\"https:\/\/www.mercuredubaihotel.com\/fr\/suites\/deluxe-suite-1-bedroom-skyline-view\/#breadcrumb\"},\"inLanguage\":\"fr-FR\",\"potentialAction\":[{\"@type\":\"ReadAction\",\"target\":[\"https:\/\/www.mercuredubaihotel.com\/fr\/suites\/deluxe-suite-1-bedroom-skyline-view\/\"]}]},{\"@type\":\"BreadcrumbList\",\"@id\":\"https:\/\/www.mercuredubaihotel.com\/fr\/suites\/deluxe-suite-1-bedroom-skyline-view\/#breadcrumb\",\"itemListElement\":[{\"@type\":\"ListItem\",\"position\":1,\"name\":\"Home\",\"item\":\"https:\/\/www.mercuredubaihotel.com\/fr\/\"},{\"@type\":\"ListItem\",\"position\":2,\"name\":\"Suites\",\"item\":\"https:\/\/www.mercuredubaihotel.com\/fr\/suites\/\"},{\"@type\":\"ListItem\",\"position\":3,\"name\":\"Suite de luxe 1 Chambre Vue sur l&#8217;horizon\"}]},{\"@type\":\"WebSite\",\"@id\":\"https:\/\/www.mercuredubaihotel.com\/#website\",\"url\":\"https:\/\/www.mercuredubaihotel.com\/\",\"name\":\"Mercure Dubai Barsha Heights\",\"description\":\"\",\"potentialAction\":[{\"@type\":\"SearchAction\",\"target\":{\"@type\":\"EntryPoint\",\"urlTemplate\":\"https:\/\/www.mercuredubaihotel.com\/?s={search_term_string}\"},\"query-input\":{\"@type\":\"PropertyValueSpecification\",\"valueRequired\":true,\"valueName\":\"search_term_string\"}}],\"inLanguage\":\"fr-FR\"}]}<\/script>\n<!-- \/ Yoast SEO plugin. -->","yoast_head_json":{"title":"Suite de luxe 1 Chambre Vue sur l'horizon - Mercure Dubai Barsha Heights -","description":"Une d\u00e9coration saisissante, des couleurs rafra\u00eechissantes et un cadre spacieux donnent \u00e0 cette suite de luxe de 60 m\u00e8tres carr\u00e9s une allure d\u00e9contract\u00e9e et chic. Elle comprend une douche \u00e0 l'italienne, des t\u00e9l\u00e9visions intelligentes \u00e0 \u00e9cran plat plac\u00e9es respectivement dans la chambre \u00e0 coucher et le salon, un service \u00e0 caf\u00e9 et \u00e0 th\u00e9 et un balcon priv\u00e9","robots":{"index":"index","follow":"follow","max-snippet":"max-snippet:-1","max-image-preview":"max-image-preview:large","max-video-preview":"max-video-preview:-1"},"canonical":"https:\/\/www.mercuredubaihotel.com\/fr\/suites\/deluxe-suite-1-bedroom-skyline-view\/","og_locale":"fr_FR","og_type":"article","og_title":"Suite de luxe 1 Chambre Vue sur l'horizon - Mercure Dubai Barsha Heights -","og_description":"Une d\u00e9coration saisissante, des couleurs rafra\u00eechissantes et un cadre spacieux donnent \u00e0 cette suite de luxe de 60 m\u00e8tres carr\u00e9s une allure d\u00e9contract\u00e9e et chic. Elle comprend une douche \u00e0 l'italienne, des t\u00e9l\u00e9visions intelligentes \u00e0 \u00e9cran plat plac\u00e9es respectivement dans la chambre \u00e0 coucher et le salon, un service \u00e0 caf\u00e9 et \u00e0 th\u00e9 et un balcon priv\u00e9","og_url":"https:\/\/www.mercuredubaihotel.com\/fr\/suites\/deluxe-suite-1-bedroom-skyline-view\/","og_site_name":"Mercure Dubai Barsha Heights","article_modified_time":"2023-06-15T11:25:35+00:00","og_image":[{"width":2200,"height":1200,"url":"https:\/\/www.mercuredubaihotel.com\/wp-content\/uploads\/sites\/37\/2023\/02\/Mercure_dubai_barsha_heights_home_slide02.jpg","type":"image\/jpeg"}],"twitter_card":"summary_large_image","twitter_misc":{"Dur\u00e9e de lecture est.":"1 minute"},"schema":{"@context":"https:\/\/schema.org","@graph":[{"@type":"WebPage","@id":"https:\/\/www.mercuredubaihotel.com\/fr\/suites\/deluxe-suite-1-bedroom-skyline-view\/","url":"https:\/\/www.mercuredubaihotel.com\/fr\/suites\/deluxe-suite-1-bedroom-skyline-view\/","name":"Suite de luxe 1 Chambre Vue sur l'horizon - Mercure Dubai Barsha Heights -","isPartOf":{"@id":"https:\/\/www.mercuredubaihotel.com\/#website"},"datePublished":"2023-02-22T13:04:14+00:00","dateModified":"2023-06-15T11:25:35+00:00","description":"Une d\u00e9coration saisissante, des couleurs rafra\u00eechissantes et un cadre spacieux donnent \u00e0 cette suite de luxe de 60 m\u00e8tres carr\u00e9s une allure d\u00e9contract\u00e9e et chic. Elle comprend une douche \u00e0 l'italienne, des t\u00e9l\u00e9visions intelligentes \u00e0 \u00e9cran plat plac\u00e9es respectivement dans la chambre \u00e0 coucher et le salon, un service \u00e0 caf\u00e9 et \u00e0 th\u00e9 et un balcon priv\u00e9","breadcrumb":{"@id":"https:\/\/www.mercuredubaihotel.com\/fr\/suites\/deluxe-suite-1-bedroom-skyline-view\/#breadcrumb"},"inLanguage":"fr-FR","potentialAction":[{"@type":"ReadAction","target":["https:\/\/www.mercuredubaihotel.com\/fr\/suites\/deluxe-suite-1-bedroom-skyline-view\/"]}]},{"@type":"BreadcrumbList","@id":"https:\/\/www.mercuredubaihotel.com\/fr\/suites\/deluxe-suite-1-bedroom-skyline-view\/#breadcrumb","itemListElement":[{"@type":"ListItem","position":1,"name":"Home","item":"https:\/\/www.mercuredubaihotel.com\/fr\/"},{"@type":"ListItem","position":2,"name":"Suites","item":"https:\/\/www.mercuredubaihotel.com\/fr\/suites\/"},{"@type":"ListItem","position":3,"name":"Suite de luxe 1 Chambre Vue sur l&#8217;horizon"}]},{"@type":"WebSite","@id":"https:\/\/www.mercuredubaihotel.com\/#website","url":"https:\/\/www.mercuredubaihotel.com\/","name":"Mercure Dubai Barsha Heights","description":"","potentialAction":[{"@type":"SearchAction","target":{"@type":"EntryPoint","urlTemplate":"https:\/\/www.mercuredubaihotel.com\/?s={search_term_string}"},"query-input":{"@type":"PropertyValueSpecification","valueRequired":true,"valueName":"search_term_string"}}],"inLanguage":"fr-FR"}]}},"_links":{"self":[{"href":"https:\/\/www.mercuredubaihotel.com\/fr\/wp-json\/wp\/v2\/pages\/1409","targetHints":{"allow":["GET"]}}],"collection":[{"href":"https:\/\/www.mercuredubaihotel.com\/fr\/wp-json\/wp\/v2\/pages"}],"about":[{"href":"https:\/\/www.mercuredubaihotel.com\/fr\/wp-json\/wp\/v2\/types\/page"}],"author":[{"embeddable":true,"href":"https:\/\/www.mercuredubaihotel.com\/fr\/wp-json\/wp\/v2\/users\/3"}],"replies":[{"embeddable":true,"href":"https:\/\/www.mercuredubaihotel.com\/fr\/wp-json\/wp\/v2\/comments?post=1409"}],"version-history":[{"count":0,"href":"https:\/\/www.mercuredubaihotel.com\/fr\/wp-json\/wp\/v2\/pages\/1409\/revisions"}],"up":[{"embeddable":true,"href":"https:\/\/www.mercuredubaihotel.com\/fr\/wp-json\/wp\/v2\/pages\/1407"}],"wp:attachment":[{"href":"https:\/\/www.mercuredubaihotel.com\/fr\/wp-json\/wp\/v2\/media?parent=1409"}],"wp:term":[{"taxonomy":"category","embeddable":true,"href":"https:\/\/www.mercuredubaihotel.com\/fr\/wp-json\/wp\/v2\/categories?post=1409"}],"curies":[{"name":"wp","href":"https:\/\/api.w.org\/{rel}","templated":true}]}}