{"id":1408,"date":"2023-02-21T16:17:23","date_gmt":"2023-02-21T16:17:23","guid":{"rendered":"https:\/\/www.mercuredubaihotel.com\/suites\/deluxe-suite-1-bedroom-city-view\/"},"modified":"2025-04-07T15:46:28","modified_gmt":"2025-04-07T15:46:28","slug":"deluxe-suite-1-bedroom-city-view","status":"publish","type":"page","link":"https:\/\/www.mercuredubaihotel.com\/fr\/suites\/deluxe-suite-1-bedroom-city-view\/","title":{"rendered":"Suite de luxe 1 chambre vue sur la ville"},"content":{"rendered":"<p>Posez vos bagages et prenez le temps de vous impr\u00e9gner des tons lavande de votre suite de luxe qui couvre une superficie de 60 m\u00e8tres carr\u00e9s. Profitez de votre balcon priv\u00e9 tout en contemplant le paysage ou en chantant librement dans votre douche \u00e0 l&rsquo;italienne, faites le point sur votre travail ou votre \u00e9mission pr\u00e9f\u00e9r\u00e9e dans le confort de votre salon, et vous aurez de plus en plus de mal \u00e0 quitter votre chambre. Toutes les suites de l&rsquo;h\u00f4tel sont am\u00e9nag\u00e9es pour que vous vous sentiez \u00e0 l&rsquo;aise, avec le n\u00e9cessaire pour se faire du caf\u00e9 et du th\u00e9, des t\u00e9l\u00e9visions intelligentes \u00e0 \u00e9cran plat dans la chambre et le salon, une connexion WiFi gratuite et un espace globalement insonoris\u00e9.<\/p>\n","protected":false},"excerpt":{"rendered":"<p>Posez vos bagages et prenez le temps de vous impr\u00e9gner des tons lavande de votre suite de luxe qui couvre une superficie de 60 m\u00e8tres carr\u00e9s. Profitez de votre balcon priv\u00e9 tout en contemplant le paysage ou en chantant librement dans votre douche \u00e0 l&rsquo;italienne, faites le point sur votre travail ou votre \u00e9mission pr\u00e9f\u00e9r\u00e9e [&hellip;]<\/p>\n","protected":false},"author":3,"featured_media":48,"parent":1407,"menu_order":5,"comment_status":"closed","ping_status":"closed","template":"template-room.php","meta":{"footnotes":""},"categories":[],"class_list":["post-1408","page","type-page","status-publish","has-post-thumbnail","hentry"],"acf":[],"yoast_head":"<!-- This site is optimized with the Yoast SEO plugin v26.9 - https:\/\/yoast.com\/product\/yoast-seo-wordpress\/ -->\n<title>Suite de luxe 1 chambre vue sur la ville - Mercure Dubai Barsha Heights -<\/title>\n<meta name=\"description\" content=\"Posez vos bagages et prenez le temps de vous impr\u00e9gner des tons lavande de votre suite de luxe qui couvre une superficie de 60 m\u00e8tres carr\u00e9s. Profitez de votre balcon priv\u00e9 tout en contemplant le paysage ou en chantant librement dans votre douche \u00e0 l&#039;italienne, faites le point sur votre travail ou votre \u00e9mission pr\u00e9f\u00e9r\u00e9e dans le confort de votre salon, et vous aurez de plus en plus de mal \u00e0 quitter votre chambre\" \/>\n<meta name=\"robots\" content=\"index, follow, max-snippet:-1, max-image-preview:large, max-video-preview:-1\" \/>\n<link rel=\"canonical\" href=\"https:\/\/www.mercuredubaihotel.com\/fr\/suites\/deluxe-suite-1-bedroom-city-view\/\" \/>\n<meta property=\"og:locale\" content=\"fr_FR\" \/>\n<meta property=\"og:type\" content=\"article\" \/>\n<meta property=\"og:title\" content=\"Suite de luxe 1 chambre vue sur la ville - Mercure Dubai Barsha Heights -\" \/>\n<meta property=\"og:description\" content=\"Posez vos bagages et prenez le temps de vous impr\u00e9gner des tons lavande de votre suite de luxe qui couvre une superficie de 60 m\u00e8tres carr\u00e9s. Profitez de votre balcon priv\u00e9 tout en contemplant le paysage ou en chantant librement dans votre douche \u00e0 l&#039;italienne, faites le point sur votre travail ou votre \u00e9mission pr\u00e9f\u00e9r\u00e9e dans le confort de votre salon, et vous aurez de plus en plus de mal \u00e0 quitter votre chambre\" \/>\n<meta property=\"og:url\" content=\"https:\/\/www.mercuredubaihotel.com\/fr\/suites\/deluxe-suite-1-bedroom-city-view\/\" \/>\n<meta property=\"og:site_name\" content=\"Mercure Dubai Barsha Heights\" \/>\n<meta property=\"article:modified_time\" content=\"2025-04-07T15:46:28+00:00\" \/>\n<meta property=\"og:image\" content=\"https:\/\/www.mercuredubaihotel.com\/wp-content\/uploads\/sites\/37\/2023\/02\/Mercure_dubai_prestige_suite_city_view_slide01.jpg\" \/>\n\t<meta property=\"og:image:width\" content=\"2200\" \/>\n\t<meta property=\"og:image:height\" content=\"1200\" \/>\n\t<meta property=\"og:image:type\" content=\"image\/jpeg\" \/>\n<meta name=\"twitter:card\" content=\"summary_large_image\" \/>\n<meta name=\"twitter:label1\" content=\"Dur\u00e9e de lecture est.\" \/>\n\t<meta name=\"twitter:data1\" content=\"1 minute\" \/>\n<script type=\"application\/ld+json\" class=\"yoast-schema-graph\">{\"@context\":\"https:\/\/schema.org\",\"@graph\":[{\"@type\":\"WebPage\",\"@id\":\"https:\/\/www.mercuredubaihotel.com\/fr\/suites\/deluxe-suite-1-bedroom-city-view\/\",\"url\":\"https:\/\/www.mercuredubaihotel.com\/fr\/suites\/deluxe-suite-1-bedroom-city-view\/\",\"name\":\"Suite de luxe 1 chambre vue sur la ville - Mercure Dubai Barsha Heights -\",\"isPartOf\":{\"@id\":\"https:\/\/www.mercuredubaihotel.com\/#website\"},\"primaryImageOfPage\":{\"@id\":\"https:\/\/www.mercuredubaihotel.com\/fr\/suites\/deluxe-suite-1-bedroom-city-view\/#primaryimage\"},\"image\":{\"@id\":\"https:\/\/www.mercuredubaihotel.com\/fr\/suites\/deluxe-suite-1-bedroom-city-view\/#primaryimage\"},\"thumbnailUrl\":\"https:\/\/www.mercuredubaihotel.com\/wp-content\/uploads\/sites\/37\/2023\/02\/Mercure_dubai_prestige_suite_city_view_slide01.jpg\",\"datePublished\":\"2023-02-21T16:17:23+00:00\",\"dateModified\":\"2025-04-07T15:46:28+00:00\",\"description\":\"Posez vos bagages et prenez le temps de vous impr\u00e9gner des tons lavande de votre suite de luxe qui couvre une superficie de 60 m\u00e8tres carr\u00e9s. Profitez de votre balcon priv\u00e9 tout en contemplant le paysage ou en chantant librement dans votre douche \u00e0 l'italienne, faites le point sur votre travail ou votre \u00e9mission pr\u00e9f\u00e9r\u00e9e dans le confort de votre salon, et vous aurez de plus en plus de mal \u00e0 quitter votre chambre\",\"breadcrumb\":{\"@id\":\"https:\/\/www.mercuredubaihotel.com\/fr\/suites\/deluxe-suite-1-bedroom-city-view\/#breadcrumb\"},\"inLanguage\":\"fr-FR\",\"potentialAction\":[{\"@type\":\"ReadAction\",\"target\":[\"https:\/\/www.mercuredubaihotel.com\/fr\/suites\/deluxe-suite-1-bedroom-city-view\/\"]}]},{\"@type\":\"ImageObject\",\"inLanguage\":\"fr-FR\",\"@id\":\"https:\/\/www.mercuredubaihotel.com\/fr\/suites\/deluxe-suite-1-bedroom-city-view\/#primaryimage\",\"url\":\"https:\/\/www.mercuredubaihotel.com\/wp-content\/uploads\/sites\/37\/2023\/02\/Mercure_dubai_prestige_suite_city_view_slide01.jpg\",\"contentUrl\":\"https:\/\/www.mercuredubaihotel.com\/wp-content\/uploads\/sites\/37\/2023\/02\/Mercure_dubai_prestige_suite_city_view_slide01.jpg\",\"width\":2200,\"height\":1200},{\"@type\":\"BreadcrumbList\",\"@id\":\"https:\/\/www.mercuredubaihotel.com\/fr\/suites\/deluxe-suite-1-bedroom-city-view\/#breadcrumb\",\"itemListElement\":[{\"@type\":\"ListItem\",\"position\":1,\"name\":\"Home\",\"item\":\"https:\/\/www.mercuredubaihotel.com\/fr\/\"},{\"@type\":\"ListItem\",\"position\":2,\"name\":\"Suites\",\"item\":\"https:\/\/www.mercuredubaihotel.com\/fr\/suites\/\"},{\"@type\":\"ListItem\",\"position\":3,\"name\":\"Suite de luxe 1 chambre vue sur la ville\"}]},{\"@type\":\"WebSite\",\"@id\":\"https:\/\/www.mercuredubaihotel.com\/#website\",\"url\":\"https:\/\/www.mercuredubaihotel.com\/\",\"name\":\"Mercure Dubai Barsha Heights\",\"description\":\"\",\"potentialAction\":[{\"@type\":\"SearchAction\",\"target\":{\"@type\":\"EntryPoint\",\"urlTemplate\":\"https:\/\/www.mercuredubaihotel.com\/?s={search_term_string}\"},\"query-input\":{\"@type\":\"PropertyValueSpecification\",\"valueRequired\":true,\"valueName\":\"search_term_string\"}}],\"inLanguage\":\"fr-FR\"}]}<\/script>\n<!-- \/ Yoast SEO plugin. -->","yoast_head_json":{"title":"Suite de luxe 1 chambre vue sur la ville - Mercure Dubai Barsha Heights -","description":"Posez vos bagages et prenez le temps de vous impr\u00e9gner des tons lavande de votre suite de luxe qui couvre une superficie de 60 m\u00e8tres carr\u00e9s. Profitez de votre balcon priv\u00e9 tout en contemplant le paysage ou en chantant librement dans votre douche \u00e0 l'italienne, faites le point sur votre travail ou votre \u00e9mission pr\u00e9f\u00e9r\u00e9e dans le confort de votre salon, et vous aurez de plus en plus de mal \u00e0 quitter votre chambre","robots":{"index":"index","follow":"follow","max-snippet":"max-snippet:-1","max-image-preview":"max-image-preview:large","max-video-preview":"max-video-preview:-1"},"canonical":"https:\/\/www.mercuredubaihotel.com\/fr\/suites\/deluxe-suite-1-bedroom-city-view\/","og_locale":"fr_FR","og_type":"article","og_title":"Suite de luxe 1 chambre vue sur la ville - Mercure Dubai Barsha Heights -","og_description":"Posez vos bagages et prenez le temps de vous impr\u00e9gner des tons lavande de votre suite de luxe qui couvre une superficie de 60 m\u00e8tres carr\u00e9s. Profitez de votre balcon priv\u00e9 tout en contemplant le paysage ou en chantant librement dans votre douche \u00e0 l'italienne, faites le point sur votre travail ou votre \u00e9mission pr\u00e9f\u00e9r\u00e9e dans le confort de votre salon, et vous aurez de plus en plus de mal \u00e0 quitter votre chambre","og_url":"https:\/\/www.mercuredubaihotel.com\/fr\/suites\/deluxe-suite-1-bedroom-city-view\/","og_site_name":"Mercure Dubai Barsha Heights","article_modified_time":"2025-04-07T15:46:28+00:00","og_image":[{"width":2200,"height":1200,"url":"https:\/\/www.mercuredubaihotel.com\/wp-content\/uploads\/sites\/37\/2023\/02\/Mercure_dubai_prestige_suite_city_view_slide01.jpg","type":"image\/jpeg"}],"twitter_card":"summary_large_image","twitter_misc":{"Dur\u00e9e de lecture est.":"1 minute"},"schema":{"@context":"https:\/\/schema.org","@graph":[{"@type":"WebPage","@id":"https:\/\/www.mercuredubaihotel.com\/fr\/suites\/deluxe-suite-1-bedroom-city-view\/","url":"https:\/\/www.mercuredubaihotel.com\/fr\/suites\/deluxe-suite-1-bedroom-city-view\/","name":"Suite de luxe 1 chambre vue sur la ville - Mercure Dubai Barsha Heights -","isPartOf":{"@id":"https:\/\/www.mercuredubaihotel.com\/#website"},"primaryImageOfPage":{"@id":"https:\/\/www.mercuredubaihotel.com\/fr\/suites\/deluxe-suite-1-bedroom-city-view\/#primaryimage"},"image":{"@id":"https:\/\/www.mercuredubaihotel.com\/fr\/suites\/deluxe-suite-1-bedroom-city-view\/#primaryimage"},"thumbnailUrl":"https:\/\/www.mercuredubaihotel.com\/wp-content\/uploads\/sites\/37\/2023\/02\/Mercure_dubai_prestige_suite_city_view_slide01.jpg","datePublished":"2023-02-21T16:17:23+00:00","dateModified":"2025-04-07T15:46:28+00:00","description":"Posez vos bagages et prenez le temps de vous impr\u00e9gner des tons lavande de votre suite de luxe qui couvre une superficie de 60 m\u00e8tres carr\u00e9s. Profitez de votre balcon priv\u00e9 tout en contemplant le paysage ou en chantant librement dans votre douche \u00e0 l'italienne, faites le point sur votre travail ou votre \u00e9mission pr\u00e9f\u00e9r\u00e9e dans le confort de votre salon, et vous aurez de plus en plus de mal \u00e0 quitter votre chambre","breadcrumb":{"@id":"https:\/\/www.mercuredubaihotel.com\/fr\/suites\/deluxe-suite-1-bedroom-city-view\/#breadcrumb"},"inLanguage":"fr-FR","potentialAction":[{"@type":"ReadAction","target":["https:\/\/www.mercuredubaihotel.com\/fr\/suites\/deluxe-suite-1-bedroom-city-view\/"]}]},{"@type":"ImageObject","inLanguage":"fr-FR","@id":"https:\/\/www.mercuredubaihotel.com\/fr\/suites\/deluxe-suite-1-bedroom-city-view\/#primaryimage","url":"https:\/\/www.mercuredubaihotel.com\/wp-content\/uploads\/sites\/37\/2023\/02\/Mercure_dubai_prestige_suite_city_view_slide01.jpg","contentUrl":"https:\/\/www.mercuredubaihotel.com\/wp-content\/uploads\/sites\/37\/2023\/02\/Mercure_dubai_prestige_suite_city_view_slide01.jpg","width":2200,"height":1200},{"@type":"BreadcrumbList","@id":"https:\/\/www.mercuredubaihotel.com\/fr\/suites\/deluxe-suite-1-bedroom-city-view\/#breadcrumb","itemListElement":[{"@type":"ListItem","position":1,"name":"Home","item":"https:\/\/www.mercuredubaihotel.com\/fr\/"},{"@type":"ListItem","position":2,"name":"Suites","item":"https:\/\/www.mercuredubaihotel.com\/fr\/suites\/"},{"@type":"ListItem","position":3,"name":"Suite de luxe 1 chambre vue sur la ville"}]},{"@type":"WebSite","@id":"https:\/\/www.mercuredubaihotel.com\/#website","url":"https:\/\/www.mercuredubaihotel.com\/","name":"Mercure Dubai Barsha Heights","description":"","potentialAction":[{"@type":"SearchAction","target":{"@type":"EntryPoint","urlTemplate":"https:\/\/www.mercuredubaihotel.com\/?s={search_term_string}"},"query-input":{"@type":"PropertyValueSpecification","valueRequired":true,"valueName":"search_term_string"}}],"inLanguage":"fr-FR"}]}},"_links":{"self":[{"href":"https:\/\/www.mercuredubaihotel.com\/fr\/wp-json\/wp\/v2\/pages\/1408","targetHints":{"allow":["GET"]}}],"collection":[{"href":"https:\/\/www.mercuredubaihotel.com\/fr\/wp-json\/wp\/v2\/pages"}],"about":[{"href":"https:\/\/www.mercuredubaihotel.com\/fr\/wp-json\/wp\/v2\/types\/page"}],"author":[{"embeddable":true,"href":"https:\/\/www.mercuredubaihotel.com\/fr\/wp-json\/wp\/v2\/users\/3"}],"replies":[{"embeddable":true,"href":"https:\/\/www.mercuredubaihotel.com\/fr\/wp-json\/wp\/v2\/comments?post=1408"}],"version-history":[{"count":0,"href":"https:\/\/www.mercuredubaihotel.com\/fr\/wp-json\/wp\/v2\/pages\/1408\/revisions"}],"up":[{"embeddable":true,"href":"https:\/\/www.mercuredubaihotel.com\/fr\/wp-json\/wp\/v2\/pages\/1407"}],"wp:featuredmedia":[{"embeddable":true,"href":"https:\/\/www.mercuredubaihotel.com\/fr\/wp-json\/wp\/v2\/media\/48"}],"wp:attachment":[{"href":"https:\/\/www.mercuredubaihotel.com\/fr\/wp-json\/wp\/v2\/media?parent=1408"}],"wp:term":[{"taxonomy":"category","embeddable":true,"href":"https:\/\/www.mercuredubaihotel.com\/fr\/wp-json\/wp\/v2\/categories?post=1408"}],"curies":[{"name":"wp","href":"https:\/\/api.w.org\/{rel}","templated":true}]}}