{"id":1407,"date":"2023-02-21T15:53:56","date_gmt":"2023-02-21T15:53:56","guid":{"rendered":"https:\/\/www.mercuredubaihotel.com\/suites\/"},"modified":"2023-06-15T10:44:21","modified_gmt":"2023-06-15T10:44:21","slug":"suites","status":"publish","type":"page","link":"https:\/\/www.mercuredubaihotel.com\/fr\/suites\/","title":{"rendered":"Suites"},"content":{"rendered":"<p>Le Mercure Dubai Barsha Heights, o\u00f9 l&rsquo;essence et le modernisme de Duba\u00ef sont r\u00e9unis en un seul lieu, vous invite \u00e0 profiter d&rsquo;un confort somptueux. Chaque suite, au nombre de 408, vous offre de nombreuses options pour vous d\u00e9tendre et profiter de chaque instant de votre s\u00e9jour \u00e0 Duba\u00ef, que vous soyez \u00e9veill\u00e9 ou endormi.<br \/>\nQue vous soyez en voyage d&rsquo;affaires ou en s\u00e9jour touristique, l&rsquo;h\u00f4tel se trouve \u00e0 proximit\u00e9 des principales attractions, des zones de r\u00e9seautage et des destinations les plus pris\u00e9es, vous permettant ainsi de vous rendre facilement \u00e0 l&rsquo;h\u00f4tel et d&rsquo;en revenir, d&rsquo;autant plus que vous attendez de sauter dans votre lit moelleux et vos couvertures moelleuses.<\/p>\n<p>Ces suites ont \u00e9t\u00e9 con\u00e7ues pour vous \u00e9lever d\u00e8s votre entr\u00e9e. Grace \u00e0 leurs int\u00e9rieurs contemporains et \u00e0 leurs couleurs apaisantes (blanc et lavande), elles sont dot\u00e9es d&rsquo;un espace de vie d\u00e9di\u00e9 et d&rsquo;une salle de bains. Elles disposent d&rsquo;un espace de vie s\u00e9par\u00e9, de chambres agr\u00e9ables dot\u00e9es d&rsquo;un balcon et d&rsquo;une vue imprenable, et de salles de bains avec douches et baignoires \u00e0 l&rsquo;italienne. La d\u00e9coration des papiers peints s&rsquo;inspire des magnifiques panoramas de la ville et les moquettes pr\u00e9sentent des motifs personnalis\u00e9s qui se retrouvent dans toutes les suites, les espaces publics, les lieux de restauration et les salles de r\u00e9union.<\/p>\n<p>Quel que soit votre s\u00e9jour, de courte dur\u00e9e ou prolong\u00e9, au Mercure Dubai Barsha Heights, notre souci permanent est de faire de votre s\u00e9jour un moment inoubliable.<\/p>\n","protected":false},"excerpt":{"rendered":"<p>Modern and undeniably comfortable, this is your chance to rest and recharge in style.<\/p>\n","protected":false},"author":3,"featured_media":0,"parent":0,"menu_order":5,"comment_status":"closed","ping_status":"closed","template":"template-rooms.php","meta":{"footnotes":""},"categories":[],"class_list":["post-1407","page","type-page","status-publish","hentry"],"acf":[],"yoast_head":"<!-- This site is optimized with the Yoast SEO plugin v26.9 - https:\/\/yoast.com\/product\/yoast-seo-wordpress\/ -->\n<title>Suites \u2013 Mercure Dubai Barsha Heights Hotel Suites &amp; Apartments<\/title>\n<meta name=\"description\" content=\"Enjoy a stay in one of our brand new spacious Dubai hotel suites with private balconys, a separate lounge and views of the city or skyline. Accor Hotels in Dubai\" \/>\n<meta name=\"robots\" content=\"index, follow, max-snippet:-1, max-image-preview:large, max-video-preview:-1\" \/>\n<link rel=\"canonical\" href=\"https:\/\/www.mercuredubaihotel.com\/fr\/suites\/\" \/>\n<meta property=\"og:locale\" content=\"fr_FR\" \/>\n<meta property=\"og:type\" content=\"article\" \/>\n<meta property=\"og:title\" content=\"Suites \u2013 Mercure Dubai Barsha Heights Hotel Suites &amp; Apartments\" \/>\n<meta property=\"og:description\" content=\"Enjoy a stay in one of our brand new spacious Dubai hotel suites with private balconys, a separate lounge and views of the city or skyline. Accor Hotels in Dubai\" \/>\n<meta property=\"og:url\" content=\"https:\/\/www.mercuredubaihotel.com\/fr\/suites\/\" \/>\n<meta property=\"og:site_name\" content=\"Mercure Dubai Barsha Heights\" \/>\n<meta property=\"article:modified_time\" content=\"2023-06-15T10:44:21+00:00\" \/>\n<meta property=\"og:image\" content=\"https:\/\/www.mercuredubaihotel.com\/wp-content\/uploads\/sites\/37\/2023\/02\/Mercure_dubai_barsha_heights_home_slide02.jpg\" \/>\n\t<meta property=\"og:image:width\" content=\"2200\" \/>\n\t<meta property=\"og:image:height\" content=\"1200\" \/>\n\t<meta property=\"og:image:type\" content=\"image\/jpeg\" \/>\n<meta name=\"twitter:card\" content=\"summary_large_image\" \/>\n<meta name=\"twitter:label1\" content=\"Dur\u00e9e de lecture est.\" \/>\n\t<meta name=\"twitter:data1\" content=\"2 minutes\" \/>\n<script type=\"application\/ld+json\" class=\"yoast-schema-graph\">{\"@context\":\"https:\/\/schema.org\",\"@graph\":[{\"@type\":\"WebPage\",\"@id\":\"https:\/\/www.mercuredubaihotel.com\/fr\/suites\/\",\"url\":\"https:\/\/www.mercuredubaihotel.com\/fr\/suites\/\",\"name\":\"Suites \u2013 Mercure Dubai Barsha Heights Hotel Suites & Apartments\",\"isPartOf\":{\"@id\":\"https:\/\/www.mercuredubaihotel.com\/#website\"},\"datePublished\":\"2023-02-21T15:53:56+00:00\",\"dateModified\":\"2023-06-15T10:44:21+00:00\",\"description\":\"Enjoy a stay in one of our brand new spacious Dubai hotel suites with private balconys, a separate lounge and views of the city or skyline. Accor Hotels in Dubai\",\"breadcrumb\":{\"@id\":\"https:\/\/www.mercuredubaihotel.com\/fr\/suites\/#breadcrumb\"},\"inLanguage\":\"fr-FR\",\"potentialAction\":[{\"@type\":\"ReadAction\",\"target\":[\"https:\/\/www.mercuredubaihotel.com\/fr\/suites\/\"]}]},{\"@type\":\"BreadcrumbList\",\"@id\":\"https:\/\/www.mercuredubaihotel.com\/fr\/suites\/#breadcrumb\",\"itemListElement\":[{\"@type\":\"ListItem\",\"position\":1,\"name\":\"Home\",\"item\":\"https:\/\/www.mercuredubaihotel.com\/fr\/\"},{\"@type\":\"ListItem\",\"position\":2,\"name\":\"Suites\"}]},{\"@type\":\"WebSite\",\"@id\":\"https:\/\/www.mercuredubaihotel.com\/#website\",\"url\":\"https:\/\/www.mercuredubaihotel.com\/\",\"name\":\"Mercure Dubai Barsha Heights\",\"description\":\"\",\"potentialAction\":[{\"@type\":\"SearchAction\",\"target\":{\"@type\":\"EntryPoint\",\"urlTemplate\":\"https:\/\/www.mercuredubaihotel.com\/?s={search_term_string}\"},\"query-input\":{\"@type\":\"PropertyValueSpecification\",\"valueRequired\":true,\"valueName\":\"search_term_string\"}}],\"inLanguage\":\"fr-FR\"}]}<\/script>\n<!-- \/ Yoast SEO plugin. -->","yoast_head_json":{"title":"Suites \u2013 Mercure Dubai Barsha Heights Hotel Suites & Apartments","description":"Enjoy a stay in one of our brand new spacious Dubai hotel suites with private balconys, a separate lounge and views of the city or skyline. Accor Hotels in Dubai","robots":{"index":"index","follow":"follow","max-snippet":"max-snippet:-1","max-image-preview":"max-image-preview:large","max-video-preview":"max-video-preview:-1"},"canonical":"https:\/\/www.mercuredubaihotel.com\/fr\/suites\/","og_locale":"fr_FR","og_type":"article","og_title":"Suites \u2013 Mercure Dubai Barsha Heights Hotel Suites & Apartments","og_description":"Enjoy a stay in one of our brand new spacious Dubai hotel suites with private balconys, a separate lounge and views of the city or skyline. Accor Hotels in Dubai","og_url":"https:\/\/www.mercuredubaihotel.com\/fr\/suites\/","og_site_name":"Mercure Dubai Barsha Heights","article_modified_time":"2023-06-15T10:44:21+00:00","og_image":[{"width":2200,"height":1200,"url":"https:\/\/www.mercuredubaihotel.com\/wp-content\/uploads\/sites\/37\/2023\/02\/Mercure_dubai_barsha_heights_home_slide02.jpg","type":"image\/jpeg"}],"twitter_card":"summary_large_image","twitter_misc":{"Dur\u00e9e de lecture est.":"2 minutes"},"schema":{"@context":"https:\/\/schema.org","@graph":[{"@type":"WebPage","@id":"https:\/\/www.mercuredubaihotel.com\/fr\/suites\/","url":"https:\/\/www.mercuredubaihotel.com\/fr\/suites\/","name":"Suites \u2013 Mercure Dubai Barsha Heights Hotel Suites & Apartments","isPartOf":{"@id":"https:\/\/www.mercuredubaihotel.com\/#website"},"datePublished":"2023-02-21T15:53:56+00:00","dateModified":"2023-06-15T10:44:21+00:00","description":"Enjoy a stay in one of our brand new spacious Dubai hotel suites with private balconys, a separate lounge and views of the city or skyline. Accor Hotels in Dubai","breadcrumb":{"@id":"https:\/\/www.mercuredubaihotel.com\/fr\/suites\/#breadcrumb"},"inLanguage":"fr-FR","potentialAction":[{"@type":"ReadAction","target":["https:\/\/www.mercuredubaihotel.com\/fr\/suites\/"]}]},{"@type":"BreadcrumbList","@id":"https:\/\/www.mercuredubaihotel.com\/fr\/suites\/#breadcrumb","itemListElement":[{"@type":"ListItem","position":1,"name":"Home","item":"https:\/\/www.mercuredubaihotel.com\/fr\/"},{"@type":"ListItem","position":2,"name":"Suites"}]},{"@type":"WebSite","@id":"https:\/\/www.mercuredubaihotel.com\/#website","url":"https:\/\/www.mercuredubaihotel.com\/","name":"Mercure Dubai Barsha Heights","description":"","potentialAction":[{"@type":"SearchAction","target":{"@type":"EntryPoint","urlTemplate":"https:\/\/www.mercuredubaihotel.com\/?s={search_term_string}"},"query-input":{"@type":"PropertyValueSpecification","valueRequired":true,"valueName":"search_term_string"}}],"inLanguage":"fr-FR"}]}},"_links":{"self":[{"href":"https:\/\/www.mercuredubaihotel.com\/fr\/wp-json\/wp\/v2\/pages\/1407","targetHints":{"allow":["GET"]}}],"collection":[{"href":"https:\/\/www.mercuredubaihotel.com\/fr\/wp-json\/wp\/v2\/pages"}],"about":[{"href":"https:\/\/www.mercuredubaihotel.com\/fr\/wp-json\/wp\/v2\/types\/page"}],"author":[{"embeddable":true,"href":"https:\/\/www.mercuredubaihotel.com\/fr\/wp-json\/wp\/v2\/users\/3"}],"replies":[{"embeddable":true,"href":"https:\/\/www.mercuredubaihotel.com\/fr\/wp-json\/wp\/v2\/comments?post=1407"}],"version-history":[{"count":0,"href":"https:\/\/www.mercuredubaihotel.com\/fr\/wp-json\/wp\/v2\/pages\/1407\/revisions"}],"wp:attachment":[{"href":"https:\/\/www.mercuredubaihotel.com\/fr\/wp-json\/wp\/v2\/media?parent=1407"}],"wp:term":[{"taxonomy":"category","embeddable":true,"href":"https:\/\/www.mercuredubaihotel.com\/fr\/wp-json\/wp\/v2\/categories?post=1407"}],"curies":[{"name":"wp","href":"https:\/\/api.w.org\/{rel}","templated":true}]}}