{"id":747,"date":"2023-02-27T13:40:59","date_gmt":"2023-02-27T13:40:59","guid":{"rendered":"https:\/\/www.mercuredubaihotel.com\/meet\/meetings-events-offer\/"},"modified":"2026-01-02T07:49:45","modified_gmt":"2026-01-02T07:49:45","slug":"angebot-fuer-meetings-veranstaltungen","status":"publish","type":"page","link":"https:\/\/www.mercuredubaihotel.com\/de\/meet\/angebot-fuer-meetings-veranstaltungen\/","title":{"rendered":"Angebot F\u00fcr Meetings &amp; Veranstaltungen"},"content":{"rendered":"<h2 style=\"text-align: center\">Entdecken Sie unsere All-Inclusive-Meeting- und Event-Angebote ab 80 AED pro Person*<\/h2>\n<p style=\"text-align: center\">Wann immer es etwas zu feiern gibt, verwandeln sich unsere flexiblen Veranstaltungsorte in Dubai in traumhafte Kulissen f\u00fcr dein besonderes Event.<\/p>\n<p style=\"text-align: center\">Veranstalte ein Gesch\u00e4ftstreffen, eine Cocktailparty oder ein geselliges Bankett im erstklassigen Dubai-Stil mit Blick auf die Sheikh Zayed Road, die Hauptverkehrsader der Stadt. Teile deine Vorstellungen mit unserem engagierten Team von Veranstaltungsspezialisten und lass sie die Last der Veranstaltungsplanung von deinen Schultern nehmen. Sie passen jeden Service an deine W\u00fcnsche an und sorgen f\u00fcr reibungslose Veranstaltungen f\u00fcr bis zu 100 Personen*.<\/p>\n<p>&nbsp;<\/p>\n<h5 style=\"text-align: center\">W\u00e4hlen Sie aus einer Vielzahl von Paketen passend zu Ihren Bed\u00fcrfnissen:<\/h5>\n<h6 style=\"text-align: center\">Kaffeepausen-Paket:<\/h6>\n<p style=\"text-align: center\">Gestalten Sie Ihre Veranstaltung individuell mit einer, zwei oder drei Kaffeepausen.<\/p>\n<p style=\"text-align: center\">Bleiben Sie erfrischt mit frisch gebr\u00fchtem Kaffee, aromatisierten Tees und k\u00f6stlichem Geb\u00e4ck.<\/p>\n<h6 style=\"text-align: center\">Kaffeepause und Mittagessen:<\/h6>\n<p style=\"text-align: center\">Tanken Sie neue Energie bei Kaffeepausen und genie\u00dfen Sie anschlie\u00dfend ein speziell von unserem K\u00fcchenchef zusammengestelltes Mittagessen.<\/p>\n<p style=\"text-align: center\">Inklusive Wasser\/Softdrinks.<\/p>\n<p>&nbsp;<\/p>\n<p>&nbsp;<\/p>\n<p style=\"text-align: left\"><strong>Buche deine Meetings im Mercure Hotel Dubai Barsha Heights und genie\u00dfe:<\/strong><\/p>\n<ul>\n<li>Ein engagierter Tagungsplaner w\u00e4hrend der gesamten Veranstaltung<\/li>\n<li>Anmietung eines Tagungsraums mit modernster audiovisueller Ausstattung<\/li>\n<li>Eingebauter LCD-Bildschirm und Projektor sowie 1 drahtloses Handmikrofon<\/li>\n<li>Gemeinsamer Hochgeschwindigkeits-Wi-Fi-Internetzugang<\/li>\n<li>Einzigartiges Beleuchtungssystem<\/li>\n<li>Stilles Wasser in Flaschen f\u00fcr jeden Delegierten w\u00e4hrend der gesamten Veranstaltung<\/li>\n<li>Minzbonbons und Schreibwaren (Stifte und Notizblock) f\u00fcr jeden Delegierten<\/li>\n<li>Handdesinfektionsmittel und eine Taschentuchbox auf jedem Tisch<\/li>\n<li>Beschilderung der Veranstaltung mit dem Firmenlogo zur Orientierung der G\u00e4ste<\/li>\n<li>Kostenloser Parkservice<\/li>\n<\/ul>\n<p>&nbsp;<\/p>\n<p><strong>\ud83d\udcde Kontaktieren Sie uns jetzt, um Ihre Veranstaltung oder Tagung zu buchen. Unser Team ist bereit, Sie bei jedem Detail zu unterst\u00fctzen und ein reibungsloses und unvergessliches Erlebnis zu gew\u00e4hrleisten.<\/strong><\/p>\n<p>Rufen Sie an: +971 58 127 5960<\/p>\n<p>E-Mail: <a href=\"mailto:Myra.TOLENTINO@accor.com\">Myra.TOLENTINO@accor.com<\/a><\/p>\n<p>*Preise k\u00f6nnen sich je nach Mahlzeitenbedarf und Verf\u00fcgbarkeit \u00e4ndern. Kontaktieren Sie uns f\u00fcr ein individuelles Angebot.<\/p>\n","protected":false},"excerpt":{"rendered":"<p>Entdecken Sie unsere All-Inclusive-Meeting- und Event-Angebote ab 80 AED pro Person* Wann immer es etwas zu feiern gibt, verwandeln sich unsere flexiblen Veranstaltungsorte in Dubai in traumhafte Kulissen f\u00fcr dein besonderes Event. Veranstalte ein Gesch\u00e4ftstreffen, eine Cocktailparty oder ein geselliges Bankett im erstklassigen Dubai-Stil mit Blick auf die Sheikh Zayed Road, die Hauptverkehrsader der Stadt. [&hellip;]<\/p>\n","protected":false},"author":3,"featured_media":0,"parent":745,"menu_order":5,"comment_status":"closed","ping_status":"closed","template":"template-meetings-events-offer.php","meta":{"footnotes":""},"categories":[],"class_list":["post-747","page","type-page","status-publish","hentry"],"acf":[],"yoast_head":"<!-- This site is optimized with the Yoast SEO plugin v26.9 - https:\/\/yoast.com\/product\/yoast-seo-wordpress\/ -->\n<title>Angebot F\u00fcr Meetings &amp; Veranstaltungen - Mercure Dubai Barsha Heights -<\/title>\n<meta name=\"description\" content=\"Entdecken Sie unsere All-Inclusive-Meeting- und Event-Angebote ab 80 AED pro Person* Wann immer es etwas zu feiern gibt, verwandeln sich unsere flexiblen Veranstaltungsorte in Dubai in traumhafte Kulissen f\u00fcr dein besonderes Event. Veranstalte ein Gesch\u00e4ftstreffen, eine Cocktailparty oder ein geselliges Bankett im erstklassigen Dubai-Stil mit Blick auf die Sheikh Zayed Road, die Hauptverkehrsader der Stadt. Teile deine Vorstellungen mit unserem engagierten Team von Veranstaltungsspezialisten und lass sie die Last der Veranstaltungsplanung von deinen Schultern nehmen\" \/>\n<meta name=\"robots\" content=\"index, follow, max-snippet:-1, max-image-preview:large, max-video-preview:-1\" \/>\n<link rel=\"canonical\" href=\"https:\/\/www.mercuredubaihotel.com\/de\/meet\/angebot-fuer-meetings-veranstaltungen\/\" \/>\n<meta property=\"og:locale\" content=\"de_DE\" \/>\n<meta property=\"og:type\" content=\"article\" \/>\n<meta property=\"og:title\" content=\"Angebot F\u00fcr Meetings &amp; Veranstaltungen - Mercure Dubai Barsha Heights -\" \/>\n<meta property=\"og:description\" content=\"Entdecken Sie unsere All-Inclusive-Meeting- und Event-Angebote ab 80 AED pro Person* Wann immer es etwas zu feiern gibt, verwandeln sich unsere flexiblen Veranstaltungsorte in Dubai in traumhafte Kulissen f\u00fcr dein besonderes Event. Veranstalte ein Gesch\u00e4ftstreffen, eine Cocktailparty oder ein geselliges Bankett im erstklassigen Dubai-Stil mit Blick auf die Sheikh Zayed Road, die Hauptverkehrsader der Stadt. Teile deine Vorstellungen mit unserem engagierten Team von Veranstaltungsspezialisten und lass sie die Last der Veranstaltungsplanung von deinen Schultern nehmen\" \/>\n<meta property=\"og:url\" content=\"https:\/\/www.mercuredubaihotel.com\/de\/meet\/angebot-fuer-meetings-veranstaltungen\/\" \/>\n<meta property=\"og:site_name\" content=\"Mercure Dubai Barsha Heights\" \/>\n<meta property=\"article:modified_time\" content=\"2026-01-02T07:49:45+00:00\" \/>\n<meta property=\"og:image\" content=\"https:\/\/www.mercuredubaihotel.com\/wp-content\/uploads\/sites\/37\/2023\/02\/Mercure_dubai_barsha_heights_home_slide02.jpg\" \/>\n\t<meta property=\"og:image:width\" content=\"2200\" \/>\n\t<meta property=\"og:image:height\" content=\"1200\" \/>\n\t<meta property=\"og:image:type\" content=\"image\/jpeg\" \/>\n<meta name=\"twitter:card\" content=\"summary_large_image\" \/>\n<meta name=\"twitter:label1\" content=\"Gesch\u00e4tzte Lesezeit\" \/>\n\t<meta name=\"twitter:data1\" content=\"2 Minuten\" \/>\n<script type=\"application\/ld+json\" class=\"yoast-schema-graph\">{\"@context\":\"https:\/\/schema.org\",\"@graph\":[{\"@type\":\"WebPage\",\"@id\":\"https:\/\/www.mercuredubaihotel.com\/de\/meet\/angebot-fuer-meetings-veranstaltungen\/\",\"url\":\"https:\/\/www.mercuredubaihotel.com\/de\/meet\/angebot-fuer-meetings-veranstaltungen\/\",\"name\":\"Angebot F\u00fcr Meetings &amp; Veranstaltungen - Mercure Dubai Barsha Heights -\",\"isPartOf\":{\"@id\":\"https:\/\/www.mercuredubaihotel.com\/#website\"},\"datePublished\":\"2023-02-27T13:40:59+00:00\",\"dateModified\":\"2026-01-02T07:49:45+00:00\",\"description\":\"Entdecken Sie unsere All-Inclusive-Meeting- und Event-Angebote ab 80 AED pro Person* Wann immer es etwas zu feiern gibt, verwandeln sich unsere flexiblen Veranstaltungsorte in Dubai in traumhafte Kulissen f\u00fcr dein besonderes Event. Veranstalte ein Gesch\u00e4ftstreffen, eine Cocktailparty oder ein geselliges Bankett im erstklassigen Dubai-Stil mit Blick auf die Sheikh Zayed Road, die Hauptverkehrsader der Stadt. Teile deine Vorstellungen mit unserem engagierten Team von Veranstaltungsspezialisten und lass sie die Last der Veranstaltungsplanung von deinen Schultern nehmen\",\"breadcrumb\":{\"@id\":\"https:\/\/www.mercuredubaihotel.com\/de\/meet\/angebot-fuer-meetings-veranstaltungen\/#breadcrumb\"},\"inLanguage\":\"de-DE\",\"potentialAction\":[{\"@type\":\"ReadAction\",\"target\":[\"https:\/\/www.mercuredubaihotel.com\/de\/meet\/angebot-fuer-meetings-veranstaltungen\/\"]}]},{\"@type\":\"BreadcrumbList\",\"@id\":\"https:\/\/www.mercuredubaihotel.com\/de\/meet\/angebot-fuer-meetings-veranstaltungen\/#breadcrumb\",\"itemListElement\":[{\"@type\":\"ListItem\",\"position\":1,\"name\":\"Home\",\"item\":\"https:\/\/www.mercuredubaihotel.com\/de\/\"},{\"@type\":\"ListItem\",\"position\":2,\"name\":\"Meet\",\"item\":\"https:\/\/www.mercuredubaihotel.com\/de\/meet\/\"},{\"@type\":\"ListItem\",\"position\":3,\"name\":\"Angebot F\u00fcr Meetings &amp; Veranstaltungen\"}]},{\"@type\":\"WebSite\",\"@id\":\"https:\/\/www.mercuredubaihotel.com\/#website\",\"url\":\"https:\/\/www.mercuredubaihotel.com\/\",\"name\":\"Mercure Dubai Barsha Heights\",\"description\":\"\",\"potentialAction\":[{\"@type\":\"SearchAction\",\"target\":{\"@type\":\"EntryPoint\",\"urlTemplate\":\"https:\/\/www.mercuredubaihotel.com\/?s={search_term_string}\"},\"query-input\":{\"@type\":\"PropertyValueSpecification\",\"valueRequired\":true,\"valueName\":\"search_term_string\"}}],\"inLanguage\":\"de-DE\"}]}<\/script>\n<!-- \/ Yoast SEO plugin. -->","yoast_head_json":{"title":"Angebot F\u00fcr Meetings &amp; Veranstaltungen - Mercure Dubai Barsha Heights -","description":"Entdecken Sie unsere All-Inclusive-Meeting- und Event-Angebote ab 80 AED pro Person* Wann immer es etwas zu feiern gibt, verwandeln sich unsere flexiblen Veranstaltungsorte in Dubai in traumhafte Kulissen f\u00fcr dein besonderes Event. Veranstalte ein Gesch\u00e4ftstreffen, eine Cocktailparty oder ein geselliges Bankett im erstklassigen Dubai-Stil mit Blick auf die Sheikh Zayed Road, die Hauptverkehrsader der Stadt. Teile deine Vorstellungen mit unserem engagierten Team von Veranstaltungsspezialisten und lass sie die Last der Veranstaltungsplanung von deinen Schultern nehmen","robots":{"index":"index","follow":"follow","max-snippet":"max-snippet:-1","max-image-preview":"max-image-preview:large","max-video-preview":"max-video-preview:-1"},"canonical":"https:\/\/www.mercuredubaihotel.com\/de\/meet\/angebot-fuer-meetings-veranstaltungen\/","og_locale":"de_DE","og_type":"article","og_title":"Angebot F\u00fcr Meetings &amp; Veranstaltungen - Mercure Dubai Barsha Heights -","og_description":"Entdecken Sie unsere All-Inclusive-Meeting- und Event-Angebote ab 80 AED pro Person* Wann immer es etwas zu feiern gibt, verwandeln sich unsere flexiblen Veranstaltungsorte in Dubai in traumhafte Kulissen f\u00fcr dein besonderes Event. Veranstalte ein Gesch\u00e4ftstreffen, eine Cocktailparty oder ein geselliges Bankett im erstklassigen Dubai-Stil mit Blick auf die Sheikh Zayed Road, die Hauptverkehrsader der Stadt. Teile deine Vorstellungen mit unserem engagierten Team von Veranstaltungsspezialisten und lass sie die Last der Veranstaltungsplanung von deinen Schultern nehmen","og_url":"https:\/\/www.mercuredubaihotel.com\/de\/meet\/angebot-fuer-meetings-veranstaltungen\/","og_site_name":"Mercure Dubai Barsha Heights","article_modified_time":"2026-01-02T07:49:45+00:00","og_image":[{"width":2200,"height":1200,"url":"https:\/\/www.mercuredubaihotel.com\/wp-content\/uploads\/sites\/37\/2023\/02\/Mercure_dubai_barsha_heights_home_slide02.jpg","type":"image\/jpeg"}],"twitter_card":"summary_large_image","twitter_misc":{"Gesch\u00e4tzte Lesezeit":"2 Minuten"},"schema":{"@context":"https:\/\/schema.org","@graph":[{"@type":"WebPage","@id":"https:\/\/www.mercuredubaihotel.com\/de\/meet\/angebot-fuer-meetings-veranstaltungen\/","url":"https:\/\/www.mercuredubaihotel.com\/de\/meet\/angebot-fuer-meetings-veranstaltungen\/","name":"Angebot F\u00fcr Meetings &amp; Veranstaltungen - Mercure Dubai Barsha Heights -","isPartOf":{"@id":"https:\/\/www.mercuredubaihotel.com\/#website"},"datePublished":"2023-02-27T13:40:59+00:00","dateModified":"2026-01-02T07:49:45+00:00","description":"Entdecken Sie unsere All-Inclusive-Meeting- und Event-Angebote ab 80 AED pro Person* Wann immer es etwas zu feiern gibt, verwandeln sich unsere flexiblen Veranstaltungsorte in Dubai in traumhafte Kulissen f\u00fcr dein besonderes Event. Veranstalte ein Gesch\u00e4ftstreffen, eine Cocktailparty oder ein geselliges Bankett im erstklassigen Dubai-Stil mit Blick auf die Sheikh Zayed Road, die Hauptverkehrsader der Stadt. Teile deine Vorstellungen mit unserem engagierten Team von Veranstaltungsspezialisten und lass sie die Last der Veranstaltungsplanung von deinen Schultern nehmen","breadcrumb":{"@id":"https:\/\/www.mercuredubaihotel.com\/de\/meet\/angebot-fuer-meetings-veranstaltungen\/#breadcrumb"},"inLanguage":"de-DE","potentialAction":[{"@type":"ReadAction","target":["https:\/\/www.mercuredubaihotel.com\/de\/meet\/angebot-fuer-meetings-veranstaltungen\/"]}]},{"@type":"BreadcrumbList","@id":"https:\/\/www.mercuredubaihotel.com\/de\/meet\/angebot-fuer-meetings-veranstaltungen\/#breadcrumb","itemListElement":[{"@type":"ListItem","position":1,"name":"Home","item":"https:\/\/www.mercuredubaihotel.com\/de\/"},{"@type":"ListItem","position":2,"name":"Meet","item":"https:\/\/www.mercuredubaihotel.com\/de\/meet\/"},{"@type":"ListItem","position":3,"name":"Angebot F\u00fcr Meetings &amp; Veranstaltungen"}]},{"@type":"WebSite","@id":"https:\/\/www.mercuredubaihotel.com\/#website","url":"https:\/\/www.mercuredubaihotel.com\/","name":"Mercure Dubai Barsha Heights","description":"","potentialAction":[{"@type":"SearchAction","target":{"@type":"EntryPoint","urlTemplate":"https:\/\/www.mercuredubaihotel.com\/?s={search_term_string}"},"query-input":{"@type":"PropertyValueSpecification","valueRequired":true,"valueName":"search_term_string"}}],"inLanguage":"de-DE"}]}},"_links":{"self":[{"href":"https:\/\/www.mercuredubaihotel.com\/de\/wp-json\/wp\/v2\/pages\/747","targetHints":{"allow":["GET"]}}],"collection":[{"href":"https:\/\/www.mercuredubaihotel.com\/de\/wp-json\/wp\/v2\/pages"}],"about":[{"href":"https:\/\/www.mercuredubaihotel.com\/de\/wp-json\/wp\/v2\/types\/page"}],"author":[{"embeddable":true,"href":"https:\/\/www.mercuredubaihotel.com\/de\/wp-json\/wp\/v2\/users\/3"}],"replies":[{"embeddable":true,"href":"https:\/\/www.mercuredubaihotel.com\/de\/wp-json\/wp\/v2\/comments?post=747"}],"version-history":[{"count":0,"href":"https:\/\/www.mercuredubaihotel.com\/de\/wp-json\/wp\/v2\/pages\/747\/revisions"}],"up":[{"embeddable":true,"href":"https:\/\/www.mercuredubaihotel.com\/de\/wp-json\/wp\/v2\/pages\/745"}],"wp:attachment":[{"href":"https:\/\/www.mercuredubaihotel.com\/de\/wp-json\/wp\/v2\/media?parent=747"}],"wp:term":[{"taxonomy":"category","embeddable":true,"href":"https:\/\/www.mercuredubaihotel.com\/de\/wp-json\/wp\/v2\/categories?post=747"}],"curies":[{"name":"wp","href":"https:\/\/api.w.org\/{rel}","templated":true}]}}