{"id":745,"date":"2023-02-27T12:43:09","date_gmt":"2023-02-27T12:43:09","guid":{"rendered":"https:\/\/www.mercuredubaihotel.com\/meet\/"},"modified":"2026-01-02T07:42:32","modified_gmt":"2026-01-02T07:42:32","slug":"meet","status":"publish","type":"page","link":"https:\/\/www.mercuredubaihotel.com\/de\/meet\/","title":{"rendered":"Meet"},"content":{"rendered":"<p>Mit 400 Quadratmetern flexiblem Raum auf den Ebenen 40 und 41 sind Meetings im Mercure Dubai Barsha Heights ein Vergn\u00fcgen f\u00fcr Gastgeber und Teilnehmer. Ausgestattet mit nat\u00fcrlichem Licht und hochwertigen Einrichtungen kannst du hier eine Cocktailparty f\u00fcr bis zu 100 G\u00e4ste oder eine Konferenz f\u00fcr 50 Teilnehmer veranstalten &#8211; unser Team hilft dir in jedem Fall. Mit insgesamt acht Veranstaltungsorten kannst du uns sagen, welche Art von Bestuhlung und welches Men\u00fc du brauchst, und wir k\u00fcmmern uns um alle kleinen (und gro\u00dfen) Dinge.<\/p>\n<p>Da die Metrostation Dubai Internet City nur wenige Minuten entfernt ist, m\u00fcssen sich deine Besucher nicht beeilen, um p\u00fcnktlich zu sein.<\/p>\n","protected":false},"excerpt":{"rendered":"<p>Genie\u00dfen Sie zwanglose Essenserlebnisse, die nur einen Tastendruck entfernt sind.<\/p>\n","protected":false},"author":3,"featured_media":0,"parent":0,"menu_order":40,"comment_status":"closed","ping_status":"closed","template":"template-meetings.php","meta":{"footnotes":""},"categories":[],"class_list":["post-745","page","type-page","status-publish","hentry"],"acf":[],"yoast_head":"<!-- This site is optimized with the Yoast SEO plugin v26.9 - https:\/\/yoast.com\/product\/yoast-seo-wordpress\/ -->\n<title>Meet - Mercure Dubai Barsha Heights -<\/title>\n<meta name=\"description\" content=\"Mit 400 Quadratmetern flexiblem Raum auf den Ebenen 40 und 41 sind Meetings im Mercure Dubai Barsha Heights ein Vergn\u00fcgen f\u00fcr Gastgeber und Teilnehmer. Ausgestattet mit nat\u00fcrlichem Licht und hochwertigen Einrichtungen kannst du hier eine Cocktailparty f\u00fcr bis zu 100 G\u00e4ste oder eine Konferenz f\u00fcr 50 Teilnehmer veranstalten - unser Team hilft dir in jedem Fall\" \/>\n<meta name=\"robots\" content=\"index, follow, max-snippet:-1, max-image-preview:large, max-video-preview:-1\" \/>\n<link rel=\"canonical\" href=\"https:\/\/www.mercuredubaihotel.com\/de\/meet\/\" \/>\n<meta property=\"og:locale\" content=\"de_DE\" \/>\n<meta property=\"og:type\" content=\"article\" \/>\n<meta property=\"og:title\" content=\"Meet - Mercure Dubai Barsha Heights -\" \/>\n<meta property=\"og:description\" content=\"Mit 400 Quadratmetern flexiblem Raum auf den Ebenen 40 und 41 sind Meetings im Mercure Dubai Barsha Heights ein Vergn\u00fcgen f\u00fcr Gastgeber und Teilnehmer. Ausgestattet mit nat\u00fcrlichem Licht und hochwertigen Einrichtungen kannst du hier eine Cocktailparty f\u00fcr bis zu 100 G\u00e4ste oder eine Konferenz f\u00fcr 50 Teilnehmer veranstalten - unser Team hilft dir in jedem Fall\" \/>\n<meta property=\"og:url\" content=\"https:\/\/www.mercuredubaihotel.com\/de\/meet\/\" \/>\n<meta property=\"og:site_name\" content=\"Mercure Dubai Barsha Heights\" \/>\n<meta property=\"article:modified_time\" content=\"2026-01-02T07:42:32+00:00\" \/>\n<meta property=\"og:image\" content=\"https:\/\/www.mercuredubaihotel.com\/wp-content\/uploads\/sites\/37\/2023\/02\/Mercure_dubai_barsha_heights_home_slide02.jpg\" \/>\n\t<meta property=\"og:image:width\" content=\"2200\" \/>\n\t<meta property=\"og:image:height\" content=\"1200\" \/>\n\t<meta property=\"og:image:type\" content=\"image\/jpeg\" \/>\n<meta name=\"twitter:card\" content=\"summary_large_image\" \/>\n<meta name=\"twitter:label1\" content=\"Gesch\u00e4tzte Lesezeit\" \/>\n\t<meta name=\"twitter:data1\" content=\"1 Minute\" \/>\n<script type=\"application\/ld+json\" class=\"yoast-schema-graph\">{\"@context\":\"https:\/\/schema.org\",\"@graph\":[{\"@type\":\"WebPage\",\"@id\":\"https:\/\/www.mercuredubaihotel.com\/de\/meet\/\",\"url\":\"https:\/\/www.mercuredubaihotel.com\/de\/meet\/\",\"name\":\"Meet - Mercure Dubai Barsha Heights -\",\"isPartOf\":{\"@id\":\"https:\/\/www.mercuredubaihotel.com\/#website\"},\"datePublished\":\"2023-02-27T12:43:09+00:00\",\"dateModified\":\"2026-01-02T07:42:32+00:00\",\"description\":\"Mit 400 Quadratmetern flexiblem Raum auf den Ebenen 40 und 41 sind Meetings im Mercure Dubai Barsha Heights ein Vergn\u00fcgen f\u00fcr Gastgeber und Teilnehmer. Ausgestattet mit nat\u00fcrlichem Licht und hochwertigen Einrichtungen kannst du hier eine Cocktailparty f\u00fcr bis zu 100 G\u00e4ste oder eine Konferenz f\u00fcr 50 Teilnehmer veranstalten - unser Team hilft dir in jedem Fall\",\"breadcrumb\":{\"@id\":\"https:\/\/www.mercuredubaihotel.com\/de\/meet\/#breadcrumb\"},\"inLanguage\":\"de-DE\",\"potentialAction\":[{\"@type\":\"ReadAction\",\"target\":[\"https:\/\/www.mercuredubaihotel.com\/de\/meet\/\"]}]},{\"@type\":\"BreadcrumbList\",\"@id\":\"https:\/\/www.mercuredubaihotel.com\/de\/meet\/#breadcrumb\",\"itemListElement\":[{\"@type\":\"ListItem\",\"position\":1,\"name\":\"Home\",\"item\":\"https:\/\/www.mercuredubaihotel.com\/de\/\"},{\"@type\":\"ListItem\",\"position\":2,\"name\":\"Meet\"}]},{\"@type\":\"WebSite\",\"@id\":\"https:\/\/www.mercuredubaihotel.com\/#website\",\"url\":\"https:\/\/www.mercuredubaihotel.com\/\",\"name\":\"Mercure Dubai Barsha Heights\",\"description\":\"\",\"potentialAction\":[{\"@type\":\"SearchAction\",\"target\":{\"@type\":\"EntryPoint\",\"urlTemplate\":\"https:\/\/www.mercuredubaihotel.com\/?s={search_term_string}\"},\"query-input\":{\"@type\":\"PropertyValueSpecification\",\"valueRequired\":true,\"valueName\":\"search_term_string\"}}],\"inLanguage\":\"de-DE\"}]}<\/script>\n<!-- \/ Yoast SEO plugin. -->","yoast_head_json":{"title":"Meet - Mercure Dubai Barsha Heights -","description":"Mit 400 Quadratmetern flexiblem Raum auf den Ebenen 40 und 41 sind Meetings im Mercure Dubai Barsha Heights ein Vergn\u00fcgen f\u00fcr Gastgeber und Teilnehmer. Ausgestattet mit nat\u00fcrlichem Licht und hochwertigen Einrichtungen kannst du hier eine Cocktailparty f\u00fcr bis zu 100 G\u00e4ste oder eine Konferenz f\u00fcr 50 Teilnehmer veranstalten - unser Team hilft dir in jedem Fall","robots":{"index":"index","follow":"follow","max-snippet":"max-snippet:-1","max-image-preview":"max-image-preview:large","max-video-preview":"max-video-preview:-1"},"canonical":"https:\/\/www.mercuredubaihotel.com\/de\/meet\/","og_locale":"de_DE","og_type":"article","og_title":"Meet - Mercure Dubai Barsha Heights -","og_description":"Mit 400 Quadratmetern flexiblem Raum auf den Ebenen 40 und 41 sind Meetings im Mercure Dubai Barsha Heights ein Vergn\u00fcgen f\u00fcr Gastgeber und Teilnehmer. Ausgestattet mit nat\u00fcrlichem Licht und hochwertigen Einrichtungen kannst du hier eine Cocktailparty f\u00fcr bis zu 100 G\u00e4ste oder eine Konferenz f\u00fcr 50 Teilnehmer veranstalten - unser Team hilft dir in jedem Fall","og_url":"https:\/\/www.mercuredubaihotel.com\/de\/meet\/","og_site_name":"Mercure Dubai Barsha Heights","article_modified_time":"2026-01-02T07:42:32+00:00","og_image":[{"width":2200,"height":1200,"url":"https:\/\/www.mercuredubaihotel.com\/wp-content\/uploads\/sites\/37\/2023\/02\/Mercure_dubai_barsha_heights_home_slide02.jpg","type":"image\/jpeg"}],"twitter_card":"summary_large_image","twitter_misc":{"Gesch\u00e4tzte Lesezeit":"1 Minute"},"schema":{"@context":"https:\/\/schema.org","@graph":[{"@type":"WebPage","@id":"https:\/\/www.mercuredubaihotel.com\/de\/meet\/","url":"https:\/\/www.mercuredubaihotel.com\/de\/meet\/","name":"Meet - Mercure Dubai Barsha Heights -","isPartOf":{"@id":"https:\/\/www.mercuredubaihotel.com\/#website"},"datePublished":"2023-02-27T12:43:09+00:00","dateModified":"2026-01-02T07:42:32+00:00","description":"Mit 400 Quadratmetern flexiblem Raum auf den Ebenen 40 und 41 sind Meetings im Mercure Dubai Barsha Heights ein Vergn\u00fcgen f\u00fcr Gastgeber und Teilnehmer. Ausgestattet mit nat\u00fcrlichem Licht und hochwertigen Einrichtungen kannst du hier eine Cocktailparty f\u00fcr bis zu 100 G\u00e4ste oder eine Konferenz f\u00fcr 50 Teilnehmer veranstalten - unser Team hilft dir in jedem Fall","breadcrumb":{"@id":"https:\/\/www.mercuredubaihotel.com\/de\/meet\/#breadcrumb"},"inLanguage":"de-DE","potentialAction":[{"@type":"ReadAction","target":["https:\/\/www.mercuredubaihotel.com\/de\/meet\/"]}]},{"@type":"BreadcrumbList","@id":"https:\/\/www.mercuredubaihotel.com\/de\/meet\/#breadcrumb","itemListElement":[{"@type":"ListItem","position":1,"name":"Home","item":"https:\/\/www.mercuredubaihotel.com\/de\/"},{"@type":"ListItem","position":2,"name":"Meet"}]},{"@type":"WebSite","@id":"https:\/\/www.mercuredubaihotel.com\/#website","url":"https:\/\/www.mercuredubaihotel.com\/","name":"Mercure Dubai Barsha Heights","description":"","potentialAction":[{"@type":"SearchAction","target":{"@type":"EntryPoint","urlTemplate":"https:\/\/www.mercuredubaihotel.com\/?s={search_term_string}"},"query-input":{"@type":"PropertyValueSpecification","valueRequired":true,"valueName":"search_term_string"}}],"inLanguage":"de-DE"}]}},"_links":{"self":[{"href":"https:\/\/www.mercuredubaihotel.com\/de\/wp-json\/wp\/v2\/pages\/745","targetHints":{"allow":["GET"]}}],"collection":[{"href":"https:\/\/www.mercuredubaihotel.com\/de\/wp-json\/wp\/v2\/pages"}],"about":[{"href":"https:\/\/www.mercuredubaihotel.com\/de\/wp-json\/wp\/v2\/types\/page"}],"author":[{"embeddable":true,"href":"https:\/\/www.mercuredubaihotel.com\/de\/wp-json\/wp\/v2\/users\/3"}],"replies":[{"embeddable":true,"href":"https:\/\/www.mercuredubaihotel.com\/de\/wp-json\/wp\/v2\/comments?post=745"}],"version-history":[{"count":0,"href":"https:\/\/www.mercuredubaihotel.com\/de\/wp-json\/wp\/v2\/pages\/745\/revisions"}],"wp:attachment":[{"href":"https:\/\/www.mercuredubaihotel.com\/de\/wp-json\/wp\/v2\/media?parent=745"}],"wp:term":[{"taxonomy":"category","embeddable":true,"href":"https:\/\/www.mercuredubaihotel.com\/de\/wp-json\/wp\/v2\/categories?post=745"}],"curies":[{"name":"wp","href":"https:\/\/api.w.org\/{rel}","templated":true}]}}