{"id":739,"date":"2023-03-21T15:28:11","date_gmt":"2023-03-21T15:28:11","guid":{"rendered":"https:\/\/www.mercuredubaihotel.com\/long-stay\/"},"modified":"2025-10-15T05:50:01","modified_gmt":"2025-10-15T05:50:01","slug":"angebot-fuer-langzeitaufenthalte","status":"publish","type":"page","link":"https:\/\/www.mercuredubaihotel.com\/de\/angebot-fuer-langzeitaufenthalte\/","title":{"rendered":"Langzeitaufenthalte"},"content":{"rendered":"<p style=\"text-align: left\">Flexible Langzeit-, Monats- und Jahresmietvertr\u00e4ge stehen zur Verf\u00fcgung, um die Bed\u00fcrfnisse jedes Gastes zu erf\u00fcllen, und unser Team wird dich rund um die Uhr betreuen, um deinen Aufenthalt in Dubai bequem und komfortabel zu gestalten. In den voll m\u00f6blierten und servicierten Hotelapartments wirst du von gro\u00dfen Fenstern mit atemberaubendem Blick auf die Skyline von Dubai begr\u00fc\u00dft. Jedes unserer Apartments ist elegant eingerichtet und verf\u00fcgt \u00fcber eine Reihe von modernen Annehmlichkeiten sowie eine voll ausgestattete K\u00fcche und gro\u00dfe Balkone.<\/p>\n<table style=\"height: 130px\" width=\"831\">\n<tbody>\n<tr>\n<td width=\"168\"><strong>\u00a0<\/strong><\/td>\n<td width=\"230\"><a href=\"https:\/\/www.mercuredubaihotel.com\/de\/angebot-fuer-langzeitaufenthalte\/early-bird-long-stay-offer\/\"><strong>Monatlich<\/strong><\/a><\/td>\n<td width=\"249\"><a href=\"https:\/\/www.mercuredubaihotel.com\/de\/angebot-fuer-langzeitaufenthalte\/jahresaufenthaltspakete\/\"><strong>J\u00e4hrlich<\/strong><\/a><\/td>\n<\/tr>\n<tr>\n<td width=\"168\"><strong>Appartement mit einem Schlafzimmer<\/strong><\/td>\n<td width=\"230\">Ab 15,000 AED pro Monat<\/td>\n<td width=\"249\">Ab 135.000 AED<\/td>\n<\/tr>\n<tr>\n<td width=\"168\"><strong>Appartement mit zwei Schlafzimmern<\/strong><\/td>\n<td width=\"230\">Ab AED 22,000 pro Monat<\/td>\n<td width=\"249\">Ab 175.000 AED<\/td>\n<\/tr>\n<\/tbody>\n<\/table>\n<p style=\"text-align: left\"><strong>F\u00fcr Besichtigungen und Buchungen wende dich bitte an die Verkaufsabteilung:<\/strong><\/p>\n<p>Ruf : +97156 961 6108<br \/>\nE-mail: <a href=\"mailto:rube.manuzon@accor.com\">rube.manuzon@accor.com<\/a><\/p>\n","protected":false},"excerpt":{"rendered":"<p>Flexible Langzeit-, Monats- und Jahresmietvertr\u00e4ge stehen zur Verf\u00fcgung, um die Bed\u00fcrfnisse jedes Gastes zu erf\u00fcllen, und unser Team wird dich rund um die Uhr betreuen, um deinen Aufenthalt in Dubai bequem und komfortabel zu gestalten. In den voll m\u00f6blierten und servicierten Hotelapartments wirst du von gro\u00dfen Fenstern mit atemberaubendem Blick auf die Skyline von Dubai [&hellip;]<\/p>\n","protected":false},"author":3,"featured_media":0,"parent":0,"menu_order":65,"comment_status":"closed","ping_status":"closed","template":"","meta":{"footnotes":""},"categories":[],"class_list":["post-739","page","type-page","status-publish","hentry"],"acf":[],"yoast_head":"<!-- This site is optimized with the Yoast SEO plugin v26.9 - https:\/\/yoast.com\/product\/yoast-seo-wordpress\/ -->\n<title>Langzeitaufenthalte - Mercure Dubai Barsha Heights -<\/title>\n<meta name=\"description\" content=\"Flexible Langzeit-, Monats- und Jahresmietvertr\u00e4ge stehen zur Verf\u00fcgung, um die Bed\u00fcrfnisse jedes Gastes zu erf\u00fcllen, und unser Team wird dich rund um die Uhr betreuen, um deinen Aufenthalt in Dubai bequem und komfortabel zu gestalten. In den voll m\u00f6blierten und servicierten Hotelapartments wirst du von gro\u00dfen Fenstern mit atemberaubendem Blick auf die Skyline von Dubai begr\u00fc\u00dft\" \/>\n<meta name=\"robots\" content=\"index, follow, max-snippet:-1, max-image-preview:large, max-video-preview:-1\" \/>\n<link rel=\"canonical\" href=\"https:\/\/www.mercuredubaihotel.com\/de\/angebot-fuer-langzeitaufenthalte\/\" \/>\n<meta property=\"og:locale\" content=\"de_DE\" \/>\n<meta property=\"og:type\" content=\"article\" \/>\n<meta property=\"og:title\" content=\"Langzeitaufenthalte - Mercure Dubai Barsha Heights -\" \/>\n<meta property=\"og:description\" content=\"Flexible Langzeit-, Monats- und Jahresmietvertr\u00e4ge stehen zur Verf\u00fcgung, um die Bed\u00fcrfnisse jedes Gastes zu erf\u00fcllen, und unser Team wird dich rund um die Uhr betreuen, um deinen Aufenthalt in Dubai bequem und komfortabel zu gestalten. In den voll m\u00f6blierten und servicierten Hotelapartments wirst du von gro\u00dfen Fenstern mit atemberaubendem Blick auf die Skyline von Dubai begr\u00fc\u00dft\" \/>\n<meta property=\"og:url\" content=\"https:\/\/www.mercuredubaihotel.com\/de\/angebot-fuer-langzeitaufenthalte\/\" \/>\n<meta property=\"og:site_name\" content=\"Mercure Dubai Barsha Heights\" \/>\n<meta property=\"article:modified_time\" content=\"2025-10-15T05:50:01+00:00\" \/>\n<meta property=\"og:image\" content=\"https:\/\/www.mercuredubaihotel.com\/wp-content\/uploads\/sites\/37\/2023\/02\/Mercure_dubai_barsha_heights_home_slide02.jpg\" \/>\n\t<meta property=\"og:image:width\" content=\"2200\" \/>\n\t<meta property=\"og:image:height\" content=\"1200\" \/>\n\t<meta property=\"og:image:type\" content=\"image\/jpeg\" \/>\n<meta name=\"twitter:card\" content=\"summary_large_image\" \/>\n<meta name=\"twitter:label1\" content=\"Gesch\u00e4tzte Lesezeit\" \/>\n\t<meta name=\"twitter:data1\" content=\"1 Minute\" \/>\n<script type=\"application\/ld+json\" class=\"yoast-schema-graph\">{\"@context\":\"https:\/\/schema.org\",\"@graph\":[{\"@type\":\"WebPage\",\"@id\":\"https:\/\/www.mercuredubaihotel.com\/de\/angebot-fuer-langzeitaufenthalte\/\",\"url\":\"https:\/\/www.mercuredubaihotel.com\/de\/angebot-fuer-langzeitaufenthalte\/\",\"name\":\"Langzeitaufenthalte - Mercure Dubai Barsha Heights -\",\"isPartOf\":{\"@id\":\"https:\/\/www.mercuredubaihotel.com\/#website\"},\"datePublished\":\"2023-03-21T15:28:11+00:00\",\"dateModified\":\"2025-10-15T05:50:01+00:00\",\"description\":\"Flexible Langzeit-, Monats- und Jahresmietvertr\u00e4ge stehen zur Verf\u00fcgung, um die Bed\u00fcrfnisse jedes Gastes zu erf\u00fcllen, und unser Team wird dich rund um die Uhr betreuen, um deinen Aufenthalt in Dubai bequem und komfortabel zu gestalten. In den voll m\u00f6blierten und servicierten Hotelapartments wirst du von gro\u00dfen Fenstern mit atemberaubendem Blick auf die Skyline von Dubai begr\u00fc\u00dft\",\"breadcrumb\":{\"@id\":\"https:\/\/www.mercuredubaihotel.com\/de\/angebot-fuer-langzeitaufenthalte\/#breadcrumb\"},\"inLanguage\":\"de-DE\",\"potentialAction\":[{\"@type\":\"ReadAction\",\"target\":[\"https:\/\/www.mercuredubaihotel.com\/de\/angebot-fuer-langzeitaufenthalte\/\"]}]},{\"@type\":\"BreadcrumbList\",\"@id\":\"https:\/\/www.mercuredubaihotel.com\/de\/angebot-fuer-langzeitaufenthalte\/#breadcrumb\",\"itemListElement\":[{\"@type\":\"ListItem\",\"position\":1,\"name\":\"Home\",\"item\":\"https:\/\/www.mercuredubaihotel.com\/de\/\"},{\"@type\":\"ListItem\",\"position\":2,\"name\":\"Langzeitaufenthalte\"}]},{\"@type\":\"WebSite\",\"@id\":\"https:\/\/www.mercuredubaihotel.com\/#website\",\"url\":\"https:\/\/www.mercuredubaihotel.com\/\",\"name\":\"Mercure Dubai Barsha Heights\",\"description\":\"\",\"potentialAction\":[{\"@type\":\"SearchAction\",\"target\":{\"@type\":\"EntryPoint\",\"urlTemplate\":\"https:\/\/www.mercuredubaihotel.com\/?s={search_term_string}\"},\"query-input\":{\"@type\":\"PropertyValueSpecification\",\"valueRequired\":true,\"valueName\":\"search_term_string\"}}],\"inLanguage\":\"de-DE\"}]}<\/script>\n<!-- \/ Yoast SEO plugin. -->","yoast_head_json":{"title":"Langzeitaufenthalte - Mercure Dubai Barsha Heights -","description":"Flexible Langzeit-, Monats- und Jahresmietvertr\u00e4ge stehen zur Verf\u00fcgung, um die Bed\u00fcrfnisse jedes Gastes zu erf\u00fcllen, und unser Team wird dich rund um die Uhr betreuen, um deinen Aufenthalt in Dubai bequem und komfortabel zu gestalten. In den voll m\u00f6blierten und servicierten Hotelapartments wirst du von gro\u00dfen Fenstern mit atemberaubendem Blick auf die Skyline von Dubai begr\u00fc\u00dft","robots":{"index":"index","follow":"follow","max-snippet":"max-snippet:-1","max-image-preview":"max-image-preview:large","max-video-preview":"max-video-preview:-1"},"canonical":"https:\/\/www.mercuredubaihotel.com\/de\/angebot-fuer-langzeitaufenthalte\/","og_locale":"de_DE","og_type":"article","og_title":"Langzeitaufenthalte - Mercure Dubai Barsha Heights -","og_description":"Flexible Langzeit-, Monats- und Jahresmietvertr\u00e4ge stehen zur Verf\u00fcgung, um die Bed\u00fcrfnisse jedes Gastes zu erf\u00fcllen, und unser Team wird dich rund um die Uhr betreuen, um deinen Aufenthalt in Dubai bequem und komfortabel zu gestalten. In den voll m\u00f6blierten und servicierten Hotelapartments wirst du von gro\u00dfen Fenstern mit atemberaubendem Blick auf die Skyline von Dubai begr\u00fc\u00dft","og_url":"https:\/\/www.mercuredubaihotel.com\/de\/angebot-fuer-langzeitaufenthalte\/","og_site_name":"Mercure Dubai Barsha Heights","article_modified_time":"2025-10-15T05:50:01+00:00","og_image":[{"width":2200,"height":1200,"url":"https:\/\/www.mercuredubaihotel.com\/wp-content\/uploads\/sites\/37\/2023\/02\/Mercure_dubai_barsha_heights_home_slide02.jpg","type":"image\/jpeg"}],"twitter_card":"summary_large_image","twitter_misc":{"Gesch\u00e4tzte Lesezeit":"1 Minute"},"schema":{"@context":"https:\/\/schema.org","@graph":[{"@type":"WebPage","@id":"https:\/\/www.mercuredubaihotel.com\/de\/angebot-fuer-langzeitaufenthalte\/","url":"https:\/\/www.mercuredubaihotel.com\/de\/angebot-fuer-langzeitaufenthalte\/","name":"Langzeitaufenthalte - Mercure Dubai Barsha Heights -","isPartOf":{"@id":"https:\/\/www.mercuredubaihotel.com\/#website"},"datePublished":"2023-03-21T15:28:11+00:00","dateModified":"2025-10-15T05:50:01+00:00","description":"Flexible Langzeit-, Monats- und Jahresmietvertr\u00e4ge stehen zur Verf\u00fcgung, um die Bed\u00fcrfnisse jedes Gastes zu erf\u00fcllen, und unser Team wird dich rund um die Uhr betreuen, um deinen Aufenthalt in Dubai bequem und komfortabel zu gestalten. In den voll m\u00f6blierten und servicierten Hotelapartments wirst du von gro\u00dfen Fenstern mit atemberaubendem Blick auf die Skyline von Dubai begr\u00fc\u00dft","breadcrumb":{"@id":"https:\/\/www.mercuredubaihotel.com\/de\/angebot-fuer-langzeitaufenthalte\/#breadcrumb"},"inLanguage":"de-DE","potentialAction":[{"@type":"ReadAction","target":["https:\/\/www.mercuredubaihotel.com\/de\/angebot-fuer-langzeitaufenthalte\/"]}]},{"@type":"BreadcrumbList","@id":"https:\/\/www.mercuredubaihotel.com\/de\/angebot-fuer-langzeitaufenthalte\/#breadcrumb","itemListElement":[{"@type":"ListItem","position":1,"name":"Home","item":"https:\/\/www.mercuredubaihotel.com\/de\/"},{"@type":"ListItem","position":2,"name":"Langzeitaufenthalte"}]},{"@type":"WebSite","@id":"https:\/\/www.mercuredubaihotel.com\/#website","url":"https:\/\/www.mercuredubaihotel.com\/","name":"Mercure Dubai Barsha Heights","description":"","potentialAction":[{"@type":"SearchAction","target":{"@type":"EntryPoint","urlTemplate":"https:\/\/www.mercuredubaihotel.com\/?s={search_term_string}"},"query-input":{"@type":"PropertyValueSpecification","valueRequired":true,"valueName":"search_term_string"}}],"inLanguage":"de-DE"}]}},"_links":{"self":[{"href":"https:\/\/www.mercuredubaihotel.com\/de\/wp-json\/wp\/v2\/pages\/739","targetHints":{"allow":["GET"]}}],"collection":[{"href":"https:\/\/www.mercuredubaihotel.com\/de\/wp-json\/wp\/v2\/pages"}],"about":[{"href":"https:\/\/www.mercuredubaihotel.com\/de\/wp-json\/wp\/v2\/types\/page"}],"author":[{"embeddable":true,"href":"https:\/\/www.mercuredubaihotel.com\/de\/wp-json\/wp\/v2\/users\/3"}],"replies":[{"embeddable":true,"href":"https:\/\/www.mercuredubaihotel.com\/de\/wp-json\/wp\/v2\/comments?post=739"}],"version-history":[{"count":0,"href":"https:\/\/www.mercuredubaihotel.com\/de\/wp-json\/wp\/v2\/pages\/739\/revisions"}],"wp:attachment":[{"href":"https:\/\/www.mercuredubaihotel.com\/de\/wp-json\/wp\/v2\/media?parent=739"}],"wp:term":[{"taxonomy":"category","embeddable":true,"href":"https:\/\/www.mercuredubaihotel.com\/de\/wp-json\/wp\/v2\/categories?post=739"}],"curies":[{"name":"wp","href":"https:\/\/api.w.org\/{rel}","templated":true}]}}