{"id":737,"date":"2023-03-01T14:33:28","date_gmt":"2023-03-01T14:33:28","guid":{"rendered":"https:\/\/www.mercuredubaihotel.com\/gastdienste\/special-needs\/"},"modified":"2023-05-31T08:07:06","modified_gmt":"2023-05-31T08:07:06","slug":"besondere-beduerfnisse","status":"publish","type":"page","link":"https:\/\/www.mercuredubaihotel.com\/de\/gastdienste\/besondere-beduerfnisse\/","title":{"rendered":"Besondere Bed\u00fcrfnisse"},"content":{"rendered":"<p>Im Mercure Dubai Hotel sind wir auf deine Bed\u00fcrfnisse eingestellt und legen gr\u00f6\u00dften Wert darauf, die Sicherheit und den Komfort jedes Gastes zu gew\u00e4hrleisten. Unser Hotel ist so konzipiert, dass es leicht zu erreichen ist, und mehrere Mitglieder unseres Teams haben eine Schulung absolviert, um sich um die Bed\u00fcrfnisse unserer G\u00e4ste mit besonderen Bed\u00fcrfnissen zu k\u00fcmmern.<\/p>\n<p style=\"text-align: left;\"><strong>Allgemeine Hotelmerkmale <\/strong><\/p>\n<ul style=\"text-align: left;\">\n<li>Valet-Parken wird angeboten<\/li>\n<li>Barrierefreier Weg vom Hoteleingang zu den barrierefreien G\u00e4stezimmern<\/li>\n<li>Zug\u00e4nglicher Check-in-Bereich f\u00fcr Rollstuhlfahrer<\/li>\n<li>Gep\u00e4cktransport wird angeboten<\/li>\n<\/ul>\n<p style=\"text-align: left;\"><strong>Zug\u00e4ngliche Bereiche<\/strong><\/p>\n<ul style=\"text-align: left;\">\n<li>Hotel Apartments<\/li>\n<li>Gesch\u00e4ftszentrum<\/li>\n<li>Cafe und Restaurants<\/li>\n<li>Pool Deck<\/li>\n<li>Tagungsr\u00e4ume und Lounge<\/li>\n<li>Spa und Salons<\/li>\n<\/ul>\n<p style=\"text-align: left;\"><strong>Zug\u00e4ngliche Zimmermerkmale <\/strong><\/p>\n<ul>\n<li style=\"text-align: left;\">Rollstuhlgerechte T\u00fcren<\/li>\n<li style=\"text-align: left;\">Abgesenkter Zugang zu den Annehmlichkeiten im Zimmer und zur Minibar<\/li>\n<li style=\"text-align: left;\">Blinkendes Licht f\u00fcr den Alarm<\/li>\n<li style=\"text-align: left;\">Akustischer Notfallalarm<\/li>\n<li style=\"text-align: left;\">Rollende Dusche und faltbarer Stuhl in der Dusche<\/li>\n<li style=\"text-align: left;\">Haltegriff f\u00fcr die Toilette<\/li>\n<li style=\"text-align: left;\">Abgesenktes Waschbecken<\/li>\n<li style=\"text-align: left;\">Notzugschnur in der Toilette<\/li>\n<\/ul>\n","protected":false},"excerpt":{"rendered":"<p>Im Mercure Dubai Hotel sind wir auf deine Bed\u00fcrfnisse eingestellt und legen gr\u00f6\u00dften Wert darauf, die Sicherheit und den Komfort jedes Gastes zu gew\u00e4hrleisten. Unser Hotel ist so konzipiert, dass es leicht zu erreichen ist, und mehrere Mitglieder unseres Teams haben eine Schulung absolviert, um sich um die Bed\u00fcrfnisse unserer G\u00e4ste mit besonderen Bed\u00fcrfnissen zu [&hellip;]<\/p>\n","protected":false},"author":3,"featured_media":0,"parent":730,"menu_order":20,"comment_status":"closed","ping_status":"closed","template":"","meta":{"footnotes":""},"categories":[],"class_list":["post-737","page","type-page","status-publish","hentry"],"acf":[],"yoast_head":"<!-- This site is optimized with the Yoast SEO plugin v26.9 - https:\/\/yoast.com\/product\/yoast-seo-wordpress\/ -->\n<title>Besondere Bed\u00fcrfnisse - Mercure Dubai Barsha Heights -<\/title>\n<meta name=\"description\" content=\"Im Mercure Dubai Hotel sind wir auf deine Bed\u00fcrfnisse eingestellt und legen gr\u00f6\u00dften Wert darauf, die Sicherheit und den Komfort jedes Gastes zu gew\u00e4hrleisten. Unser Hotel ist so konzipiert, dass es leicht zu erreichen ist, und mehrere Mitglieder unseres Teams haben eine Schulung absolviert, um sich um die Bed\u00fcrfnisse unserer G\u00e4ste mit besonderen Bed\u00fcrfnissen zu k\u00fcmmern. Allgemeine Hotelmerkmale     Valet-Parken wird angeboten  Barrierefreier Weg vom Hoteleingang zu den barrierefreien G\u00e4stezimmern  Zug\u00e4nglicher Check-in-Bereich f\u00fcr Rollstuhlfahrer  Gep\u00e4cktransport wird angeboten  Zug\u00e4ngliche Bereiche    Hotel Apartments  Gesch\u00e4ftszentrum  Cafe und Restaurants  Pool Deck  Tagungsr\u00e4ume und Lounge  Spa und Salons  Zug\u00e4ngliche Zimmermerkmale     Rollstuhlgerechte T\u00fcren  Abgesenkter Zugang zu den Annehmlichkeiten im Zimmer und zur Minibar  Blinkendes Licht f\u00fcr den Alarm  Akustischer Notfallalarm  Rollende Dusche und faltbarer Stuhl in der Dusche  Haltegriff f\u00fcr die Toilette  Abgesenktes Waschbecken  Notzugschnur in der Toilette\" \/>\n<meta name=\"robots\" content=\"index, follow, max-snippet:-1, max-image-preview:large, max-video-preview:-1\" \/>\n<link rel=\"canonical\" href=\"https:\/\/www.mercuredubaihotel.com\/de\/gastdienste\/besondere-beduerfnisse\/\" \/>\n<meta property=\"og:locale\" content=\"de_DE\" \/>\n<meta property=\"og:type\" content=\"article\" \/>\n<meta property=\"og:title\" content=\"Besondere Bed\u00fcrfnisse - Mercure Dubai Barsha Heights -\" \/>\n<meta property=\"og:description\" content=\"Im Mercure Dubai Hotel sind wir auf deine Bed\u00fcrfnisse eingestellt und legen gr\u00f6\u00dften Wert darauf, die Sicherheit und den Komfort jedes Gastes zu gew\u00e4hrleisten. Unser Hotel ist so konzipiert, dass es leicht zu erreichen ist, und mehrere Mitglieder unseres Teams haben eine Schulung absolviert, um sich um die Bed\u00fcrfnisse unserer G\u00e4ste mit besonderen Bed\u00fcrfnissen zu k\u00fcmmern. Allgemeine Hotelmerkmale     Valet-Parken wird angeboten  Barrierefreier Weg vom Hoteleingang zu den barrierefreien G\u00e4stezimmern  Zug\u00e4nglicher Check-in-Bereich f\u00fcr Rollstuhlfahrer  Gep\u00e4cktransport wird angeboten  Zug\u00e4ngliche Bereiche    Hotel Apartments  Gesch\u00e4ftszentrum  Cafe und Restaurants  Pool Deck  Tagungsr\u00e4ume und Lounge  Spa und Salons  Zug\u00e4ngliche Zimmermerkmale     Rollstuhlgerechte T\u00fcren  Abgesenkter Zugang zu den Annehmlichkeiten im Zimmer und zur Minibar  Blinkendes Licht f\u00fcr den Alarm  Akustischer Notfallalarm  Rollende Dusche und faltbarer Stuhl in der Dusche  Haltegriff f\u00fcr die Toilette  Abgesenktes Waschbecken  Notzugschnur in der Toilette\" \/>\n<meta property=\"og:url\" content=\"https:\/\/www.mercuredubaihotel.com\/de\/gastdienste\/besondere-beduerfnisse\/\" \/>\n<meta property=\"og:site_name\" content=\"Mercure Dubai Barsha Heights\" \/>\n<meta property=\"article:modified_time\" content=\"2023-05-31T08:07:06+00:00\" \/>\n<meta property=\"og:image\" content=\"https:\/\/www.mercuredubaihotel.com\/wp-content\/uploads\/sites\/37\/2023\/02\/Mercure_dubai_barsha_heights_home_slide02.jpg\" \/>\n\t<meta property=\"og:image:width\" content=\"2200\" \/>\n\t<meta property=\"og:image:height\" content=\"1200\" \/>\n\t<meta property=\"og:image:type\" content=\"image\/jpeg\" \/>\n<meta name=\"twitter:card\" content=\"summary_large_image\" \/>\n<meta name=\"twitter:label1\" content=\"Gesch\u00e4tzte Lesezeit\" \/>\n\t<meta name=\"twitter:data1\" content=\"1 Minute\" \/>\n<script type=\"application\/ld+json\" class=\"yoast-schema-graph\">{\"@context\":\"https:\/\/schema.org\",\"@graph\":[{\"@type\":\"WebPage\",\"@id\":\"https:\/\/www.mercuredubaihotel.com\/de\/gastdienste\/besondere-beduerfnisse\/\",\"url\":\"https:\/\/www.mercuredubaihotel.com\/de\/gastdienste\/besondere-beduerfnisse\/\",\"name\":\"Besondere Bed\u00fcrfnisse - Mercure Dubai Barsha Heights -\",\"isPartOf\":{\"@id\":\"https:\/\/www.mercuredubaihotel.com\/#website\"},\"datePublished\":\"2023-03-01T14:33:28+00:00\",\"dateModified\":\"2023-05-31T08:07:06+00:00\",\"description\":\"Im Mercure Dubai Hotel sind wir auf deine Bed\u00fcrfnisse eingestellt und legen gr\u00f6\u00dften Wert darauf, die Sicherheit und den Komfort jedes Gastes zu gew\u00e4hrleisten. Unser Hotel ist so konzipiert, dass es leicht zu erreichen ist, und mehrere Mitglieder unseres Teams haben eine Schulung absolviert, um sich um die Bed\u00fcrfnisse unserer G\u00e4ste mit besonderen Bed\u00fcrfnissen zu k\u00fcmmern. Allgemeine Hotelmerkmale \u2022 Valet-Parken wird angeboten \u2022 Barrierefreier Weg vom Hoteleingang zu den barrierefreien G\u00e4stezimmern \u2022 Zug\u00e4nglicher Check-in-Bereich f\u00fcr Rollstuhlfahrer \u2022 Gep\u00e4cktransport wird angeboten Zug\u00e4ngliche Bereiche \u2022 Hotel Apartments \u2022 Gesch\u00e4ftszentrum \u2022 Cafe und Restaurants \u2022 Pool Deck \u2022 Tagungsr\u00e4ume und Lounge \u2022 Spa und Salons Zug\u00e4ngliche Zimmermerkmale \u2022 Rollstuhlgerechte T\u00fcren \u2022 Abgesenkter Zugang zu den Annehmlichkeiten im Zimmer und zur Minibar \u2022 Blinkendes Licht f\u00fcr den Alarm \u2022 Akustischer Notfallalarm \u2022 Rollende Dusche und faltbarer Stuhl in der Dusche \u2022 Haltegriff f\u00fcr die Toilette \u2022 Abgesenktes Waschbecken \u2022 Notzugschnur in der Toilette\",\"breadcrumb\":{\"@id\":\"https:\/\/www.mercuredubaihotel.com\/de\/gastdienste\/besondere-beduerfnisse\/#breadcrumb\"},\"inLanguage\":\"de-DE\",\"potentialAction\":[{\"@type\":\"ReadAction\",\"target\":[\"https:\/\/www.mercuredubaihotel.com\/de\/gastdienste\/besondere-beduerfnisse\/\"]}]},{\"@type\":\"BreadcrumbList\",\"@id\":\"https:\/\/www.mercuredubaihotel.com\/de\/gastdienste\/besondere-beduerfnisse\/#breadcrumb\",\"itemListElement\":[{\"@type\":\"ListItem\",\"position\":1,\"name\":\"Home\",\"item\":\"https:\/\/www.mercuredubaihotel.com\/de\/\"},{\"@type\":\"ListItem\",\"position\":2,\"name\":\"Gastdienste\",\"item\":\"https:\/\/www.mercuredubaihotel.com\/de\/gastdienste\/\"},{\"@type\":\"ListItem\",\"position\":3,\"name\":\"Besondere Bed\u00fcrfnisse\"}]},{\"@type\":\"WebSite\",\"@id\":\"https:\/\/www.mercuredubaihotel.com\/#website\",\"url\":\"https:\/\/www.mercuredubaihotel.com\/\",\"name\":\"Mercure Dubai Barsha Heights\",\"description\":\"\",\"potentialAction\":[{\"@type\":\"SearchAction\",\"target\":{\"@type\":\"EntryPoint\",\"urlTemplate\":\"https:\/\/www.mercuredubaihotel.com\/?s={search_term_string}\"},\"query-input\":{\"@type\":\"PropertyValueSpecification\",\"valueRequired\":true,\"valueName\":\"search_term_string\"}}],\"inLanguage\":\"de-DE\"}]}<\/script>\n<!-- \/ Yoast SEO plugin. -->","yoast_head_json":{"title":"Besondere Bed\u00fcrfnisse - Mercure Dubai Barsha Heights -","description":"Im Mercure Dubai Hotel sind wir auf deine Bed\u00fcrfnisse eingestellt und legen gr\u00f6\u00dften Wert darauf, die Sicherheit und den Komfort jedes Gastes zu gew\u00e4hrleisten. Unser Hotel ist so konzipiert, dass es leicht zu erreichen ist, und mehrere Mitglieder unseres Teams haben eine Schulung absolviert, um sich um die Bed\u00fcrfnisse unserer G\u00e4ste mit besonderen Bed\u00fcrfnissen zu k\u00fcmmern. Allgemeine Hotelmerkmale     Valet-Parken wird angeboten  Barrierefreier Weg vom Hoteleingang zu den barrierefreien G\u00e4stezimmern  Zug\u00e4nglicher Check-in-Bereich f\u00fcr Rollstuhlfahrer  Gep\u00e4cktransport wird angeboten  Zug\u00e4ngliche Bereiche    Hotel Apartments  Gesch\u00e4ftszentrum  Cafe und Restaurants  Pool Deck  Tagungsr\u00e4ume und Lounge  Spa und Salons  Zug\u00e4ngliche Zimmermerkmale     Rollstuhlgerechte T\u00fcren  Abgesenkter Zugang zu den Annehmlichkeiten im Zimmer und zur Minibar  Blinkendes Licht f\u00fcr den Alarm  Akustischer Notfallalarm  Rollende Dusche und faltbarer Stuhl in der Dusche  Haltegriff f\u00fcr die Toilette  Abgesenktes Waschbecken  Notzugschnur in der Toilette","robots":{"index":"index","follow":"follow","max-snippet":"max-snippet:-1","max-image-preview":"max-image-preview:large","max-video-preview":"max-video-preview:-1"},"canonical":"https:\/\/www.mercuredubaihotel.com\/de\/gastdienste\/besondere-beduerfnisse\/","og_locale":"de_DE","og_type":"article","og_title":"Besondere Bed\u00fcrfnisse - Mercure Dubai Barsha Heights -","og_description":"Im Mercure Dubai Hotel sind wir auf deine Bed\u00fcrfnisse eingestellt und legen gr\u00f6\u00dften Wert darauf, die Sicherheit und den Komfort jedes Gastes zu gew\u00e4hrleisten. Unser Hotel ist so konzipiert, dass es leicht zu erreichen ist, und mehrere Mitglieder unseres Teams haben eine Schulung absolviert, um sich um die Bed\u00fcrfnisse unserer G\u00e4ste mit besonderen Bed\u00fcrfnissen zu k\u00fcmmern. Allgemeine Hotelmerkmale     Valet-Parken wird angeboten  Barrierefreier Weg vom Hoteleingang zu den barrierefreien G\u00e4stezimmern  Zug\u00e4nglicher Check-in-Bereich f\u00fcr Rollstuhlfahrer  Gep\u00e4cktransport wird angeboten  Zug\u00e4ngliche Bereiche    Hotel Apartments  Gesch\u00e4ftszentrum  Cafe und Restaurants  Pool Deck  Tagungsr\u00e4ume und Lounge  Spa und Salons  Zug\u00e4ngliche Zimmermerkmale     Rollstuhlgerechte T\u00fcren  Abgesenkter Zugang zu den Annehmlichkeiten im Zimmer und zur Minibar  Blinkendes Licht f\u00fcr den Alarm  Akustischer Notfallalarm  Rollende Dusche und faltbarer Stuhl in der Dusche  Haltegriff f\u00fcr die Toilette  Abgesenktes Waschbecken  Notzugschnur in der Toilette","og_url":"https:\/\/www.mercuredubaihotel.com\/de\/gastdienste\/besondere-beduerfnisse\/","og_site_name":"Mercure Dubai Barsha Heights","article_modified_time":"2023-05-31T08:07:06+00:00","og_image":[{"width":2200,"height":1200,"url":"https:\/\/www.mercuredubaihotel.com\/wp-content\/uploads\/sites\/37\/2023\/02\/Mercure_dubai_barsha_heights_home_slide02.jpg","type":"image\/jpeg"}],"twitter_card":"summary_large_image","twitter_misc":{"Gesch\u00e4tzte Lesezeit":"1 Minute"},"schema":{"@context":"https:\/\/schema.org","@graph":[{"@type":"WebPage","@id":"https:\/\/www.mercuredubaihotel.com\/de\/gastdienste\/besondere-beduerfnisse\/","url":"https:\/\/www.mercuredubaihotel.com\/de\/gastdienste\/besondere-beduerfnisse\/","name":"Besondere Bed\u00fcrfnisse - Mercure Dubai Barsha Heights -","isPartOf":{"@id":"https:\/\/www.mercuredubaihotel.com\/#website"},"datePublished":"2023-03-01T14:33:28+00:00","dateModified":"2023-05-31T08:07:06+00:00","description":"Im Mercure Dubai Hotel sind wir auf deine Bed\u00fcrfnisse eingestellt und legen gr\u00f6\u00dften Wert darauf, die Sicherheit und den Komfort jedes Gastes zu gew\u00e4hrleisten. Unser Hotel ist so konzipiert, dass es leicht zu erreichen ist, und mehrere Mitglieder unseres Teams haben eine Schulung absolviert, um sich um die Bed\u00fcrfnisse unserer G\u00e4ste mit besonderen Bed\u00fcrfnissen zu k\u00fcmmern. Allgemeine Hotelmerkmale \u2022 Valet-Parken wird angeboten \u2022 Barrierefreier Weg vom Hoteleingang zu den barrierefreien G\u00e4stezimmern \u2022 Zug\u00e4nglicher Check-in-Bereich f\u00fcr Rollstuhlfahrer \u2022 Gep\u00e4cktransport wird angeboten Zug\u00e4ngliche Bereiche \u2022 Hotel Apartments \u2022 Gesch\u00e4ftszentrum \u2022 Cafe und Restaurants \u2022 Pool Deck \u2022 Tagungsr\u00e4ume und Lounge \u2022 Spa und Salons Zug\u00e4ngliche Zimmermerkmale \u2022 Rollstuhlgerechte T\u00fcren \u2022 Abgesenkter Zugang zu den Annehmlichkeiten im Zimmer und zur Minibar \u2022 Blinkendes Licht f\u00fcr den Alarm \u2022 Akustischer Notfallalarm \u2022 Rollende Dusche und faltbarer Stuhl in der Dusche \u2022 Haltegriff f\u00fcr die Toilette \u2022 Abgesenktes Waschbecken \u2022 Notzugschnur in der Toilette","breadcrumb":{"@id":"https:\/\/www.mercuredubaihotel.com\/de\/gastdienste\/besondere-beduerfnisse\/#breadcrumb"},"inLanguage":"de-DE","potentialAction":[{"@type":"ReadAction","target":["https:\/\/www.mercuredubaihotel.com\/de\/gastdienste\/besondere-beduerfnisse\/"]}]},{"@type":"BreadcrumbList","@id":"https:\/\/www.mercuredubaihotel.com\/de\/gastdienste\/besondere-beduerfnisse\/#breadcrumb","itemListElement":[{"@type":"ListItem","position":1,"name":"Home","item":"https:\/\/www.mercuredubaihotel.com\/de\/"},{"@type":"ListItem","position":2,"name":"Gastdienste","item":"https:\/\/www.mercuredubaihotel.com\/de\/gastdienste\/"},{"@type":"ListItem","position":3,"name":"Besondere Bed\u00fcrfnisse"}]},{"@type":"WebSite","@id":"https:\/\/www.mercuredubaihotel.com\/#website","url":"https:\/\/www.mercuredubaihotel.com\/","name":"Mercure Dubai Barsha Heights","description":"","potentialAction":[{"@type":"SearchAction","target":{"@type":"EntryPoint","urlTemplate":"https:\/\/www.mercuredubaihotel.com\/?s={search_term_string}"},"query-input":{"@type":"PropertyValueSpecification","valueRequired":true,"valueName":"search_term_string"}}],"inLanguage":"de-DE"}]}},"_links":{"self":[{"href":"https:\/\/www.mercuredubaihotel.com\/de\/wp-json\/wp\/v2\/pages\/737","targetHints":{"allow":["GET"]}}],"collection":[{"href":"https:\/\/www.mercuredubaihotel.com\/de\/wp-json\/wp\/v2\/pages"}],"about":[{"href":"https:\/\/www.mercuredubaihotel.com\/de\/wp-json\/wp\/v2\/types\/page"}],"author":[{"embeddable":true,"href":"https:\/\/www.mercuredubaihotel.com\/de\/wp-json\/wp\/v2\/users\/3"}],"replies":[{"embeddable":true,"href":"https:\/\/www.mercuredubaihotel.com\/de\/wp-json\/wp\/v2\/comments?post=737"}],"version-history":[{"count":0,"href":"https:\/\/www.mercuredubaihotel.com\/de\/wp-json\/wp\/v2\/pages\/737\/revisions"}],"up":[{"embeddable":true,"href":"https:\/\/www.mercuredubaihotel.com\/de\/wp-json\/wp\/v2\/pages\/730"}],"wp:attachment":[{"href":"https:\/\/www.mercuredubaihotel.com\/de\/wp-json\/wp\/v2\/media?parent=737"}],"wp:term":[{"taxonomy":"category","embeddable":true,"href":"https:\/\/www.mercuredubaihotel.com\/de\/wp-json\/wp\/v2\/categories?post=737"}],"curies":[{"name":"wp","href":"https:\/\/api.w.org\/{rel}","templated":true}]}}