{"id":735,"date":"2023-03-01T14:28:34","date_gmt":"2023-03-01T14:28:34","guid":{"rendered":"https:\/\/www.mercuredubaihotel.com\/gastdienste\/shuttle-bus-information\/"},"modified":"2025-03-21T06:54:35","modified_gmt":"2025-03-21T06:54:35","slug":"shuttle-bus-informationen","status":"publish","type":"page","link":"https:\/\/www.mercuredubaihotel.com\/de\/gastdienste\/shuttle-bus-informationen\/","title":{"rendered":"Shuttle Bus Informationen"},"content":{"rendered":"<p style=\"text-align: left\">Alle G\u00e4ste des Hauses k\u00f6nnen einen kostenlosen Shuttleservice zu einigen der wichtigsten Orte der Stadt nutzen. Ein kostenloser Shuttleservice wird zum Kite Beach und zur Outlet Mall Dubai angeboten. Sollten keine Sitzpl\u00e4tze verf\u00fcgbar sein, steht ein kostenpflichtiger Taxiservice zur Verf\u00fcgung.<\/p>\n<p style=\"text-align: left\">F\u00fcr weitere Informationen zu den Busfahrzeiten wenden Sie sich bitte an den Concierge-Schalter.<\/p>\n<p style=\"text-align: center\"><strong>JUMEIRAH OPEN BEACH<\/strong><\/p>\n<table style=\"height: 134px\" width=\"493\">\n<tbody>\n<tr>\n<td width=\"178\"><strong>ABHOLUNG VOM HOTEL<\/strong><\/td>\n<td width=\"178\"><strong>ABHOLUNG VOM STRAND<\/strong><\/td>\n<\/tr>\n<tr>\n<td width=\"178\">9:00 HRS<\/td>\n<td width=\"178\">13:00 HRS<\/td>\n<\/tr>\n<tr>\n<td width=\"178\">10:00 HRS<\/td>\n<td width=\"178\">14:00 HRS<\/td>\n<\/tr>\n<tr>\n<td width=\"178\">11:00 HRS<\/td>\n<td width=\"178\">15:00 HRS<\/td>\n<\/tr>\n<\/tbody>\n<\/table>\n<p style=\"text-align: center\"><strong>DAS STRAND-EINKAUFSZENTRUM, JBR<\/strong><\/p>\n<table style=\"height: 109px\" width=\"567\">\n<tbody>\n<tr>\n<td><strong>ABHOLUNG VOM HOTEL<\/strong><\/td>\n<td><strong>ABHOLUNG VOM EINKAUFSZENTRUM<\/strong><\/td>\n<\/tr>\n<tr>\n<td>12:55 UHR<\/td>\n<td>16:30 UHR<\/td>\n<\/tr>\n<tr>\n<td>16:50 UHR<\/td>\n<td>\u00a020:00 UHR<\/td>\n<\/tr>\n<\/tbody>\n<\/table>\n<p style=\"text-align: center\"><strong>DUBAI OUTLET EINKAUFSZENTRUM<\/strong><\/p>\n<table style=\"height: 83px\" width=\"569\">\n<tbody>\n<tr>\n<td><strong>ABHOLUNG VOM HOTEL<\/strong><\/td>\n<td><strong>ABHOLUNG VOM EINKAUFSZENTRUM<\/strong><\/td>\n<\/tr>\n<tr>\n<td>11:05 UHR<\/td>\n<td>15:00 UHR<\/td>\n<\/tr>\n<\/tbody>\n<\/table>\n<p>&nbsp;<\/p>\n<p style=\"text-align: center\"><strong>Themenparks auf der Insel Yas<\/strong><\/p>\n<p style=\"text-align: center\">Kostenloser Luxus-Shuttleservice zu Themenparks<\/p>\n<p style=\"text-align: center\">Weitere Informationen finden Sie unter: <em><a href=\"https:\/\/qrstud.io\/yxi1s94\">Click Here<\/a><\/em><\/p>\n<table style=\"height: 281px\" width=\"708\">\n<tbody>\n<tr>\n<td width=\"131\"><strong>Mercure Barsha Heights<\/strong><\/td>\n<td width=\"143\"><strong>YAS Wasserwelt, Warner Bros World Abu Dhabi<\/strong><\/td>\n<td width=\"111\"><strong>Sea World Abu Dhabi<\/strong><\/td>\n<td width=\"165\"><strong>Ferrari World, Yas Island Abu Dhabi<\/strong><\/td>\n<\/tr>\n<tr>\n<td width=\"131\">9:30<\/td>\n<td width=\"143\">11:00<\/td>\n<td width=\"111\">11:10<\/td>\n<td width=\"165\">11:15<\/td>\n<\/tr>\n<tr>\n<td width=\"131\"><strong>YAS Wasserwelt, Warner Bros World Abu Dhabi<\/strong><\/td>\n<td width=\"143\"><strong>Sea World Abu Dhabi<\/strong><\/td>\n<td width=\"111\"><strong>Ferrari World, Yas Island Abu Dhabi<\/strong><\/td>\n<td width=\"165\"><strong>Mercure Barsha Heights<\/strong><\/td>\n<\/tr>\n<tr>\n<td width=\"131\">19:40<\/td>\n<td width=\"143\">19:50<\/td>\n<td width=\"111\">19:55<\/td>\n<td width=\"165\">21:25<\/td>\n<\/tr>\n<\/tbody>\n<\/table>\n","protected":false},"excerpt":{"rendered":"<p>Alle G\u00e4ste des Hauses k\u00f6nnen einen kostenlosen Shuttleservice zu einigen der wichtigsten Orte der Stadt nutzen. Ein kostenloser Shuttleservice wird zum Kite Beach und zur Outlet Mall Dubai angeboten. Sollten keine Sitzpl\u00e4tze verf\u00fcgbar sein, steht ein kostenpflichtiger Taxiservice zur Verf\u00fcgung. F\u00fcr weitere Informationen zu den Busfahrzeiten wenden Sie sich bitte an den Concierge-Schalter. JUMEIRAH OPEN [&hellip;]<\/p>\n","protected":false},"author":3,"featured_media":0,"parent":730,"menu_order":15,"comment_status":"closed","ping_status":"closed","template":"","meta":{"footnotes":""},"categories":[],"class_list":["post-735","page","type-page","status-publish","hentry"],"acf":[],"yoast_head":"<!-- This site is optimized with the Yoast SEO plugin v26.9 - https:\/\/yoast.com\/product\/yoast-seo-wordpress\/ -->\n<title>Shuttle Bus Informationen - Mercure Dubai Barsha Heights -<\/title>\n<meta name=\"description\" content=\"Alle G\u00e4ste des Hauses k\u00f6nnen einen kostenlosen Shuttleservice zu einigen der wichtigsten Orte der Stadt nutzen. Ein kostenloser Shuttleservice wird zum Kite Beach und zur Outlet Mall Dubai angeboten\" \/>\n<meta name=\"robots\" content=\"index, follow, max-snippet:-1, max-image-preview:large, max-video-preview:-1\" \/>\n<link rel=\"canonical\" href=\"https:\/\/www.mercuredubaihotel.com\/de\/gastdienste\/shuttle-bus-informationen\/\" \/>\n<meta property=\"og:locale\" content=\"de_DE\" \/>\n<meta property=\"og:type\" content=\"article\" \/>\n<meta property=\"og:title\" content=\"Shuttle Bus Informationen - Mercure Dubai Barsha Heights -\" \/>\n<meta property=\"og:description\" content=\"Alle G\u00e4ste des Hauses k\u00f6nnen einen kostenlosen Shuttleservice zu einigen der wichtigsten Orte der Stadt nutzen. Ein kostenloser Shuttleservice wird zum Kite Beach und zur Outlet Mall Dubai angeboten\" \/>\n<meta property=\"og:url\" content=\"https:\/\/www.mercuredubaihotel.com\/de\/gastdienste\/shuttle-bus-informationen\/\" \/>\n<meta property=\"og:site_name\" content=\"Mercure Dubai Barsha Heights\" \/>\n<meta property=\"article:modified_time\" content=\"2025-03-21T06:54:35+00:00\" \/>\n<meta property=\"og:image\" content=\"https:\/\/www.mercuredubaihotel.com\/wp-content\/uploads\/sites\/37\/2023\/02\/Mercure_dubai_barsha_heights_home_slide02.jpg\" \/>\n\t<meta property=\"og:image:width\" content=\"2200\" \/>\n\t<meta property=\"og:image:height\" content=\"1200\" \/>\n\t<meta property=\"og:image:type\" content=\"image\/jpeg\" \/>\n<meta name=\"twitter:card\" content=\"summary_large_image\" \/>\n<meta name=\"twitter:label1\" content=\"Gesch\u00e4tzte Lesezeit\" \/>\n\t<meta name=\"twitter:data1\" content=\"1 Minute\" \/>\n<script type=\"application\/ld+json\" class=\"yoast-schema-graph\">{\"@context\":\"https:\/\/schema.org\",\"@graph\":[{\"@type\":\"WebPage\",\"@id\":\"https:\/\/www.mercuredubaihotel.com\/de\/gastdienste\/shuttle-bus-informationen\/\",\"url\":\"https:\/\/www.mercuredubaihotel.com\/de\/gastdienste\/shuttle-bus-informationen\/\",\"name\":\"Shuttle Bus Informationen - Mercure Dubai Barsha Heights -\",\"isPartOf\":{\"@id\":\"https:\/\/www.mercuredubaihotel.com\/#website\"},\"datePublished\":\"2023-03-01T14:28:34+00:00\",\"dateModified\":\"2025-03-21T06:54:35+00:00\",\"description\":\"Alle G\u00e4ste des Hauses k\u00f6nnen einen kostenlosen Shuttleservice zu einigen der wichtigsten Orte der Stadt nutzen. Ein kostenloser Shuttleservice wird zum Kite Beach und zur Outlet Mall Dubai angeboten\",\"breadcrumb\":{\"@id\":\"https:\/\/www.mercuredubaihotel.com\/de\/gastdienste\/shuttle-bus-informationen\/#breadcrumb\"},\"inLanguage\":\"de-DE\",\"potentialAction\":[{\"@type\":\"ReadAction\",\"target\":[\"https:\/\/www.mercuredubaihotel.com\/de\/gastdienste\/shuttle-bus-informationen\/\"]}]},{\"@type\":\"BreadcrumbList\",\"@id\":\"https:\/\/www.mercuredubaihotel.com\/de\/gastdienste\/shuttle-bus-informationen\/#breadcrumb\",\"itemListElement\":[{\"@type\":\"ListItem\",\"position\":1,\"name\":\"Home\",\"item\":\"https:\/\/www.mercuredubaihotel.com\/de\/\"},{\"@type\":\"ListItem\",\"position\":2,\"name\":\"Gastdienste\",\"item\":\"https:\/\/www.mercuredubaihotel.com\/de\/gastdienste\/\"},{\"@type\":\"ListItem\",\"position\":3,\"name\":\"Shuttle Bus Informationen\"}]},{\"@type\":\"WebSite\",\"@id\":\"https:\/\/www.mercuredubaihotel.com\/#website\",\"url\":\"https:\/\/www.mercuredubaihotel.com\/\",\"name\":\"Mercure Dubai Barsha Heights\",\"description\":\"\",\"potentialAction\":[{\"@type\":\"SearchAction\",\"target\":{\"@type\":\"EntryPoint\",\"urlTemplate\":\"https:\/\/www.mercuredubaihotel.com\/?s={search_term_string}\"},\"query-input\":{\"@type\":\"PropertyValueSpecification\",\"valueRequired\":true,\"valueName\":\"search_term_string\"}}],\"inLanguage\":\"de-DE\"}]}<\/script>\n<!-- \/ Yoast SEO plugin. -->","yoast_head_json":{"title":"Shuttle Bus Informationen - Mercure Dubai Barsha Heights -","description":"Alle G\u00e4ste des Hauses k\u00f6nnen einen kostenlosen Shuttleservice zu einigen der wichtigsten Orte der Stadt nutzen. Ein kostenloser Shuttleservice wird zum Kite Beach und zur Outlet Mall Dubai angeboten","robots":{"index":"index","follow":"follow","max-snippet":"max-snippet:-1","max-image-preview":"max-image-preview:large","max-video-preview":"max-video-preview:-1"},"canonical":"https:\/\/www.mercuredubaihotel.com\/de\/gastdienste\/shuttle-bus-informationen\/","og_locale":"de_DE","og_type":"article","og_title":"Shuttle Bus Informationen - Mercure Dubai Barsha Heights -","og_description":"Alle G\u00e4ste des Hauses k\u00f6nnen einen kostenlosen Shuttleservice zu einigen der wichtigsten Orte der Stadt nutzen. Ein kostenloser Shuttleservice wird zum Kite Beach und zur Outlet Mall Dubai angeboten","og_url":"https:\/\/www.mercuredubaihotel.com\/de\/gastdienste\/shuttle-bus-informationen\/","og_site_name":"Mercure Dubai Barsha Heights","article_modified_time":"2025-03-21T06:54:35+00:00","og_image":[{"width":2200,"height":1200,"url":"https:\/\/www.mercuredubaihotel.com\/wp-content\/uploads\/sites\/37\/2023\/02\/Mercure_dubai_barsha_heights_home_slide02.jpg","type":"image\/jpeg"}],"twitter_card":"summary_large_image","twitter_misc":{"Gesch\u00e4tzte Lesezeit":"1 Minute"},"schema":{"@context":"https:\/\/schema.org","@graph":[{"@type":"WebPage","@id":"https:\/\/www.mercuredubaihotel.com\/de\/gastdienste\/shuttle-bus-informationen\/","url":"https:\/\/www.mercuredubaihotel.com\/de\/gastdienste\/shuttle-bus-informationen\/","name":"Shuttle Bus Informationen - Mercure Dubai Barsha Heights -","isPartOf":{"@id":"https:\/\/www.mercuredubaihotel.com\/#website"},"datePublished":"2023-03-01T14:28:34+00:00","dateModified":"2025-03-21T06:54:35+00:00","description":"Alle G\u00e4ste des Hauses k\u00f6nnen einen kostenlosen Shuttleservice zu einigen der wichtigsten Orte der Stadt nutzen. Ein kostenloser Shuttleservice wird zum Kite Beach und zur Outlet Mall Dubai angeboten","breadcrumb":{"@id":"https:\/\/www.mercuredubaihotel.com\/de\/gastdienste\/shuttle-bus-informationen\/#breadcrumb"},"inLanguage":"de-DE","potentialAction":[{"@type":"ReadAction","target":["https:\/\/www.mercuredubaihotel.com\/de\/gastdienste\/shuttle-bus-informationen\/"]}]},{"@type":"BreadcrumbList","@id":"https:\/\/www.mercuredubaihotel.com\/de\/gastdienste\/shuttle-bus-informationen\/#breadcrumb","itemListElement":[{"@type":"ListItem","position":1,"name":"Home","item":"https:\/\/www.mercuredubaihotel.com\/de\/"},{"@type":"ListItem","position":2,"name":"Gastdienste","item":"https:\/\/www.mercuredubaihotel.com\/de\/gastdienste\/"},{"@type":"ListItem","position":3,"name":"Shuttle Bus Informationen"}]},{"@type":"WebSite","@id":"https:\/\/www.mercuredubaihotel.com\/#website","url":"https:\/\/www.mercuredubaihotel.com\/","name":"Mercure Dubai Barsha Heights","description":"","potentialAction":[{"@type":"SearchAction","target":{"@type":"EntryPoint","urlTemplate":"https:\/\/www.mercuredubaihotel.com\/?s={search_term_string}"},"query-input":{"@type":"PropertyValueSpecification","valueRequired":true,"valueName":"search_term_string"}}],"inLanguage":"de-DE"}]}},"_links":{"self":[{"href":"https:\/\/www.mercuredubaihotel.com\/de\/wp-json\/wp\/v2\/pages\/735","targetHints":{"allow":["GET"]}}],"collection":[{"href":"https:\/\/www.mercuredubaihotel.com\/de\/wp-json\/wp\/v2\/pages"}],"about":[{"href":"https:\/\/www.mercuredubaihotel.com\/de\/wp-json\/wp\/v2\/types\/page"}],"author":[{"embeddable":true,"href":"https:\/\/www.mercuredubaihotel.com\/de\/wp-json\/wp\/v2\/users\/3"}],"replies":[{"embeddable":true,"href":"https:\/\/www.mercuredubaihotel.com\/de\/wp-json\/wp\/v2\/comments?post=735"}],"version-history":[{"count":0,"href":"https:\/\/www.mercuredubaihotel.com\/de\/wp-json\/wp\/v2\/pages\/735\/revisions"}],"up":[{"embeddable":true,"href":"https:\/\/www.mercuredubaihotel.com\/de\/wp-json\/wp\/v2\/pages\/730"}],"wp:attachment":[{"href":"https:\/\/www.mercuredubaihotel.com\/de\/wp-json\/wp\/v2\/media?parent=735"}],"wp:term":[{"taxonomy":"category","embeddable":true,"href":"https:\/\/www.mercuredubaihotel.com\/de\/wp-json\/wp\/v2\/categories?post=735"}],"curies":[{"name":"wp","href":"https:\/\/api.w.org\/{rel}","templated":true}]}}