{"id":730,"date":"2023-03-01T14:06:39","date_gmt":"2023-03-01T14:06:39","guid":{"rendered":"https:\/\/www.mercuredubaihotel.com\/guest-services\/"},"modified":"2024-07-29T10:46:20","modified_gmt":"2024-07-29T10:46:20","slug":"gastdienste","status":"publish","type":"page","link":"https:\/\/www.mercuredubaihotel.com\/de\/gastdienste\/","title":{"rendered":"Gastdienste"},"content":{"rendered":"<p>Mercure Dubai Barsha Heights bietet pers\u00f6nlichen Komfort, eine gro\u00dfe Auswahl an kostenlosen Annehmlichkeiten und exzellenten Service, um sowohl Gesch\u00e4fts- als auch Urlaubsreisenden einen unvergesslichen Aufenthalt zu erm\u00f6glichen. Unsere Mitarbeiter des G\u00e4steservices in der Hotellobby beantworten alle deine Fragen und helfen dir bei allem, was du w\u00e4hrend deines Aufenthalts brauchst.<\/p>\n<p>Das 4-Sterne-Hotel Mercure Dubai bietet elegante und moderne 1015 Hotelsuiten und Apartments an der Sheikh Zayed Road in Barsha Heights neben der Dubai Internet City Metro Station.<\/p>\n","protected":false},"excerpt":{"rendered":"<p>Mercure Dubai Barsha Heights bietet pers\u00f6nlichen Komfort, eine gro\u00dfe Auswahl an kostenlosen Annehmlichkeiten und exzellenten Service, um sowohl Gesch\u00e4fts- als auch Urlaubsreisenden einen unvergesslichen Aufenthalt zu erm\u00f6glichen. Unsere Mitarbeiter des G\u00e4steservices in der Hotellobby beantworten alle deine Fragen und helfen dir bei allem, was du w\u00e4hrend deines Aufenthalts brauchst. Das 4-Sterne-Hotel Mercure Dubai bietet elegante [&hellip;]<\/p>\n","protected":false},"author":3,"featured_media":0,"parent":0,"menu_order":120,"comment_status":"closed","ping_status":"closed","template":"","meta":{"footnotes":""},"categories":[],"class_list":["post-730","page","type-page","status-publish","hentry"],"acf":[],"yoast_head":"<!-- This site is optimized with the Yoast SEO plugin v26.9 - https:\/\/yoast.com\/product\/yoast-seo-wordpress\/ -->\n<title>Gastdienste - Mercure Dubai Barsha Heights -<\/title>\n<meta name=\"description\" content=\"Mercure Dubai Barsha Heights bietet pers\u00f6nlichen Komfort, eine gro\u00dfe Auswahl an kostenlosen Annehmlichkeiten und exzellenten Service, um sowohl Gesch\u00e4fts- als auch Urlaubsreisenden einen unvergesslichen Aufenthalt zu erm\u00f6glichen. Unsere Mitarbeiter des G\u00e4steservices in der Hotellobby beantworten alle deine Fragen und helfen dir bei allem, was du w\u00e4hrend deines Aufenthalts brauchst.  Das 4-Sterne-Hotel Mercure Dubai bietet elegante und moderne 1015 Hotelsuiten und Apartments an der Sheikh Zayed Road in Barsha Heights neben der Dubai Internet City Metro Station.\" \/>\n<meta name=\"robots\" content=\"index, follow, max-snippet:-1, max-image-preview:large, max-video-preview:-1\" \/>\n<link rel=\"canonical\" href=\"https:\/\/www.mercuredubaihotel.com\/de\/gastdienste\/\" \/>\n<meta property=\"og:locale\" content=\"de_DE\" \/>\n<meta property=\"og:type\" content=\"article\" \/>\n<meta property=\"og:title\" content=\"Gastdienste - Mercure Dubai Barsha Heights -\" \/>\n<meta property=\"og:description\" content=\"Mercure Dubai Barsha Heights bietet pers\u00f6nlichen Komfort, eine gro\u00dfe Auswahl an kostenlosen Annehmlichkeiten und exzellenten Service, um sowohl Gesch\u00e4fts- als auch Urlaubsreisenden einen unvergesslichen Aufenthalt zu erm\u00f6glichen. Unsere Mitarbeiter des G\u00e4steservices in der Hotellobby beantworten alle deine Fragen und helfen dir bei allem, was du w\u00e4hrend deines Aufenthalts brauchst.  Das 4-Sterne-Hotel Mercure Dubai bietet elegante und moderne 1015 Hotelsuiten und Apartments an der Sheikh Zayed Road in Barsha Heights neben der Dubai Internet City Metro Station.\" \/>\n<meta property=\"og:url\" content=\"https:\/\/www.mercuredubaihotel.com\/de\/gastdienste\/\" \/>\n<meta property=\"og:site_name\" content=\"Mercure Dubai Barsha Heights\" \/>\n<meta property=\"article:modified_time\" content=\"2024-07-29T10:46:20+00:00\" \/>\n<meta property=\"og:image\" content=\"https:\/\/www.mercuredubaihotel.com\/wp-content\/uploads\/sites\/37\/2023\/02\/Mercure_dubai_barsha_heights_home_slide02.jpg\" \/>\n\t<meta property=\"og:image:width\" content=\"2200\" \/>\n\t<meta property=\"og:image:height\" content=\"1200\" \/>\n\t<meta property=\"og:image:type\" content=\"image\/jpeg\" \/>\n<meta name=\"twitter:card\" content=\"summary_large_image\" \/>\n<meta name=\"twitter:label1\" content=\"Gesch\u00e4tzte Lesezeit\" \/>\n\t<meta name=\"twitter:data1\" content=\"1 Minute\" \/>\n<script type=\"application\/ld+json\" class=\"yoast-schema-graph\">{\"@context\":\"https:\/\/schema.org\",\"@graph\":[{\"@type\":\"WebPage\",\"@id\":\"https:\/\/www.mercuredubaihotel.com\/de\/gastdienste\/\",\"url\":\"https:\/\/www.mercuredubaihotel.com\/de\/gastdienste\/\",\"name\":\"Gastdienste - Mercure Dubai Barsha Heights -\",\"isPartOf\":{\"@id\":\"https:\/\/www.mercuredubaihotel.com\/#website\"},\"datePublished\":\"2023-03-01T14:06:39+00:00\",\"dateModified\":\"2024-07-29T10:46:20+00:00\",\"description\":\"Mercure Dubai Barsha Heights bietet pers\u00f6nlichen Komfort, eine gro\u00dfe Auswahl an kostenlosen Annehmlichkeiten und exzellenten Service, um sowohl Gesch\u00e4fts- als auch Urlaubsreisenden einen unvergesslichen Aufenthalt zu erm\u00f6glichen. Unsere Mitarbeiter des G\u00e4steservices in der Hotellobby beantworten alle deine Fragen und helfen dir bei allem, was du w\u00e4hrend deines Aufenthalts brauchst. Das 4-Sterne-Hotel Mercure Dubai bietet elegante und moderne 1015 Hotelsuiten und Apartments an der Sheikh Zayed Road in Barsha Heights neben der Dubai Internet City Metro Station.\",\"breadcrumb\":{\"@id\":\"https:\/\/www.mercuredubaihotel.com\/de\/gastdienste\/#breadcrumb\"},\"inLanguage\":\"de-DE\",\"potentialAction\":[{\"@type\":\"ReadAction\",\"target\":[\"https:\/\/www.mercuredubaihotel.com\/de\/gastdienste\/\"]}]},{\"@type\":\"BreadcrumbList\",\"@id\":\"https:\/\/www.mercuredubaihotel.com\/de\/gastdienste\/#breadcrumb\",\"itemListElement\":[{\"@type\":\"ListItem\",\"position\":1,\"name\":\"Home\",\"item\":\"https:\/\/www.mercuredubaihotel.com\/de\/\"},{\"@type\":\"ListItem\",\"position\":2,\"name\":\"Gastdienste\"}]},{\"@type\":\"WebSite\",\"@id\":\"https:\/\/www.mercuredubaihotel.com\/#website\",\"url\":\"https:\/\/www.mercuredubaihotel.com\/\",\"name\":\"Mercure Dubai Barsha Heights\",\"description\":\"\",\"potentialAction\":[{\"@type\":\"SearchAction\",\"target\":{\"@type\":\"EntryPoint\",\"urlTemplate\":\"https:\/\/www.mercuredubaihotel.com\/?s={search_term_string}\"},\"query-input\":{\"@type\":\"PropertyValueSpecification\",\"valueRequired\":true,\"valueName\":\"search_term_string\"}}],\"inLanguage\":\"de-DE\"}]}<\/script>\n<!-- \/ Yoast SEO plugin. -->","yoast_head_json":{"title":"Gastdienste - Mercure Dubai Barsha Heights -","description":"Mercure Dubai Barsha Heights bietet pers\u00f6nlichen Komfort, eine gro\u00dfe Auswahl an kostenlosen Annehmlichkeiten und exzellenten Service, um sowohl Gesch\u00e4fts- als auch Urlaubsreisenden einen unvergesslichen Aufenthalt zu erm\u00f6glichen. Unsere Mitarbeiter des G\u00e4steservices in der Hotellobby beantworten alle deine Fragen und helfen dir bei allem, was du w\u00e4hrend deines Aufenthalts brauchst.  Das 4-Sterne-Hotel Mercure Dubai bietet elegante und moderne 1015 Hotelsuiten und Apartments an der Sheikh Zayed Road in Barsha Heights neben der Dubai Internet City Metro Station.","robots":{"index":"index","follow":"follow","max-snippet":"max-snippet:-1","max-image-preview":"max-image-preview:large","max-video-preview":"max-video-preview:-1"},"canonical":"https:\/\/www.mercuredubaihotel.com\/de\/gastdienste\/","og_locale":"de_DE","og_type":"article","og_title":"Gastdienste - Mercure Dubai Barsha Heights -","og_description":"Mercure Dubai Barsha Heights bietet pers\u00f6nlichen Komfort, eine gro\u00dfe Auswahl an kostenlosen Annehmlichkeiten und exzellenten Service, um sowohl Gesch\u00e4fts- als auch Urlaubsreisenden einen unvergesslichen Aufenthalt zu erm\u00f6glichen. Unsere Mitarbeiter des G\u00e4steservices in der Hotellobby beantworten alle deine Fragen und helfen dir bei allem, was du w\u00e4hrend deines Aufenthalts brauchst.  Das 4-Sterne-Hotel Mercure Dubai bietet elegante und moderne 1015 Hotelsuiten und Apartments an der Sheikh Zayed Road in Barsha Heights neben der Dubai Internet City Metro Station.","og_url":"https:\/\/www.mercuredubaihotel.com\/de\/gastdienste\/","og_site_name":"Mercure Dubai Barsha Heights","article_modified_time":"2024-07-29T10:46:20+00:00","og_image":[{"width":2200,"height":1200,"url":"https:\/\/www.mercuredubaihotel.com\/wp-content\/uploads\/sites\/37\/2023\/02\/Mercure_dubai_barsha_heights_home_slide02.jpg","type":"image\/jpeg"}],"twitter_card":"summary_large_image","twitter_misc":{"Gesch\u00e4tzte Lesezeit":"1 Minute"},"schema":{"@context":"https:\/\/schema.org","@graph":[{"@type":"WebPage","@id":"https:\/\/www.mercuredubaihotel.com\/de\/gastdienste\/","url":"https:\/\/www.mercuredubaihotel.com\/de\/gastdienste\/","name":"Gastdienste - Mercure Dubai Barsha Heights -","isPartOf":{"@id":"https:\/\/www.mercuredubaihotel.com\/#website"},"datePublished":"2023-03-01T14:06:39+00:00","dateModified":"2024-07-29T10:46:20+00:00","description":"Mercure Dubai Barsha Heights bietet pers\u00f6nlichen Komfort, eine gro\u00dfe Auswahl an kostenlosen Annehmlichkeiten und exzellenten Service, um sowohl Gesch\u00e4fts- als auch Urlaubsreisenden einen unvergesslichen Aufenthalt zu erm\u00f6glichen. Unsere Mitarbeiter des G\u00e4steservices in der Hotellobby beantworten alle deine Fragen und helfen dir bei allem, was du w\u00e4hrend deines Aufenthalts brauchst. Das 4-Sterne-Hotel Mercure Dubai bietet elegante und moderne 1015 Hotelsuiten und Apartments an der Sheikh Zayed Road in Barsha Heights neben der Dubai Internet City Metro Station.","breadcrumb":{"@id":"https:\/\/www.mercuredubaihotel.com\/de\/gastdienste\/#breadcrumb"},"inLanguage":"de-DE","potentialAction":[{"@type":"ReadAction","target":["https:\/\/www.mercuredubaihotel.com\/de\/gastdienste\/"]}]},{"@type":"BreadcrumbList","@id":"https:\/\/www.mercuredubaihotel.com\/de\/gastdienste\/#breadcrumb","itemListElement":[{"@type":"ListItem","position":1,"name":"Home","item":"https:\/\/www.mercuredubaihotel.com\/de\/"},{"@type":"ListItem","position":2,"name":"Gastdienste"}]},{"@type":"WebSite","@id":"https:\/\/www.mercuredubaihotel.com\/#website","url":"https:\/\/www.mercuredubaihotel.com\/","name":"Mercure Dubai Barsha Heights","description":"","potentialAction":[{"@type":"SearchAction","target":{"@type":"EntryPoint","urlTemplate":"https:\/\/www.mercuredubaihotel.com\/?s={search_term_string}"},"query-input":{"@type":"PropertyValueSpecification","valueRequired":true,"valueName":"search_term_string"}}],"inLanguage":"de-DE"}]}},"_links":{"self":[{"href":"https:\/\/www.mercuredubaihotel.com\/de\/wp-json\/wp\/v2\/pages\/730","targetHints":{"allow":["GET"]}}],"collection":[{"href":"https:\/\/www.mercuredubaihotel.com\/de\/wp-json\/wp\/v2\/pages"}],"about":[{"href":"https:\/\/www.mercuredubaihotel.com\/de\/wp-json\/wp\/v2\/types\/page"}],"author":[{"embeddable":true,"href":"https:\/\/www.mercuredubaihotel.com\/de\/wp-json\/wp\/v2\/users\/3"}],"replies":[{"embeddable":true,"href":"https:\/\/www.mercuredubaihotel.com\/de\/wp-json\/wp\/v2\/comments?post=730"}],"version-history":[{"count":0,"href":"https:\/\/www.mercuredubaihotel.com\/de\/wp-json\/wp\/v2\/pages\/730\/revisions"}],"wp:attachment":[{"href":"https:\/\/www.mercuredubaihotel.com\/de\/wp-json\/wp\/v2\/media?parent=730"}],"wp:term":[{"taxonomy":"category","embeddable":true,"href":"https:\/\/www.mercuredubaihotel.com\/de\/wp-json\/wp\/v2\/categories?post=730"}],"curies":[{"name":"wp","href":"https:\/\/api.w.org\/{rel}","templated":true}]}}