{"id":728,"date":"2023-03-01T15:08:43","date_gmt":"2023-03-01T15:08:43","guid":{"rendered":"https:\/\/www.mercuredubaihotel.com\/sustainability\/"},"modified":"2026-01-13T13:59:56","modified_gmt":"2026-01-13T13:59:56","slug":"sustainability","status":"publish","type":"page","link":"https:\/\/www.mercuredubaihotel.com\/de\/sustainability\/","title":{"rendered":"Nachhaltigkeit"},"content":{"rendered":"<p><strong>Unser Engagement f\u00fcr Nachhaltigkeit<\/strong><\/p>\n<p>Im Mercure Dubai Barsha Heights setzen wir uns f\u00fcr eine nachhaltigere Zukunft ein, indem wir die drei operativen S\u00e4ulen von Accor umsetzen und sicherstellen, dass Nachhaltigkeit das Fundament all unserer Handlungen ist \u2013 vom Hotelbetrieb bis hin zum G\u00e4steerlebnis.<\/p>\n<p><strong>Ver\u00e4nderungen durch die drei operativen S\u00e4ulen von Accor umsetzen<\/strong><\/p>\n<p>Wir treiben den Wandel aktiv durch einen ganzheitlichen Ansatz voran, der jeden Aspekt unserer Hotelreise steigert:<\/p>\n<ul>\n<li><strong>Aufenthalt:<\/strong> St\u00e4rkung nachhaltiger Hotelbetriebe durch Energieeffizienz, Wassereinsparung und Abfallreduzierung.<\/li>\n<li><strong>Essen:<\/strong> F\u00f6rderung einer nachhaltigen Lebensmittelkette durch verantwortungsbewusste Beschaffung, Reduzierung von Lebensmittelabf\u00e4llen und ges\u00fcndere Men\u00fcoptionen.<\/li>\n<li><strong>Erkunden:<\/strong> F\u00f6rderung des lokalen \u00d6kosystems und verantwortungsbewusste Reiseerlebnisse.<\/li>\n<\/ul>\n<p>Als Teil der Accor-Gruppe haben wir uns verpflichtet, bis 2050 Netto-Null-CO2-Emissionen zu erreichen, in \u00dcbereinstimmung mit dem Pariser Abkommen. Wir setzen uns auch f\u00fcr eine absolute Reduzierung der Treibhausgasemissionen ein und arbeiten aktiv an einer nachhaltigeren Hotellerie.<\/p>\n<p><strong>Tools, die unsere Nachhaltigkeitsstrategie vorantreiben<\/strong><\/p>\n<p>Um kontinuierliche Fortschritte zu gew\u00e4hrleisten, nutzen wir Ga\u00efa\u00b2, das fortschrittliche Online-Reporting-Tool von Accor. Diese Plattform erm\u00f6glicht es uns, wichtige Nachhaltigkeitskennzahlen zu \u00fcberwachen und zu messen, darunter:<\/p>\n<ul>\n<li>Energieeffizienz<\/li>\n<li>Wassereinsparung<\/li>\n<li>Abfallwirtschaft<\/li>\n<li>Reduzierung des CO2-Fu\u00dfabdrucks<\/li>\n<\/ul>\n<p>Durch die Nutzung datengest\u00fctzter Erkenntnisse optimieren wir Nachhaltigkeitsinitiativen, senken die Betriebskosten und richten uns nach den Erwartungen der Stakeholder.<\/p>\n<p><strong>Zertifiziert f\u00fcr hervorragende Nachhaltigkeit<\/strong><\/p>\n<p>Unser Engagement f\u00fcr Nachhaltigkeit wurde durch die Green Globe Certification, einen weltweit anerkannten Standard f\u00fcr nachhaltigen Tourismus, anerkannt. Im Jahr 2025 werden wir voraussichtlich die Platin-Zertifizierung erhalten, ein Beweis f\u00fcr unsere kontinuierlichen Bem\u00fchungen um Umweltverantwortung und operative Exzellenz.<\/p>\n<p>Im Mercure Dubai Barsha Heights glauben wir an eine gr\u00fcnere Zukunft \u2013 mit jedem Aufenthalt.<\/p>\n<p><strong>Helfen Sie uns, etwas zu bewirken.<\/strong><\/p>\n<p>Nachfolgend finden Sie weitere Informationen zu den Zielen und spezifischen nachhaltigen Projekten, zu denen wir uns verpflichtet haben:<\/p>\n<p><a class=\"btn-custom\" href=\"https:\/\/www.mercuredubaihotel.com\/wp-content\/uploads\/sites\/37\/2026\/01\/Mercure-SUSTAINABILITY-MANAGEMENT-PLAN-2026.pdf\" target=\"_blank\"rel=\"noopener\">Nachhaltigkeitsmanagementplan 2026<\/a><br \/>\n<a class=\"btn-custom\" href=\"https:\/\/www.mercuredubaihotel.com\/wp-content\/uploads\/sites\/37\/2025\/01\/The-key-sustainable-initiative-by-GAIA-2.0-Mercure-sustainability-programme.pdf\" target=\"_blank\"rel=\"noopener\">Wichtige nachhaltige Initiativen von GAIA 2.0 und Tipps zum Wasser- und Energiesparen<\/a><br \/>\n<a class=\"btn-custom\" href=\"https:\/\/www.mercuredubaihotel.com\/wp-content\/uploads\/sites\/37\/2025\/01\/Native-plants-of-the-UAE-Mercure-sustainability-programme.pdf\" target=\"_blank\"rel=\"noopener\">Einheimische Pflanzen der Vereinigten Arabischen Emirate<\/a><br \/>\n<a class=\"btn-custom\" href=\"https:\/\/www.mercuredubaihotel.com\/wp-content\/uploads\/sites\/37\/2025\/01\/Preserved-and-protected-sites-in-Dubai-Mercure-sustainability-programme.pdf\" target=\"_blank\"rel=\"noopener\">Erhaltungs- und Schutzgebiete in Dubai<\/a><br \/>\n<a class=\"btn-custom\" href=\"http:\/\/mercure-dubai-barsha-heights.accorv2prod.decms.eu\/wp-content\/uploads\/sites\/37\/2023\/03\/Environmental-Policy-online.pdf\" target=\"_blank\"rel=\"noopener\">Umweltpolitik<\/a><br \/>\n<a class=\"btn-custom\" href=\"http:\/\/mercure-dubai-barsha-heights.accorv2prod.decms.eu\/wp-content\/uploads\/sites\/37\/2023\/03\/Quality-Policy-online.pdf\" target=\"_blank\"rel=\"noopener\">Qualit\u00e4tspolitik<\/a><br \/>\n<a class=\"btn-custom\" href=\"https:\/\/www.mercuredubaihotel.com\/wp-content\/uploads\/sites\/37\/2025\/01\/Mercure-sustainability-programme.pdf\" target=\"_blank\"rel=\"noopener\">Accors globale Nachhaltigkeitsstrategie<\/a><br \/>\n<a class=\"btn-custom\" href=\"https:\/\/www.mercuredubaihotel.com\/wp-content\/uploads\/sites\/37\/2025\/01\/Accors-3-strategic-pillars-Mercure-sustainability-programme.pdf\" target=\"_blank\"rel=\"noopener\">Accors 3 strategische S\u00e4ulen<\/a><br \/>\n<a class=\"btn-custom\" href=\"https:\/\/www.mercuredubaihotel.com\/wp-content\/uploads\/sites\/37\/2025\/01\/ACCOR_charteERSE2024-120924-EN.pdf\" target=\"_blank\"rel=\"noopener\">Accors CSR-Charta<\/a><\/p>\n<p>F\u00fcr weitere Informationen oder \u00d6ko-Kooperationen wenden Sie sich bitte an:<\/p>\n<p>Mr. Godlove Azinwi: <a href=\"mailto:Godlove.AZINWI@accor.com\">Godlove.AZINWI@accor.com<\/a><\/p>\n","protected":false},"excerpt":{"rendered":"<p>Unser Engagement f\u00fcr Nachhaltigkeit Im Mercure Dubai Barsha Heights setzen wir uns f\u00fcr eine nachhaltigere Zukunft ein, indem wir die drei operativen S\u00e4ulen von Accor umsetzen und sicherstellen, dass Nachhaltigkeit das Fundament all unserer Handlungen ist \u2013 vom Hotelbetrieb bis hin zum G\u00e4steerlebnis. Ver\u00e4nderungen durch die drei operativen S\u00e4ulen von Accor umsetzen Wir treiben den [&hellip;]<\/p>\n","protected":false},"author":3,"featured_media":0,"parent":0,"menu_order":150,"comment_status":"closed","ping_status":"closed","template":"","meta":{"footnotes":""},"categories":[],"class_list":["post-728","page","type-page","status-publish","hentry"],"acf":[],"yoast_head":"<!-- This site is optimized with the Yoast SEO plugin v26.9 - https:\/\/yoast.com\/product\/yoast-seo-wordpress\/ -->\n<title>Nachhaltigkeit - Mercure Dubai Barsha Heights -<\/title>\n<meta name=\"description\" content=\"Unser Engagement f\u00fcr Nachhaltigkeit  Im Mercure Dubai Barsha Heights setzen wir uns f\u00fcr eine nachhaltigere Zukunft ein, indem wir die drei operativen S\u00e4ulen von Accor umsetzen und sicherstellen, dass Nachhaltigkeit das Fundament all unserer Handlungen ist \u2013 vom Hotelbetrieb bis hin zum G\u00e4steerlebnis.  Ver\u00e4nderungen durch die drei operativen S\u00e4ulen von Accor umsetzen  Wir treiben den Wandel aktiv durch einen ganzheitlichen Ansatz voran, der jeden Aspekt unserer Hotelreise steigert:   Aufenthalt: St\u00e4rkung nachhaltiger Hotelbetriebe durch Energieeffizienz, Wassereinsparung und Abfallreduzierung.  Essen: F\u00f6rderung einer nachhaltigen Lebensmittelkette durch verantwortungsbewusste Beschaffung, Reduzierung von Lebensmittelabf\u00e4llen und ges\u00fcndere Men\u00fcoptionen.  Erkunden: F\u00f6rderung des lokalen \u00d6kosystems und verantwortungsbewusste Reiseerlebnisse.  Als Teil der Accor-Gruppe haben wir uns verpflichtet, bis 2050 Netto-Null-CO2-Emissionen zu erreichen, in \u00dcbereinstimmung mit dem Pariser Abkommen. Wir setzen uns auch f\u00fcr eine absolute Reduzierung der Treibhausgasemissionen ein und arbeiten aktiv an einer nachhaltigeren Hotellerie.  Tools, die unsere Nachhaltigkeitsstrategie vorantreiben  Um kontinuierliche Fortschritte zu gew\u00e4hrleisten, nutzen wir Ga\u00efa\u00b2, das fortschrittliche Online-Reporting-Tool von Accor\" \/>\n<meta name=\"robots\" content=\"index, follow, max-snippet:-1, max-image-preview:large, max-video-preview:-1\" \/>\n<link rel=\"canonical\" href=\"https:\/\/www.mercuredubaihotel.com\/de\/sustainability\/\" \/>\n<meta property=\"og:locale\" content=\"de_DE\" \/>\n<meta property=\"og:type\" content=\"article\" \/>\n<meta property=\"og:title\" content=\"Nachhaltigkeit - Mercure Dubai Barsha Heights -\" \/>\n<meta property=\"og:description\" content=\"Unser Engagement f\u00fcr Nachhaltigkeit  Im Mercure Dubai Barsha Heights setzen wir uns f\u00fcr eine nachhaltigere Zukunft ein, indem wir die drei operativen S\u00e4ulen von Accor umsetzen und sicherstellen, dass Nachhaltigkeit das Fundament all unserer Handlungen ist \u2013 vom Hotelbetrieb bis hin zum G\u00e4steerlebnis.  Ver\u00e4nderungen durch die drei operativen S\u00e4ulen von Accor umsetzen  Wir treiben den Wandel aktiv durch einen ganzheitlichen Ansatz voran, der jeden Aspekt unserer Hotelreise steigert:   Aufenthalt: St\u00e4rkung nachhaltiger Hotelbetriebe durch Energieeffizienz, Wassereinsparung und Abfallreduzierung.  Essen: F\u00f6rderung einer nachhaltigen Lebensmittelkette durch verantwortungsbewusste Beschaffung, Reduzierung von Lebensmittelabf\u00e4llen und ges\u00fcndere Men\u00fcoptionen.  Erkunden: F\u00f6rderung des lokalen \u00d6kosystems und verantwortungsbewusste Reiseerlebnisse.  Als Teil der Accor-Gruppe haben wir uns verpflichtet, bis 2050 Netto-Null-CO2-Emissionen zu erreichen, in \u00dcbereinstimmung mit dem Pariser Abkommen. Wir setzen uns auch f\u00fcr eine absolute Reduzierung der Treibhausgasemissionen ein und arbeiten aktiv an einer nachhaltigeren Hotellerie.  Tools, die unsere Nachhaltigkeitsstrategie vorantreiben  Um kontinuierliche Fortschritte zu gew\u00e4hrleisten, nutzen wir Ga\u00efa\u00b2, das fortschrittliche Online-Reporting-Tool von Accor\" \/>\n<meta property=\"og:url\" content=\"https:\/\/www.mercuredubaihotel.com\/de\/sustainability\/\" \/>\n<meta property=\"og:site_name\" content=\"Mercure Dubai Barsha Heights\" \/>\n<meta property=\"article:modified_time\" content=\"2026-01-13T13:59:56+00:00\" \/>\n<meta property=\"og:image\" content=\"https:\/\/www.mercuredubaihotel.com\/wp-content\/uploads\/sites\/37\/2023\/02\/Mercure_dubai_barsha_heights_home_slide02.jpg\" \/>\n\t<meta property=\"og:image:width\" content=\"2200\" \/>\n\t<meta property=\"og:image:height\" content=\"1200\" \/>\n\t<meta property=\"og:image:type\" content=\"image\/jpeg\" \/>\n<meta name=\"twitter:card\" content=\"summary_large_image\" \/>\n<meta name=\"twitter:label1\" content=\"Gesch\u00e4tzte Lesezeit\" \/>\n\t<meta name=\"twitter:data1\" content=\"2 Minuten\" \/>\n<script type=\"application\/ld+json\" class=\"yoast-schema-graph\">{\"@context\":\"https:\/\/schema.org\",\"@graph\":[{\"@type\":\"WebPage\",\"@id\":\"https:\/\/www.mercuredubaihotel.com\/de\/sustainability\/\",\"url\":\"https:\/\/www.mercuredubaihotel.com\/de\/sustainability\/\",\"name\":\"Nachhaltigkeit - Mercure Dubai Barsha Heights -\",\"isPartOf\":{\"@id\":\"https:\/\/www.mercuredubaihotel.com\/#website\"},\"datePublished\":\"2023-03-01T15:08:43+00:00\",\"dateModified\":\"2026-01-13T13:59:56+00:00\",\"description\":\"Unser Engagement f\u00fcr Nachhaltigkeit Im Mercure Dubai Barsha Heights setzen wir uns f\u00fcr eine nachhaltigere Zukunft ein, indem wir die drei operativen S\u00e4ulen von Accor umsetzen und sicherstellen, dass Nachhaltigkeit das Fundament all unserer Handlungen ist \u2013 vom Hotelbetrieb bis hin zum G\u00e4steerlebnis. Ver\u00e4nderungen durch die drei operativen S\u00e4ulen von Accor umsetzen Wir treiben den Wandel aktiv durch einen ganzheitlichen Ansatz voran, der jeden Aspekt unserer Hotelreise steigert: \u2022 Aufenthalt: St\u00e4rkung nachhaltiger Hotelbetriebe durch Energieeffizienz, Wassereinsparung und Abfallreduzierung. \u2022 Essen: F\u00f6rderung einer nachhaltigen Lebensmittelkette durch verantwortungsbewusste Beschaffung, Reduzierung von Lebensmittelabf\u00e4llen und ges\u00fcndere Men\u00fcoptionen. \u2022 Erkunden: F\u00f6rderung des lokalen \u00d6kosystems und verantwortungsbewusste Reiseerlebnisse. Als Teil der Accor-Gruppe haben wir uns verpflichtet, bis 2050 Netto-Null-CO2-Emissionen zu erreichen, in \u00dcbereinstimmung mit dem Pariser Abkommen. Wir setzen uns auch f\u00fcr eine absolute Reduzierung der Treibhausgasemissionen ein und arbeiten aktiv an einer nachhaltigeren Hotellerie. Tools, die unsere Nachhaltigkeitsstrategie vorantreiben Um kontinuierliche Fortschritte zu gew\u00e4hrleisten, nutzen wir Ga\u00efa\u00b2, das fortschrittliche Online-Reporting-Tool von Accor\",\"breadcrumb\":{\"@id\":\"https:\/\/www.mercuredubaihotel.com\/de\/sustainability\/#breadcrumb\"},\"inLanguage\":\"de-DE\",\"potentialAction\":[{\"@type\":\"ReadAction\",\"target\":[\"https:\/\/www.mercuredubaihotel.com\/de\/sustainability\/\"]}]},{\"@type\":\"BreadcrumbList\",\"@id\":\"https:\/\/www.mercuredubaihotel.com\/de\/sustainability\/#breadcrumb\",\"itemListElement\":[{\"@type\":\"ListItem\",\"position\":1,\"name\":\"Home\",\"item\":\"https:\/\/www.mercuredubaihotel.com\/de\/\"},{\"@type\":\"ListItem\",\"position\":2,\"name\":\"Nachhaltigkeit\"}]},{\"@type\":\"WebSite\",\"@id\":\"https:\/\/www.mercuredubaihotel.com\/#website\",\"url\":\"https:\/\/www.mercuredubaihotel.com\/\",\"name\":\"Mercure Dubai Barsha Heights\",\"description\":\"\",\"potentialAction\":[{\"@type\":\"SearchAction\",\"target\":{\"@type\":\"EntryPoint\",\"urlTemplate\":\"https:\/\/www.mercuredubaihotel.com\/?s={search_term_string}\"},\"query-input\":{\"@type\":\"PropertyValueSpecification\",\"valueRequired\":true,\"valueName\":\"search_term_string\"}}],\"inLanguage\":\"de-DE\"}]}<\/script>\n<!-- \/ Yoast SEO plugin. -->","yoast_head_json":{"title":"Nachhaltigkeit - Mercure Dubai Barsha Heights -","description":"Unser Engagement f\u00fcr Nachhaltigkeit  Im Mercure Dubai Barsha Heights setzen wir uns f\u00fcr eine nachhaltigere Zukunft ein, indem wir die drei operativen S\u00e4ulen von Accor umsetzen und sicherstellen, dass Nachhaltigkeit das Fundament all unserer Handlungen ist \u2013 vom Hotelbetrieb bis hin zum G\u00e4steerlebnis.  Ver\u00e4nderungen durch die drei operativen S\u00e4ulen von Accor umsetzen  Wir treiben den Wandel aktiv durch einen ganzheitlichen Ansatz voran, der jeden Aspekt unserer Hotelreise steigert:   Aufenthalt: St\u00e4rkung nachhaltiger Hotelbetriebe durch Energieeffizienz, Wassereinsparung und Abfallreduzierung.  Essen: F\u00f6rderung einer nachhaltigen Lebensmittelkette durch verantwortungsbewusste Beschaffung, Reduzierung von Lebensmittelabf\u00e4llen und ges\u00fcndere Men\u00fcoptionen.  Erkunden: F\u00f6rderung des lokalen \u00d6kosystems und verantwortungsbewusste Reiseerlebnisse.  Als Teil der Accor-Gruppe haben wir uns verpflichtet, bis 2050 Netto-Null-CO2-Emissionen zu erreichen, in \u00dcbereinstimmung mit dem Pariser Abkommen. Wir setzen uns auch f\u00fcr eine absolute Reduzierung der Treibhausgasemissionen ein und arbeiten aktiv an einer nachhaltigeren Hotellerie.  Tools, die unsere Nachhaltigkeitsstrategie vorantreiben  Um kontinuierliche Fortschritte zu gew\u00e4hrleisten, nutzen wir Ga\u00efa\u00b2, das fortschrittliche Online-Reporting-Tool von Accor","robots":{"index":"index","follow":"follow","max-snippet":"max-snippet:-1","max-image-preview":"max-image-preview:large","max-video-preview":"max-video-preview:-1"},"canonical":"https:\/\/www.mercuredubaihotel.com\/de\/sustainability\/","og_locale":"de_DE","og_type":"article","og_title":"Nachhaltigkeit - Mercure Dubai Barsha Heights -","og_description":"Unser Engagement f\u00fcr Nachhaltigkeit  Im Mercure Dubai Barsha Heights setzen wir uns f\u00fcr eine nachhaltigere Zukunft ein, indem wir die drei operativen S\u00e4ulen von Accor umsetzen und sicherstellen, dass Nachhaltigkeit das Fundament all unserer Handlungen ist \u2013 vom Hotelbetrieb bis hin zum G\u00e4steerlebnis.  Ver\u00e4nderungen durch die drei operativen S\u00e4ulen von Accor umsetzen  Wir treiben den Wandel aktiv durch einen ganzheitlichen Ansatz voran, der jeden Aspekt unserer Hotelreise steigert:   Aufenthalt: St\u00e4rkung nachhaltiger Hotelbetriebe durch Energieeffizienz, Wassereinsparung und Abfallreduzierung.  Essen: F\u00f6rderung einer nachhaltigen Lebensmittelkette durch verantwortungsbewusste Beschaffung, Reduzierung von Lebensmittelabf\u00e4llen und ges\u00fcndere Men\u00fcoptionen.  Erkunden: F\u00f6rderung des lokalen \u00d6kosystems und verantwortungsbewusste Reiseerlebnisse.  Als Teil der Accor-Gruppe haben wir uns verpflichtet, bis 2050 Netto-Null-CO2-Emissionen zu erreichen, in \u00dcbereinstimmung mit dem Pariser Abkommen. Wir setzen uns auch f\u00fcr eine absolute Reduzierung der Treibhausgasemissionen ein und arbeiten aktiv an einer nachhaltigeren Hotellerie.  Tools, die unsere Nachhaltigkeitsstrategie vorantreiben  Um kontinuierliche Fortschritte zu gew\u00e4hrleisten, nutzen wir Ga\u00efa\u00b2, das fortschrittliche Online-Reporting-Tool von Accor","og_url":"https:\/\/www.mercuredubaihotel.com\/de\/sustainability\/","og_site_name":"Mercure Dubai Barsha Heights","article_modified_time":"2026-01-13T13:59:56+00:00","og_image":[{"width":2200,"height":1200,"url":"https:\/\/www.mercuredubaihotel.com\/wp-content\/uploads\/sites\/37\/2023\/02\/Mercure_dubai_barsha_heights_home_slide02.jpg","type":"image\/jpeg"}],"twitter_card":"summary_large_image","twitter_misc":{"Gesch\u00e4tzte Lesezeit":"2 Minuten"},"schema":{"@context":"https:\/\/schema.org","@graph":[{"@type":"WebPage","@id":"https:\/\/www.mercuredubaihotel.com\/de\/sustainability\/","url":"https:\/\/www.mercuredubaihotel.com\/de\/sustainability\/","name":"Nachhaltigkeit - Mercure Dubai Barsha Heights -","isPartOf":{"@id":"https:\/\/www.mercuredubaihotel.com\/#website"},"datePublished":"2023-03-01T15:08:43+00:00","dateModified":"2026-01-13T13:59:56+00:00","description":"Unser Engagement f\u00fcr Nachhaltigkeit Im Mercure Dubai Barsha Heights setzen wir uns f\u00fcr eine nachhaltigere Zukunft ein, indem wir die drei operativen S\u00e4ulen von Accor umsetzen und sicherstellen, dass Nachhaltigkeit das Fundament all unserer Handlungen ist \u2013 vom Hotelbetrieb bis hin zum G\u00e4steerlebnis. Ver\u00e4nderungen durch die drei operativen S\u00e4ulen von Accor umsetzen Wir treiben den Wandel aktiv durch einen ganzheitlichen Ansatz voran, der jeden Aspekt unserer Hotelreise steigert: \u2022 Aufenthalt: St\u00e4rkung nachhaltiger Hotelbetriebe durch Energieeffizienz, Wassereinsparung und Abfallreduzierung. \u2022 Essen: F\u00f6rderung einer nachhaltigen Lebensmittelkette durch verantwortungsbewusste Beschaffung, Reduzierung von Lebensmittelabf\u00e4llen und ges\u00fcndere Men\u00fcoptionen. \u2022 Erkunden: F\u00f6rderung des lokalen \u00d6kosystems und verantwortungsbewusste Reiseerlebnisse. Als Teil der Accor-Gruppe haben wir uns verpflichtet, bis 2050 Netto-Null-CO2-Emissionen zu erreichen, in \u00dcbereinstimmung mit dem Pariser Abkommen. Wir setzen uns auch f\u00fcr eine absolute Reduzierung der Treibhausgasemissionen ein und arbeiten aktiv an einer nachhaltigeren Hotellerie. Tools, die unsere Nachhaltigkeitsstrategie vorantreiben Um kontinuierliche Fortschritte zu gew\u00e4hrleisten, nutzen wir Ga\u00efa\u00b2, das fortschrittliche Online-Reporting-Tool von Accor","breadcrumb":{"@id":"https:\/\/www.mercuredubaihotel.com\/de\/sustainability\/#breadcrumb"},"inLanguage":"de-DE","potentialAction":[{"@type":"ReadAction","target":["https:\/\/www.mercuredubaihotel.com\/de\/sustainability\/"]}]},{"@type":"BreadcrumbList","@id":"https:\/\/www.mercuredubaihotel.com\/de\/sustainability\/#breadcrumb","itemListElement":[{"@type":"ListItem","position":1,"name":"Home","item":"https:\/\/www.mercuredubaihotel.com\/de\/"},{"@type":"ListItem","position":2,"name":"Nachhaltigkeit"}]},{"@type":"WebSite","@id":"https:\/\/www.mercuredubaihotel.com\/#website","url":"https:\/\/www.mercuredubaihotel.com\/","name":"Mercure Dubai Barsha Heights","description":"","potentialAction":[{"@type":"SearchAction","target":{"@type":"EntryPoint","urlTemplate":"https:\/\/www.mercuredubaihotel.com\/?s={search_term_string}"},"query-input":{"@type":"PropertyValueSpecification","valueRequired":true,"valueName":"search_term_string"}}],"inLanguage":"de-DE"}]}},"_links":{"self":[{"href":"https:\/\/www.mercuredubaihotel.com\/de\/wp-json\/wp\/v2\/pages\/728","targetHints":{"allow":["GET"]}}],"collection":[{"href":"https:\/\/www.mercuredubaihotel.com\/de\/wp-json\/wp\/v2\/pages"}],"about":[{"href":"https:\/\/www.mercuredubaihotel.com\/de\/wp-json\/wp\/v2\/types\/page"}],"author":[{"embeddable":true,"href":"https:\/\/www.mercuredubaihotel.com\/de\/wp-json\/wp\/v2\/users\/3"}],"replies":[{"embeddable":true,"href":"https:\/\/www.mercuredubaihotel.com\/de\/wp-json\/wp\/v2\/comments?post=728"}],"version-history":[{"count":0,"href":"https:\/\/www.mercuredubaihotel.com\/de\/wp-json\/wp\/v2\/pages\/728\/revisions"}],"wp:attachment":[{"href":"https:\/\/www.mercuredubaihotel.com\/de\/wp-json\/wp\/v2\/media?parent=728"}],"wp:term":[{"taxonomy":"category","embeddable":true,"href":"https:\/\/www.mercuredubaihotel.com\/de\/wp-json\/wp\/v2\/categories?post=728"}],"curies":[{"name":"wp","href":"https:\/\/api.w.org\/{rel}","templated":true}]}}