{"id":719,"date":"2023-02-24T16:31:57","date_gmt":"2023-02-24T16:31:57","guid":{"rendered":"https:\/\/www.mercuredubaihotel.com\/freizeit\/swimming-pool-jacuzzi\/"},"modified":"2024-07-19T13:50:14","modified_gmt":"2024-07-19T13:50:14","slug":"schwimmbad-jacuzzi","status":"publish","type":"page","link":"https:\/\/www.mercuredubaihotel.com\/de\/freizeit\/schwimmbad-jacuzzi\/","title":{"rendered":"Schwimmbad &amp; Jacuzzi"},"content":{"rendered":"<p>Im 8. Stock des Hotels kannst du im 25-Meter-Au\u00dfenpool ein entspanntes Bad nehmen. Du kannst auch die Sauna, das Dampfbad und die Umkleider\u00e4ume nutzen. Ein spezielles Kinderbecken ist der perfekte Ort f\u00fcr die Kleinen, um sich auszutoben und sich gleichzeitig zu erfrischen.<\/p>\n<p><strong>TAGESPOOL-PASS-ANGEBOT<\/strong><br \/>\nVerbringen Sie den Tag mit Familie und Freunden am Pool. Schauen Sie sich hier die Preise an:<\/p>\n<p><strong>Erwachsene<\/strong><\/p>\n<ul>\n<li>Wochentags: 75 AED pro Person<\/li>\n<li>Wochenende \u2013 85 AED pro Person<\/li>\n<\/ul>\n<p><strong>4-k\u00f6pfige Familie (2 Erwachsene + 2 Kinder)<\/strong><\/p>\n<ul>\n<li>Wochentags: 210 AED<\/li>\n<li>Wochenende \u2013 AED 240<\/li>\n<li>Zus\u00e4tzliche Kinder (6\u201312 Jahre) \u2013 20 AED<\/li>\n<\/ul>\n<p><strong>Kinder (6-12 Jahre)<\/strong><\/p>\n<ul>\n<li>Wochentags: 40 AED pro Kind<\/li>\n<li>Wochenende \u2013 45 AED pro Kind<\/li>\n<\/ul>\n","protected":false},"excerpt":{"rendered":"<p>Im 8. Stock des Hotels kannst du im 25-Meter-Au\u00dfenpool ein entspanntes Bad nehmen. Du kannst auch die Sauna, das Dampfbad und die Umkleider\u00e4ume nutzen. Ein spezielles Kinderbecken ist der perfekte Ort f\u00fcr die Kleinen, um sich auszutoben und sich gleichzeitig zu erfrischen. TAGESPOOL-PASS-ANGEBOT Verbringen Sie den Tag mit Familie und Freunden am Pool. Schauen Sie [&hellip;]<\/p>\n","protected":false},"author":3,"featured_media":0,"parent":708,"menu_order":25,"comment_status":"closed","ping_status":"closed","template":"template-single-spa.php","meta":{"footnotes":""},"categories":[],"class_list":["post-719","page","type-page","status-publish","hentry"],"acf":[],"yoast_head":"<!-- This site is optimized with the Yoast SEO plugin v26.9 - https:\/\/yoast.com\/product\/yoast-seo-wordpress\/ -->\n<title>Schwimmbad &amp; Jacuzzi - Mercure Dubai Barsha Heights -<\/title>\n<meta name=\"description\" content=\"Im 8. Stock des Hotels kannst du im 25-Meter-Au\u00dfenpool ein entspanntes Bad nehmen\" \/>\n<meta name=\"robots\" content=\"index, follow, max-snippet:-1, max-image-preview:large, max-video-preview:-1\" \/>\n<link rel=\"canonical\" href=\"https:\/\/www.mercuredubaihotel.com\/de\/freizeit\/schwimmbad-jacuzzi\/\" \/>\n<meta property=\"og:locale\" content=\"de_DE\" \/>\n<meta property=\"og:type\" content=\"article\" \/>\n<meta property=\"og:title\" content=\"Schwimmbad &amp; Jacuzzi - Mercure Dubai Barsha Heights -\" \/>\n<meta property=\"og:description\" content=\"Im 8. Stock des Hotels kannst du im 25-Meter-Au\u00dfenpool ein entspanntes Bad nehmen\" \/>\n<meta property=\"og:url\" content=\"https:\/\/www.mercuredubaihotel.com\/de\/freizeit\/schwimmbad-jacuzzi\/\" \/>\n<meta property=\"og:site_name\" content=\"Mercure Dubai Barsha Heights\" \/>\n<meta property=\"article:modified_time\" content=\"2024-07-19T13:50:14+00:00\" \/>\n<meta property=\"og:image\" content=\"https:\/\/www.mercuredubaihotel.com\/wp-content\/uploads\/sites\/37\/2023\/02\/Mercure_dubai_barsha_heights_home_slide02.jpg\" \/>\n\t<meta property=\"og:image:width\" content=\"2200\" \/>\n\t<meta property=\"og:image:height\" content=\"1200\" \/>\n\t<meta property=\"og:image:type\" content=\"image\/jpeg\" \/>\n<meta name=\"twitter:card\" content=\"summary_large_image\" \/>\n<meta name=\"twitter:label1\" content=\"Gesch\u00e4tzte Lesezeit\" \/>\n\t<meta name=\"twitter:data1\" content=\"1 Minute\" \/>\n<script type=\"application\/ld+json\" class=\"yoast-schema-graph\">{\"@context\":\"https:\/\/schema.org\",\"@graph\":[{\"@type\":\"WebPage\",\"@id\":\"https:\/\/www.mercuredubaihotel.com\/de\/freizeit\/schwimmbad-jacuzzi\/\",\"url\":\"https:\/\/www.mercuredubaihotel.com\/de\/freizeit\/schwimmbad-jacuzzi\/\",\"name\":\"Schwimmbad &amp; Jacuzzi - Mercure Dubai Barsha Heights -\",\"isPartOf\":{\"@id\":\"https:\/\/www.mercuredubaihotel.com\/#website\"},\"datePublished\":\"2023-02-24T16:31:57+00:00\",\"dateModified\":\"2024-07-19T13:50:14+00:00\",\"description\":\"Im 8. Stock des Hotels kannst du im 25-Meter-Au\u00dfenpool ein entspanntes Bad nehmen\",\"breadcrumb\":{\"@id\":\"https:\/\/www.mercuredubaihotel.com\/de\/freizeit\/schwimmbad-jacuzzi\/#breadcrumb\"},\"inLanguage\":\"de-DE\",\"potentialAction\":[{\"@type\":\"ReadAction\",\"target\":[\"https:\/\/www.mercuredubaihotel.com\/de\/freizeit\/schwimmbad-jacuzzi\/\"]}]},{\"@type\":\"BreadcrumbList\",\"@id\":\"https:\/\/www.mercuredubaihotel.com\/de\/freizeit\/schwimmbad-jacuzzi\/#breadcrumb\",\"itemListElement\":[{\"@type\":\"ListItem\",\"position\":1,\"name\":\"Home\",\"item\":\"https:\/\/www.mercuredubaihotel.com\/de\/\"},{\"@type\":\"ListItem\",\"position\":2,\"name\":\"Freizeit\",\"item\":\"https:\/\/www.mercuredubaihotel.com\/de\/freizeit\/\"},{\"@type\":\"ListItem\",\"position\":3,\"name\":\"Schwimmbad &amp; Jacuzzi\"}]},{\"@type\":\"WebSite\",\"@id\":\"https:\/\/www.mercuredubaihotel.com\/#website\",\"url\":\"https:\/\/www.mercuredubaihotel.com\/\",\"name\":\"Mercure Dubai Barsha Heights\",\"description\":\"\",\"potentialAction\":[{\"@type\":\"SearchAction\",\"target\":{\"@type\":\"EntryPoint\",\"urlTemplate\":\"https:\/\/www.mercuredubaihotel.com\/?s={search_term_string}\"},\"query-input\":{\"@type\":\"PropertyValueSpecification\",\"valueRequired\":true,\"valueName\":\"search_term_string\"}}],\"inLanguage\":\"de-DE\"}]}<\/script>\n<!-- \/ Yoast SEO plugin. -->","yoast_head_json":{"title":"Schwimmbad &amp; Jacuzzi - Mercure Dubai Barsha Heights -","description":"Im 8. Stock des Hotels kannst du im 25-Meter-Au\u00dfenpool ein entspanntes Bad nehmen","robots":{"index":"index","follow":"follow","max-snippet":"max-snippet:-1","max-image-preview":"max-image-preview:large","max-video-preview":"max-video-preview:-1"},"canonical":"https:\/\/www.mercuredubaihotel.com\/de\/freizeit\/schwimmbad-jacuzzi\/","og_locale":"de_DE","og_type":"article","og_title":"Schwimmbad &amp; Jacuzzi - Mercure Dubai Barsha Heights -","og_description":"Im 8. Stock des Hotels kannst du im 25-Meter-Au\u00dfenpool ein entspanntes Bad nehmen","og_url":"https:\/\/www.mercuredubaihotel.com\/de\/freizeit\/schwimmbad-jacuzzi\/","og_site_name":"Mercure Dubai Barsha Heights","article_modified_time":"2024-07-19T13:50:14+00:00","og_image":[{"width":2200,"height":1200,"url":"https:\/\/www.mercuredubaihotel.com\/wp-content\/uploads\/sites\/37\/2023\/02\/Mercure_dubai_barsha_heights_home_slide02.jpg","type":"image\/jpeg"}],"twitter_card":"summary_large_image","twitter_misc":{"Gesch\u00e4tzte Lesezeit":"1 Minute"},"schema":{"@context":"https:\/\/schema.org","@graph":[{"@type":"WebPage","@id":"https:\/\/www.mercuredubaihotel.com\/de\/freizeit\/schwimmbad-jacuzzi\/","url":"https:\/\/www.mercuredubaihotel.com\/de\/freizeit\/schwimmbad-jacuzzi\/","name":"Schwimmbad &amp; Jacuzzi - Mercure Dubai Barsha Heights -","isPartOf":{"@id":"https:\/\/www.mercuredubaihotel.com\/#website"},"datePublished":"2023-02-24T16:31:57+00:00","dateModified":"2024-07-19T13:50:14+00:00","description":"Im 8. Stock des Hotels kannst du im 25-Meter-Au\u00dfenpool ein entspanntes Bad nehmen","breadcrumb":{"@id":"https:\/\/www.mercuredubaihotel.com\/de\/freizeit\/schwimmbad-jacuzzi\/#breadcrumb"},"inLanguage":"de-DE","potentialAction":[{"@type":"ReadAction","target":["https:\/\/www.mercuredubaihotel.com\/de\/freizeit\/schwimmbad-jacuzzi\/"]}]},{"@type":"BreadcrumbList","@id":"https:\/\/www.mercuredubaihotel.com\/de\/freizeit\/schwimmbad-jacuzzi\/#breadcrumb","itemListElement":[{"@type":"ListItem","position":1,"name":"Home","item":"https:\/\/www.mercuredubaihotel.com\/de\/"},{"@type":"ListItem","position":2,"name":"Freizeit","item":"https:\/\/www.mercuredubaihotel.com\/de\/freizeit\/"},{"@type":"ListItem","position":3,"name":"Schwimmbad &amp; Jacuzzi"}]},{"@type":"WebSite","@id":"https:\/\/www.mercuredubaihotel.com\/#website","url":"https:\/\/www.mercuredubaihotel.com\/","name":"Mercure Dubai Barsha Heights","description":"","potentialAction":[{"@type":"SearchAction","target":{"@type":"EntryPoint","urlTemplate":"https:\/\/www.mercuredubaihotel.com\/?s={search_term_string}"},"query-input":{"@type":"PropertyValueSpecification","valueRequired":true,"valueName":"search_term_string"}}],"inLanguage":"de-DE"}]}},"_links":{"self":[{"href":"https:\/\/www.mercuredubaihotel.com\/de\/wp-json\/wp\/v2\/pages\/719","targetHints":{"allow":["GET"]}}],"collection":[{"href":"https:\/\/www.mercuredubaihotel.com\/de\/wp-json\/wp\/v2\/pages"}],"about":[{"href":"https:\/\/www.mercuredubaihotel.com\/de\/wp-json\/wp\/v2\/types\/page"}],"author":[{"embeddable":true,"href":"https:\/\/www.mercuredubaihotel.com\/de\/wp-json\/wp\/v2\/users\/3"}],"replies":[{"embeddable":true,"href":"https:\/\/www.mercuredubaihotel.com\/de\/wp-json\/wp\/v2\/comments?post=719"}],"version-history":[{"count":0,"href":"https:\/\/www.mercuredubaihotel.com\/de\/wp-json\/wp\/v2\/pages\/719\/revisions"}],"up":[{"embeddable":true,"href":"https:\/\/www.mercuredubaihotel.com\/de\/wp-json\/wp\/v2\/pages\/708"}],"wp:attachment":[{"href":"https:\/\/www.mercuredubaihotel.com\/de\/wp-json\/wp\/v2\/media?parent=719"}],"wp:term":[{"taxonomy":"category","embeddable":true,"href":"https:\/\/www.mercuredubaihotel.com\/de\/wp-json\/wp\/v2\/categories?post=719"}],"curies":[{"name":"wp","href":"https:\/\/api.w.org\/{rel}","templated":true}]}}