{"id":717,"date":"2023-02-24T16:14:17","date_gmt":"2023-02-24T16:14:17","guid":{"rendered":"https:\/\/www.mercuredubaihotel.com\/freizeit\/squash-court\/"},"modified":"2025-08-29T08:51:28","modified_gmt":"2025-08-29T08:51:28","slug":"squash-curt","status":"publish","type":"page","link":"https:\/\/www.mercuredubaihotel.com\/de\/freizeit\/squash-curt\/","title":{"rendered":"Bounce-Squash-Court"},"content":{"rendered":"<p>Um Stress abzubauen, kannst du eine Runde Squash auf dem Indoor-Court des Hotels spielen. Leih dir einen Schl\u00e4ger aus oder bring deinen eigenen mit. Und wenn du deine F\u00e4higkeiten auffrischen willst, kannst du ein paar Trainingseinheiten mit einem unserer Trainer buchen.<\/p>\n<p><strong>F\u00fcr Einzeltraining ohne Trainer<\/strong><\/p>\n<table style=\"height: 203px\" width=\"380\">\n<tbody>\n<tr>\n<td width=\"92\">Wochentage<\/td>\n<td width=\"106\">65 AED pro Stunde<\/td>\n<td width=\"132\">40 AED f\u00fcr eine halbe Stunde<\/td>\n<\/tr>\n<tr>\n<td>Wochenenden<\/td>\n<td>75 AED pro Stunde<\/td>\n<td>45 AED f\u00fcr eine halbe Stunde<\/td>\n<\/tr>\n<tr>\n<td>Schl\u00e4gerverleih<\/td>\n<td colspan=\"2\">40 AED pro Stunde, pro Person<\/td>\n<\/tr>\n<\/tbody>\n<\/table>\n<p><strong>F\u00fcr ein Einzeltraining mit Trainer<\/strong><\/p>\n<table style=\"height: 159px\" width=\"269\">\n<tbody>\n<tr>\n<td width=\"92\">1 Einheit<\/td>\n<td width=\"106\">AED 140<\/td>\n<\/tr>\n<tr>\n<td>5 Einheiten<\/td>\n<td>AED 620<\/td>\n<\/tr>\n<tr>\n<td width=\"92\">10 Einheiten<\/td>\n<td>AED 1,020<\/td>\n<\/tr>\n<tr>\n<td width=\"92\">20 Einheiten<\/td>\n<td>AED 2,000<\/td>\n<\/tr>\n<\/tbody>\n<\/table>\n<p><a href=\"https:\/\/www.mercuredubaihotel.com\/offers\/squash-it\/\">Klicken Sie hier, um alle Squash-Trainingsangebote zu sehen<\/a><\/p>\n","protected":false},"excerpt":{"rendered":"<p>Um Stress abzubauen, kannst du eine Runde Squash auf dem Indoor-Court des Hotels spielen. Leih dir einen Schl\u00e4ger aus oder bring deinen eigenen mit. Und wenn du deine F\u00e4higkeiten auffrischen willst, kannst du ein paar Trainingseinheiten mit einem unserer Trainer buchen. F\u00fcr Einzeltraining ohne Trainer Wochentage 65 AED pro Stunde 40 AED f\u00fcr eine halbe [&hellip;]<\/p>\n","protected":false},"author":3,"featured_media":0,"parent":708,"menu_order":15,"comment_status":"closed","ping_status":"closed","template":"template-single-spa.php","meta":{"footnotes":""},"categories":[],"class_list":["post-717","page","type-page","status-publish","hentry"],"acf":[],"yoast_head":"<!-- This site is optimized with the Yoast SEO plugin v26.9 - https:\/\/yoast.com\/product\/yoast-seo-wordpress\/ -->\n<title>Bounce-Squash-Court - Mercure Dubai Barsha Heights -<\/title>\n<meta name=\"description\" content=\"Um Stress abzubauen, kannst du eine Runde Squash auf dem Indoor-Court des Hotels spielen. Leih dir einen Schl\u00e4ger aus oder bring deinen eigenen mit\" \/>\n<meta name=\"robots\" content=\"index, follow, max-snippet:-1, max-image-preview:large, max-video-preview:-1\" \/>\n<link rel=\"canonical\" href=\"https:\/\/www.mercuredubaihotel.com\/de\/freizeit\/squash-curt\/\" \/>\n<meta property=\"og:locale\" content=\"de_DE\" \/>\n<meta property=\"og:type\" content=\"article\" \/>\n<meta property=\"og:title\" content=\"Bounce-Squash-Court - Mercure Dubai Barsha Heights -\" \/>\n<meta property=\"og:description\" content=\"Um Stress abzubauen, kannst du eine Runde Squash auf dem Indoor-Court des Hotels spielen. Leih dir einen Schl\u00e4ger aus oder bring deinen eigenen mit\" \/>\n<meta property=\"og:url\" content=\"https:\/\/www.mercuredubaihotel.com\/de\/freizeit\/squash-curt\/\" \/>\n<meta property=\"og:site_name\" content=\"Mercure Dubai Barsha Heights\" \/>\n<meta property=\"article:modified_time\" content=\"2025-08-29T08:51:28+00:00\" \/>\n<meta property=\"og:image\" content=\"https:\/\/www.mercuredubaihotel.com\/wp-content\/uploads\/sites\/37\/2023\/02\/Mercure_dubai_barsha_heights_home_slide02.jpg\" \/>\n\t<meta property=\"og:image:width\" content=\"2200\" \/>\n\t<meta property=\"og:image:height\" content=\"1200\" \/>\n\t<meta property=\"og:image:type\" content=\"image\/jpeg\" \/>\n<meta name=\"twitter:card\" content=\"summary_large_image\" \/>\n<meta name=\"twitter:label1\" content=\"Gesch\u00e4tzte Lesezeit\" \/>\n\t<meta name=\"twitter:data1\" content=\"1 Minute\" \/>\n<script type=\"application\/ld+json\" class=\"yoast-schema-graph\">{\"@context\":\"https:\/\/schema.org\",\"@graph\":[{\"@type\":\"WebPage\",\"@id\":\"https:\/\/www.mercuredubaihotel.com\/de\/freizeit\/squash-curt\/\",\"url\":\"https:\/\/www.mercuredubaihotel.com\/de\/freizeit\/squash-curt\/\",\"name\":\"Bounce-Squash-Court - Mercure Dubai Barsha Heights -\",\"isPartOf\":{\"@id\":\"https:\/\/www.mercuredubaihotel.com\/#website\"},\"datePublished\":\"2023-02-24T16:14:17+00:00\",\"dateModified\":\"2025-08-29T08:51:28+00:00\",\"description\":\"Um Stress abzubauen, kannst du eine Runde Squash auf dem Indoor-Court des Hotels spielen. Leih dir einen Schl\u00e4ger aus oder bring deinen eigenen mit\",\"breadcrumb\":{\"@id\":\"https:\/\/www.mercuredubaihotel.com\/de\/freizeit\/squash-curt\/#breadcrumb\"},\"inLanguage\":\"de-DE\",\"potentialAction\":[{\"@type\":\"ReadAction\",\"target\":[\"https:\/\/www.mercuredubaihotel.com\/de\/freizeit\/squash-curt\/\"]}]},{\"@type\":\"BreadcrumbList\",\"@id\":\"https:\/\/www.mercuredubaihotel.com\/de\/freizeit\/squash-curt\/#breadcrumb\",\"itemListElement\":[{\"@type\":\"ListItem\",\"position\":1,\"name\":\"Home\",\"item\":\"https:\/\/www.mercuredubaihotel.com\/de\/\"},{\"@type\":\"ListItem\",\"position\":2,\"name\":\"Freizeit\",\"item\":\"https:\/\/www.mercuredubaihotel.com\/de\/freizeit\/\"},{\"@type\":\"ListItem\",\"position\":3,\"name\":\"Bounce-Squash-Court\"}]},{\"@type\":\"WebSite\",\"@id\":\"https:\/\/www.mercuredubaihotel.com\/#website\",\"url\":\"https:\/\/www.mercuredubaihotel.com\/\",\"name\":\"Mercure Dubai Barsha Heights\",\"description\":\"\",\"potentialAction\":[{\"@type\":\"SearchAction\",\"target\":{\"@type\":\"EntryPoint\",\"urlTemplate\":\"https:\/\/www.mercuredubaihotel.com\/?s={search_term_string}\"},\"query-input\":{\"@type\":\"PropertyValueSpecification\",\"valueRequired\":true,\"valueName\":\"search_term_string\"}}],\"inLanguage\":\"de-DE\"}]}<\/script>\n<!-- \/ Yoast SEO plugin. -->","yoast_head_json":{"title":"Bounce-Squash-Court - Mercure Dubai Barsha Heights -","description":"Um Stress abzubauen, kannst du eine Runde Squash auf dem Indoor-Court des Hotels spielen. Leih dir einen Schl\u00e4ger aus oder bring deinen eigenen mit","robots":{"index":"index","follow":"follow","max-snippet":"max-snippet:-1","max-image-preview":"max-image-preview:large","max-video-preview":"max-video-preview:-1"},"canonical":"https:\/\/www.mercuredubaihotel.com\/de\/freizeit\/squash-curt\/","og_locale":"de_DE","og_type":"article","og_title":"Bounce-Squash-Court - Mercure Dubai Barsha Heights -","og_description":"Um Stress abzubauen, kannst du eine Runde Squash auf dem Indoor-Court des Hotels spielen. Leih dir einen Schl\u00e4ger aus oder bring deinen eigenen mit","og_url":"https:\/\/www.mercuredubaihotel.com\/de\/freizeit\/squash-curt\/","og_site_name":"Mercure Dubai Barsha Heights","article_modified_time":"2025-08-29T08:51:28+00:00","og_image":[{"width":2200,"height":1200,"url":"https:\/\/www.mercuredubaihotel.com\/wp-content\/uploads\/sites\/37\/2023\/02\/Mercure_dubai_barsha_heights_home_slide02.jpg","type":"image\/jpeg"}],"twitter_card":"summary_large_image","twitter_misc":{"Gesch\u00e4tzte Lesezeit":"1 Minute"},"schema":{"@context":"https:\/\/schema.org","@graph":[{"@type":"WebPage","@id":"https:\/\/www.mercuredubaihotel.com\/de\/freizeit\/squash-curt\/","url":"https:\/\/www.mercuredubaihotel.com\/de\/freizeit\/squash-curt\/","name":"Bounce-Squash-Court - Mercure Dubai Barsha Heights -","isPartOf":{"@id":"https:\/\/www.mercuredubaihotel.com\/#website"},"datePublished":"2023-02-24T16:14:17+00:00","dateModified":"2025-08-29T08:51:28+00:00","description":"Um Stress abzubauen, kannst du eine Runde Squash auf dem Indoor-Court des Hotels spielen. Leih dir einen Schl\u00e4ger aus oder bring deinen eigenen mit","breadcrumb":{"@id":"https:\/\/www.mercuredubaihotel.com\/de\/freizeit\/squash-curt\/#breadcrumb"},"inLanguage":"de-DE","potentialAction":[{"@type":"ReadAction","target":["https:\/\/www.mercuredubaihotel.com\/de\/freizeit\/squash-curt\/"]}]},{"@type":"BreadcrumbList","@id":"https:\/\/www.mercuredubaihotel.com\/de\/freizeit\/squash-curt\/#breadcrumb","itemListElement":[{"@type":"ListItem","position":1,"name":"Home","item":"https:\/\/www.mercuredubaihotel.com\/de\/"},{"@type":"ListItem","position":2,"name":"Freizeit","item":"https:\/\/www.mercuredubaihotel.com\/de\/freizeit\/"},{"@type":"ListItem","position":3,"name":"Bounce-Squash-Court"}]},{"@type":"WebSite","@id":"https:\/\/www.mercuredubaihotel.com\/#website","url":"https:\/\/www.mercuredubaihotel.com\/","name":"Mercure Dubai Barsha Heights","description":"","potentialAction":[{"@type":"SearchAction","target":{"@type":"EntryPoint","urlTemplate":"https:\/\/www.mercuredubaihotel.com\/?s={search_term_string}"},"query-input":{"@type":"PropertyValueSpecification","valueRequired":true,"valueName":"search_term_string"}}],"inLanguage":"de-DE"}]}},"_links":{"self":[{"href":"https:\/\/www.mercuredubaihotel.com\/de\/wp-json\/wp\/v2\/pages\/717","targetHints":{"allow":["GET"]}}],"collection":[{"href":"https:\/\/www.mercuredubaihotel.com\/de\/wp-json\/wp\/v2\/pages"}],"about":[{"href":"https:\/\/www.mercuredubaihotel.com\/de\/wp-json\/wp\/v2\/types\/page"}],"author":[{"embeddable":true,"href":"https:\/\/www.mercuredubaihotel.com\/de\/wp-json\/wp\/v2\/users\/3"}],"replies":[{"embeddable":true,"href":"https:\/\/www.mercuredubaihotel.com\/de\/wp-json\/wp\/v2\/comments?post=717"}],"version-history":[{"count":0,"href":"https:\/\/www.mercuredubaihotel.com\/de\/wp-json\/wp\/v2\/pages\/717\/revisions"}],"up":[{"embeddable":true,"href":"https:\/\/www.mercuredubaihotel.com\/de\/wp-json\/wp\/v2\/pages\/708"}],"wp:attachment":[{"href":"https:\/\/www.mercuredubaihotel.com\/de\/wp-json\/wp\/v2\/media?parent=717"}],"wp:term":[{"taxonomy":"category","embeddable":true,"href":"https:\/\/www.mercuredubaihotel.com\/de\/wp-json\/wp\/v2\/categories?post=717"}],"curies":[{"name":"wp","href":"https:\/\/api.w.org\/{rel}","templated":true}]}}