{"id":712,"date":"2023-02-24T14:49:11","date_gmt":"2023-02-24T14:49:11","guid":{"rendered":"https:\/\/www.mercuredubaihotel.com\/freizeit\/muscle-bound-gym\/yoga-group-class\/"},"modified":"2023-05-30T16:19:06","modified_gmt":"2023-05-30T16:19:06","slug":"yoga-gruppenkurs","status":"publish","type":"page","link":"https:\/\/www.mercuredubaihotel.com\/de\/freizeit\/muscle-bound-gym\/yoga-gruppenkurs\/","title":{"rendered":"YOGA-GRUPPENKURS"},"content":{"rendered":"<p>Tritt uns bei und erlebe eine energetisierende und verj\u00fcngende Yogastunde, in der du dich zentriert und erfrischt f\u00fchlen wirst. Unsere erfahrenen Yogalehrer leiten dich durch eine Reihe von Stellungen und Atem\u00fcbungen, um deine Beweglichkeit, deine Kraft und dein allgemeines Wohlbefinden zu verbessern.<\/p>\n<ul>\n<li>Jeden Dienstag und Donnerstag<\/li>\n<li>Beginn: 18.30 Uhr<\/li>\n<li>AED 500 pro Monat f\u00fcr Erwachsene<\/li>\n<li>400 AED pro Monat f\u00fcr Kinder<\/li>\n<\/ul>\n<p>JETZT ANMELDEN<\/p>\n<p><a href=\"https:\/\/api.whatsapp.com\/send\/?phone=971502838985&amp;text&amp;type=phone_number&amp;app_absent=0\">WhatsApp Us<\/a><\/p>\n","protected":false},"excerpt":{"rendered":"<p>Tritt uns bei und erlebe eine energetisierende und verj\u00fcngende Yogastunde, in der du dich zentriert und erfrischt f\u00fchlen wirst. Unsere erfahrenen Yogalehrer leiten dich durch eine Reihe von Stellungen und Atem\u00fcbungen, um deine Beweglichkeit, deine Kraft und dein allgemeines Wohlbefinden zu verbessern. Jeden Dienstag und Donnerstag Beginn: 18.30 Uhr AED 500 pro Monat f\u00fcr Erwachsene [&hellip;]<\/p>\n","protected":false},"author":3,"featured_media":0,"parent":710,"menu_order":10,"comment_status":"closed","ping_status":"closed","template":"","meta":{"footnotes":""},"categories":[],"class_list":["post-712","page","type-page","status-publish","hentry"],"acf":[],"yoast_head":"<!-- This site is optimized with the Yoast SEO plugin v26.9 - https:\/\/yoast.com\/product\/yoast-seo-wordpress\/ -->\n<title>YOGA-GRUPPENKURS - Mercure Dubai Barsha Heights -<\/title>\n<meta name=\"description\" content=\"Tritt uns bei und erlebe eine energetisierende und verj\u00fcngende Yogastunde, in der du dich zentriert und erfrischt f\u00fchlen wirst. Unsere erfahrenen Yogalehrer leiten dich durch eine Reihe von Stellungen und Atem\u00fcbungen, um deine Beweglichkeit, deine Kraft und dein allgemeines Wohlbefinden zu verbessern.   Jeden Dienstag und Donnerstag  Beginn: 18.30 Uhr  AED 500 pro Monat f\u00fcr Erwachsene  400 AED pro Monat f\u00fcr Kinder  JETZT ANMELDEN  WhatsApp Us\" \/>\n<meta name=\"robots\" content=\"index, follow, max-snippet:-1, max-image-preview:large, max-video-preview:-1\" \/>\n<link rel=\"canonical\" href=\"https:\/\/www.mercuredubaihotel.com\/de\/freizeit\/muscle-bound-gym\/yoga-gruppenkurs\/\" \/>\n<meta property=\"og:locale\" content=\"de_DE\" \/>\n<meta property=\"og:type\" content=\"article\" \/>\n<meta property=\"og:title\" content=\"YOGA-GRUPPENKURS - Mercure Dubai Barsha Heights -\" \/>\n<meta property=\"og:description\" content=\"Tritt uns bei und erlebe eine energetisierende und verj\u00fcngende Yogastunde, in der du dich zentriert und erfrischt f\u00fchlen wirst. Unsere erfahrenen Yogalehrer leiten dich durch eine Reihe von Stellungen und Atem\u00fcbungen, um deine Beweglichkeit, deine Kraft und dein allgemeines Wohlbefinden zu verbessern.   Jeden Dienstag und Donnerstag  Beginn: 18.30 Uhr  AED 500 pro Monat f\u00fcr Erwachsene  400 AED pro Monat f\u00fcr Kinder  JETZT ANMELDEN  WhatsApp Us\" \/>\n<meta property=\"og:url\" content=\"https:\/\/www.mercuredubaihotel.com\/de\/freizeit\/muscle-bound-gym\/yoga-gruppenkurs\/\" \/>\n<meta property=\"og:site_name\" content=\"Mercure Dubai Barsha Heights\" \/>\n<meta property=\"article:modified_time\" content=\"2023-05-30T16:19:06+00:00\" \/>\n<meta property=\"og:image\" content=\"https:\/\/www.mercuredubaihotel.com\/wp-content\/uploads\/sites\/37\/2023\/02\/Mercure_dubai_barsha_heights_home_slide02.jpg\" \/>\n\t<meta property=\"og:image:width\" content=\"2200\" \/>\n\t<meta property=\"og:image:height\" content=\"1200\" \/>\n\t<meta property=\"og:image:type\" content=\"image\/jpeg\" \/>\n<meta name=\"twitter:card\" content=\"summary_large_image\" \/>\n<meta name=\"twitter:label1\" content=\"Gesch\u00e4tzte Lesezeit\" \/>\n\t<meta name=\"twitter:data1\" content=\"1 Minute\" \/>\n<script type=\"application\/ld+json\" class=\"yoast-schema-graph\">{\"@context\":\"https:\/\/schema.org\",\"@graph\":[{\"@type\":\"WebPage\",\"@id\":\"https:\/\/www.mercuredubaihotel.com\/de\/freizeit\/muscle-bound-gym\/yoga-gruppenkurs\/\",\"url\":\"https:\/\/www.mercuredubaihotel.com\/de\/freizeit\/muscle-bound-gym\/yoga-gruppenkurs\/\",\"name\":\"YOGA-GRUPPENKURS - Mercure Dubai Barsha Heights -\",\"isPartOf\":{\"@id\":\"https:\/\/www.mercuredubaihotel.com\/#website\"},\"datePublished\":\"2023-02-24T14:49:11+00:00\",\"dateModified\":\"2023-05-30T16:19:06+00:00\",\"description\":\"Tritt uns bei und erlebe eine energetisierende und verj\u00fcngende Yogastunde, in der du dich zentriert und erfrischt f\u00fchlen wirst. Unsere erfahrenen Yogalehrer leiten dich durch eine Reihe von Stellungen und Atem\u00fcbungen, um deine Beweglichkeit, deine Kraft und dein allgemeines Wohlbefinden zu verbessern. \u2022 Jeden Dienstag und Donnerstag \u2022 Beginn: 18.30 Uhr \u2022 AED 500 pro Monat f\u00fcr Erwachsene \u2022 400 AED pro Monat f\u00fcr Kinder JETZT ANMELDEN WhatsApp Us\",\"breadcrumb\":{\"@id\":\"https:\/\/www.mercuredubaihotel.com\/de\/freizeit\/muscle-bound-gym\/yoga-gruppenkurs\/#breadcrumb\"},\"inLanguage\":\"de-DE\",\"potentialAction\":[{\"@type\":\"ReadAction\",\"target\":[\"https:\/\/www.mercuredubaihotel.com\/de\/freizeit\/muscle-bound-gym\/yoga-gruppenkurs\/\"]}]},{\"@type\":\"BreadcrumbList\",\"@id\":\"https:\/\/www.mercuredubaihotel.com\/de\/freizeit\/muscle-bound-gym\/yoga-gruppenkurs\/#breadcrumb\",\"itemListElement\":[{\"@type\":\"ListItem\",\"position\":1,\"name\":\"Home\",\"item\":\"https:\/\/www.mercuredubaihotel.com\/de\/\"},{\"@type\":\"ListItem\",\"position\":2,\"name\":\"Freizeit\",\"item\":\"https:\/\/www.mercuredubaihotel.com\/de\/freizeit\/\"},{\"@type\":\"ListItem\",\"position\":3,\"name\":\"Muscle Bound Gym\",\"item\":\"https:\/\/www.mercuredubaihotel.com\/de\/freizeit\/muscle-bound-gym\/\"},{\"@type\":\"ListItem\",\"position\":4,\"name\":\"YOGA-GRUPPENKURS\"}]},{\"@type\":\"WebSite\",\"@id\":\"https:\/\/www.mercuredubaihotel.com\/#website\",\"url\":\"https:\/\/www.mercuredubaihotel.com\/\",\"name\":\"Mercure Dubai Barsha Heights\",\"description\":\"\",\"potentialAction\":[{\"@type\":\"SearchAction\",\"target\":{\"@type\":\"EntryPoint\",\"urlTemplate\":\"https:\/\/www.mercuredubaihotel.com\/?s={search_term_string}\"},\"query-input\":{\"@type\":\"PropertyValueSpecification\",\"valueRequired\":true,\"valueName\":\"search_term_string\"}}],\"inLanguage\":\"de-DE\"}]}<\/script>\n<!-- \/ Yoast SEO plugin. -->","yoast_head_json":{"title":"YOGA-GRUPPENKURS - Mercure Dubai Barsha Heights -","description":"Tritt uns bei und erlebe eine energetisierende und verj\u00fcngende Yogastunde, in der du dich zentriert und erfrischt f\u00fchlen wirst. Unsere erfahrenen Yogalehrer leiten dich durch eine Reihe von Stellungen und Atem\u00fcbungen, um deine Beweglichkeit, deine Kraft und dein allgemeines Wohlbefinden zu verbessern.   Jeden Dienstag und Donnerstag  Beginn: 18.30 Uhr  AED 500 pro Monat f\u00fcr Erwachsene  400 AED pro Monat f\u00fcr Kinder  JETZT ANMELDEN  WhatsApp Us","robots":{"index":"index","follow":"follow","max-snippet":"max-snippet:-1","max-image-preview":"max-image-preview:large","max-video-preview":"max-video-preview:-1"},"canonical":"https:\/\/www.mercuredubaihotel.com\/de\/freizeit\/muscle-bound-gym\/yoga-gruppenkurs\/","og_locale":"de_DE","og_type":"article","og_title":"YOGA-GRUPPENKURS - Mercure Dubai Barsha Heights -","og_description":"Tritt uns bei und erlebe eine energetisierende und verj\u00fcngende Yogastunde, in der du dich zentriert und erfrischt f\u00fchlen wirst. Unsere erfahrenen Yogalehrer leiten dich durch eine Reihe von Stellungen und Atem\u00fcbungen, um deine Beweglichkeit, deine Kraft und dein allgemeines Wohlbefinden zu verbessern.   Jeden Dienstag und Donnerstag  Beginn: 18.30 Uhr  AED 500 pro Monat f\u00fcr Erwachsene  400 AED pro Monat f\u00fcr Kinder  JETZT ANMELDEN  WhatsApp Us","og_url":"https:\/\/www.mercuredubaihotel.com\/de\/freizeit\/muscle-bound-gym\/yoga-gruppenkurs\/","og_site_name":"Mercure Dubai Barsha Heights","article_modified_time":"2023-05-30T16:19:06+00:00","og_image":[{"width":2200,"height":1200,"url":"https:\/\/www.mercuredubaihotel.com\/wp-content\/uploads\/sites\/37\/2023\/02\/Mercure_dubai_barsha_heights_home_slide02.jpg","type":"image\/jpeg"}],"twitter_card":"summary_large_image","twitter_misc":{"Gesch\u00e4tzte Lesezeit":"1 Minute"},"schema":{"@context":"https:\/\/schema.org","@graph":[{"@type":"WebPage","@id":"https:\/\/www.mercuredubaihotel.com\/de\/freizeit\/muscle-bound-gym\/yoga-gruppenkurs\/","url":"https:\/\/www.mercuredubaihotel.com\/de\/freizeit\/muscle-bound-gym\/yoga-gruppenkurs\/","name":"YOGA-GRUPPENKURS - Mercure Dubai Barsha Heights -","isPartOf":{"@id":"https:\/\/www.mercuredubaihotel.com\/#website"},"datePublished":"2023-02-24T14:49:11+00:00","dateModified":"2023-05-30T16:19:06+00:00","description":"Tritt uns bei und erlebe eine energetisierende und verj\u00fcngende Yogastunde, in der du dich zentriert und erfrischt f\u00fchlen wirst. Unsere erfahrenen Yogalehrer leiten dich durch eine Reihe von Stellungen und Atem\u00fcbungen, um deine Beweglichkeit, deine Kraft und dein allgemeines Wohlbefinden zu verbessern. \u2022 Jeden Dienstag und Donnerstag \u2022 Beginn: 18.30 Uhr \u2022 AED 500 pro Monat f\u00fcr Erwachsene \u2022 400 AED pro Monat f\u00fcr Kinder JETZT ANMELDEN WhatsApp Us","breadcrumb":{"@id":"https:\/\/www.mercuredubaihotel.com\/de\/freizeit\/muscle-bound-gym\/yoga-gruppenkurs\/#breadcrumb"},"inLanguage":"de-DE","potentialAction":[{"@type":"ReadAction","target":["https:\/\/www.mercuredubaihotel.com\/de\/freizeit\/muscle-bound-gym\/yoga-gruppenkurs\/"]}]},{"@type":"BreadcrumbList","@id":"https:\/\/www.mercuredubaihotel.com\/de\/freizeit\/muscle-bound-gym\/yoga-gruppenkurs\/#breadcrumb","itemListElement":[{"@type":"ListItem","position":1,"name":"Home","item":"https:\/\/www.mercuredubaihotel.com\/de\/"},{"@type":"ListItem","position":2,"name":"Freizeit","item":"https:\/\/www.mercuredubaihotel.com\/de\/freizeit\/"},{"@type":"ListItem","position":3,"name":"Muscle Bound Gym","item":"https:\/\/www.mercuredubaihotel.com\/de\/freizeit\/muscle-bound-gym\/"},{"@type":"ListItem","position":4,"name":"YOGA-GRUPPENKURS"}]},{"@type":"WebSite","@id":"https:\/\/www.mercuredubaihotel.com\/#website","url":"https:\/\/www.mercuredubaihotel.com\/","name":"Mercure Dubai Barsha Heights","description":"","potentialAction":[{"@type":"SearchAction","target":{"@type":"EntryPoint","urlTemplate":"https:\/\/www.mercuredubaihotel.com\/?s={search_term_string}"},"query-input":{"@type":"PropertyValueSpecification","valueRequired":true,"valueName":"search_term_string"}}],"inLanguage":"de-DE"}]}},"_links":{"self":[{"href":"https:\/\/www.mercuredubaihotel.com\/de\/wp-json\/wp\/v2\/pages\/712","targetHints":{"allow":["GET"]}}],"collection":[{"href":"https:\/\/www.mercuredubaihotel.com\/de\/wp-json\/wp\/v2\/pages"}],"about":[{"href":"https:\/\/www.mercuredubaihotel.com\/de\/wp-json\/wp\/v2\/types\/page"}],"author":[{"embeddable":true,"href":"https:\/\/www.mercuredubaihotel.com\/de\/wp-json\/wp\/v2\/users\/3"}],"replies":[{"embeddable":true,"href":"https:\/\/www.mercuredubaihotel.com\/de\/wp-json\/wp\/v2\/comments?post=712"}],"version-history":[{"count":0,"href":"https:\/\/www.mercuredubaihotel.com\/de\/wp-json\/wp\/v2\/pages\/712\/revisions"}],"up":[{"embeddable":true,"href":"https:\/\/www.mercuredubaihotel.com\/de\/wp-json\/wp\/v2\/pages\/710"}],"wp:attachment":[{"href":"https:\/\/www.mercuredubaihotel.com\/de\/wp-json\/wp\/v2\/media?parent=712"}],"wp:term":[{"taxonomy":"category","embeddable":true,"href":"https:\/\/www.mercuredubaihotel.com\/de\/wp-json\/wp\/v2\/categories?post=712"}],"curies":[{"name":"wp","href":"https:\/\/api.w.org\/{rel}","templated":true}]}}