{"id":710,"date":"2023-02-24T14:00:05","date_gmt":"2023-02-24T14:00:05","guid":{"rendered":"https:\/\/www.mercuredubaihotel.com\/freizeit\/muscle-bound-gym\/"},"modified":"2023-05-30T16:01:58","modified_gmt":"2023-05-30T16:01:58","slug":"muscle-bound-gym","status":"publish","type":"page","link":"https:\/\/www.mercuredubaihotel.com\/de\/freizeit\/muscle-bound-gym\/","title":{"rendered":"Muscle Bound Gym"},"content":{"rendered":"<p>Das Muscle Bound Gym im 8. Stock mit gro\u00dfen Fenstern, die viel nat\u00fcrliches Licht hereinlassen, ist ein gro\u00dfartiger Ort, an dem du ins Schwitzen kommst und jeden Teil deines K\u00f6rpers trainieren kannst. Ausgestattet mit den neuesten TechnoGym-Ger\u00e4ten kannst du dich w\u00e4hrend deines Aufenthalts fit halten und dich wohlf\u00fchlen.<\/p>\n","protected":false},"excerpt":{"rendered":"<p>Das Muscle Bound Gym im 8. Stock mit gro\u00dfen Fenstern, die viel nat\u00fcrliches Licht hereinlassen, ist ein gro\u00dfartiger Ort, an dem du ins Schwitzen kommst und jeden Teil deines K\u00f6rpers trainieren kannst. Ausgestattet mit den neuesten TechnoGym-Ger\u00e4ten kannst du dich w\u00e4hrend deines Aufenthalts fit halten und dich wohlf\u00fchlen.<\/p>\n","protected":false},"author":3,"featured_media":0,"parent":708,"menu_order":5,"comment_status":"closed","ping_status":"closed","template":"template-single-spa.php","meta":{"footnotes":""},"categories":[],"class_list":["post-710","page","type-page","status-publish","hentry"],"acf":[],"yoast_head":"<!-- This site is optimized with the Yoast SEO plugin v26.9 - https:\/\/yoast.com\/product\/yoast-seo-wordpress\/ -->\n<title>Muscle Bound Gym - Mercure Dubai Barsha Heights -<\/title>\n<meta name=\"description\" content=\"Das Muscle Bound Gym im 8. Stock mit gro\u00dfen Fenstern, die viel nat\u00fcrliches Licht hereinlassen, ist ein gro\u00dfartiger Ort, an dem du ins Schwitzen kommst und jeden Teil deines K\u00f6rpers trainieren kannst\" \/>\n<meta name=\"robots\" content=\"index, follow, max-snippet:-1, max-image-preview:large, max-video-preview:-1\" \/>\n<link rel=\"canonical\" href=\"https:\/\/www.mercuredubaihotel.com\/de\/freizeit\/muscle-bound-gym\/\" \/>\n<meta property=\"og:locale\" content=\"de_DE\" \/>\n<meta property=\"og:type\" content=\"article\" \/>\n<meta property=\"og:title\" content=\"Muscle Bound Gym - Mercure Dubai Barsha Heights -\" \/>\n<meta property=\"og:description\" content=\"Das Muscle Bound Gym im 8. Stock mit gro\u00dfen Fenstern, die viel nat\u00fcrliches Licht hereinlassen, ist ein gro\u00dfartiger Ort, an dem du ins Schwitzen kommst und jeden Teil deines K\u00f6rpers trainieren kannst\" \/>\n<meta property=\"og:url\" content=\"https:\/\/www.mercuredubaihotel.com\/de\/freizeit\/muscle-bound-gym\/\" \/>\n<meta property=\"og:site_name\" content=\"Mercure Dubai Barsha Heights\" \/>\n<meta property=\"article:modified_time\" content=\"2023-05-30T16:01:58+00:00\" \/>\n<meta property=\"og:image\" content=\"https:\/\/www.mercuredubaihotel.com\/wp-content\/uploads\/sites\/37\/2023\/02\/Mercure_dubai_barsha_heights_home_slide02.jpg\" \/>\n\t<meta property=\"og:image:width\" content=\"2200\" \/>\n\t<meta property=\"og:image:height\" content=\"1200\" \/>\n\t<meta property=\"og:image:type\" content=\"image\/jpeg\" \/>\n<meta name=\"twitter:card\" content=\"summary_large_image\" \/>\n<meta name=\"twitter:label1\" content=\"Gesch\u00e4tzte Lesezeit\" \/>\n\t<meta name=\"twitter:data1\" content=\"1 Minute\" \/>\n<script type=\"application\/ld+json\" class=\"yoast-schema-graph\">{\"@context\":\"https:\/\/schema.org\",\"@graph\":[{\"@type\":\"WebPage\",\"@id\":\"https:\/\/www.mercuredubaihotel.com\/de\/freizeit\/muscle-bound-gym\/\",\"url\":\"https:\/\/www.mercuredubaihotel.com\/de\/freizeit\/muscle-bound-gym\/\",\"name\":\"Muscle Bound Gym - Mercure Dubai Barsha Heights -\",\"isPartOf\":{\"@id\":\"https:\/\/www.mercuredubaihotel.com\/#website\"},\"datePublished\":\"2023-02-24T14:00:05+00:00\",\"dateModified\":\"2023-05-30T16:01:58+00:00\",\"description\":\"Das Muscle Bound Gym im 8. Stock mit gro\u00dfen Fenstern, die viel nat\u00fcrliches Licht hereinlassen, ist ein gro\u00dfartiger Ort, an dem du ins Schwitzen kommst und jeden Teil deines K\u00f6rpers trainieren kannst\",\"breadcrumb\":{\"@id\":\"https:\/\/www.mercuredubaihotel.com\/de\/freizeit\/muscle-bound-gym\/#breadcrumb\"},\"inLanguage\":\"de-DE\",\"potentialAction\":[{\"@type\":\"ReadAction\",\"target\":[\"https:\/\/www.mercuredubaihotel.com\/de\/freizeit\/muscle-bound-gym\/\"]}]},{\"@type\":\"BreadcrumbList\",\"@id\":\"https:\/\/www.mercuredubaihotel.com\/de\/freizeit\/muscle-bound-gym\/#breadcrumb\",\"itemListElement\":[{\"@type\":\"ListItem\",\"position\":1,\"name\":\"Home\",\"item\":\"https:\/\/www.mercuredubaihotel.com\/de\/\"},{\"@type\":\"ListItem\",\"position\":2,\"name\":\"Freizeit\",\"item\":\"https:\/\/www.mercuredubaihotel.com\/de\/freizeit\/\"},{\"@type\":\"ListItem\",\"position\":3,\"name\":\"Muscle Bound Gym\"}]},{\"@type\":\"WebSite\",\"@id\":\"https:\/\/www.mercuredubaihotel.com\/#website\",\"url\":\"https:\/\/www.mercuredubaihotel.com\/\",\"name\":\"Mercure Dubai Barsha Heights\",\"description\":\"\",\"potentialAction\":[{\"@type\":\"SearchAction\",\"target\":{\"@type\":\"EntryPoint\",\"urlTemplate\":\"https:\/\/www.mercuredubaihotel.com\/?s={search_term_string}\"},\"query-input\":{\"@type\":\"PropertyValueSpecification\",\"valueRequired\":true,\"valueName\":\"search_term_string\"}}],\"inLanguage\":\"de-DE\"}]}<\/script>\n<!-- \/ Yoast SEO plugin. -->","yoast_head_json":{"title":"Muscle Bound Gym - Mercure Dubai Barsha Heights -","description":"Das Muscle Bound Gym im 8. Stock mit gro\u00dfen Fenstern, die viel nat\u00fcrliches Licht hereinlassen, ist ein gro\u00dfartiger Ort, an dem du ins Schwitzen kommst und jeden Teil deines K\u00f6rpers trainieren kannst","robots":{"index":"index","follow":"follow","max-snippet":"max-snippet:-1","max-image-preview":"max-image-preview:large","max-video-preview":"max-video-preview:-1"},"canonical":"https:\/\/www.mercuredubaihotel.com\/de\/freizeit\/muscle-bound-gym\/","og_locale":"de_DE","og_type":"article","og_title":"Muscle Bound Gym - Mercure Dubai Barsha Heights -","og_description":"Das Muscle Bound Gym im 8. Stock mit gro\u00dfen Fenstern, die viel nat\u00fcrliches Licht hereinlassen, ist ein gro\u00dfartiger Ort, an dem du ins Schwitzen kommst und jeden Teil deines K\u00f6rpers trainieren kannst","og_url":"https:\/\/www.mercuredubaihotel.com\/de\/freizeit\/muscle-bound-gym\/","og_site_name":"Mercure Dubai Barsha Heights","article_modified_time":"2023-05-30T16:01:58+00:00","og_image":[{"width":2200,"height":1200,"url":"https:\/\/www.mercuredubaihotel.com\/wp-content\/uploads\/sites\/37\/2023\/02\/Mercure_dubai_barsha_heights_home_slide02.jpg","type":"image\/jpeg"}],"twitter_card":"summary_large_image","twitter_misc":{"Gesch\u00e4tzte Lesezeit":"1 Minute"},"schema":{"@context":"https:\/\/schema.org","@graph":[{"@type":"WebPage","@id":"https:\/\/www.mercuredubaihotel.com\/de\/freizeit\/muscle-bound-gym\/","url":"https:\/\/www.mercuredubaihotel.com\/de\/freizeit\/muscle-bound-gym\/","name":"Muscle Bound Gym - Mercure Dubai Barsha Heights -","isPartOf":{"@id":"https:\/\/www.mercuredubaihotel.com\/#website"},"datePublished":"2023-02-24T14:00:05+00:00","dateModified":"2023-05-30T16:01:58+00:00","description":"Das Muscle Bound Gym im 8. Stock mit gro\u00dfen Fenstern, die viel nat\u00fcrliches Licht hereinlassen, ist ein gro\u00dfartiger Ort, an dem du ins Schwitzen kommst und jeden Teil deines K\u00f6rpers trainieren kannst","breadcrumb":{"@id":"https:\/\/www.mercuredubaihotel.com\/de\/freizeit\/muscle-bound-gym\/#breadcrumb"},"inLanguage":"de-DE","potentialAction":[{"@type":"ReadAction","target":["https:\/\/www.mercuredubaihotel.com\/de\/freizeit\/muscle-bound-gym\/"]}]},{"@type":"BreadcrumbList","@id":"https:\/\/www.mercuredubaihotel.com\/de\/freizeit\/muscle-bound-gym\/#breadcrumb","itemListElement":[{"@type":"ListItem","position":1,"name":"Home","item":"https:\/\/www.mercuredubaihotel.com\/de\/"},{"@type":"ListItem","position":2,"name":"Freizeit","item":"https:\/\/www.mercuredubaihotel.com\/de\/freizeit\/"},{"@type":"ListItem","position":3,"name":"Muscle Bound Gym"}]},{"@type":"WebSite","@id":"https:\/\/www.mercuredubaihotel.com\/#website","url":"https:\/\/www.mercuredubaihotel.com\/","name":"Mercure Dubai Barsha Heights","description":"","potentialAction":[{"@type":"SearchAction","target":{"@type":"EntryPoint","urlTemplate":"https:\/\/www.mercuredubaihotel.com\/?s={search_term_string}"},"query-input":{"@type":"PropertyValueSpecification","valueRequired":true,"valueName":"search_term_string"}}],"inLanguage":"de-DE"}]}},"_links":{"self":[{"href":"https:\/\/www.mercuredubaihotel.com\/de\/wp-json\/wp\/v2\/pages\/710","targetHints":{"allow":["GET"]}}],"collection":[{"href":"https:\/\/www.mercuredubaihotel.com\/de\/wp-json\/wp\/v2\/pages"}],"about":[{"href":"https:\/\/www.mercuredubaihotel.com\/de\/wp-json\/wp\/v2\/types\/page"}],"author":[{"embeddable":true,"href":"https:\/\/www.mercuredubaihotel.com\/de\/wp-json\/wp\/v2\/users\/3"}],"replies":[{"embeddable":true,"href":"https:\/\/www.mercuredubaihotel.com\/de\/wp-json\/wp\/v2\/comments?post=710"}],"version-history":[{"count":0,"href":"https:\/\/www.mercuredubaihotel.com\/de\/wp-json\/wp\/v2\/pages\/710\/revisions"}],"up":[{"embeddable":true,"href":"https:\/\/www.mercuredubaihotel.com\/de\/wp-json\/wp\/v2\/pages\/708"}],"wp:attachment":[{"href":"https:\/\/www.mercuredubaihotel.com\/de\/wp-json\/wp\/v2\/media?parent=710"}],"wp:term":[{"taxonomy":"category","embeddable":true,"href":"https:\/\/www.mercuredubaihotel.com\/de\/wp-json\/wp\/v2\/categories?post=710"}],"curies":[{"name":"wp","href":"https:\/\/api.w.org\/{rel}","templated":true}]}}