{"id":646,"date":"2023-02-24T09:18:29","date_gmt":"2023-02-24T09:18:29","guid":{"rendered":"https:\/\/www.mercuredubaihotel.com\/restaurants-bars\/code-8-mixolounge\/"},"modified":"2024-08-12T10:17:00","modified_gmt":"2024-08-12T10:17:00","slug":"ashoka-mixolounge","status":"publish","type":"page","link":"https:\/\/www.mercuredubaihotel.com\/de\/restaurants-bars\/ashoka-mixolounge\/","title":{"rendered":"Ashoka Mixolounge"},"content":{"rendered":"<p>Im Herzen von Al Barsha gelegen, mit einer Terrasse mit Blick auf die glitzernde Sheikh Zayed Road, ist diese 1.200 Quadratmeter gro\u00dfe Oase ein cooles Mixolounge-Konzept, das positive und einladende Stimmung ausstrahlt. Die Speisekarte ist von der internationalen K\u00fcche inspiriert und verf\u00fcgt \u00fcber eine eigene VIP-Lounge, ein Mixolounge-Labor und eine Instagram-geeignete Au\u00dfenterrasse, die deinen Social Feed mit Sicherheit befeuern wird.<\/p>\n","protected":false},"excerpt":{"rendered":"<p>Im Herzen von Al Barsha gelegen, mit einer Terrasse mit Blick auf die glitzernde Sheikh Zayed Road, ist diese 1.200 Quadratmeter gro\u00dfe Oase ein cooles Mixolounge-Konzept, das positive und einladende Stimmung ausstrahlt. Die Speisekarte ist von der internationalen K\u00fcche inspiriert und verf\u00fcgt \u00fcber eine eigene VIP-Lounge, ein Mixolounge-Labor und eine Instagram-geeignete Au\u00dfenterrasse, die deinen Social [&hellip;]<\/p>\n","protected":false},"author":3,"featured_media":0,"parent":638,"menu_order":4,"comment_status":"closed","ping_status":"closed","template":"template-restaurant.php","meta":{"footnotes":""},"categories":[33],"class_list":["post-646","page","type-page","status-publish","hentry","category-restaurants-de"],"acf":[],"yoast_head":"<!-- This site is optimized with the Yoast SEO plugin v26.9 - https:\/\/yoast.com\/product\/yoast-seo-wordpress\/ -->\n<title>Ashoka Mixolounge - Mercure Dubai Barsha Heights -<\/title>\n<meta name=\"description\" content=\"Im Herzen von Al Barsha gelegen, mit einer Terrasse mit Blick auf die glitzernde Sheikh Zayed Road, ist diese 1.200 Quadratmeter gro\u00dfe Oase ein cooles Mixolounge-Konzept, das positive und einladende Stimmung ausstrahlt. Die Speisekarte ist von der internationalen K\u00fcche inspiriert und verf\u00fcgt \u00fcber eine eigene VIP-Lounge, ein Mixolounge-Labor und eine Instagram-geeignete Au\u00dfenterrasse, die deinen Social Feed mit Sicherheit befeuern wird.\" \/>\n<meta name=\"robots\" content=\"index, follow, max-snippet:-1, max-image-preview:large, max-video-preview:-1\" \/>\n<link rel=\"canonical\" href=\"https:\/\/www.mercuredubaihotel.com\/de\/restaurants-bars\/ashoka-mixolounge\/\" \/>\n<meta property=\"og:locale\" content=\"de_DE\" \/>\n<meta property=\"og:type\" content=\"article\" \/>\n<meta property=\"og:title\" content=\"Ashoka Mixolounge - Mercure Dubai Barsha Heights -\" \/>\n<meta property=\"og:description\" content=\"Im Herzen von Al Barsha gelegen, mit einer Terrasse mit Blick auf die glitzernde Sheikh Zayed Road, ist diese 1.200 Quadratmeter gro\u00dfe Oase ein cooles Mixolounge-Konzept, das positive und einladende Stimmung ausstrahlt. Die Speisekarte ist von der internationalen K\u00fcche inspiriert und verf\u00fcgt \u00fcber eine eigene VIP-Lounge, ein Mixolounge-Labor und eine Instagram-geeignete Au\u00dfenterrasse, die deinen Social Feed mit Sicherheit befeuern wird.\" \/>\n<meta property=\"og:url\" content=\"https:\/\/www.mercuredubaihotel.com\/de\/restaurants-bars\/ashoka-mixolounge\/\" \/>\n<meta property=\"og:site_name\" content=\"Mercure Dubai Barsha Heights\" \/>\n<meta property=\"article:modified_time\" content=\"2024-08-12T10:17:00+00:00\" \/>\n<meta property=\"og:image\" content=\"https:\/\/www.mercuredubaihotel.com\/wp-content\/uploads\/sites\/37\/2023\/02\/Mercure_dubai_barsha_heights_home_slide02.jpg\" \/>\n\t<meta property=\"og:image:width\" content=\"2200\" \/>\n\t<meta property=\"og:image:height\" content=\"1200\" \/>\n\t<meta property=\"og:image:type\" content=\"image\/jpeg\" \/>\n<meta name=\"twitter:card\" content=\"summary_large_image\" \/>\n<meta name=\"twitter:label1\" content=\"Gesch\u00e4tzte Lesezeit\" \/>\n\t<meta name=\"twitter:data1\" content=\"1 Minute\" \/>\n<script type=\"application\/ld+json\" class=\"yoast-schema-graph\">{\"@context\":\"https:\/\/schema.org\",\"@graph\":[{\"@type\":\"WebPage\",\"@id\":\"https:\/\/www.mercuredubaihotel.com\/de\/restaurants-bars\/ashoka-mixolounge\/\",\"url\":\"https:\/\/www.mercuredubaihotel.com\/de\/restaurants-bars\/ashoka-mixolounge\/\",\"name\":\"Ashoka Mixolounge - Mercure Dubai Barsha Heights -\",\"isPartOf\":{\"@id\":\"https:\/\/www.mercuredubaihotel.com\/#website\"},\"datePublished\":\"2023-02-24T09:18:29+00:00\",\"dateModified\":\"2024-08-12T10:17:00+00:00\",\"description\":\"Im Herzen von Al Barsha gelegen, mit einer Terrasse mit Blick auf die glitzernde Sheikh Zayed Road, ist diese 1.200 Quadratmeter gro\u00dfe Oase ein cooles Mixolounge-Konzept, das positive und einladende Stimmung ausstrahlt. Die Speisekarte ist von der internationalen K\u00fcche inspiriert und verf\u00fcgt \u00fcber eine eigene VIP-Lounge, ein Mixolounge-Labor und eine Instagram-geeignete Au\u00dfenterrasse, die deinen Social Feed mit Sicherheit befeuern wird.\",\"breadcrumb\":{\"@id\":\"https:\/\/www.mercuredubaihotel.com\/de\/restaurants-bars\/ashoka-mixolounge\/#breadcrumb\"},\"inLanguage\":\"de-DE\",\"potentialAction\":[{\"@type\":\"ReadAction\",\"target\":[\"https:\/\/www.mercuredubaihotel.com\/de\/restaurants-bars\/ashoka-mixolounge\/\"]}]},{\"@type\":\"BreadcrumbList\",\"@id\":\"https:\/\/www.mercuredubaihotel.com\/de\/restaurants-bars\/ashoka-mixolounge\/#breadcrumb\",\"itemListElement\":[{\"@type\":\"ListItem\",\"position\":1,\"name\":\"Home\",\"item\":\"https:\/\/www.mercuredubaihotel.com\/de\/\"},{\"@type\":\"ListItem\",\"position\":2,\"name\":\"Dine\",\"item\":\"https:\/\/www.mercuredubaihotel.com\/de\/restaurants-bars\/\"},{\"@type\":\"ListItem\",\"position\":3,\"name\":\"Ashoka Mixolounge\"}]},{\"@type\":\"WebSite\",\"@id\":\"https:\/\/www.mercuredubaihotel.com\/#website\",\"url\":\"https:\/\/www.mercuredubaihotel.com\/\",\"name\":\"Mercure Dubai Barsha Heights\",\"description\":\"\",\"potentialAction\":[{\"@type\":\"SearchAction\",\"target\":{\"@type\":\"EntryPoint\",\"urlTemplate\":\"https:\/\/www.mercuredubaihotel.com\/?s={search_term_string}\"},\"query-input\":{\"@type\":\"PropertyValueSpecification\",\"valueRequired\":true,\"valueName\":\"search_term_string\"}}],\"inLanguage\":\"de-DE\"}]}<\/script>\n<!-- \/ Yoast SEO plugin. -->","yoast_head_json":{"title":"Ashoka Mixolounge - Mercure Dubai Barsha Heights -","description":"Im Herzen von Al Barsha gelegen, mit einer Terrasse mit Blick auf die glitzernde Sheikh Zayed Road, ist diese 1.200 Quadratmeter gro\u00dfe Oase ein cooles Mixolounge-Konzept, das positive und einladende Stimmung ausstrahlt. Die Speisekarte ist von der internationalen K\u00fcche inspiriert und verf\u00fcgt \u00fcber eine eigene VIP-Lounge, ein Mixolounge-Labor und eine Instagram-geeignete Au\u00dfenterrasse, die deinen Social Feed mit Sicherheit befeuern wird.","robots":{"index":"index","follow":"follow","max-snippet":"max-snippet:-1","max-image-preview":"max-image-preview:large","max-video-preview":"max-video-preview:-1"},"canonical":"https:\/\/www.mercuredubaihotel.com\/de\/restaurants-bars\/ashoka-mixolounge\/","og_locale":"de_DE","og_type":"article","og_title":"Ashoka Mixolounge - Mercure Dubai Barsha Heights -","og_description":"Im Herzen von Al Barsha gelegen, mit einer Terrasse mit Blick auf die glitzernde Sheikh Zayed Road, ist diese 1.200 Quadratmeter gro\u00dfe Oase ein cooles Mixolounge-Konzept, das positive und einladende Stimmung ausstrahlt. Die Speisekarte ist von der internationalen K\u00fcche inspiriert und verf\u00fcgt \u00fcber eine eigene VIP-Lounge, ein Mixolounge-Labor und eine Instagram-geeignete Au\u00dfenterrasse, die deinen Social Feed mit Sicherheit befeuern wird.","og_url":"https:\/\/www.mercuredubaihotel.com\/de\/restaurants-bars\/ashoka-mixolounge\/","og_site_name":"Mercure Dubai Barsha Heights","article_modified_time":"2024-08-12T10:17:00+00:00","og_image":[{"width":2200,"height":1200,"url":"https:\/\/www.mercuredubaihotel.com\/wp-content\/uploads\/sites\/37\/2023\/02\/Mercure_dubai_barsha_heights_home_slide02.jpg","type":"image\/jpeg"}],"twitter_card":"summary_large_image","twitter_misc":{"Gesch\u00e4tzte Lesezeit":"1 Minute"},"schema":{"@context":"https:\/\/schema.org","@graph":[{"@type":"WebPage","@id":"https:\/\/www.mercuredubaihotel.com\/de\/restaurants-bars\/ashoka-mixolounge\/","url":"https:\/\/www.mercuredubaihotel.com\/de\/restaurants-bars\/ashoka-mixolounge\/","name":"Ashoka Mixolounge - Mercure Dubai Barsha Heights -","isPartOf":{"@id":"https:\/\/www.mercuredubaihotel.com\/#website"},"datePublished":"2023-02-24T09:18:29+00:00","dateModified":"2024-08-12T10:17:00+00:00","description":"Im Herzen von Al Barsha gelegen, mit einer Terrasse mit Blick auf die glitzernde Sheikh Zayed Road, ist diese 1.200 Quadratmeter gro\u00dfe Oase ein cooles Mixolounge-Konzept, das positive und einladende Stimmung ausstrahlt. Die Speisekarte ist von der internationalen K\u00fcche inspiriert und verf\u00fcgt \u00fcber eine eigene VIP-Lounge, ein Mixolounge-Labor und eine Instagram-geeignete Au\u00dfenterrasse, die deinen Social Feed mit Sicherheit befeuern wird.","breadcrumb":{"@id":"https:\/\/www.mercuredubaihotel.com\/de\/restaurants-bars\/ashoka-mixolounge\/#breadcrumb"},"inLanguage":"de-DE","potentialAction":[{"@type":"ReadAction","target":["https:\/\/www.mercuredubaihotel.com\/de\/restaurants-bars\/ashoka-mixolounge\/"]}]},{"@type":"BreadcrumbList","@id":"https:\/\/www.mercuredubaihotel.com\/de\/restaurants-bars\/ashoka-mixolounge\/#breadcrumb","itemListElement":[{"@type":"ListItem","position":1,"name":"Home","item":"https:\/\/www.mercuredubaihotel.com\/de\/"},{"@type":"ListItem","position":2,"name":"Dine","item":"https:\/\/www.mercuredubaihotel.com\/de\/restaurants-bars\/"},{"@type":"ListItem","position":3,"name":"Ashoka Mixolounge"}]},{"@type":"WebSite","@id":"https:\/\/www.mercuredubaihotel.com\/#website","url":"https:\/\/www.mercuredubaihotel.com\/","name":"Mercure Dubai Barsha Heights","description":"","potentialAction":[{"@type":"SearchAction","target":{"@type":"EntryPoint","urlTemplate":"https:\/\/www.mercuredubaihotel.com\/?s={search_term_string}"},"query-input":{"@type":"PropertyValueSpecification","valueRequired":true,"valueName":"search_term_string"}}],"inLanguage":"de-DE"}]}},"_links":{"self":[{"href":"https:\/\/www.mercuredubaihotel.com\/de\/wp-json\/wp\/v2\/pages\/646","targetHints":{"allow":["GET"]}}],"collection":[{"href":"https:\/\/www.mercuredubaihotel.com\/de\/wp-json\/wp\/v2\/pages"}],"about":[{"href":"https:\/\/www.mercuredubaihotel.com\/de\/wp-json\/wp\/v2\/types\/page"}],"author":[{"embeddable":true,"href":"https:\/\/www.mercuredubaihotel.com\/de\/wp-json\/wp\/v2\/users\/3"}],"replies":[{"embeddable":true,"href":"https:\/\/www.mercuredubaihotel.com\/de\/wp-json\/wp\/v2\/comments?post=646"}],"version-history":[{"count":0,"href":"https:\/\/www.mercuredubaihotel.com\/de\/wp-json\/wp\/v2\/pages\/646\/revisions"}],"up":[{"embeddable":true,"href":"https:\/\/www.mercuredubaihotel.com\/de\/wp-json\/wp\/v2\/pages\/638"}],"wp:attachment":[{"href":"https:\/\/www.mercuredubaihotel.com\/de\/wp-json\/wp\/v2\/media?parent=646"}],"wp:term":[{"taxonomy":"category","embeddable":true,"href":"https:\/\/www.mercuredubaihotel.com\/de\/wp-json\/wp\/v2\/categories?post=646"}],"curies":[{"name":"wp","href":"https:\/\/api.w.org\/{rel}","templated":true}]}}