{"id":644,"date":"2023-02-24T13:05:21","date_gmt":"2023-02-24T13:05:21","guid":{"rendered":"https:\/\/www.mercuredubaihotel.com\/restaurants-bars\/cafe-social\/"},"modified":"2025-10-13T08:42:45","modified_gmt":"2025-10-13T08:42:45","slug":"cafe-social","status":"publish","type":"page","link":"https:\/\/www.mercuredubaihotel.com\/de\/restaurants-bars\/cafe-social\/","title":{"rendered":"Caf\u00e9 Social"},"content":{"rendered":"<p>Wenn du mal etwas Schnelles zum Mitnehmen brauchst, ist unser gut sortiertes Lobby-Caf\u00e9 genau das Richtige f\u00fcr dich. Von Sandwiches \u00fcber Geb\u00e4ck bis hin zu Kuchen gibt es auch herzhafte Fr\u00fchst\u00fccksgerichte wie Eier Benedict, wenn du mal etwas Deftigeres brauchst. Lies ein Buch, triff dich mit Freunden oder schreibe E-Mails, w\u00e4hrend du ein Getr\u00e4nk deiner Wahl zu dir nimmst: Cocktails, Kaffee, Tee oder was immer dir gerade einf\u00e4llt.<\/p>\n","protected":false},"excerpt":{"rendered":"<p>Wenn du mal etwas Schnelles zum Mitnehmen brauchst, ist unser gut sortiertes Lobby-Caf\u00e9 genau das Richtige f\u00fcr dich. Von Sandwiches \u00fcber Geb\u00e4ck bis hin zu Kuchen gibt es auch herzhafte Fr\u00fchst\u00fccksgerichte wie Eier Benedict, wenn du mal etwas Deftigeres brauchst. Lies ein Buch, triff dich mit Freunden oder schreibe E-Mails, w\u00e4hrend du ein Getr\u00e4nk deiner [&hellip;]<\/p>\n","protected":false},"author":3,"featured_media":0,"parent":638,"menu_order":3,"comment_status":"closed","ping_status":"closed","template":"template-restaurant.php","meta":{"footnotes":""},"categories":[35],"class_list":["post-644","page","type-page","status-publish","hentry","category-cafe-de"],"acf":[],"yoast_head":"<!-- This site is optimized with the Yoast SEO plugin v26.9 - https:\/\/yoast.com\/product\/yoast-seo-wordpress\/ -->\n<title>Caf\u00e9 Social - Mercure Dubai Barsha Heights -<\/title>\n<meta name=\"description\" content=\"Wenn du mal etwas Schnelles zum Mitnehmen brauchst, ist unser gut sortiertes Lobby-Caf\u00e9 genau das Richtige f\u00fcr dich. Von Sandwiches \u00fcber Geb\u00e4ck bis hin zu Kuchen gibt es auch herzhafte Fr\u00fchst\u00fccksgerichte wie Eier Benedict, wenn du mal etwas Deftigeres brauchst\" \/>\n<meta name=\"robots\" content=\"index, follow, max-snippet:-1, max-image-preview:large, max-video-preview:-1\" \/>\n<link rel=\"canonical\" href=\"https:\/\/www.mercuredubaihotel.com\/de\/restaurants-bars\/cafe-social\/\" \/>\n<meta property=\"og:locale\" content=\"de_DE\" \/>\n<meta property=\"og:type\" content=\"article\" \/>\n<meta property=\"og:title\" content=\"Caf\u00e9 Social - Mercure Dubai Barsha Heights -\" \/>\n<meta property=\"og:description\" content=\"Wenn du mal etwas Schnelles zum Mitnehmen brauchst, ist unser gut sortiertes Lobby-Caf\u00e9 genau das Richtige f\u00fcr dich. Von Sandwiches \u00fcber Geb\u00e4ck bis hin zu Kuchen gibt es auch herzhafte Fr\u00fchst\u00fccksgerichte wie Eier Benedict, wenn du mal etwas Deftigeres brauchst\" \/>\n<meta property=\"og:url\" content=\"https:\/\/www.mercuredubaihotel.com\/de\/restaurants-bars\/cafe-social\/\" \/>\n<meta property=\"og:site_name\" content=\"Mercure Dubai Barsha Heights\" \/>\n<meta property=\"article:modified_time\" content=\"2025-10-13T08:42:45+00:00\" \/>\n<meta property=\"og:image\" content=\"https:\/\/www.mercuredubaihotel.com\/wp-content\/uploads\/sites\/37\/2023\/02\/Mercure_dubai_barsha_heights_home_slide02.jpg\" \/>\n\t<meta property=\"og:image:width\" content=\"2200\" \/>\n\t<meta property=\"og:image:height\" content=\"1200\" \/>\n\t<meta property=\"og:image:type\" content=\"image\/jpeg\" \/>\n<meta name=\"twitter:card\" content=\"summary_large_image\" \/>\n<meta name=\"twitter:label1\" content=\"Gesch\u00e4tzte Lesezeit\" \/>\n\t<meta name=\"twitter:data1\" content=\"1 Minute\" \/>\n<script type=\"application\/ld+json\" class=\"yoast-schema-graph\">{\"@context\":\"https:\/\/schema.org\",\"@graph\":[{\"@type\":\"WebPage\",\"@id\":\"https:\/\/www.mercuredubaihotel.com\/de\/restaurants-bars\/cafe-social\/\",\"url\":\"https:\/\/www.mercuredubaihotel.com\/de\/restaurants-bars\/cafe-social\/\",\"name\":\"Caf\u00e9 Social - Mercure Dubai Barsha Heights -\",\"isPartOf\":{\"@id\":\"https:\/\/www.mercuredubaihotel.com\/#website\"},\"datePublished\":\"2023-02-24T13:05:21+00:00\",\"dateModified\":\"2025-10-13T08:42:45+00:00\",\"description\":\"Wenn du mal etwas Schnelles zum Mitnehmen brauchst, ist unser gut sortiertes Lobby-Caf\u00e9 genau das Richtige f\u00fcr dich. Von Sandwiches \u00fcber Geb\u00e4ck bis hin zu Kuchen gibt es auch herzhafte Fr\u00fchst\u00fccksgerichte wie Eier Benedict, wenn du mal etwas Deftigeres brauchst\",\"breadcrumb\":{\"@id\":\"https:\/\/www.mercuredubaihotel.com\/de\/restaurants-bars\/cafe-social\/#breadcrumb\"},\"inLanguage\":\"de-DE\",\"potentialAction\":[{\"@type\":\"ReadAction\",\"target\":[\"https:\/\/www.mercuredubaihotel.com\/de\/restaurants-bars\/cafe-social\/\"]}]},{\"@type\":\"BreadcrumbList\",\"@id\":\"https:\/\/www.mercuredubaihotel.com\/de\/restaurants-bars\/cafe-social\/#breadcrumb\",\"itemListElement\":[{\"@type\":\"ListItem\",\"position\":1,\"name\":\"Home\",\"item\":\"https:\/\/www.mercuredubaihotel.com\/de\/\"},{\"@type\":\"ListItem\",\"position\":2,\"name\":\"Dine\",\"item\":\"https:\/\/www.mercuredubaihotel.com\/de\/restaurants-bars\/\"},{\"@type\":\"ListItem\",\"position\":3,\"name\":\"Caf\u00e9 Social\"}]},{\"@type\":\"WebSite\",\"@id\":\"https:\/\/www.mercuredubaihotel.com\/#website\",\"url\":\"https:\/\/www.mercuredubaihotel.com\/\",\"name\":\"Mercure Dubai Barsha Heights\",\"description\":\"\",\"potentialAction\":[{\"@type\":\"SearchAction\",\"target\":{\"@type\":\"EntryPoint\",\"urlTemplate\":\"https:\/\/www.mercuredubaihotel.com\/?s={search_term_string}\"},\"query-input\":{\"@type\":\"PropertyValueSpecification\",\"valueRequired\":true,\"valueName\":\"search_term_string\"}}],\"inLanguage\":\"de-DE\"}]}<\/script>\n<!-- \/ Yoast SEO plugin. -->","yoast_head_json":{"title":"Caf\u00e9 Social - Mercure Dubai Barsha Heights -","description":"Wenn du mal etwas Schnelles zum Mitnehmen brauchst, ist unser gut sortiertes Lobby-Caf\u00e9 genau das Richtige f\u00fcr dich. Von Sandwiches \u00fcber Geb\u00e4ck bis hin zu Kuchen gibt es auch herzhafte Fr\u00fchst\u00fccksgerichte wie Eier Benedict, wenn du mal etwas Deftigeres brauchst","robots":{"index":"index","follow":"follow","max-snippet":"max-snippet:-1","max-image-preview":"max-image-preview:large","max-video-preview":"max-video-preview:-1"},"canonical":"https:\/\/www.mercuredubaihotel.com\/de\/restaurants-bars\/cafe-social\/","og_locale":"de_DE","og_type":"article","og_title":"Caf\u00e9 Social - Mercure Dubai Barsha Heights -","og_description":"Wenn du mal etwas Schnelles zum Mitnehmen brauchst, ist unser gut sortiertes Lobby-Caf\u00e9 genau das Richtige f\u00fcr dich. Von Sandwiches \u00fcber Geb\u00e4ck bis hin zu Kuchen gibt es auch herzhafte Fr\u00fchst\u00fccksgerichte wie Eier Benedict, wenn du mal etwas Deftigeres brauchst","og_url":"https:\/\/www.mercuredubaihotel.com\/de\/restaurants-bars\/cafe-social\/","og_site_name":"Mercure Dubai Barsha Heights","article_modified_time":"2025-10-13T08:42:45+00:00","og_image":[{"width":2200,"height":1200,"url":"https:\/\/www.mercuredubaihotel.com\/wp-content\/uploads\/sites\/37\/2023\/02\/Mercure_dubai_barsha_heights_home_slide02.jpg","type":"image\/jpeg"}],"twitter_card":"summary_large_image","twitter_misc":{"Gesch\u00e4tzte Lesezeit":"1 Minute"},"schema":{"@context":"https:\/\/schema.org","@graph":[{"@type":"WebPage","@id":"https:\/\/www.mercuredubaihotel.com\/de\/restaurants-bars\/cafe-social\/","url":"https:\/\/www.mercuredubaihotel.com\/de\/restaurants-bars\/cafe-social\/","name":"Caf\u00e9 Social - Mercure Dubai Barsha Heights -","isPartOf":{"@id":"https:\/\/www.mercuredubaihotel.com\/#website"},"datePublished":"2023-02-24T13:05:21+00:00","dateModified":"2025-10-13T08:42:45+00:00","description":"Wenn du mal etwas Schnelles zum Mitnehmen brauchst, ist unser gut sortiertes Lobby-Caf\u00e9 genau das Richtige f\u00fcr dich. Von Sandwiches \u00fcber Geb\u00e4ck bis hin zu Kuchen gibt es auch herzhafte Fr\u00fchst\u00fccksgerichte wie Eier Benedict, wenn du mal etwas Deftigeres brauchst","breadcrumb":{"@id":"https:\/\/www.mercuredubaihotel.com\/de\/restaurants-bars\/cafe-social\/#breadcrumb"},"inLanguage":"de-DE","potentialAction":[{"@type":"ReadAction","target":["https:\/\/www.mercuredubaihotel.com\/de\/restaurants-bars\/cafe-social\/"]}]},{"@type":"BreadcrumbList","@id":"https:\/\/www.mercuredubaihotel.com\/de\/restaurants-bars\/cafe-social\/#breadcrumb","itemListElement":[{"@type":"ListItem","position":1,"name":"Home","item":"https:\/\/www.mercuredubaihotel.com\/de\/"},{"@type":"ListItem","position":2,"name":"Dine","item":"https:\/\/www.mercuredubaihotel.com\/de\/restaurants-bars\/"},{"@type":"ListItem","position":3,"name":"Caf\u00e9 Social"}]},{"@type":"WebSite","@id":"https:\/\/www.mercuredubaihotel.com\/#website","url":"https:\/\/www.mercuredubaihotel.com\/","name":"Mercure Dubai Barsha Heights","description":"","potentialAction":[{"@type":"SearchAction","target":{"@type":"EntryPoint","urlTemplate":"https:\/\/www.mercuredubaihotel.com\/?s={search_term_string}"},"query-input":{"@type":"PropertyValueSpecification","valueRequired":true,"valueName":"search_term_string"}}],"inLanguage":"de-DE"}]}},"_links":{"self":[{"href":"https:\/\/www.mercuredubaihotel.com\/de\/wp-json\/wp\/v2\/pages\/644","targetHints":{"allow":["GET"]}}],"collection":[{"href":"https:\/\/www.mercuredubaihotel.com\/de\/wp-json\/wp\/v2\/pages"}],"about":[{"href":"https:\/\/www.mercuredubaihotel.com\/de\/wp-json\/wp\/v2\/types\/page"}],"author":[{"embeddable":true,"href":"https:\/\/www.mercuredubaihotel.com\/de\/wp-json\/wp\/v2\/users\/3"}],"replies":[{"embeddable":true,"href":"https:\/\/www.mercuredubaihotel.com\/de\/wp-json\/wp\/v2\/comments?post=644"}],"version-history":[{"count":0,"href":"https:\/\/www.mercuredubaihotel.com\/de\/wp-json\/wp\/v2\/pages\/644\/revisions"}],"up":[{"embeddable":true,"href":"https:\/\/www.mercuredubaihotel.com\/de\/wp-json\/wp\/v2\/pages\/638"}],"wp:attachment":[{"href":"https:\/\/www.mercuredubaihotel.com\/de\/wp-json\/wp\/v2\/media?parent=644"}],"wp:term":[{"taxonomy":"category","embeddable":true,"href":"https:\/\/www.mercuredubaihotel.com\/de\/wp-json\/wp\/v2\/categories?post=644"}],"curies":[{"name":"wp","href":"https:\/\/api.w.org\/{rel}","templated":true}]}}