{"id":640,"date":"2023-02-24T10:10:30","date_gmt":"2023-02-24T10:10:30","guid":{"rendered":"https:\/\/www.mercuredubaihotel.com\/restaurants-bars\/day-night\/"},"modified":"2025-10-13T08:36:10","modified_gmt":"2025-10-13T08:36:10","slug":"day-night","status":"publish","type":"page","link":"https:\/\/www.mercuredubaihotel.com\/de\/restaurants-bars\/day-night\/","title":{"rendered":"Day &amp; Night"},"content":{"rendered":"<p>Im hoteleigenen Restaurant kannst du verschiedene internationale Gerichte genie\u00dfen, egal ob du hier zum Fr\u00fchst\u00fcck, Mittag- oder Abendessen isst. Live-Cooking-Stationen machen das Essen im Day and Night zu einem unterhaltsamen und abwechslungsreichen Erlebnis, bei dem nur die frischesten Zutaten verwendet werden. Wenn du an bestimmte Geschmacksrichtungen gew\u00f6hnt bist, frag einfach die Chefk\u00f6che hinter den Live-Stationen und sie werden daf\u00fcr sorgen, dass deine Geschmacksnerven getroffen werden!<\/p>\n","protected":false},"excerpt":{"rendered":"<p>Im hoteleigenen Restaurant kannst du verschiedene internationale Gerichte genie\u00dfen, egal ob du hier zum Fr\u00fchst\u00fcck, Mittag- oder Abendessen isst. Live-Cooking-Stationen machen das Essen im Day and Night zu einem unterhaltsamen und abwechslungsreichen Erlebnis, bei dem nur die frischesten Zutaten verwendet werden. Wenn du an bestimmte Geschmacksrichtungen gew\u00f6hnt bist, frag einfach die Chefk\u00f6che hinter den Live-Stationen [&hellip;]<\/p>\n","protected":false},"author":3,"featured_media":0,"parent":638,"menu_order":1,"comment_status":"closed","ping_status":"closed","template":"template-restaurant.php","meta":{"footnotes":""},"categories":[33],"class_list":["post-640","page","type-page","status-publish","hentry","category-restaurants-de"],"acf":[],"yoast_head":"<!-- This site is optimized with the Yoast SEO plugin v26.9 - https:\/\/yoast.com\/product\/yoast-seo-wordpress\/ -->\n<title>Day &amp; Night - Mercure Dubai Barsha Heights -<\/title>\n<meta name=\"description\" content=\"Im hoteleigenen Restaurant kannst du verschiedene internationale Gerichte genie\u00dfen, egal ob du hier zum Fr\u00fchst\u00fcck, Mittag- oder Abendessen isst. Live-Cooking-Stationen machen das Essen im Day and Night zu einem unterhaltsamen und abwechslungsreichen Erlebnis, bei dem nur die frischesten Zutaten verwendet werden\" \/>\n<meta name=\"robots\" content=\"index, follow, max-snippet:-1, max-image-preview:large, max-video-preview:-1\" \/>\n<link rel=\"canonical\" href=\"https:\/\/www.mercuredubaihotel.com\/de\/restaurants-bars\/day-night\/\" \/>\n<meta property=\"og:locale\" content=\"de_DE\" \/>\n<meta property=\"og:type\" content=\"article\" \/>\n<meta property=\"og:title\" content=\"Day &amp; Night - Mercure Dubai Barsha Heights -\" \/>\n<meta property=\"og:description\" content=\"Im hoteleigenen Restaurant kannst du verschiedene internationale Gerichte genie\u00dfen, egal ob du hier zum Fr\u00fchst\u00fcck, Mittag- oder Abendessen isst. Live-Cooking-Stationen machen das Essen im Day and Night zu einem unterhaltsamen und abwechslungsreichen Erlebnis, bei dem nur die frischesten Zutaten verwendet werden\" \/>\n<meta property=\"og:url\" content=\"https:\/\/www.mercuredubaihotel.com\/de\/restaurants-bars\/day-night\/\" \/>\n<meta property=\"og:site_name\" content=\"Mercure Dubai Barsha Heights\" \/>\n<meta property=\"article:modified_time\" content=\"2025-10-13T08:36:10+00:00\" \/>\n<meta property=\"og:image\" content=\"https:\/\/www.mercuredubaihotel.com\/wp-content\/uploads\/sites\/37\/2023\/02\/Mercure_dubai_barsha_heights_home_slide02.jpg\" \/>\n\t<meta property=\"og:image:width\" content=\"2200\" \/>\n\t<meta property=\"og:image:height\" content=\"1200\" \/>\n\t<meta property=\"og:image:type\" content=\"image\/jpeg\" \/>\n<meta name=\"twitter:card\" content=\"summary_large_image\" \/>\n<meta name=\"twitter:label1\" content=\"Gesch\u00e4tzte Lesezeit\" \/>\n\t<meta name=\"twitter:data1\" content=\"1 Minute\" \/>\n<script type=\"application\/ld+json\" class=\"yoast-schema-graph\">{\"@context\":\"https:\/\/schema.org\",\"@graph\":[{\"@type\":\"WebPage\",\"@id\":\"https:\/\/www.mercuredubaihotel.com\/de\/restaurants-bars\/day-night\/\",\"url\":\"https:\/\/www.mercuredubaihotel.com\/de\/restaurants-bars\/day-night\/\",\"name\":\"Day &amp; Night - Mercure Dubai Barsha Heights -\",\"isPartOf\":{\"@id\":\"https:\/\/www.mercuredubaihotel.com\/#website\"},\"datePublished\":\"2023-02-24T10:10:30+00:00\",\"dateModified\":\"2025-10-13T08:36:10+00:00\",\"description\":\"Im hoteleigenen Restaurant kannst du verschiedene internationale Gerichte genie\u00dfen, egal ob du hier zum Fr\u00fchst\u00fcck, Mittag- oder Abendessen isst. Live-Cooking-Stationen machen das Essen im Day and Night zu einem unterhaltsamen und abwechslungsreichen Erlebnis, bei dem nur die frischesten Zutaten verwendet werden\",\"breadcrumb\":{\"@id\":\"https:\/\/www.mercuredubaihotel.com\/de\/restaurants-bars\/day-night\/#breadcrumb\"},\"inLanguage\":\"de-DE\",\"potentialAction\":[{\"@type\":\"ReadAction\",\"target\":[\"https:\/\/www.mercuredubaihotel.com\/de\/restaurants-bars\/day-night\/\"]}]},{\"@type\":\"BreadcrumbList\",\"@id\":\"https:\/\/www.mercuredubaihotel.com\/de\/restaurants-bars\/day-night\/#breadcrumb\",\"itemListElement\":[{\"@type\":\"ListItem\",\"position\":1,\"name\":\"Home\",\"item\":\"https:\/\/www.mercuredubaihotel.com\/de\/\"},{\"@type\":\"ListItem\",\"position\":2,\"name\":\"Dine\",\"item\":\"https:\/\/www.mercuredubaihotel.com\/de\/restaurants-bars\/\"},{\"@type\":\"ListItem\",\"position\":3,\"name\":\"Day &amp; Night\"}]},{\"@type\":\"WebSite\",\"@id\":\"https:\/\/www.mercuredubaihotel.com\/#website\",\"url\":\"https:\/\/www.mercuredubaihotel.com\/\",\"name\":\"Mercure Dubai Barsha Heights\",\"description\":\"\",\"potentialAction\":[{\"@type\":\"SearchAction\",\"target\":{\"@type\":\"EntryPoint\",\"urlTemplate\":\"https:\/\/www.mercuredubaihotel.com\/?s={search_term_string}\"},\"query-input\":{\"@type\":\"PropertyValueSpecification\",\"valueRequired\":true,\"valueName\":\"search_term_string\"}}],\"inLanguage\":\"de-DE\"}]}<\/script>\n<!-- \/ Yoast SEO plugin. -->","yoast_head_json":{"title":"Day &amp; Night - Mercure Dubai Barsha Heights -","description":"Im hoteleigenen Restaurant kannst du verschiedene internationale Gerichte genie\u00dfen, egal ob du hier zum Fr\u00fchst\u00fcck, Mittag- oder Abendessen isst. Live-Cooking-Stationen machen das Essen im Day and Night zu einem unterhaltsamen und abwechslungsreichen Erlebnis, bei dem nur die frischesten Zutaten verwendet werden","robots":{"index":"index","follow":"follow","max-snippet":"max-snippet:-1","max-image-preview":"max-image-preview:large","max-video-preview":"max-video-preview:-1"},"canonical":"https:\/\/www.mercuredubaihotel.com\/de\/restaurants-bars\/day-night\/","og_locale":"de_DE","og_type":"article","og_title":"Day &amp; Night - Mercure Dubai Barsha Heights -","og_description":"Im hoteleigenen Restaurant kannst du verschiedene internationale Gerichte genie\u00dfen, egal ob du hier zum Fr\u00fchst\u00fcck, Mittag- oder Abendessen isst. Live-Cooking-Stationen machen das Essen im Day and Night zu einem unterhaltsamen und abwechslungsreichen Erlebnis, bei dem nur die frischesten Zutaten verwendet werden","og_url":"https:\/\/www.mercuredubaihotel.com\/de\/restaurants-bars\/day-night\/","og_site_name":"Mercure Dubai Barsha Heights","article_modified_time":"2025-10-13T08:36:10+00:00","og_image":[{"width":2200,"height":1200,"url":"https:\/\/www.mercuredubaihotel.com\/wp-content\/uploads\/sites\/37\/2023\/02\/Mercure_dubai_barsha_heights_home_slide02.jpg","type":"image\/jpeg"}],"twitter_card":"summary_large_image","twitter_misc":{"Gesch\u00e4tzte Lesezeit":"1 Minute"},"schema":{"@context":"https:\/\/schema.org","@graph":[{"@type":"WebPage","@id":"https:\/\/www.mercuredubaihotel.com\/de\/restaurants-bars\/day-night\/","url":"https:\/\/www.mercuredubaihotel.com\/de\/restaurants-bars\/day-night\/","name":"Day &amp; Night - Mercure Dubai Barsha Heights -","isPartOf":{"@id":"https:\/\/www.mercuredubaihotel.com\/#website"},"datePublished":"2023-02-24T10:10:30+00:00","dateModified":"2025-10-13T08:36:10+00:00","description":"Im hoteleigenen Restaurant kannst du verschiedene internationale Gerichte genie\u00dfen, egal ob du hier zum Fr\u00fchst\u00fcck, Mittag- oder Abendessen isst. Live-Cooking-Stationen machen das Essen im Day and Night zu einem unterhaltsamen und abwechslungsreichen Erlebnis, bei dem nur die frischesten Zutaten verwendet werden","breadcrumb":{"@id":"https:\/\/www.mercuredubaihotel.com\/de\/restaurants-bars\/day-night\/#breadcrumb"},"inLanguage":"de-DE","potentialAction":[{"@type":"ReadAction","target":["https:\/\/www.mercuredubaihotel.com\/de\/restaurants-bars\/day-night\/"]}]},{"@type":"BreadcrumbList","@id":"https:\/\/www.mercuredubaihotel.com\/de\/restaurants-bars\/day-night\/#breadcrumb","itemListElement":[{"@type":"ListItem","position":1,"name":"Home","item":"https:\/\/www.mercuredubaihotel.com\/de\/"},{"@type":"ListItem","position":2,"name":"Dine","item":"https:\/\/www.mercuredubaihotel.com\/de\/restaurants-bars\/"},{"@type":"ListItem","position":3,"name":"Day &amp; Night"}]},{"@type":"WebSite","@id":"https:\/\/www.mercuredubaihotel.com\/#website","url":"https:\/\/www.mercuredubaihotel.com\/","name":"Mercure Dubai Barsha Heights","description":"","potentialAction":[{"@type":"SearchAction","target":{"@type":"EntryPoint","urlTemplate":"https:\/\/www.mercuredubaihotel.com\/?s={search_term_string}"},"query-input":{"@type":"PropertyValueSpecification","valueRequired":true,"valueName":"search_term_string"}}],"inLanguage":"de-DE"}]}},"_links":{"self":[{"href":"https:\/\/www.mercuredubaihotel.com\/de\/wp-json\/wp\/v2\/pages\/640","targetHints":{"allow":["GET"]}}],"collection":[{"href":"https:\/\/www.mercuredubaihotel.com\/de\/wp-json\/wp\/v2\/pages"}],"about":[{"href":"https:\/\/www.mercuredubaihotel.com\/de\/wp-json\/wp\/v2\/types\/page"}],"author":[{"embeddable":true,"href":"https:\/\/www.mercuredubaihotel.com\/de\/wp-json\/wp\/v2\/users\/3"}],"replies":[{"embeddable":true,"href":"https:\/\/www.mercuredubaihotel.com\/de\/wp-json\/wp\/v2\/comments?post=640"}],"version-history":[{"count":0,"href":"https:\/\/www.mercuredubaihotel.com\/de\/wp-json\/wp\/v2\/pages\/640\/revisions"}],"up":[{"embeddable":true,"href":"https:\/\/www.mercuredubaihotel.com\/de\/wp-json\/wp\/v2\/pages\/638"}],"wp:attachment":[{"href":"https:\/\/www.mercuredubaihotel.com\/de\/wp-json\/wp\/v2\/media?parent=640"}],"wp:term":[{"taxonomy":"category","embeddable":true,"href":"https:\/\/www.mercuredubaihotel.com\/de\/wp-json\/wp\/v2\/categories?post=640"}],"curies":[{"name":"wp","href":"https:\/\/api.w.org\/{rel}","templated":true}]}}