{"id":635,"date":"2023-02-23T16:42:16","date_gmt":"2023-02-23T16:42:16","guid":{"rendered":"https:\/\/www.mercuredubaihotel.com\/wohnungen\/two-bedroom-skyline-view\/"},"modified":"2025-07-10T15:19:18","modified_gmt":"2025-07-10T15:19:18","slug":"zwei-schlafzimmer-blick-auf-die-skyline","status":"publish","type":"page","link":"https:\/\/www.mercuredubaihotel.com\/de\/wohnungen\/zwei-schlafzimmer-blick-auf-die-skyline\/","title":{"rendered":"Zwei-Schlafzimmer Blick auf die Skyline"},"content":{"rendered":"<p>Es ist ein Urlaub mit den Annehmlichkeiten eines Zuhauses, und glaub uns, du wirst jede Minute genie\u00dfen! Du wachst jeden Tag in deinem eigenen 105 Quadratmeter gro\u00dfen Apartment auf, das mit einem Geschirrsp\u00fcler und einer Waschmaschine ausgestattet ist, in dem du dir dein eigenes Fr\u00fchst\u00fcck zubereiten und in der K\u00fcche alles so machen kannst, wie du es m\u00f6chtest. Mit 2 Schlafzimmern, die \u00fcber einen eigenen Balkon verf\u00fcgen, kannst du dir eine Auszeit nehmen, um die Skyline von Dubai zu fotografieren und deine eigenen Erinnerungen zu schaffen.<\/p>\n<p>W\u00e4hrend deines gesamten Aufenthalts steht dir kostenloses WiFi zur Verf\u00fcgung. Alle 2-Schlafzimmer-Apartments verf\u00fcgen \u00fcber ein Kingsize-Bett und ein Set aus zwei Einzelbetten.<\/p>\n<p>Die Apartments sind in vier verschiedenen Stilen verf\u00fcgbar: Kalifornisch, Modern, Klassisch und Mediterran. Weitere Informationen sind auf Anfrage erh\u00e4ltlich.<\/p>\n","protected":false},"excerpt":{"rendered":"<p>Es ist ein Urlaub mit den Annehmlichkeiten eines Zuhauses, und glaub uns, du wirst jede Minute genie\u00dfen! Du wachst jeden Tag in deinem eigenen 105 Quadratmeter gro\u00dfen Apartment auf, das mit einem Geschirrsp\u00fcler und einer Waschmaschine ausgestattet ist, in dem du dir dein eigenes Fr\u00fchst\u00fcck zubereiten und in der K\u00fcche alles so machen kannst, wie [&hellip;]<\/p>\n","protected":false},"author":3,"featured_media":0,"parent":627,"menu_order":20,"comment_status":"closed","ping_status":"closed","template":"template-room.php","meta":{"footnotes":""},"categories":[],"class_list":["post-635","page","type-page","status-publish","hentry"],"acf":[],"yoast_head":"<!-- This site is optimized with the Yoast SEO plugin v26.9 - https:\/\/yoast.com\/product\/yoast-seo-wordpress\/ -->\n<title>Zwei-Schlafzimmer Blick auf die Skyline - Mercure Dubai Barsha Heights -<\/title>\n<meta name=\"description\" content=\"Es ist ein Urlaub mit den Annehmlichkeiten eines Zuhauses, und glaub uns, du wirst jede Minute genie\u00dfen! Du wachst jeden Tag in deinem eigenen 105 Quadratmeter gro\u00dfen Apartment auf, das mit einem Geschirrsp\u00fcler und einer Waschmaschine ausgestattet ist, in dem du dir dein eigenes Fr\u00fchst\u00fcck zubereiten und in der K\u00fcche alles so machen kannst, wie du es m\u00f6chtest. Mit 2 Schlafzimmern, die \u00fcber einen eigenen Balkon verf\u00fcgen, kannst du dir eine Auszeit nehmen, um die Skyline von Dubai zu fotografieren und deine eigenen Erinnerungen zu schaffen.  W\u00e4hrend deines gesamten Aufenthalts steht dir kostenloses WiFi zur Verf\u00fcgung\" \/>\n<meta name=\"robots\" content=\"index, follow, max-snippet:-1, max-image-preview:large, max-video-preview:-1\" \/>\n<link rel=\"canonical\" href=\"https:\/\/www.mercuredubaihotel.com\/de\/wohnungen\/zwei-schlafzimmer-blick-auf-die-skyline\/\" \/>\n<meta property=\"og:locale\" content=\"de_DE\" \/>\n<meta property=\"og:type\" content=\"article\" \/>\n<meta property=\"og:title\" content=\"Zwei-Schlafzimmer Blick auf die Skyline - Mercure Dubai Barsha Heights -\" \/>\n<meta property=\"og:description\" content=\"Es ist ein Urlaub mit den Annehmlichkeiten eines Zuhauses, und glaub uns, du wirst jede Minute genie\u00dfen! Du wachst jeden Tag in deinem eigenen 105 Quadratmeter gro\u00dfen Apartment auf, das mit einem Geschirrsp\u00fcler und einer Waschmaschine ausgestattet ist, in dem du dir dein eigenes Fr\u00fchst\u00fcck zubereiten und in der K\u00fcche alles so machen kannst, wie du es m\u00f6chtest. Mit 2 Schlafzimmern, die \u00fcber einen eigenen Balkon verf\u00fcgen, kannst du dir eine Auszeit nehmen, um die Skyline von Dubai zu fotografieren und deine eigenen Erinnerungen zu schaffen.  W\u00e4hrend deines gesamten Aufenthalts steht dir kostenloses WiFi zur Verf\u00fcgung\" \/>\n<meta property=\"og:url\" content=\"https:\/\/www.mercuredubaihotel.com\/de\/wohnungen\/zwei-schlafzimmer-blick-auf-die-skyline\/\" \/>\n<meta property=\"og:site_name\" content=\"Mercure Dubai Barsha Heights\" \/>\n<meta property=\"article:modified_time\" content=\"2025-07-10T15:19:18+00:00\" \/>\n<meta property=\"og:image\" content=\"https:\/\/www.mercuredubaihotel.com\/wp-content\/uploads\/sites\/37\/2023\/02\/Mercure_dubai_barsha_heights_home_slide02.jpg\" \/>\n\t<meta property=\"og:image:width\" content=\"2200\" \/>\n\t<meta property=\"og:image:height\" content=\"1200\" \/>\n\t<meta property=\"og:image:type\" content=\"image\/jpeg\" \/>\n<meta name=\"twitter:card\" content=\"summary_large_image\" \/>\n<meta name=\"twitter:label1\" content=\"Gesch\u00e4tzte Lesezeit\" \/>\n\t<meta name=\"twitter:data1\" content=\"1 Minute\" \/>\n<script type=\"application\/ld+json\" class=\"yoast-schema-graph\">{\"@context\":\"https:\/\/schema.org\",\"@graph\":[{\"@type\":\"WebPage\",\"@id\":\"https:\/\/www.mercuredubaihotel.com\/de\/wohnungen\/zwei-schlafzimmer-blick-auf-die-skyline\/\",\"url\":\"https:\/\/www.mercuredubaihotel.com\/de\/wohnungen\/zwei-schlafzimmer-blick-auf-die-skyline\/\",\"name\":\"Zwei-Schlafzimmer Blick auf die Skyline - Mercure Dubai Barsha Heights -\",\"isPartOf\":{\"@id\":\"https:\/\/www.mercuredubaihotel.com\/#website\"},\"datePublished\":\"2023-02-23T16:42:16+00:00\",\"dateModified\":\"2025-07-10T15:19:18+00:00\",\"description\":\"Es ist ein Urlaub mit den Annehmlichkeiten eines Zuhauses, und glaub uns, du wirst jede Minute genie\u00dfen! Du wachst jeden Tag in deinem eigenen 105 Quadratmeter gro\u00dfen Apartment auf, das mit einem Geschirrsp\u00fcler und einer Waschmaschine ausgestattet ist, in dem du dir dein eigenes Fr\u00fchst\u00fcck zubereiten und in der K\u00fcche alles so machen kannst, wie du es m\u00f6chtest. Mit 2 Schlafzimmern, die \u00fcber einen eigenen Balkon verf\u00fcgen, kannst du dir eine Auszeit nehmen, um die Skyline von Dubai zu fotografieren und deine eigenen Erinnerungen zu schaffen. W\u00e4hrend deines gesamten Aufenthalts steht dir kostenloses WiFi zur Verf\u00fcgung\",\"breadcrumb\":{\"@id\":\"https:\/\/www.mercuredubaihotel.com\/de\/wohnungen\/zwei-schlafzimmer-blick-auf-die-skyline\/#breadcrumb\"},\"inLanguage\":\"de-DE\",\"potentialAction\":[{\"@type\":\"ReadAction\",\"target\":[\"https:\/\/www.mercuredubaihotel.com\/de\/wohnungen\/zwei-schlafzimmer-blick-auf-die-skyline\/\"]}]},{\"@type\":\"BreadcrumbList\",\"@id\":\"https:\/\/www.mercuredubaihotel.com\/de\/wohnungen\/zwei-schlafzimmer-blick-auf-die-skyline\/#breadcrumb\",\"itemListElement\":[{\"@type\":\"ListItem\",\"position\":1,\"name\":\"Home\",\"item\":\"https:\/\/www.mercuredubaihotel.com\/de\/\"},{\"@type\":\"ListItem\",\"position\":2,\"name\":\"Wohnungen\",\"item\":\"https:\/\/www.mercuredubaihotel.com\/de\/wohnungen\/\"},{\"@type\":\"ListItem\",\"position\":3,\"name\":\"Zwei-Schlafzimmer Blick auf die Skyline\"}]},{\"@type\":\"WebSite\",\"@id\":\"https:\/\/www.mercuredubaihotel.com\/#website\",\"url\":\"https:\/\/www.mercuredubaihotel.com\/\",\"name\":\"Mercure Dubai Barsha Heights\",\"description\":\"\",\"potentialAction\":[{\"@type\":\"SearchAction\",\"target\":{\"@type\":\"EntryPoint\",\"urlTemplate\":\"https:\/\/www.mercuredubaihotel.com\/?s={search_term_string}\"},\"query-input\":{\"@type\":\"PropertyValueSpecification\",\"valueRequired\":true,\"valueName\":\"search_term_string\"}}],\"inLanguage\":\"de-DE\"}]}<\/script>\n<!-- \/ Yoast SEO plugin. -->","yoast_head_json":{"title":"Zwei-Schlafzimmer Blick auf die Skyline - Mercure Dubai Barsha Heights -","description":"Es ist ein Urlaub mit den Annehmlichkeiten eines Zuhauses, und glaub uns, du wirst jede Minute genie\u00dfen! Du wachst jeden Tag in deinem eigenen 105 Quadratmeter gro\u00dfen Apartment auf, das mit einem Geschirrsp\u00fcler und einer Waschmaschine ausgestattet ist, in dem du dir dein eigenes Fr\u00fchst\u00fcck zubereiten und in der K\u00fcche alles so machen kannst, wie du es m\u00f6chtest. Mit 2 Schlafzimmern, die \u00fcber einen eigenen Balkon verf\u00fcgen, kannst du dir eine Auszeit nehmen, um die Skyline von Dubai zu fotografieren und deine eigenen Erinnerungen zu schaffen.  W\u00e4hrend deines gesamten Aufenthalts steht dir kostenloses WiFi zur Verf\u00fcgung","robots":{"index":"index","follow":"follow","max-snippet":"max-snippet:-1","max-image-preview":"max-image-preview:large","max-video-preview":"max-video-preview:-1"},"canonical":"https:\/\/www.mercuredubaihotel.com\/de\/wohnungen\/zwei-schlafzimmer-blick-auf-die-skyline\/","og_locale":"de_DE","og_type":"article","og_title":"Zwei-Schlafzimmer Blick auf die Skyline - Mercure Dubai Barsha Heights -","og_description":"Es ist ein Urlaub mit den Annehmlichkeiten eines Zuhauses, und glaub uns, du wirst jede Minute genie\u00dfen! Du wachst jeden Tag in deinem eigenen 105 Quadratmeter gro\u00dfen Apartment auf, das mit einem Geschirrsp\u00fcler und einer Waschmaschine ausgestattet ist, in dem du dir dein eigenes Fr\u00fchst\u00fcck zubereiten und in der K\u00fcche alles so machen kannst, wie du es m\u00f6chtest. Mit 2 Schlafzimmern, die \u00fcber einen eigenen Balkon verf\u00fcgen, kannst du dir eine Auszeit nehmen, um die Skyline von Dubai zu fotografieren und deine eigenen Erinnerungen zu schaffen.  W\u00e4hrend deines gesamten Aufenthalts steht dir kostenloses WiFi zur Verf\u00fcgung","og_url":"https:\/\/www.mercuredubaihotel.com\/de\/wohnungen\/zwei-schlafzimmer-blick-auf-die-skyline\/","og_site_name":"Mercure Dubai Barsha Heights","article_modified_time":"2025-07-10T15:19:18+00:00","og_image":[{"width":2200,"height":1200,"url":"https:\/\/www.mercuredubaihotel.com\/wp-content\/uploads\/sites\/37\/2023\/02\/Mercure_dubai_barsha_heights_home_slide02.jpg","type":"image\/jpeg"}],"twitter_card":"summary_large_image","twitter_misc":{"Gesch\u00e4tzte Lesezeit":"1 Minute"},"schema":{"@context":"https:\/\/schema.org","@graph":[{"@type":"WebPage","@id":"https:\/\/www.mercuredubaihotel.com\/de\/wohnungen\/zwei-schlafzimmer-blick-auf-die-skyline\/","url":"https:\/\/www.mercuredubaihotel.com\/de\/wohnungen\/zwei-schlafzimmer-blick-auf-die-skyline\/","name":"Zwei-Schlafzimmer Blick auf die Skyline - Mercure Dubai Barsha Heights -","isPartOf":{"@id":"https:\/\/www.mercuredubaihotel.com\/#website"},"datePublished":"2023-02-23T16:42:16+00:00","dateModified":"2025-07-10T15:19:18+00:00","description":"Es ist ein Urlaub mit den Annehmlichkeiten eines Zuhauses, und glaub uns, du wirst jede Minute genie\u00dfen! Du wachst jeden Tag in deinem eigenen 105 Quadratmeter gro\u00dfen Apartment auf, das mit einem Geschirrsp\u00fcler und einer Waschmaschine ausgestattet ist, in dem du dir dein eigenes Fr\u00fchst\u00fcck zubereiten und in der K\u00fcche alles so machen kannst, wie du es m\u00f6chtest. Mit 2 Schlafzimmern, die \u00fcber einen eigenen Balkon verf\u00fcgen, kannst du dir eine Auszeit nehmen, um die Skyline von Dubai zu fotografieren und deine eigenen Erinnerungen zu schaffen. W\u00e4hrend deines gesamten Aufenthalts steht dir kostenloses WiFi zur Verf\u00fcgung","breadcrumb":{"@id":"https:\/\/www.mercuredubaihotel.com\/de\/wohnungen\/zwei-schlafzimmer-blick-auf-die-skyline\/#breadcrumb"},"inLanguage":"de-DE","potentialAction":[{"@type":"ReadAction","target":["https:\/\/www.mercuredubaihotel.com\/de\/wohnungen\/zwei-schlafzimmer-blick-auf-die-skyline\/"]}]},{"@type":"BreadcrumbList","@id":"https:\/\/www.mercuredubaihotel.com\/de\/wohnungen\/zwei-schlafzimmer-blick-auf-die-skyline\/#breadcrumb","itemListElement":[{"@type":"ListItem","position":1,"name":"Home","item":"https:\/\/www.mercuredubaihotel.com\/de\/"},{"@type":"ListItem","position":2,"name":"Wohnungen","item":"https:\/\/www.mercuredubaihotel.com\/de\/wohnungen\/"},{"@type":"ListItem","position":3,"name":"Zwei-Schlafzimmer Blick auf die Skyline"}]},{"@type":"WebSite","@id":"https:\/\/www.mercuredubaihotel.com\/#website","url":"https:\/\/www.mercuredubaihotel.com\/","name":"Mercure Dubai Barsha Heights","description":"","potentialAction":[{"@type":"SearchAction","target":{"@type":"EntryPoint","urlTemplate":"https:\/\/www.mercuredubaihotel.com\/?s={search_term_string}"},"query-input":{"@type":"PropertyValueSpecification","valueRequired":true,"valueName":"search_term_string"}}],"inLanguage":"de-DE"}]}},"_links":{"self":[{"href":"https:\/\/www.mercuredubaihotel.com\/de\/wp-json\/wp\/v2\/pages\/635","targetHints":{"allow":["GET"]}}],"collection":[{"href":"https:\/\/www.mercuredubaihotel.com\/de\/wp-json\/wp\/v2\/pages"}],"about":[{"href":"https:\/\/www.mercuredubaihotel.com\/de\/wp-json\/wp\/v2\/types\/page"}],"author":[{"embeddable":true,"href":"https:\/\/www.mercuredubaihotel.com\/de\/wp-json\/wp\/v2\/users\/3"}],"replies":[{"embeddable":true,"href":"https:\/\/www.mercuredubaihotel.com\/de\/wp-json\/wp\/v2\/comments?post=635"}],"version-history":[{"count":0,"href":"https:\/\/www.mercuredubaihotel.com\/de\/wp-json\/wp\/v2\/pages\/635\/revisions"}],"up":[{"embeddable":true,"href":"https:\/\/www.mercuredubaihotel.com\/de\/wp-json\/wp\/v2\/pages\/627"}],"wp:attachment":[{"href":"https:\/\/www.mercuredubaihotel.com\/de\/wp-json\/wp\/v2\/media?parent=635"}],"wp:term":[{"taxonomy":"category","embeddable":true,"href":"https:\/\/www.mercuredubaihotel.com\/de\/wp-json\/wp\/v2\/categories?post=635"}],"curies":[{"name":"wp","href":"https:\/\/api.w.org\/{rel}","templated":true}]}}