{"id":633,"date":"2023-02-23T15:12:25","date_gmt":"2023-02-23T15:12:25","guid":{"rendered":"https:\/\/www.mercuredubaihotel.com\/wohnungen\/two-bedroom-city-view\/"},"modified":"2025-07-10T15:13:29","modified_gmt":"2025-07-10T15:13:29","slug":"zwei-schlafzimmer-stadtblick","status":"publish","type":"page","link":"https:\/\/www.mercuredubaihotel.com\/de\/wohnungen\/zwei-schlafzimmer-stadtblick\/","title":{"rendered":"Zwei-Schlafzimmer Stadtblick"},"content":{"rendered":"<p>Wann du mit einer gr\u00f6\u00dferen Gruppe wie deiner Familie reist, sind zwei Dinge wichtig: Platz und Komfort. Unsere 2-Schlafzimmer-Wohnungen bieten dir genau das: eine voll ausgestattete K\u00fcche, private Balkone mit Blick auf die Stadt und vieles mehr. Im gemeinsamen Wohnbereich k\u00f6nnt ihr Spieleabende und Essenspausen miteinander verbringen und in der Ruhe eures Zimmers neue Energie f\u00fcr den n\u00e4chsten Tag tanken. Jedes Zimmer ist mit einem eigenen Flachbildfernseher ausgestattet, so dass jeder auch seine eigene Bildschirmzeit hat.<\/p>\n<p>W\u00e4hrend deines Aufenthalts steht dir kostenloses WiFi zur Verf\u00fcgung. Alle 2-Schlafzimmer-Wohnungen verf\u00fcgen \u00fcber ein Kingsize-Bett und ein Set aus zwei Einzelbetten.<\/p>\n<p>Die Wohnungen sind in vier verschiedenen Stilen verf\u00fcgbar: Kalifornisch, Modern, Klassisch und Mediterran. Weitere Informationen sind auf Anfrage erh\u00e4ltlich.<\/p>\n","protected":false},"excerpt":{"rendered":"<p>Wann du mit einer gr\u00f6\u00dferen Gruppe wie deiner Familie reist, sind zwei Dinge wichtig: Platz und Komfort. Unsere 2-Schlafzimmer-Wohnungen bieten dir genau das: eine voll ausgestattete K\u00fcche, private Balkone mit Blick auf die Stadt und vieles mehr. Im gemeinsamen Wohnbereich k\u00f6nnt ihr Spieleabende und Essenspausen miteinander verbringen und in der Ruhe eures Zimmers neue Energie [&hellip;]<\/p>\n","protected":false},"author":3,"featured_media":0,"parent":627,"menu_order":15,"comment_status":"closed","ping_status":"closed","template":"template-room.php","meta":{"footnotes":""},"categories":[],"class_list":["post-633","page","type-page","status-publish","hentry"],"acf":[],"yoast_head":"<!-- This site is optimized with the Yoast SEO plugin v26.9 - https:\/\/yoast.com\/product\/yoast-seo-wordpress\/ -->\n<title>Zwei-Schlafzimmer Stadtblick - Mercure Dubai Barsha Heights -<\/title>\n<meta name=\"description\" content=\"Wann du mit einer gr\u00f6\u00dferen Gruppe wie deiner Familie reist, sind zwei Dinge wichtig: Platz und Komfort. Unsere 2-Schlafzimmer-Wohnungen bieten dir genau das: eine voll ausgestattete K\u00fcche, private Balkone mit Blick auf die Stadt und vieles mehr\" \/>\n<meta name=\"robots\" content=\"index, follow, max-snippet:-1, max-image-preview:large, max-video-preview:-1\" \/>\n<link rel=\"canonical\" href=\"https:\/\/www.mercuredubaihotel.com\/de\/wohnungen\/zwei-schlafzimmer-stadtblick\/\" \/>\n<meta property=\"og:locale\" content=\"de_DE\" \/>\n<meta property=\"og:type\" content=\"article\" \/>\n<meta property=\"og:title\" content=\"Zwei-Schlafzimmer Stadtblick - Mercure Dubai Barsha Heights -\" \/>\n<meta property=\"og:description\" content=\"Wann du mit einer gr\u00f6\u00dferen Gruppe wie deiner Familie reist, sind zwei Dinge wichtig: Platz und Komfort. Unsere 2-Schlafzimmer-Wohnungen bieten dir genau das: eine voll ausgestattete K\u00fcche, private Balkone mit Blick auf die Stadt und vieles mehr\" \/>\n<meta property=\"og:url\" content=\"https:\/\/www.mercuredubaihotel.com\/de\/wohnungen\/zwei-schlafzimmer-stadtblick\/\" \/>\n<meta property=\"og:site_name\" content=\"Mercure Dubai Barsha Heights\" \/>\n<meta property=\"article:modified_time\" content=\"2025-07-10T15:13:29+00:00\" \/>\n<meta property=\"og:image\" content=\"https:\/\/www.mercuredubaihotel.com\/wp-content\/uploads\/sites\/37\/2023\/02\/Mercure_dubai_barsha_heights_home_slide02.jpg\" \/>\n\t<meta property=\"og:image:width\" content=\"2200\" \/>\n\t<meta property=\"og:image:height\" content=\"1200\" \/>\n\t<meta property=\"og:image:type\" content=\"image\/jpeg\" \/>\n<meta name=\"twitter:card\" content=\"summary_large_image\" \/>\n<meta name=\"twitter:label1\" content=\"Gesch\u00e4tzte Lesezeit\" \/>\n\t<meta name=\"twitter:data1\" content=\"1 Minute\" \/>\n<script type=\"application\/ld+json\" class=\"yoast-schema-graph\">{\"@context\":\"https:\/\/schema.org\",\"@graph\":[{\"@type\":\"WebPage\",\"@id\":\"https:\/\/www.mercuredubaihotel.com\/de\/wohnungen\/zwei-schlafzimmer-stadtblick\/\",\"url\":\"https:\/\/www.mercuredubaihotel.com\/de\/wohnungen\/zwei-schlafzimmer-stadtblick\/\",\"name\":\"Zwei-Schlafzimmer Stadtblick - Mercure Dubai Barsha Heights -\",\"isPartOf\":{\"@id\":\"https:\/\/www.mercuredubaihotel.com\/#website\"},\"datePublished\":\"2023-02-23T15:12:25+00:00\",\"dateModified\":\"2025-07-10T15:13:29+00:00\",\"description\":\"Wann du mit einer gr\u00f6\u00dferen Gruppe wie deiner Familie reist, sind zwei Dinge wichtig: Platz und Komfort. Unsere 2-Schlafzimmer-Wohnungen bieten dir genau das: eine voll ausgestattete K\u00fcche, private Balkone mit Blick auf die Stadt und vieles mehr\",\"breadcrumb\":{\"@id\":\"https:\/\/www.mercuredubaihotel.com\/de\/wohnungen\/zwei-schlafzimmer-stadtblick\/#breadcrumb\"},\"inLanguage\":\"de-DE\",\"potentialAction\":[{\"@type\":\"ReadAction\",\"target\":[\"https:\/\/www.mercuredubaihotel.com\/de\/wohnungen\/zwei-schlafzimmer-stadtblick\/\"]}]},{\"@type\":\"BreadcrumbList\",\"@id\":\"https:\/\/www.mercuredubaihotel.com\/de\/wohnungen\/zwei-schlafzimmer-stadtblick\/#breadcrumb\",\"itemListElement\":[{\"@type\":\"ListItem\",\"position\":1,\"name\":\"Home\",\"item\":\"https:\/\/www.mercuredubaihotel.com\/de\/\"},{\"@type\":\"ListItem\",\"position\":2,\"name\":\"Wohnungen\",\"item\":\"https:\/\/www.mercuredubaihotel.com\/de\/wohnungen\/\"},{\"@type\":\"ListItem\",\"position\":3,\"name\":\"Zwei-Schlafzimmer Stadtblick\"}]},{\"@type\":\"WebSite\",\"@id\":\"https:\/\/www.mercuredubaihotel.com\/#website\",\"url\":\"https:\/\/www.mercuredubaihotel.com\/\",\"name\":\"Mercure Dubai Barsha Heights\",\"description\":\"\",\"potentialAction\":[{\"@type\":\"SearchAction\",\"target\":{\"@type\":\"EntryPoint\",\"urlTemplate\":\"https:\/\/www.mercuredubaihotel.com\/?s={search_term_string}\"},\"query-input\":{\"@type\":\"PropertyValueSpecification\",\"valueRequired\":true,\"valueName\":\"search_term_string\"}}],\"inLanguage\":\"de-DE\"}]}<\/script>\n<!-- \/ Yoast SEO plugin. -->","yoast_head_json":{"title":"Zwei-Schlafzimmer Stadtblick - Mercure Dubai Barsha Heights -","description":"Wann du mit einer gr\u00f6\u00dferen Gruppe wie deiner Familie reist, sind zwei Dinge wichtig: Platz und Komfort. Unsere 2-Schlafzimmer-Wohnungen bieten dir genau das: eine voll ausgestattete K\u00fcche, private Balkone mit Blick auf die Stadt und vieles mehr","robots":{"index":"index","follow":"follow","max-snippet":"max-snippet:-1","max-image-preview":"max-image-preview:large","max-video-preview":"max-video-preview:-1"},"canonical":"https:\/\/www.mercuredubaihotel.com\/de\/wohnungen\/zwei-schlafzimmer-stadtblick\/","og_locale":"de_DE","og_type":"article","og_title":"Zwei-Schlafzimmer Stadtblick - Mercure Dubai Barsha Heights -","og_description":"Wann du mit einer gr\u00f6\u00dferen Gruppe wie deiner Familie reist, sind zwei Dinge wichtig: Platz und Komfort. Unsere 2-Schlafzimmer-Wohnungen bieten dir genau das: eine voll ausgestattete K\u00fcche, private Balkone mit Blick auf die Stadt und vieles mehr","og_url":"https:\/\/www.mercuredubaihotel.com\/de\/wohnungen\/zwei-schlafzimmer-stadtblick\/","og_site_name":"Mercure Dubai Barsha Heights","article_modified_time":"2025-07-10T15:13:29+00:00","og_image":[{"width":2200,"height":1200,"url":"https:\/\/www.mercuredubaihotel.com\/wp-content\/uploads\/sites\/37\/2023\/02\/Mercure_dubai_barsha_heights_home_slide02.jpg","type":"image\/jpeg"}],"twitter_card":"summary_large_image","twitter_misc":{"Gesch\u00e4tzte Lesezeit":"1 Minute"},"schema":{"@context":"https:\/\/schema.org","@graph":[{"@type":"WebPage","@id":"https:\/\/www.mercuredubaihotel.com\/de\/wohnungen\/zwei-schlafzimmer-stadtblick\/","url":"https:\/\/www.mercuredubaihotel.com\/de\/wohnungen\/zwei-schlafzimmer-stadtblick\/","name":"Zwei-Schlafzimmer Stadtblick - Mercure Dubai Barsha Heights -","isPartOf":{"@id":"https:\/\/www.mercuredubaihotel.com\/#website"},"datePublished":"2023-02-23T15:12:25+00:00","dateModified":"2025-07-10T15:13:29+00:00","description":"Wann du mit einer gr\u00f6\u00dferen Gruppe wie deiner Familie reist, sind zwei Dinge wichtig: Platz und Komfort. Unsere 2-Schlafzimmer-Wohnungen bieten dir genau das: eine voll ausgestattete K\u00fcche, private Balkone mit Blick auf die Stadt und vieles mehr","breadcrumb":{"@id":"https:\/\/www.mercuredubaihotel.com\/de\/wohnungen\/zwei-schlafzimmer-stadtblick\/#breadcrumb"},"inLanguage":"de-DE","potentialAction":[{"@type":"ReadAction","target":["https:\/\/www.mercuredubaihotel.com\/de\/wohnungen\/zwei-schlafzimmer-stadtblick\/"]}]},{"@type":"BreadcrumbList","@id":"https:\/\/www.mercuredubaihotel.com\/de\/wohnungen\/zwei-schlafzimmer-stadtblick\/#breadcrumb","itemListElement":[{"@type":"ListItem","position":1,"name":"Home","item":"https:\/\/www.mercuredubaihotel.com\/de\/"},{"@type":"ListItem","position":2,"name":"Wohnungen","item":"https:\/\/www.mercuredubaihotel.com\/de\/wohnungen\/"},{"@type":"ListItem","position":3,"name":"Zwei-Schlafzimmer Stadtblick"}]},{"@type":"WebSite","@id":"https:\/\/www.mercuredubaihotel.com\/#website","url":"https:\/\/www.mercuredubaihotel.com\/","name":"Mercure Dubai Barsha Heights","description":"","potentialAction":[{"@type":"SearchAction","target":{"@type":"EntryPoint","urlTemplate":"https:\/\/www.mercuredubaihotel.com\/?s={search_term_string}"},"query-input":{"@type":"PropertyValueSpecification","valueRequired":true,"valueName":"search_term_string"}}],"inLanguage":"de-DE"}]}},"_links":{"self":[{"href":"https:\/\/www.mercuredubaihotel.com\/de\/wp-json\/wp\/v2\/pages\/633","targetHints":{"allow":["GET"]}}],"collection":[{"href":"https:\/\/www.mercuredubaihotel.com\/de\/wp-json\/wp\/v2\/pages"}],"about":[{"href":"https:\/\/www.mercuredubaihotel.com\/de\/wp-json\/wp\/v2\/types\/page"}],"author":[{"embeddable":true,"href":"https:\/\/www.mercuredubaihotel.com\/de\/wp-json\/wp\/v2\/users\/3"}],"replies":[{"embeddable":true,"href":"https:\/\/www.mercuredubaihotel.com\/de\/wp-json\/wp\/v2\/comments?post=633"}],"version-history":[{"count":0,"href":"https:\/\/www.mercuredubaihotel.com\/de\/wp-json\/wp\/v2\/pages\/633\/revisions"}],"up":[{"embeddable":true,"href":"https:\/\/www.mercuredubaihotel.com\/de\/wp-json\/wp\/v2\/pages\/627"}],"wp:attachment":[{"href":"https:\/\/www.mercuredubaihotel.com\/de\/wp-json\/wp\/v2\/media?parent=633"}],"wp:term":[{"taxonomy":"category","embeddable":true,"href":"https:\/\/www.mercuredubaihotel.com\/de\/wp-json\/wp\/v2\/categories?post=633"}],"curies":[{"name":"wp","href":"https:\/\/api.w.org\/{rel}","templated":true}]}}