{"id":623,"date":"2023-02-22T15:04:44","date_gmt":"2023-02-22T15:04:44","guid":{"rendered":"https:\/\/www.mercuredubaihotel.com\/suiten\/prestige-suite-two-bedroom-skyline-view\/"},"modified":"2023-06-14T07:22:22","modified_gmt":"2023-06-14T07:22:22","slug":"prestige-suite-zwei-schlafzimmer-mit-skyline-blick","status":"publish","type":"page","link":"https:\/\/www.mercuredubaihotel.com\/de\/suiten\/prestige-suite-zwei-schlafzimmer-mit-skyline-blick\/","title":{"rendered":"Prestige Suite-Zwei Schlafzimmer mit skyline blick"},"content":{"rendered":"<p>Genie\u00dfe die Ger\u00e4umigkeit dieser Prestige Suite mit 2 Schlafzimmern, die \u00fcber einen luftigen Lounge-Bereich, einen eigenen Balkon und ein Badezimmer mit begehbarer Dusche und Badewanne verf\u00fcgt. Auf den 105 Quadratmetern kannst du dich ganz einfach entspannen und dich wie zu Hause f\u00fchlen. Und die Aussicht? Die wundersch\u00f6ne Skyline der Stadt wird deinen Aufenthalt wie das T\u00fcpfelchen auf dem i abrunden.<\/p>\n","protected":false},"excerpt":{"rendered":"<p>Genie\u00dfe die Ger\u00e4umigkeit dieser Prestige Suite mit 2 Schlafzimmern, die \u00fcber einen luftigen Lounge-Bereich, einen eigenen Balkon und ein Badezimmer mit begehbarer Dusche und Badewanne verf\u00fcgt. Auf den 105 Quadratmetern kannst du dich ganz einfach entspannen und dich wie zu Hause f\u00fchlen. Und die Aussicht? Die wundersch\u00f6ne Skyline der Stadt wird deinen Aufenthalt wie das [&hellip;]<\/p>\n","protected":false},"author":3,"featured_media":0,"parent":615,"menu_order":20,"comment_status":"closed","ping_status":"closed","template":"template-room.php","meta":{"footnotes":""},"categories":[],"class_list":["post-623","page","type-page","status-publish","hentry"],"acf":[],"yoast_head":"<!-- This site is optimized with the Yoast SEO plugin v26.9 - https:\/\/yoast.com\/product\/yoast-seo-wordpress\/ -->\n<title>Prestige Suite-Zwei Schlafzimmer mit skyline blick - Mercure Dubai Barsha Heights -<\/title>\n<meta name=\"description\" content=\"Genie\u00dfe die Ger\u00e4umigkeit dieser Prestige Suite mit 2 Schlafzimmern, die \u00fcber einen luftigen Lounge-Bereich, einen eigenen Balkon und ein Badezimmer mit begehbarer Dusche und Badewanne verf\u00fcgt. Auf den 105 Quadratmetern kannst du dich ganz einfach entspannen und dich wie zu Hause f\u00fchlen\" \/>\n<meta name=\"robots\" content=\"index, follow, max-snippet:-1, max-image-preview:large, max-video-preview:-1\" \/>\n<link rel=\"canonical\" href=\"https:\/\/www.mercuredubaihotel.com\/de\/suiten\/prestige-suite-zwei-schlafzimmer-mit-skyline-blick\/\" \/>\n<meta property=\"og:locale\" content=\"de_DE\" \/>\n<meta property=\"og:type\" content=\"article\" \/>\n<meta property=\"og:title\" content=\"Prestige Suite-Zwei Schlafzimmer mit skyline blick - Mercure Dubai Barsha Heights -\" \/>\n<meta property=\"og:description\" content=\"Genie\u00dfe die Ger\u00e4umigkeit dieser Prestige Suite mit 2 Schlafzimmern, die \u00fcber einen luftigen Lounge-Bereich, einen eigenen Balkon und ein Badezimmer mit begehbarer Dusche und Badewanne verf\u00fcgt. Auf den 105 Quadratmetern kannst du dich ganz einfach entspannen und dich wie zu Hause f\u00fchlen\" \/>\n<meta property=\"og:url\" content=\"https:\/\/www.mercuredubaihotel.com\/de\/suiten\/prestige-suite-zwei-schlafzimmer-mit-skyline-blick\/\" \/>\n<meta property=\"og:site_name\" content=\"Mercure Dubai Barsha Heights\" \/>\n<meta property=\"article:modified_time\" content=\"2023-06-14T07:22:22+00:00\" \/>\n<meta property=\"og:image\" content=\"https:\/\/www.mercuredubaihotel.com\/wp-content\/uploads\/sites\/37\/2023\/02\/Mercure_dubai_barsha_heights_home_slide02.jpg\" \/>\n\t<meta property=\"og:image:width\" content=\"2200\" \/>\n\t<meta property=\"og:image:height\" content=\"1200\" \/>\n\t<meta property=\"og:image:type\" content=\"image\/jpeg\" \/>\n<meta name=\"twitter:card\" content=\"summary_large_image\" \/>\n<meta name=\"twitter:label1\" content=\"Gesch\u00e4tzte Lesezeit\" \/>\n\t<meta name=\"twitter:data1\" content=\"1 Minute\" \/>\n<script type=\"application\/ld+json\" class=\"yoast-schema-graph\">{\"@context\":\"https:\/\/schema.org\",\"@graph\":[{\"@type\":\"WebPage\",\"@id\":\"https:\/\/www.mercuredubaihotel.com\/de\/suiten\/prestige-suite-zwei-schlafzimmer-mit-skyline-blick\/\",\"url\":\"https:\/\/www.mercuredubaihotel.com\/de\/suiten\/prestige-suite-zwei-schlafzimmer-mit-skyline-blick\/\",\"name\":\"Prestige Suite-Zwei Schlafzimmer mit skyline blick - Mercure Dubai Barsha Heights -\",\"isPartOf\":{\"@id\":\"https:\/\/www.mercuredubaihotel.com\/#website\"},\"datePublished\":\"2023-02-22T15:04:44+00:00\",\"dateModified\":\"2023-06-14T07:22:22+00:00\",\"description\":\"Genie\u00dfe die Ger\u00e4umigkeit dieser Prestige Suite mit 2 Schlafzimmern, die \u00fcber einen luftigen Lounge-Bereich, einen eigenen Balkon und ein Badezimmer mit begehbarer Dusche und Badewanne verf\u00fcgt. Auf den 105 Quadratmetern kannst du dich ganz einfach entspannen und dich wie zu Hause f\u00fchlen\",\"breadcrumb\":{\"@id\":\"https:\/\/www.mercuredubaihotel.com\/de\/suiten\/prestige-suite-zwei-schlafzimmer-mit-skyline-blick\/#breadcrumb\"},\"inLanguage\":\"de-DE\",\"potentialAction\":[{\"@type\":\"ReadAction\",\"target\":[\"https:\/\/www.mercuredubaihotel.com\/de\/suiten\/prestige-suite-zwei-schlafzimmer-mit-skyline-blick\/\"]}]},{\"@type\":\"BreadcrumbList\",\"@id\":\"https:\/\/www.mercuredubaihotel.com\/de\/suiten\/prestige-suite-zwei-schlafzimmer-mit-skyline-blick\/#breadcrumb\",\"itemListElement\":[{\"@type\":\"ListItem\",\"position\":1,\"name\":\"Home\",\"item\":\"https:\/\/www.mercuredubaihotel.com\/de\/\"},{\"@type\":\"ListItem\",\"position\":2,\"name\":\"Suiten\",\"item\":\"https:\/\/www.mercuredubaihotel.com\/de\/suiten\/\"},{\"@type\":\"ListItem\",\"position\":3,\"name\":\"Prestige Suite-Zwei Schlafzimmer mit skyline blick\"}]},{\"@type\":\"WebSite\",\"@id\":\"https:\/\/www.mercuredubaihotel.com\/#website\",\"url\":\"https:\/\/www.mercuredubaihotel.com\/\",\"name\":\"Mercure Dubai Barsha Heights\",\"description\":\"\",\"potentialAction\":[{\"@type\":\"SearchAction\",\"target\":{\"@type\":\"EntryPoint\",\"urlTemplate\":\"https:\/\/www.mercuredubaihotel.com\/?s={search_term_string}\"},\"query-input\":{\"@type\":\"PropertyValueSpecification\",\"valueRequired\":true,\"valueName\":\"search_term_string\"}}],\"inLanguage\":\"de-DE\"}]}<\/script>\n<!-- \/ Yoast SEO plugin. -->","yoast_head_json":{"title":"Prestige Suite-Zwei Schlafzimmer mit skyline blick - Mercure Dubai Barsha Heights -","description":"Genie\u00dfe die Ger\u00e4umigkeit dieser Prestige Suite mit 2 Schlafzimmern, die \u00fcber einen luftigen Lounge-Bereich, einen eigenen Balkon und ein Badezimmer mit begehbarer Dusche und Badewanne verf\u00fcgt. Auf den 105 Quadratmetern kannst du dich ganz einfach entspannen und dich wie zu Hause f\u00fchlen","robots":{"index":"index","follow":"follow","max-snippet":"max-snippet:-1","max-image-preview":"max-image-preview:large","max-video-preview":"max-video-preview:-1"},"canonical":"https:\/\/www.mercuredubaihotel.com\/de\/suiten\/prestige-suite-zwei-schlafzimmer-mit-skyline-blick\/","og_locale":"de_DE","og_type":"article","og_title":"Prestige Suite-Zwei Schlafzimmer mit skyline blick - Mercure Dubai Barsha Heights -","og_description":"Genie\u00dfe die Ger\u00e4umigkeit dieser Prestige Suite mit 2 Schlafzimmern, die \u00fcber einen luftigen Lounge-Bereich, einen eigenen Balkon und ein Badezimmer mit begehbarer Dusche und Badewanne verf\u00fcgt. Auf den 105 Quadratmetern kannst du dich ganz einfach entspannen und dich wie zu Hause f\u00fchlen","og_url":"https:\/\/www.mercuredubaihotel.com\/de\/suiten\/prestige-suite-zwei-schlafzimmer-mit-skyline-blick\/","og_site_name":"Mercure Dubai Barsha Heights","article_modified_time":"2023-06-14T07:22:22+00:00","og_image":[{"width":2200,"height":1200,"url":"https:\/\/www.mercuredubaihotel.com\/wp-content\/uploads\/sites\/37\/2023\/02\/Mercure_dubai_barsha_heights_home_slide02.jpg","type":"image\/jpeg"}],"twitter_card":"summary_large_image","twitter_misc":{"Gesch\u00e4tzte Lesezeit":"1 Minute"},"schema":{"@context":"https:\/\/schema.org","@graph":[{"@type":"WebPage","@id":"https:\/\/www.mercuredubaihotel.com\/de\/suiten\/prestige-suite-zwei-schlafzimmer-mit-skyline-blick\/","url":"https:\/\/www.mercuredubaihotel.com\/de\/suiten\/prestige-suite-zwei-schlafzimmer-mit-skyline-blick\/","name":"Prestige Suite-Zwei Schlafzimmer mit skyline blick - Mercure Dubai Barsha Heights -","isPartOf":{"@id":"https:\/\/www.mercuredubaihotel.com\/#website"},"datePublished":"2023-02-22T15:04:44+00:00","dateModified":"2023-06-14T07:22:22+00:00","description":"Genie\u00dfe die Ger\u00e4umigkeit dieser Prestige Suite mit 2 Schlafzimmern, die \u00fcber einen luftigen Lounge-Bereich, einen eigenen Balkon und ein Badezimmer mit begehbarer Dusche und Badewanne verf\u00fcgt. Auf den 105 Quadratmetern kannst du dich ganz einfach entspannen und dich wie zu Hause f\u00fchlen","breadcrumb":{"@id":"https:\/\/www.mercuredubaihotel.com\/de\/suiten\/prestige-suite-zwei-schlafzimmer-mit-skyline-blick\/#breadcrumb"},"inLanguage":"de-DE","potentialAction":[{"@type":"ReadAction","target":["https:\/\/www.mercuredubaihotel.com\/de\/suiten\/prestige-suite-zwei-schlafzimmer-mit-skyline-blick\/"]}]},{"@type":"BreadcrumbList","@id":"https:\/\/www.mercuredubaihotel.com\/de\/suiten\/prestige-suite-zwei-schlafzimmer-mit-skyline-blick\/#breadcrumb","itemListElement":[{"@type":"ListItem","position":1,"name":"Home","item":"https:\/\/www.mercuredubaihotel.com\/de\/"},{"@type":"ListItem","position":2,"name":"Suiten","item":"https:\/\/www.mercuredubaihotel.com\/de\/suiten\/"},{"@type":"ListItem","position":3,"name":"Prestige Suite-Zwei Schlafzimmer mit skyline blick"}]},{"@type":"WebSite","@id":"https:\/\/www.mercuredubaihotel.com\/#website","url":"https:\/\/www.mercuredubaihotel.com\/","name":"Mercure Dubai Barsha Heights","description":"","potentialAction":[{"@type":"SearchAction","target":{"@type":"EntryPoint","urlTemplate":"https:\/\/www.mercuredubaihotel.com\/?s={search_term_string}"},"query-input":{"@type":"PropertyValueSpecification","valueRequired":true,"valueName":"search_term_string"}}],"inLanguage":"de-DE"}]}},"_links":{"self":[{"href":"https:\/\/www.mercuredubaihotel.com\/de\/wp-json\/wp\/v2\/pages\/623","targetHints":{"allow":["GET"]}}],"collection":[{"href":"https:\/\/www.mercuredubaihotel.com\/de\/wp-json\/wp\/v2\/pages"}],"about":[{"href":"https:\/\/www.mercuredubaihotel.com\/de\/wp-json\/wp\/v2\/types\/page"}],"author":[{"embeddable":true,"href":"https:\/\/www.mercuredubaihotel.com\/de\/wp-json\/wp\/v2\/users\/3"}],"replies":[{"embeddable":true,"href":"https:\/\/www.mercuredubaihotel.com\/de\/wp-json\/wp\/v2\/comments?post=623"}],"version-history":[{"count":0,"href":"https:\/\/www.mercuredubaihotel.com\/de\/wp-json\/wp\/v2\/pages\/623\/revisions"}],"up":[{"embeddable":true,"href":"https:\/\/www.mercuredubaihotel.com\/de\/wp-json\/wp\/v2\/pages\/615"}],"wp:attachment":[{"href":"https:\/\/www.mercuredubaihotel.com\/de\/wp-json\/wp\/v2\/media?parent=623"}],"wp:term":[{"taxonomy":"category","embeddable":true,"href":"https:\/\/www.mercuredubaihotel.com\/de\/wp-json\/wp\/v2\/categories?post=623"}],"curies":[{"name":"wp","href":"https:\/\/api.w.org\/{rel}","templated":true}]}}