{"id":619,"date":"2023-02-22T13:04:14","date_gmt":"2023-02-22T13:04:14","guid":{"rendered":"https:\/\/www.mercuredubaihotel.com\/suiten\/deluxe-suite-1-bedroom-skyline-view\/"},"modified":"2023-05-31T10:23:33","modified_gmt":"2023-05-31T10:23:33","slug":"deluxe-suite-1-schlafzimmer-mit-blick-auf-die-skyline","status":"publish","type":"page","link":"https:\/\/www.mercuredubaihotel.com\/de\/suiten\/deluxe-suite-1-schlafzimmer-mit-blick-auf-die-skyline\/","title":{"rendered":"DELUXE SUITE &#8211; 1 Schlafzimmer mit Blick auf die Skyline"},"content":{"rendered":"<p>Mit ihrem auff\u00e4lligen Dekor, den k\u00fchlen Farben und dem gro\u00dfz\u00fcgigen Platzangebot ist diese 60 Quadratmeter gro\u00dfe Deluxe-Suite ganz im Zeichen des Casual Chic gestaltet. Ausgestattet mit einer begehbaren Dusche, Flachbildschirm-Smart-TVs im Schlafzimmer und im Wohnzimmer, Kaffee- und Teezubeh\u00f6r und einem eigenen Balkon &#8211; es ist m\u00f6glich, dass du nirgendwo anders sein m\u00f6chtest. Und das Beste daran? Durch die raumhohen Fenster hast du einen tollen Blick auf die Sheikh Zayed Road und das Burj Al Arab oder den Yachthafen von Dubai mit teilweisem Blick auf das Meer und die Palm Jumeirah.<\/p>\n","protected":false},"excerpt":{"rendered":"<p>Mit ihrem auff\u00e4lligen Dekor, den k\u00fchlen Farben und dem gro\u00dfz\u00fcgigen Platzangebot ist diese 60 Quadratmeter gro\u00dfe Deluxe-Suite ganz im Zeichen des Casual Chic gestaltet. Ausgestattet mit einer begehbaren Dusche, Flachbildschirm-Smart-TVs im Schlafzimmer und im Wohnzimmer, Kaffee- und Teezubeh\u00f6r und einem eigenen Balkon &#8211; es ist m\u00f6glich, dass du nirgendwo anders sein m\u00f6chtest. Und das Beste [&hellip;]<\/p>\n","protected":false},"author":3,"featured_media":0,"parent":615,"menu_order":10,"comment_status":"closed","ping_status":"closed","template":"template-room.php","meta":{"footnotes":""},"categories":[],"class_list":["post-619","page","type-page","status-publish","hentry"],"acf":[],"yoast_head":"<!-- This site is optimized with the Yoast SEO plugin v26.9 - https:\/\/yoast.com\/product\/yoast-seo-wordpress\/ -->\n<title>DELUXE SUITE - 1 Schlafzimmer mit Blick auf die Skyline - Mercure Dubai Barsha Heights -<\/title>\n<meta name=\"description\" content=\"Mit ihrem auff\u00e4lligen Dekor, den k\u00fchlen Farben und dem gro\u00dfz\u00fcgigen Platzangebot ist diese 60 Quadratmeter gro\u00dfe Deluxe-Suite ganz im Zeichen des Casual Chic gestaltet. Ausgestattet mit einer begehbaren Dusche, Flachbildschirm-Smart-TVs im Schlafzimmer und im Wohnzimmer, Kaffee- und Teezubeh\u00f6r und einem eigenen Balkon - es ist m\u00f6glich, dass du nirgendwo anders sein m\u00f6chtest\" \/>\n<meta name=\"robots\" content=\"index, follow, max-snippet:-1, max-image-preview:large, max-video-preview:-1\" \/>\n<link rel=\"canonical\" href=\"https:\/\/www.mercuredubaihotel.com\/de\/suiten\/deluxe-suite-1-schlafzimmer-mit-blick-auf-die-skyline\/\" \/>\n<meta property=\"og:locale\" content=\"de_DE\" \/>\n<meta property=\"og:type\" content=\"article\" \/>\n<meta property=\"og:title\" content=\"DELUXE SUITE - 1 Schlafzimmer mit Blick auf die Skyline - Mercure Dubai Barsha Heights -\" \/>\n<meta property=\"og:description\" content=\"Mit ihrem auff\u00e4lligen Dekor, den k\u00fchlen Farben und dem gro\u00dfz\u00fcgigen Platzangebot ist diese 60 Quadratmeter gro\u00dfe Deluxe-Suite ganz im Zeichen des Casual Chic gestaltet. Ausgestattet mit einer begehbaren Dusche, Flachbildschirm-Smart-TVs im Schlafzimmer und im Wohnzimmer, Kaffee- und Teezubeh\u00f6r und einem eigenen Balkon - es ist m\u00f6glich, dass du nirgendwo anders sein m\u00f6chtest\" \/>\n<meta property=\"og:url\" content=\"https:\/\/www.mercuredubaihotel.com\/de\/suiten\/deluxe-suite-1-schlafzimmer-mit-blick-auf-die-skyline\/\" \/>\n<meta property=\"og:site_name\" content=\"Mercure Dubai Barsha Heights\" \/>\n<meta property=\"article:modified_time\" content=\"2023-05-31T10:23:33+00:00\" \/>\n<meta property=\"og:image\" content=\"https:\/\/www.mercuredubaihotel.com\/wp-content\/uploads\/sites\/37\/2023\/02\/Mercure_dubai_barsha_heights_home_slide02.jpg\" \/>\n\t<meta property=\"og:image:width\" content=\"2200\" \/>\n\t<meta property=\"og:image:height\" content=\"1200\" \/>\n\t<meta property=\"og:image:type\" content=\"image\/jpeg\" \/>\n<meta name=\"twitter:card\" content=\"summary_large_image\" \/>\n<meta name=\"twitter:label1\" content=\"Gesch\u00e4tzte Lesezeit\" \/>\n\t<meta name=\"twitter:data1\" content=\"1 Minute\" \/>\n<script type=\"application\/ld+json\" class=\"yoast-schema-graph\">{\"@context\":\"https:\/\/schema.org\",\"@graph\":[{\"@type\":\"WebPage\",\"@id\":\"https:\/\/www.mercuredubaihotel.com\/de\/suiten\/deluxe-suite-1-schlafzimmer-mit-blick-auf-die-skyline\/\",\"url\":\"https:\/\/www.mercuredubaihotel.com\/de\/suiten\/deluxe-suite-1-schlafzimmer-mit-blick-auf-die-skyline\/\",\"name\":\"DELUXE SUITE - 1 Schlafzimmer mit Blick auf die Skyline - Mercure Dubai Barsha Heights -\",\"isPartOf\":{\"@id\":\"https:\/\/www.mercuredubaihotel.com\/#website\"},\"datePublished\":\"2023-02-22T13:04:14+00:00\",\"dateModified\":\"2023-05-31T10:23:33+00:00\",\"description\":\"Mit ihrem auff\u00e4lligen Dekor, den k\u00fchlen Farben und dem gro\u00dfz\u00fcgigen Platzangebot ist diese 60 Quadratmeter gro\u00dfe Deluxe-Suite ganz im Zeichen des Casual Chic gestaltet. Ausgestattet mit einer begehbaren Dusche, Flachbildschirm-Smart-TVs im Schlafzimmer und im Wohnzimmer, Kaffee- und Teezubeh\u00f6r und einem eigenen Balkon - es ist m\u00f6glich, dass du nirgendwo anders sein m\u00f6chtest\",\"breadcrumb\":{\"@id\":\"https:\/\/www.mercuredubaihotel.com\/de\/suiten\/deluxe-suite-1-schlafzimmer-mit-blick-auf-die-skyline\/#breadcrumb\"},\"inLanguage\":\"de-DE\",\"potentialAction\":[{\"@type\":\"ReadAction\",\"target\":[\"https:\/\/www.mercuredubaihotel.com\/de\/suiten\/deluxe-suite-1-schlafzimmer-mit-blick-auf-die-skyline\/\"]}]},{\"@type\":\"BreadcrumbList\",\"@id\":\"https:\/\/www.mercuredubaihotel.com\/de\/suiten\/deluxe-suite-1-schlafzimmer-mit-blick-auf-die-skyline\/#breadcrumb\",\"itemListElement\":[{\"@type\":\"ListItem\",\"position\":1,\"name\":\"Home\",\"item\":\"https:\/\/www.mercuredubaihotel.com\/de\/\"},{\"@type\":\"ListItem\",\"position\":2,\"name\":\"Suiten\",\"item\":\"https:\/\/www.mercuredubaihotel.com\/de\/suiten\/\"},{\"@type\":\"ListItem\",\"position\":3,\"name\":\"DELUXE SUITE &#8211; 1 Schlafzimmer mit Blick auf die Skyline\"}]},{\"@type\":\"WebSite\",\"@id\":\"https:\/\/www.mercuredubaihotel.com\/#website\",\"url\":\"https:\/\/www.mercuredubaihotel.com\/\",\"name\":\"Mercure Dubai Barsha Heights\",\"description\":\"\",\"potentialAction\":[{\"@type\":\"SearchAction\",\"target\":{\"@type\":\"EntryPoint\",\"urlTemplate\":\"https:\/\/www.mercuredubaihotel.com\/?s={search_term_string}\"},\"query-input\":{\"@type\":\"PropertyValueSpecification\",\"valueRequired\":true,\"valueName\":\"search_term_string\"}}],\"inLanguage\":\"de-DE\"}]}<\/script>\n<!-- \/ Yoast SEO plugin. -->","yoast_head_json":{"title":"DELUXE SUITE - 1 Schlafzimmer mit Blick auf die Skyline - Mercure Dubai Barsha Heights -","description":"Mit ihrem auff\u00e4lligen Dekor, den k\u00fchlen Farben und dem gro\u00dfz\u00fcgigen Platzangebot ist diese 60 Quadratmeter gro\u00dfe Deluxe-Suite ganz im Zeichen des Casual Chic gestaltet. Ausgestattet mit einer begehbaren Dusche, Flachbildschirm-Smart-TVs im Schlafzimmer und im Wohnzimmer, Kaffee- und Teezubeh\u00f6r und einem eigenen Balkon - es ist m\u00f6glich, dass du nirgendwo anders sein m\u00f6chtest","robots":{"index":"index","follow":"follow","max-snippet":"max-snippet:-1","max-image-preview":"max-image-preview:large","max-video-preview":"max-video-preview:-1"},"canonical":"https:\/\/www.mercuredubaihotel.com\/de\/suiten\/deluxe-suite-1-schlafzimmer-mit-blick-auf-die-skyline\/","og_locale":"de_DE","og_type":"article","og_title":"DELUXE SUITE - 1 Schlafzimmer mit Blick auf die Skyline - Mercure Dubai Barsha Heights -","og_description":"Mit ihrem auff\u00e4lligen Dekor, den k\u00fchlen Farben und dem gro\u00dfz\u00fcgigen Platzangebot ist diese 60 Quadratmeter gro\u00dfe Deluxe-Suite ganz im Zeichen des Casual Chic gestaltet. Ausgestattet mit einer begehbaren Dusche, Flachbildschirm-Smart-TVs im Schlafzimmer und im Wohnzimmer, Kaffee- und Teezubeh\u00f6r und einem eigenen Balkon - es ist m\u00f6glich, dass du nirgendwo anders sein m\u00f6chtest","og_url":"https:\/\/www.mercuredubaihotel.com\/de\/suiten\/deluxe-suite-1-schlafzimmer-mit-blick-auf-die-skyline\/","og_site_name":"Mercure Dubai Barsha Heights","article_modified_time":"2023-05-31T10:23:33+00:00","og_image":[{"width":2200,"height":1200,"url":"https:\/\/www.mercuredubaihotel.com\/wp-content\/uploads\/sites\/37\/2023\/02\/Mercure_dubai_barsha_heights_home_slide02.jpg","type":"image\/jpeg"}],"twitter_card":"summary_large_image","twitter_misc":{"Gesch\u00e4tzte Lesezeit":"1 Minute"},"schema":{"@context":"https:\/\/schema.org","@graph":[{"@type":"WebPage","@id":"https:\/\/www.mercuredubaihotel.com\/de\/suiten\/deluxe-suite-1-schlafzimmer-mit-blick-auf-die-skyline\/","url":"https:\/\/www.mercuredubaihotel.com\/de\/suiten\/deluxe-suite-1-schlafzimmer-mit-blick-auf-die-skyline\/","name":"DELUXE SUITE - 1 Schlafzimmer mit Blick auf die Skyline - Mercure Dubai Barsha Heights -","isPartOf":{"@id":"https:\/\/www.mercuredubaihotel.com\/#website"},"datePublished":"2023-02-22T13:04:14+00:00","dateModified":"2023-05-31T10:23:33+00:00","description":"Mit ihrem auff\u00e4lligen Dekor, den k\u00fchlen Farben und dem gro\u00dfz\u00fcgigen Platzangebot ist diese 60 Quadratmeter gro\u00dfe Deluxe-Suite ganz im Zeichen des Casual Chic gestaltet. Ausgestattet mit einer begehbaren Dusche, Flachbildschirm-Smart-TVs im Schlafzimmer und im Wohnzimmer, Kaffee- und Teezubeh\u00f6r und einem eigenen Balkon - es ist m\u00f6glich, dass du nirgendwo anders sein m\u00f6chtest","breadcrumb":{"@id":"https:\/\/www.mercuredubaihotel.com\/de\/suiten\/deluxe-suite-1-schlafzimmer-mit-blick-auf-die-skyline\/#breadcrumb"},"inLanguage":"de-DE","potentialAction":[{"@type":"ReadAction","target":["https:\/\/www.mercuredubaihotel.com\/de\/suiten\/deluxe-suite-1-schlafzimmer-mit-blick-auf-die-skyline\/"]}]},{"@type":"BreadcrumbList","@id":"https:\/\/www.mercuredubaihotel.com\/de\/suiten\/deluxe-suite-1-schlafzimmer-mit-blick-auf-die-skyline\/#breadcrumb","itemListElement":[{"@type":"ListItem","position":1,"name":"Home","item":"https:\/\/www.mercuredubaihotel.com\/de\/"},{"@type":"ListItem","position":2,"name":"Suiten","item":"https:\/\/www.mercuredubaihotel.com\/de\/suiten\/"},{"@type":"ListItem","position":3,"name":"DELUXE SUITE &#8211; 1 Schlafzimmer mit Blick auf die Skyline"}]},{"@type":"WebSite","@id":"https:\/\/www.mercuredubaihotel.com\/#website","url":"https:\/\/www.mercuredubaihotel.com\/","name":"Mercure Dubai Barsha Heights","description":"","potentialAction":[{"@type":"SearchAction","target":{"@type":"EntryPoint","urlTemplate":"https:\/\/www.mercuredubaihotel.com\/?s={search_term_string}"},"query-input":{"@type":"PropertyValueSpecification","valueRequired":true,"valueName":"search_term_string"}}],"inLanguage":"de-DE"}]}},"_links":{"self":[{"href":"https:\/\/www.mercuredubaihotel.com\/de\/wp-json\/wp\/v2\/pages\/619","targetHints":{"allow":["GET"]}}],"collection":[{"href":"https:\/\/www.mercuredubaihotel.com\/de\/wp-json\/wp\/v2\/pages"}],"about":[{"href":"https:\/\/www.mercuredubaihotel.com\/de\/wp-json\/wp\/v2\/types\/page"}],"author":[{"embeddable":true,"href":"https:\/\/www.mercuredubaihotel.com\/de\/wp-json\/wp\/v2\/users\/3"}],"replies":[{"embeddable":true,"href":"https:\/\/www.mercuredubaihotel.com\/de\/wp-json\/wp\/v2\/comments?post=619"}],"version-history":[{"count":0,"href":"https:\/\/www.mercuredubaihotel.com\/de\/wp-json\/wp\/v2\/pages\/619\/revisions"}],"up":[{"embeddable":true,"href":"https:\/\/www.mercuredubaihotel.com\/de\/wp-json\/wp\/v2\/pages\/615"}],"wp:attachment":[{"href":"https:\/\/www.mercuredubaihotel.com\/de\/wp-json\/wp\/v2\/media?parent=619"}],"wp:term":[{"taxonomy":"category","embeddable":true,"href":"https:\/\/www.mercuredubaihotel.com\/de\/wp-json\/wp\/v2\/categories?post=619"}],"curies":[{"name":"wp","href":"https:\/\/api.w.org\/{rel}","templated":true}]}}