{"id":615,"date":"2023-02-21T15:53:56","date_gmt":"2023-02-21T15:53:56","guid":{"rendered":"https:\/\/www.mercuredubaihotel.com\/suites\/"},"modified":"2023-05-29T15:47:55","modified_gmt":"2023-05-29T15:47:55","slug":"suiten","status":"publish","type":"page","link":"https:\/\/www.mercuredubaihotel.com\/de\/suiten\/","title":{"rendered":"Suiten"},"content":{"rendered":"<p>Das Mercure Dubai Barsha Heights Hotel vereint die Essenz und den Modernismus Dubais an einem Ort und hei\u00dft dich mit einem pr\u00e4chtigen Komfort willkommen. In jeder der 408 Suiten findest du jede Menge M\u00f6glichkeiten, dich zur\u00fcckzulehnen, zu entspannen und jeden wachen und schlafenden Moment deines Urlaubs in Dubai zu genie\u00dfen.<br \/>\nSowohl f\u00fcr Freizeit- als auch f\u00fcr Gesch\u00e4ftsreisende ist das Hotel in der N\u00e4he von Top-Attraktionen, Netzwerken und beliebten Reisezielen gelegen, was dir die An- und Abreise erleichtert, besonders wenn du darauf wartest, in das weiche Bett und die kuscheligen Decken zu springen.<\/p>\n<p>Jede Suite ist modern eingerichtet und in beruhigenden Wei\u00df- und Lavendelfarben gehalten, um dich vom ersten Moment an zu begeistern. Die Suiten verf\u00fcgen \u00fcber einen eigenen Wohnbereich, die gem\u00fctlichen Schlafzimmer \u00fcber Balkone und atemberaubende Ausblicke und die B\u00e4der \u00fcber begehbare Duschen und Badewannen. Was das Design angeht, so lassen sich die gezeichneten Tapeten von den wundersch\u00f6nen Panoramen der Stadt inspirieren und die Teppiche haben ma\u00dfgeschneiderte Muster, die sich durch alle Suiten, \u00f6ffentlichen Bereiche, Restaurants und Tagungsr\u00e4ume ziehen.<\/p>\n<p>Egal, ob du f\u00fcr einen Kurztrip oder f\u00fcr einen l\u00e4ngeren Aufenthalt kommst, im Mercure Dubai Barsha Heights sind wir immer darauf bedacht, deine Zeit bei uns zu einem unvergesslichen Erlebnis zu machen.<\/p>\n","protected":false},"excerpt":{"rendered":"<p>Modern und unbestreitbar komfortabel &#8211; das ist deine Chance, dich stilvoll zu erholen und zu entspannen<\/p>\n","protected":false},"author":3,"featured_media":0,"parent":0,"menu_order":5,"comment_status":"closed","ping_status":"closed","template":"template-rooms.php","meta":{"footnotes":""},"categories":[],"class_list":["post-615","page","type-page","status-publish","hentry"],"acf":[],"yoast_head":"<!-- This site is optimized with the Yoast SEO plugin v26.9 - https:\/\/yoast.com\/product\/yoast-seo-wordpress\/ -->\n<title>Suites \u2013 Mercure Dubai Barsha Heights Hotel Suites &amp; Apartments<\/title>\n<meta name=\"description\" content=\"Enjoy a stay in one of our brand new spacious Dubai hotel suites with private balconys, a separate lounge and views of the city or skyline. Accor Hotels in Dubai\" \/>\n<meta name=\"robots\" content=\"index, follow, max-snippet:-1, max-image-preview:large, max-video-preview:-1\" \/>\n<link rel=\"canonical\" href=\"https:\/\/www.mercuredubaihotel.com\/de\/suiten\/\" \/>\n<meta property=\"og:locale\" content=\"de_DE\" \/>\n<meta property=\"og:type\" content=\"article\" \/>\n<meta property=\"og:title\" content=\"Suites \u2013 Mercure Dubai Barsha Heights Hotel Suites &amp; Apartments\" \/>\n<meta property=\"og:description\" content=\"Enjoy a stay in one of our brand new spacious Dubai hotel suites with private balconys, a separate lounge and views of the city or skyline. Accor Hotels in Dubai\" \/>\n<meta property=\"og:url\" content=\"https:\/\/www.mercuredubaihotel.com\/de\/suiten\/\" \/>\n<meta property=\"og:site_name\" content=\"Mercure Dubai Barsha Heights\" \/>\n<meta property=\"article:modified_time\" content=\"2023-05-29T15:47:55+00:00\" \/>\n<meta property=\"og:image\" content=\"https:\/\/www.mercuredubaihotel.com\/wp-content\/uploads\/sites\/37\/2023\/02\/Mercure_dubai_barsha_heights_home_slide02.jpg\" \/>\n\t<meta property=\"og:image:width\" content=\"2200\" \/>\n\t<meta property=\"og:image:height\" content=\"1200\" \/>\n\t<meta property=\"og:image:type\" content=\"image\/jpeg\" \/>\n<meta name=\"twitter:card\" content=\"summary_large_image\" \/>\n<meta name=\"twitter:label1\" content=\"Gesch\u00e4tzte Lesezeit\" \/>\n\t<meta name=\"twitter:data1\" content=\"1 Minute\" \/>\n<script type=\"application\/ld+json\" class=\"yoast-schema-graph\">{\"@context\":\"https:\/\/schema.org\",\"@graph\":[{\"@type\":\"WebPage\",\"@id\":\"https:\/\/www.mercuredubaihotel.com\/de\/suiten\/\",\"url\":\"https:\/\/www.mercuredubaihotel.com\/de\/suiten\/\",\"name\":\"Suites \u2013 Mercure Dubai Barsha Heights Hotel Suites & Apartments\",\"isPartOf\":{\"@id\":\"https:\/\/www.mercuredubaihotel.com\/#website\"},\"datePublished\":\"2023-02-21T15:53:56+00:00\",\"dateModified\":\"2023-05-29T15:47:55+00:00\",\"description\":\"Enjoy a stay in one of our brand new spacious Dubai hotel suites with private balconys, a separate lounge and views of the city or skyline. Accor Hotels in Dubai\",\"breadcrumb\":{\"@id\":\"https:\/\/www.mercuredubaihotel.com\/de\/suiten\/#breadcrumb\"},\"inLanguage\":\"de-DE\",\"potentialAction\":[{\"@type\":\"ReadAction\",\"target\":[\"https:\/\/www.mercuredubaihotel.com\/de\/suiten\/\"]}]},{\"@type\":\"BreadcrumbList\",\"@id\":\"https:\/\/www.mercuredubaihotel.com\/de\/suiten\/#breadcrumb\",\"itemListElement\":[{\"@type\":\"ListItem\",\"position\":1,\"name\":\"Home\",\"item\":\"https:\/\/www.mercuredubaihotel.com\/de\/\"},{\"@type\":\"ListItem\",\"position\":2,\"name\":\"Suiten\"}]},{\"@type\":\"WebSite\",\"@id\":\"https:\/\/www.mercuredubaihotel.com\/#website\",\"url\":\"https:\/\/www.mercuredubaihotel.com\/\",\"name\":\"Mercure Dubai Barsha Heights\",\"description\":\"\",\"potentialAction\":[{\"@type\":\"SearchAction\",\"target\":{\"@type\":\"EntryPoint\",\"urlTemplate\":\"https:\/\/www.mercuredubaihotel.com\/?s={search_term_string}\"},\"query-input\":{\"@type\":\"PropertyValueSpecification\",\"valueRequired\":true,\"valueName\":\"search_term_string\"}}],\"inLanguage\":\"de-DE\"}]}<\/script>\n<!-- \/ Yoast SEO plugin. -->","yoast_head_json":{"title":"Suites \u2013 Mercure Dubai Barsha Heights Hotel Suites & Apartments","description":"Enjoy a stay in one of our brand new spacious Dubai hotel suites with private balconys, a separate lounge and views of the city or skyline. Accor Hotels in Dubai","robots":{"index":"index","follow":"follow","max-snippet":"max-snippet:-1","max-image-preview":"max-image-preview:large","max-video-preview":"max-video-preview:-1"},"canonical":"https:\/\/www.mercuredubaihotel.com\/de\/suiten\/","og_locale":"de_DE","og_type":"article","og_title":"Suites \u2013 Mercure Dubai Barsha Heights Hotel Suites & Apartments","og_description":"Enjoy a stay in one of our brand new spacious Dubai hotel suites with private balconys, a separate lounge and views of the city or skyline. Accor Hotels in Dubai","og_url":"https:\/\/www.mercuredubaihotel.com\/de\/suiten\/","og_site_name":"Mercure Dubai Barsha Heights","article_modified_time":"2023-05-29T15:47:55+00:00","og_image":[{"width":2200,"height":1200,"url":"https:\/\/www.mercuredubaihotel.com\/wp-content\/uploads\/sites\/37\/2023\/02\/Mercure_dubai_barsha_heights_home_slide02.jpg","type":"image\/jpeg"}],"twitter_card":"summary_large_image","twitter_misc":{"Gesch\u00e4tzte Lesezeit":"1 Minute"},"schema":{"@context":"https:\/\/schema.org","@graph":[{"@type":"WebPage","@id":"https:\/\/www.mercuredubaihotel.com\/de\/suiten\/","url":"https:\/\/www.mercuredubaihotel.com\/de\/suiten\/","name":"Suites \u2013 Mercure Dubai Barsha Heights Hotel Suites & Apartments","isPartOf":{"@id":"https:\/\/www.mercuredubaihotel.com\/#website"},"datePublished":"2023-02-21T15:53:56+00:00","dateModified":"2023-05-29T15:47:55+00:00","description":"Enjoy a stay in one of our brand new spacious Dubai hotel suites with private balconys, a separate lounge and views of the city or skyline. Accor Hotels in Dubai","breadcrumb":{"@id":"https:\/\/www.mercuredubaihotel.com\/de\/suiten\/#breadcrumb"},"inLanguage":"de-DE","potentialAction":[{"@type":"ReadAction","target":["https:\/\/www.mercuredubaihotel.com\/de\/suiten\/"]}]},{"@type":"BreadcrumbList","@id":"https:\/\/www.mercuredubaihotel.com\/de\/suiten\/#breadcrumb","itemListElement":[{"@type":"ListItem","position":1,"name":"Home","item":"https:\/\/www.mercuredubaihotel.com\/de\/"},{"@type":"ListItem","position":2,"name":"Suiten"}]},{"@type":"WebSite","@id":"https:\/\/www.mercuredubaihotel.com\/#website","url":"https:\/\/www.mercuredubaihotel.com\/","name":"Mercure Dubai Barsha Heights","description":"","potentialAction":[{"@type":"SearchAction","target":{"@type":"EntryPoint","urlTemplate":"https:\/\/www.mercuredubaihotel.com\/?s={search_term_string}"},"query-input":{"@type":"PropertyValueSpecification","valueRequired":true,"valueName":"search_term_string"}}],"inLanguage":"de-DE"}]}},"_links":{"self":[{"href":"https:\/\/www.mercuredubaihotel.com\/de\/wp-json\/wp\/v2\/pages\/615","targetHints":{"allow":["GET"]}}],"collection":[{"href":"https:\/\/www.mercuredubaihotel.com\/de\/wp-json\/wp\/v2\/pages"}],"about":[{"href":"https:\/\/www.mercuredubaihotel.com\/de\/wp-json\/wp\/v2\/types\/page"}],"author":[{"embeddable":true,"href":"https:\/\/www.mercuredubaihotel.com\/de\/wp-json\/wp\/v2\/users\/3"}],"replies":[{"embeddable":true,"href":"https:\/\/www.mercuredubaihotel.com\/de\/wp-json\/wp\/v2\/comments?post=615"}],"version-history":[{"count":0,"href":"https:\/\/www.mercuredubaihotel.com\/de\/wp-json\/wp\/v2\/pages\/615\/revisions"}],"wp:attachment":[{"href":"https:\/\/www.mercuredubaihotel.com\/de\/wp-json\/wp\/v2\/media?parent=615"}],"wp:term":[{"taxonomy":"category","embeddable":true,"href":"https:\/\/www.mercuredubaihotel.com\/de\/wp-json\/wp\/v2\/categories?post=615"}],"curies":[{"name":"wp","href":"https:\/\/api.w.org\/{rel}","templated":true}]}}