{"id":5209,"date":"2025-07-14T12:43:48","date_gmt":"2025-07-14T12:43:48","guid":{"rendered":"https:\/\/www.mercuredubaihotel.com\/?page_id=5209"},"modified":"2025-10-14T08:51:33","modified_gmt":"2025-10-14T08:51:33","slug":"ladestation-fuer-elektrofahrzeuge","status":"publish","type":"page","link":"https:\/\/www.mercuredubaihotel.com\/de\/gastdienste\/ladestation-fuer-elektrofahrzeuge\/","title":{"rendered":"Ladestation f\u00fcr Elektrofahrzeuge"},"content":{"rendered":"<p data-start=\"1785\" data-end=\"2037\">Im Mercure Dubai Barsha Heights setzen wir uns f\u00fcr eine gr\u00fcnere Zukunft ein. Unsere Ladestation f\u00fcr Elektrofahrzeuge (EV) steht G\u00e4sten und Besuchern zur Verf\u00fcgung \u2013 bequem und nachhaltig w\u00e4hrend Ihres Aufenthalts.<\/p>\n<p data-start=\"2039\" data-end=\"2097\">\ud83d\udccd <strong data-start=\"2042\" data-end=\"2055\">Standort:<\/strong><br data-start=\"2055\" data-end=\"2058\" \/>Parkebene 1 \u2013 Vorgesehener EV-Ladeplatz<\/p>\n<p data-start=\"2099\" data-end=\"2241\">\u26a1 <strong data-start=\"2101\" data-end=\"2117\">Ladedetails:<\/strong><br data-start=\"2117\" data-end=\"2120\" \/>Einfach einstecken und w\u00e4hrend der Nutzung der Hoteleinrichtungen laden.<br data-start=\"2192\" data-end=\"2195\" \/>24\/7 verf\u00fcgbar, wer zuerst kommt, l\u00e4dt zuerst.<\/p>\n<p data-start=\"2243\" data-end=\"2481\">\ud83d\udcb0 <strong data-start=\"2246\" data-end=\"2257\">Tarife:<\/strong><br data-start=\"2257\" data-end=\"2260\" \/>1,4 AED pro kWh w\u00e4hrend des Ladevorgangs<br data-start=\"2302\" data-end=\"2305\" \/>15 AED pro Stunde Parkgeb\u00fchr nach abgeschlossener Ladung<br data-start=\"2361\" data-end=\"2364\" \/>\ud83d\udd14 <strong data-start=\"2367\" data-end=\"2379\">Hinweis:<\/strong> Bitte entfernen Sie Ihr Fahrzeug nach der vollst\u00e4ndigen Ladung, um zus\u00e4tzliche Geb\u00fchren zu vermeiden.<\/p>\n","protected":false},"excerpt":{"rendered":"<p>Im Mercure Dubai Barsha Heights setzen wir uns f\u00fcr eine gr\u00fcnere Zukunft ein. Unsere Ladestation f\u00fcr Elektrofahrzeuge (EV) steht G\u00e4sten und Besuchern zur Verf\u00fcgung \u2013 bequem und nachhaltig w\u00e4hrend Ihres Aufenthalts. \ud83d\udccd Standort:Parkebene 1 \u2013 Vorgesehener EV-Ladeplatz \u26a1 Ladedetails:Einfach einstecken und w\u00e4hrend der Nutzung der Hoteleinrichtungen laden.24\/7 verf\u00fcgbar, wer zuerst kommt, l\u00e4dt zuerst. \ud83d\udcb0 Tarife:1,4 [&hellip;]<\/p>\n","protected":false},"author":82,"featured_media":5193,"parent":730,"menu_order":5,"comment_status":"closed","ping_status":"closed","template":"","meta":{"footnotes":""},"categories":[],"class_list":["post-5209","page","type-page","status-publish","has-post-thumbnail","hentry"],"acf":[],"yoast_head":"<!-- This site is optimized with the Yoast SEO plugin v26.9 - https:\/\/yoast.com\/product\/yoast-seo-wordpress\/ -->\n<title>Ladestation f\u00fcr Elektrofahrzeuge - Mercure Dubai Barsha Heights -<\/title>\n<meta name=\"description\" content=\"Im Mercure Dubai Barsha Heights setzen wir uns f\u00fcr eine gr\u00fcnere Zukunft ein. Unsere Ladestation f\u00fcr Elektrofahrzeuge (EV) steht G\u00e4sten und Besuchern zur Verf\u00fcgung \u2013 bequem und nachhaltig w\u00e4hrend Ihres Aufenthalts. \ud83d\udccd Standort:Parkebene 1 \u2013 Vorgesehener EV-Ladeplatz \u26a1 Ladedetails:Einfach einstecken und w\u00e4hrend der Nutzung der Hoteleinrichtungen laden.24\/7 verf\u00fcgbar, wer zuerst kommt, l\u00e4dt zuerst. \ud83d\udcb0 Tarife:1,4 AED pro kWh w\u00e4hrend des Ladevorgangs15 AED pro Stunde Parkgeb\u00fchr nach abgeschlossener Ladung\ud83d\udd14 Hinweis: Bitte entfernen Sie Ihr Fahrzeug nach der vollst\u00e4ndigen Ladung, um zus\u00e4tzliche Geb\u00fchren zu vermeiden.\" \/>\n<meta name=\"robots\" content=\"index, follow, max-snippet:-1, max-image-preview:large, max-video-preview:-1\" \/>\n<link rel=\"canonical\" href=\"https:\/\/www.mercuredubaihotel.com\/de\/gastdienste\/ladestation-fuer-elektrofahrzeuge\/\" \/>\n<meta property=\"og:locale\" content=\"de_DE\" \/>\n<meta property=\"og:type\" content=\"article\" \/>\n<meta property=\"og:title\" content=\"Ladestation f\u00fcr Elektrofahrzeuge - Mercure Dubai Barsha Heights -\" \/>\n<meta property=\"og:description\" content=\"Im Mercure Dubai Barsha Heights setzen wir uns f\u00fcr eine gr\u00fcnere Zukunft ein. Unsere Ladestation f\u00fcr Elektrofahrzeuge (EV) steht G\u00e4sten und Besuchern zur Verf\u00fcgung \u2013 bequem und nachhaltig w\u00e4hrend Ihres Aufenthalts. \ud83d\udccd Standort:Parkebene 1 \u2013 Vorgesehener EV-Ladeplatz \u26a1 Ladedetails:Einfach einstecken und w\u00e4hrend der Nutzung der Hoteleinrichtungen laden.24\/7 verf\u00fcgbar, wer zuerst kommt, l\u00e4dt zuerst. \ud83d\udcb0 Tarife:1,4 AED pro kWh w\u00e4hrend des Ladevorgangs15 AED pro Stunde Parkgeb\u00fchr nach abgeschlossener Ladung\ud83d\udd14 Hinweis: Bitte entfernen Sie Ihr Fahrzeug nach der vollst\u00e4ndigen Ladung, um zus\u00e4tzliche Geb\u00fchren zu vermeiden.\" \/>\n<meta property=\"og:url\" content=\"https:\/\/www.mercuredubaihotel.com\/de\/gastdienste\/ladestation-fuer-elektrofahrzeuge\/\" \/>\n<meta property=\"og:site_name\" content=\"Mercure Dubai Barsha Heights\" \/>\n<meta property=\"article:modified_time\" content=\"2025-10-14T08:51:33+00:00\" \/>\n<meta property=\"og:image\" content=\"https:\/\/www.mercuredubaihotel.com\/wp-content\/uploads\/sites\/37\/2025\/07\/freepik_edit_expand-to-fit-landscape-size.jpg\" \/>\n\t<meta property=\"og:image:width\" content=\"1500\" \/>\n\t<meta property=\"og:image:height\" content=\"838\" \/>\n\t<meta property=\"og:image:type\" content=\"image\/jpeg\" \/>\n<meta name=\"twitter:card\" content=\"summary_large_image\" \/>\n<script type=\"application\/ld+json\" class=\"yoast-schema-graph\">{\"@context\":\"https:\/\/schema.org\",\"@graph\":[{\"@type\":\"WebPage\",\"@id\":\"https:\/\/www.mercuredubaihotel.com\/de\/gastdienste\/ladestation-fuer-elektrofahrzeuge\/\",\"url\":\"https:\/\/www.mercuredubaihotel.com\/de\/gastdienste\/ladestation-fuer-elektrofahrzeuge\/\",\"name\":\"Ladestation f\u00fcr Elektrofahrzeuge - Mercure Dubai Barsha Heights -\",\"isPartOf\":{\"@id\":\"https:\/\/www.mercuredubaihotel.com\/#website\"},\"primaryImageOfPage\":{\"@id\":\"https:\/\/www.mercuredubaihotel.com\/de\/gastdienste\/ladestation-fuer-elektrofahrzeuge\/#primaryimage\"},\"image\":{\"@id\":\"https:\/\/www.mercuredubaihotel.com\/de\/gastdienste\/ladestation-fuer-elektrofahrzeuge\/#primaryimage\"},\"thumbnailUrl\":\"https:\/\/www.mercuredubaihotel.com\/wp-content\/uploads\/sites\/37\/2025\/07\/freepik_edit_expand-to-fit-landscape-size.jpg\",\"datePublished\":\"2025-07-14T12:43:48+00:00\",\"dateModified\":\"2025-10-14T08:51:33+00:00\",\"description\":\"Im Mercure Dubai Barsha Heights setzen wir uns f\u00fcr eine gr\u00fcnere Zukunft ein. Unsere Ladestation f\u00fcr Elektrofahrzeuge (EV) steht G\u00e4sten und Besuchern zur Verf\u00fcgung \u2013 bequem und nachhaltig w\u00e4hrend Ihres Aufenthalts. \ud83d\udccd Standort:Parkebene 1 \u2013 Vorgesehener EV-Ladeplatz \u26a1 Ladedetails:Einfach einstecken und w\u00e4hrend der Nutzung der Hoteleinrichtungen laden.24\/7 verf\u00fcgbar, wer zuerst kommt, l\u00e4dt zuerst. \ud83d\udcb0 Tarife:1,4 AED pro kWh w\u00e4hrend des Ladevorgangs15 AED pro Stunde Parkgeb\u00fchr nach abgeschlossener Ladung\ud83d\udd14 Hinweis: Bitte entfernen Sie Ihr Fahrzeug nach der vollst\u00e4ndigen Ladung, um zus\u00e4tzliche Geb\u00fchren zu vermeiden.\",\"breadcrumb\":{\"@id\":\"https:\/\/www.mercuredubaihotel.com\/de\/gastdienste\/ladestation-fuer-elektrofahrzeuge\/#breadcrumb\"},\"inLanguage\":\"de-DE\",\"potentialAction\":[{\"@type\":\"ReadAction\",\"target\":[\"https:\/\/www.mercuredubaihotel.com\/de\/gastdienste\/ladestation-fuer-elektrofahrzeuge\/\"]}]},{\"@type\":\"ImageObject\",\"inLanguage\":\"de-DE\",\"@id\":\"https:\/\/www.mercuredubaihotel.com\/de\/gastdienste\/ladestation-fuer-elektrofahrzeuge\/#primaryimage\",\"url\":\"https:\/\/www.mercuredubaihotel.com\/wp-content\/uploads\/sites\/37\/2025\/07\/freepik_edit_expand-to-fit-landscape-size.jpg\",\"contentUrl\":\"https:\/\/www.mercuredubaihotel.com\/wp-content\/uploads\/sites\/37\/2025\/07\/freepik_edit_expand-to-fit-landscape-size.jpg\",\"width\":1500,\"height\":838,\"caption\":\"electric car charging station\"},{\"@type\":\"BreadcrumbList\",\"@id\":\"https:\/\/www.mercuredubaihotel.com\/de\/gastdienste\/ladestation-fuer-elektrofahrzeuge\/#breadcrumb\",\"itemListElement\":[{\"@type\":\"ListItem\",\"position\":1,\"name\":\"Home\",\"item\":\"https:\/\/www.mercuredubaihotel.com\/de\/\"},{\"@type\":\"ListItem\",\"position\":2,\"name\":\"Gastdienste\",\"item\":\"https:\/\/www.mercuredubaihotel.com\/de\/gastdienste\/\"},{\"@type\":\"ListItem\",\"position\":3,\"name\":\"Ladestation f\u00fcr Elektrofahrzeuge\"}]},{\"@type\":\"WebSite\",\"@id\":\"https:\/\/www.mercuredubaihotel.com\/#website\",\"url\":\"https:\/\/www.mercuredubaihotel.com\/\",\"name\":\"Mercure Dubai Barsha Heights\",\"description\":\"\",\"potentialAction\":[{\"@type\":\"SearchAction\",\"target\":{\"@type\":\"EntryPoint\",\"urlTemplate\":\"https:\/\/www.mercuredubaihotel.com\/?s={search_term_string}\"},\"query-input\":{\"@type\":\"PropertyValueSpecification\",\"valueRequired\":true,\"valueName\":\"search_term_string\"}}],\"inLanguage\":\"de-DE\"}]}<\/script>\n<!-- \/ Yoast SEO plugin. -->","yoast_head_json":{"title":"Ladestation f\u00fcr Elektrofahrzeuge - Mercure Dubai Barsha Heights -","description":"Im Mercure Dubai Barsha Heights setzen wir uns f\u00fcr eine gr\u00fcnere Zukunft ein. Unsere Ladestation f\u00fcr Elektrofahrzeuge (EV) steht G\u00e4sten und Besuchern zur Verf\u00fcgung \u2013 bequem und nachhaltig w\u00e4hrend Ihres Aufenthalts. \ud83d\udccd Standort:Parkebene 1 \u2013 Vorgesehener EV-Ladeplatz \u26a1 Ladedetails:Einfach einstecken und w\u00e4hrend der Nutzung der Hoteleinrichtungen laden.24\/7 verf\u00fcgbar, wer zuerst kommt, l\u00e4dt zuerst. \ud83d\udcb0 Tarife:1,4 AED pro kWh w\u00e4hrend des Ladevorgangs15 AED pro Stunde Parkgeb\u00fchr nach abgeschlossener Ladung\ud83d\udd14 Hinweis: Bitte entfernen Sie Ihr Fahrzeug nach der vollst\u00e4ndigen Ladung, um zus\u00e4tzliche Geb\u00fchren zu vermeiden.","robots":{"index":"index","follow":"follow","max-snippet":"max-snippet:-1","max-image-preview":"max-image-preview:large","max-video-preview":"max-video-preview:-1"},"canonical":"https:\/\/www.mercuredubaihotel.com\/de\/gastdienste\/ladestation-fuer-elektrofahrzeuge\/","og_locale":"de_DE","og_type":"article","og_title":"Ladestation f\u00fcr Elektrofahrzeuge - Mercure Dubai Barsha Heights -","og_description":"Im Mercure Dubai Barsha Heights setzen wir uns f\u00fcr eine gr\u00fcnere Zukunft ein. Unsere Ladestation f\u00fcr Elektrofahrzeuge (EV) steht G\u00e4sten und Besuchern zur Verf\u00fcgung \u2013 bequem und nachhaltig w\u00e4hrend Ihres Aufenthalts. \ud83d\udccd Standort:Parkebene 1 \u2013 Vorgesehener EV-Ladeplatz \u26a1 Ladedetails:Einfach einstecken und w\u00e4hrend der Nutzung der Hoteleinrichtungen laden.24\/7 verf\u00fcgbar, wer zuerst kommt, l\u00e4dt zuerst. \ud83d\udcb0 Tarife:1,4 AED pro kWh w\u00e4hrend des Ladevorgangs15 AED pro Stunde Parkgeb\u00fchr nach abgeschlossener Ladung\ud83d\udd14 Hinweis: Bitte entfernen Sie Ihr Fahrzeug nach der vollst\u00e4ndigen Ladung, um zus\u00e4tzliche Geb\u00fchren zu vermeiden.","og_url":"https:\/\/www.mercuredubaihotel.com\/de\/gastdienste\/ladestation-fuer-elektrofahrzeuge\/","og_site_name":"Mercure Dubai Barsha Heights","article_modified_time":"2025-10-14T08:51:33+00:00","og_image":[{"width":1500,"height":838,"url":"https:\/\/www.mercuredubaihotel.com\/wp-content\/uploads\/sites\/37\/2025\/07\/freepik_edit_expand-to-fit-landscape-size.jpg","type":"image\/jpeg"}],"twitter_card":"summary_large_image","schema":{"@context":"https:\/\/schema.org","@graph":[{"@type":"WebPage","@id":"https:\/\/www.mercuredubaihotel.com\/de\/gastdienste\/ladestation-fuer-elektrofahrzeuge\/","url":"https:\/\/www.mercuredubaihotel.com\/de\/gastdienste\/ladestation-fuer-elektrofahrzeuge\/","name":"Ladestation f\u00fcr Elektrofahrzeuge - Mercure Dubai Barsha Heights -","isPartOf":{"@id":"https:\/\/www.mercuredubaihotel.com\/#website"},"primaryImageOfPage":{"@id":"https:\/\/www.mercuredubaihotel.com\/de\/gastdienste\/ladestation-fuer-elektrofahrzeuge\/#primaryimage"},"image":{"@id":"https:\/\/www.mercuredubaihotel.com\/de\/gastdienste\/ladestation-fuer-elektrofahrzeuge\/#primaryimage"},"thumbnailUrl":"https:\/\/www.mercuredubaihotel.com\/wp-content\/uploads\/sites\/37\/2025\/07\/freepik_edit_expand-to-fit-landscape-size.jpg","datePublished":"2025-07-14T12:43:48+00:00","dateModified":"2025-10-14T08:51:33+00:00","description":"Im Mercure Dubai Barsha Heights setzen wir uns f\u00fcr eine gr\u00fcnere Zukunft ein. Unsere Ladestation f\u00fcr Elektrofahrzeuge (EV) steht G\u00e4sten und Besuchern zur Verf\u00fcgung \u2013 bequem und nachhaltig w\u00e4hrend Ihres Aufenthalts. \ud83d\udccd Standort:Parkebene 1 \u2013 Vorgesehener EV-Ladeplatz \u26a1 Ladedetails:Einfach einstecken und w\u00e4hrend der Nutzung der Hoteleinrichtungen laden.24\/7 verf\u00fcgbar, wer zuerst kommt, l\u00e4dt zuerst. \ud83d\udcb0 Tarife:1,4 AED pro kWh w\u00e4hrend des Ladevorgangs15 AED pro Stunde Parkgeb\u00fchr nach abgeschlossener Ladung\ud83d\udd14 Hinweis: Bitte entfernen Sie Ihr Fahrzeug nach der vollst\u00e4ndigen Ladung, um zus\u00e4tzliche Geb\u00fchren zu vermeiden.","breadcrumb":{"@id":"https:\/\/www.mercuredubaihotel.com\/de\/gastdienste\/ladestation-fuer-elektrofahrzeuge\/#breadcrumb"},"inLanguage":"de-DE","potentialAction":[{"@type":"ReadAction","target":["https:\/\/www.mercuredubaihotel.com\/de\/gastdienste\/ladestation-fuer-elektrofahrzeuge\/"]}]},{"@type":"ImageObject","inLanguage":"de-DE","@id":"https:\/\/www.mercuredubaihotel.com\/de\/gastdienste\/ladestation-fuer-elektrofahrzeuge\/#primaryimage","url":"https:\/\/www.mercuredubaihotel.com\/wp-content\/uploads\/sites\/37\/2025\/07\/freepik_edit_expand-to-fit-landscape-size.jpg","contentUrl":"https:\/\/www.mercuredubaihotel.com\/wp-content\/uploads\/sites\/37\/2025\/07\/freepik_edit_expand-to-fit-landscape-size.jpg","width":1500,"height":838,"caption":"electric car charging station"},{"@type":"BreadcrumbList","@id":"https:\/\/www.mercuredubaihotel.com\/de\/gastdienste\/ladestation-fuer-elektrofahrzeuge\/#breadcrumb","itemListElement":[{"@type":"ListItem","position":1,"name":"Home","item":"https:\/\/www.mercuredubaihotel.com\/de\/"},{"@type":"ListItem","position":2,"name":"Gastdienste","item":"https:\/\/www.mercuredubaihotel.com\/de\/gastdienste\/"},{"@type":"ListItem","position":3,"name":"Ladestation f\u00fcr Elektrofahrzeuge"}]},{"@type":"WebSite","@id":"https:\/\/www.mercuredubaihotel.com\/#website","url":"https:\/\/www.mercuredubaihotel.com\/","name":"Mercure Dubai Barsha Heights","description":"","potentialAction":[{"@type":"SearchAction","target":{"@type":"EntryPoint","urlTemplate":"https:\/\/www.mercuredubaihotel.com\/?s={search_term_string}"},"query-input":{"@type":"PropertyValueSpecification","valueRequired":true,"valueName":"search_term_string"}}],"inLanguage":"de-DE"}]}},"_links":{"self":[{"href":"https:\/\/www.mercuredubaihotel.com\/de\/wp-json\/wp\/v2\/pages\/5209","targetHints":{"allow":["GET"]}}],"collection":[{"href":"https:\/\/www.mercuredubaihotel.com\/de\/wp-json\/wp\/v2\/pages"}],"about":[{"href":"https:\/\/www.mercuredubaihotel.com\/de\/wp-json\/wp\/v2\/types\/page"}],"author":[{"embeddable":true,"href":"https:\/\/www.mercuredubaihotel.com\/de\/wp-json\/wp\/v2\/users\/82"}],"replies":[{"embeddable":true,"href":"https:\/\/www.mercuredubaihotel.com\/de\/wp-json\/wp\/v2\/comments?post=5209"}],"version-history":[{"count":0,"href":"https:\/\/www.mercuredubaihotel.com\/de\/wp-json\/wp\/v2\/pages\/5209\/revisions"}],"up":[{"embeddable":true,"href":"https:\/\/www.mercuredubaihotel.com\/de\/wp-json\/wp\/v2\/pages\/730"}],"wp:featuredmedia":[{"embeddable":true,"href":"https:\/\/www.mercuredubaihotel.com\/de\/wp-json\/wp\/v2\/media\/5193"}],"wp:attachment":[{"href":"https:\/\/www.mercuredubaihotel.com\/de\/wp-json\/wp\/v2\/media?parent=5209"}],"wp:term":[{"taxonomy":"category","embeddable":true,"href":"https:\/\/www.mercuredubaihotel.com\/de\/wp-json\/wp\/v2\/categories?post=5209"}],"curies":[{"name":"wp","href":"https:\/\/api.w.org\/{rel}","templated":true}]}}