{"id":1565,"date":"2023-08-19T12:02:16","date_gmt":"2023-08-19T12:02:16","guid":{"rendered":"https:\/\/www.mercuredubaihotel.com\/angebot-fuer-langzeitaufenthalte\/early-bird-long-stay-offer\/"},"modified":"2026-01-02T07:20:49","modified_gmt":"2026-01-02T07:20:49","slug":"early-bird-long-stay-offer","status":"publish","type":"page","link":"https:\/\/www.mercuredubaihotel.com\/de\/angebot-fuer-langzeitaufenthalte\/early-bird-long-stay-offer\/","title":{"rendered":"VORVERKAUFSANGEBOT-ANGEBOT F\u00dcR LANGZEITAUFENTHALTE"},"content":{"rendered":"<p style=\"text-align: left\">Bemerkenswerter Wert und unschlagbare Lage. Apartments, die die Annehmlichkeiten eines Hotels und die Privatsph\u00e4re eines Zuhauses bieten.<\/p>\n<table style=\"height: 64px\" width=\"557\">\n<tbody>\n<tr>\n<td style=\"text-align: center\" width=\"180\"><span style=\"color: #570385\"><strong>Apartment mit einem Schlafzimmer<\/strong><\/span><\/td>\n<td style=\"text-align: center\" width=\"252\">Ab AED 15,000\u00a0 pro Monat<\/td>\n<\/tr>\n<tr>\n<td style=\"text-align: center\" width=\"180\"><span style=\"color: #570385\"><strong>Appartement mit zwei Schlafzimmern<\/strong><\/span><\/td>\n<td style=\"text-align: center\" width=\"252\">Ab AED 22,000 pro Monat<\/td>\n<\/tr>\n<\/tbody>\n<\/table>\n<p><strong>Vorteile:<\/strong><\/p>\n<ul>\n<li>50% Rabatt auf W\u00e4sche<\/li>\n<li>25% Rabatt auf das Essen<\/li>\n<li>1 \u00fcberdachter Autostellplatz pro Apartment<\/li>\n<li>Kostenlose Autow\u00e4sche (AGBs gelten)<\/li>\n<li>Zweimal w\u00f6chentlicher Hausmeisterservice &#8211; T\u00e4gliche M\u00fcllabfuhr<\/li>\n<li>Kostenfreie Nutzung von Strom und Gas<\/li>\n<li>Kostenloses Hochgeschwindigkeits-Internet<\/li>\n<li>24-Stunden-Sicherheitsdienst, Rezeption und Concierge-Service<\/li>\n<li>Freier Zugang zu Fitnessstudio und Pool<\/li>\n<li>Freier Zugang zum Kinderclub*<\/li>\n<li>Mehrkanal-Satellitenfernsehen, privater Balkon, Geschirrsp\u00fcler (nur 2BR), Waschmaschine mit Trockner<\/li>\n<li>24-Stunden-Speisung auf dem Zimmer<\/li>\n<li>Direkt neben der Dubai Internet City Metro Station<\/li>\n<li>Ger\u00e4umiger Balkon mit Blick auf die Stadt oder das Meer<\/li>\n<li>Vollst\u00e4ndig ausgestattete K\u00fcche<\/li>\n<li>Engagiertes Long Stay Team f\u00fcr deinen Service<\/li>\n<li>Kostenlose Shisha zur Begr\u00fc\u00dfung<\/li>\n<\/ul>\n<p><strong>Bedingungen und Konditionen:<\/strong><\/p>\n<ul>\n<li>Nur f\u00fcr neue Buchungen g\u00fcltig<\/li>\n<li>Preise und Inklusivleistungen k\u00f6nnen sich je nach Monat der Buchung \u00e4ndern.<\/li>\n<li>Die Preise verstehen sich inklusive Gemeindegeb\u00fchren, Servicegeb\u00fchren und Mehrwertsteuer.<\/li>\n<li>Die Preise gelten vorbehaltlich der Tourismus-Dirham-Geb\u00fchren und der Kaution.<\/li>\n<li>Hotelguthaben kann nicht in Bargeld umgetauscht werden<\/li>\n<li>Das Hotelguthaben muss innerhalb desselben Monats verbraucht werden und kann nicht auf andere Monate \u00fcbertragen oder zur\u00fcckerstattet werden.<\/li>\n<li><strong>Autow\u00e4sche<\/strong>: F\u00fcr ein 1-Schlafzimmer-Apartment werden 5 kostenlose Autow\u00e4schen angeboten, f\u00fcr ein 2-Schlafzimmer-Apartment werden 5 kostenlose Autow\u00e4schen angeboten (bei 1 Auto), bei 2 Autos werden 10 kostenlose Autow\u00e4schen angeboten.<\/li>\n<li><strong>Das oben genannte Angebot gilt f\u00fcr Aufenthalte ab sofort bis zum 31. M\u00e4rz 2026 und ist f\u00fcr Buchungen g\u00fcltig, die bis zum 31. M\u00e4rz 2026 vorgenommen werden.<\/strong><\/li>\n<li>Vorbehaltlich der Verf\u00fcgbarkeit der Apartments<\/li>\n<li><strong>Parkpl\u00e4tze<\/strong>: F\u00fcr ein 1-Schlafzimmer-Apartment wird 1 Parkplatz angeboten, f\u00fcr ein 2-Schlafzimmer-Apartment werden 2 Parkpl\u00e4tze angeboten.<\/li>\n<\/ul>\n<p style=\"text-align: left\"><strong>F\u00fcr Besichtigungen und Buchungen wende dich bitte an die Verkaufsabteilung:<\/strong><\/p>\n<p>Ruf: +971 56 961 6108<br \/>\nE-mail: <a href=\"mailto:rube.manuzon@accor.com\/\">rube.manuzon@accor.com\/<\/a><\/p>\n","protected":false},"excerpt":{"rendered":"<p>Bemerkenswerter Wert und unschlagbare Lage. Apartments, die die Annehmlichkeiten eines Hotels und die Privatsph\u00e4re eines Zuhauses bieten. Apartment mit einem Schlafzimmer Ab AED 15,000\u00a0 pro Monat Appartement mit zwei Schlafzimmern Ab AED 22,000 pro Monat Vorteile: 50% Rabatt auf W\u00e4sche 25% Rabatt auf das Essen 1 \u00fcberdachter Autostellplatz pro Apartment Kostenlose Autow\u00e4sche (AGBs gelten) Zweimal [&hellip;]<\/p>\n","protected":false},"author":82,"featured_media":1619,"parent":739,"menu_order":3,"comment_status":"closed","ping_status":"closed","template":"","meta":{"footnotes":""},"categories":[],"class_list":["post-1565","page","type-page","status-publish","has-post-thumbnail","hentry"],"acf":[],"yoast_head":"<!-- This site is optimized with the Yoast SEO plugin v26.9 - https:\/\/yoast.com\/product\/yoast-seo-wordpress\/ -->\n<title>VORVERKAUFSANGEBOT-ANGEBOT F\u00dcR LANGZEITAUFENTHALTE - Mercure Dubai Barsha Heights -<\/title>\n<meta name=\"description\" content=\"Bemerkenswerter Wert und unschlagbare Lage. Apartments, die die Annehmlichkeiten eines Hotels und die Privatsph\u00e4re eines Zuhauses bieten.     Apartment mit einem Schlafzimmer Ab AED 15,000\u00a0 pro Monat   Appartement mit zwei Schlafzimmern Ab AED 22,000 pro Monat    Vorteile:   50% Rabatt auf W\u00e4sche  25% Rabatt auf das Essen  1 \u00fcberdachter Autostellplatz pro Apartment  Kostenlose Autow\u00e4sche (AGBs gelten)  Zweimal w\u00f6chentlicher Hausmeisterservice - T\u00e4gliche M\u00fcllabfuhr  Kostenfreie Nutzung von Strom und Gas  Kostenloses Hochgeschwindigkeits-Internet  24-Stunden-Sicherheitsdienst, Rezeption und Concierge-Service  Freier Zugang zu Fitnessstudio und Pool  Freier Zugang zum Kinderclub*  Mehrkanal-Satellitenfernsehen, privater Balkon, Geschirrsp\u00fcler (nur 2BR), Waschmaschine mit Trockner  24-Stunden-Speisung auf dem Zimmer  Direkt neben der Dubai Internet City Metro Station  Ger\u00e4umiger Balkon mit Blick auf die Stadt oder das Meer  Vollst\u00e4ndig ausgestattete K\u00fcche  Engagiertes Long Stay Team f\u00fcr deinen Service  Kostenlose Shisha zur Begr\u00fc\u00dfung  Bedingungen und Konditionen:   Nur f\u00fcr neue Buchungen g\u00fcltig  Preise und Inklusivleistungen k\u00f6nnen sich je nach Monat der Buchung \u00e4ndern.  Die Preise verstehen sich inklusive Gemeindegeb\u00fchren, Servicegeb\u00fchren und Mehrwertsteuer.  Die Preise gelten vorbehaltlich der Tourismus-Dirham-Geb\u00fchren und der Kaution.  Hotelguthaben kann nicht in Bargeld umgetauscht werden  Das Hotelguthaben muss innerhalb desselben Monats verbraucht werden und kann nicht auf andere Monate \u00fcbertragen oder zur\u00fcckerstattet werden.  Autow\u00e4sche: F\u00fcr ein 1-Schlafzimmer-Apartment werden 5 kostenlose Autow\u00e4schen angeboten, f\u00fcr ein 2-Schlafzimmer-Apartment werden 5 kostenlose Autow\u00e4schen angeboten (bei 1 Auto), bei 2 Autos werden 10 kostenlose Autow\u00e4schen angeboten.  Das oben genannte Angebot gilt f\u00fcr Aufenthalte ab sofort bis zum 31\" \/>\n<meta name=\"robots\" content=\"index, follow, max-snippet:-1, max-image-preview:large, max-video-preview:-1\" \/>\n<link rel=\"canonical\" href=\"https:\/\/www.mercuredubaihotel.com\/de\/angebot-fuer-langzeitaufenthalte\/early-bird-long-stay-offer\/\" \/>\n<meta property=\"og:locale\" content=\"de_DE\" \/>\n<meta property=\"og:type\" content=\"article\" \/>\n<meta property=\"og:title\" content=\"VORVERKAUFSANGEBOT-ANGEBOT F\u00dcR LANGZEITAUFENTHALTE - Mercure Dubai Barsha Heights -\" \/>\n<meta property=\"og:description\" content=\"Bemerkenswerter Wert und unschlagbare Lage. Apartments, die die Annehmlichkeiten eines Hotels und die Privatsph\u00e4re eines Zuhauses bieten.     Apartment mit einem Schlafzimmer Ab AED 15,000\u00a0 pro Monat   Appartement mit zwei Schlafzimmern Ab AED 22,000 pro Monat    Vorteile:   50% Rabatt auf W\u00e4sche  25% Rabatt auf das Essen  1 \u00fcberdachter Autostellplatz pro Apartment  Kostenlose Autow\u00e4sche (AGBs gelten)  Zweimal w\u00f6chentlicher Hausmeisterservice - T\u00e4gliche M\u00fcllabfuhr  Kostenfreie Nutzung von Strom und Gas  Kostenloses Hochgeschwindigkeits-Internet  24-Stunden-Sicherheitsdienst, Rezeption und Concierge-Service  Freier Zugang zu Fitnessstudio und Pool  Freier Zugang zum Kinderclub*  Mehrkanal-Satellitenfernsehen, privater Balkon, Geschirrsp\u00fcler (nur 2BR), Waschmaschine mit Trockner  24-Stunden-Speisung auf dem Zimmer  Direkt neben der Dubai Internet City Metro Station  Ger\u00e4umiger Balkon mit Blick auf die Stadt oder das Meer  Vollst\u00e4ndig ausgestattete K\u00fcche  Engagiertes Long Stay Team f\u00fcr deinen Service  Kostenlose Shisha zur Begr\u00fc\u00dfung  Bedingungen und Konditionen:   Nur f\u00fcr neue Buchungen g\u00fcltig  Preise und Inklusivleistungen k\u00f6nnen sich je nach Monat der Buchung \u00e4ndern.  Die Preise verstehen sich inklusive Gemeindegeb\u00fchren, Servicegeb\u00fchren und Mehrwertsteuer.  Die Preise gelten vorbehaltlich der Tourismus-Dirham-Geb\u00fchren und der Kaution.  Hotelguthaben kann nicht in Bargeld umgetauscht werden  Das Hotelguthaben muss innerhalb desselben Monats verbraucht werden und kann nicht auf andere Monate \u00fcbertragen oder zur\u00fcckerstattet werden.  Autow\u00e4sche: F\u00fcr ein 1-Schlafzimmer-Apartment werden 5 kostenlose Autow\u00e4schen angeboten, f\u00fcr ein 2-Schlafzimmer-Apartment werden 5 kostenlose Autow\u00e4schen angeboten (bei 1 Auto), bei 2 Autos werden 10 kostenlose Autow\u00e4schen angeboten.  Das oben genannte Angebot gilt f\u00fcr Aufenthalte ab sofort bis zum 31\" \/>\n<meta property=\"og:url\" content=\"https:\/\/www.mercuredubaihotel.com\/de\/angebot-fuer-langzeitaufenthalte\/early-bird-long-stay-offer\/\" \/>\n<meta property=\"og:site_name\" content=\"Mercure Dubai Barsha Heights\" \/>\n<meta property=\"article:modified_time\" content=\"2026-01-02T07:20:49+00:00\" \/>\n<meta property=\"og:image\" content=\"https:\/\/www.mercuredubaihotel.com\/wp-content\/uploads\/sites\/37\/2023\/08\/55A2768.jpg\" \/>\n\t<meta property=\"og:image:width\" content=\"1945\" \/>\n\t<meta property=\"og:image:height\" content=\"963\" \/>\n\t<meta property=\"og:image:type\" content=\"image\/jpeg\" \/>\n<meta name=\"twitter:card\" content=\"summary_large_image\" \/>\n<meta name=\"twitter:label1\" content=\"Gesch\u00e4tzte Lesezeit\" \/>\n\t<meta name=\"twitter:data1\" content=\"2 Minuten\" \/>\n<script type=\"application\/ld+json\" class=\"yoast-schema-graph\">{\"@context\":\"https:\/\/schema.org\",\"@graph\":[{\"@type\":\"WebPage\",\"@id\":\"https:\/\/www.mercuredubaihotel.com\/de\/angebot-fuer-langzeitaufenthalte\/early-bird-long-stay-offer\/\",\"url\":\"https:\/\/www.mercuredubaihotel.com\/de\/angebot-fuer-langzeitaufenthalte\/early-bird-long-stay-offer\/\",\"name\":\"VORVERKAUFSANGEBOT-ANGEBOT F\u00dcR LANGZEITAUFENTHALTE - Mercure Dubai Barsha Heights -\",\"isPartOf\":{\"@id\":\"https:\/\/www.mercuredubaihotel.com\/#website\"},\"primaryImageOfPage\":{\"@id\":\"https:\/\/www.mercuredubaihotel.com\/de\/angebot-fuer-langzeitaufenthalte\/early-bird-long-stay-offer\/#primaryimage\"},\"image\":{\"@id\":\"https:\/\/www.mercuredubaihotel.com\/de\/angebot-fuer-langzeitaufenthalte\/early-bird-long-stay-offer\/#primaryimage\"},\"thumbnailUrl\":\"https:\/\/www.mercuredubaihotel.com\/wp-content\/uploads\/sites\/37\/2023\/08\/55A2768.jpg\",\"datePublished\":\"2023-08-19T12:02:16+00:00\",\"dateModified\":\"2026-01-02T07:20:49+00:00\",\"description\":\"Bemerkenswerter Wert und unschlagbare Lage. Apartments, die die Annehmlichkeiten eines Hotels und die Privatsph\u00e4re eines Zuhauses bieten. Apartment mit einem Schlafzimmer Ab AED 15,000\u00a0 pro Monat Appartement mit zwei Schlafzimmern Ab AED 22,000 pro Monat Vorteile: \u2022 50% Rabatt auf W\u00e4sche \u2022 25% Rabatt auf das Essen \u2022 1 \u00fcberdachter Autostellplatz pro Apartment \u2022 Kostenlose Autow\u00e4sche (AGBs gelten) \u2022 Zweimal w\u00f6chentlicher Hausmeisterservice - T\u00e4gliche M\u00fcllabfuhr \u2022 Kostenfreie Nutzung von Strom und Gas \u2022 Kostenloses Hochgeschwindigkeits-Internet \u2022 24-Stunden-Sicherheitsdienst, Rezeption und Concierge-Service \u2022 Freier Zugang zu Fitnessstudio und Pool \u2022 Freier Zugang zum Kinderclub* \u2022 Mehrkanal-Satellitenfernsehen, privater Balkon, Geschirrsp\u00fcler (nur 2BR), Waschmaschine mit Trockner \u2022 24-Stunden-Speisung auf dem Zimmer \u2022 Direkt neben der Dubai Internet City Metro Station \u2022 Ger\u00e4umiger Balkon mit Blick auf die Stadt oder das Meer \u2022 Vollst\u00e4ndig ausgestattete K\u00fcche \u2022 Engagiertes Long Stay Team f\u00fcr deinen Service \u2022 Kostenlose Shisha zur Begr\u00fc\u00dfung Bedingungen und Konditionen: \u2022 Nur f\u00fcr neue Buchungen g\u00fcltig \u2022 Preise und Inklusivleistungen k\u00f6nnen sich je nach Monat der Buchung \u00e4ndern. \u2022 Die Preise verstehen sich inklusive Gemeindegeb\u00fchren, Servicegeb\u00fchren und Mehrwertsteuer. \u2022 Die Preise gelten vorbehaltlich der Tourismus-Dirham-Geb\u00fchren und der Kaution. \u2022 Hotelguthaben kann nicht in Bargeld umgetauscht werden \u2022 Das Hotelguthaben muss innerhalb desselben Monats verbraucht werden und kann nicht auf andere Monate \u00fcbertragen oder zur\u00fcckerstattet werden. \u2022 Autow\u00e4sche: F\u00fcr ein 1-Schlafzimmer-Apartment werden 5 kostenlose Autow\u00e4schen angeboten, f\u00fcr ein 2-Schlafzimmer-Apartment werden 5 kostenlose Autow\u00e4schen angeboten (bei 1 Auto), bei 2 Autos werden 10 kostenlose Autow\u00e4schen angeboten. \u2022 Das oben genannte Angebot gilt f\u00fcr Aufenthalte ab sofort bis zum 31\",\"breadcrumb\":{\"@id\":\"https:\/\/www.mercuredubaihotel.com\/de\/angebot-fuer-langzeitaufenthalte\/early-bird-long-stay-offer\/#breadcrumb\"},\"inLanguage\":\"de-DE\",\"potentialAction\":[{\"@type\":\"ReadAction\",\"target\":[\"https:\/\/www.mercuredubaihotel.com\/de\/angebot-fuer-langzeitaufenthalte\/early-bird-long-stay-offer\/\"]}]},{\"@type\":\"ImageObject\",\"inLanguage\":\"de-DE\",\"@id\":\"https:\/\/www.mercuredubaihotel.com\/de\/angebot-fuer-langzeitaufenthalte\/early-bird-long-stay-offer\/#primaryimage\",\"url\":\"https:\/\/www.mercuredubaihotel.com\/wp-content\/uploads\/sites\/37\/2023\/08\/55A2768.jpg\",\"contentUrl\":\"https:\/\/www.mercuredubaihotel.com\/wp-content\/uploads\/sites\/37\/2023\/08\/55A2768.jpg\",\"width\":1945,\"height\":963},{\"@type\":\"BreadcrumbList\",\"@id\":\"https:\/\/www.mercuredubaihotel.com\/de\/angebot-fuer-langzeitaufenthalte\/early-bird-long-stay-offer\/#breadcrumb\",\"itemListElement\":[{\"@type\":\"ListItem\",\"position\":1,\"name\":\"Home\",\"item\":\"https:\/\/www.mercuredubaihotel.com\/de\/\"},{\"@type\":\"ListItem\",\"position\":2,\"name\":\"Langzeitaufenthalte\",\"item\":\"https:\/\/www.mercuredubaihotel.com\/de\/angebot-fuer-langzeitaufenthalte\/\"},{\"@type\":\"ListItem\",\"position\":3,\"name\":\"VORVERKAUFSANGEBOT-ANGEBOT F\u00dcR LANGZEITAUFENTHALTE\"}]},{\"@type\":\"WebSite\",\"@id\":\"https:\/\/www.mercuredubaihotel.com\/#website\",\"url\":\"https:\/\/www.mercuredubaihotel.com\/\",\"name\":\"Mercure Dubai Barsha Heights\",\"description\":\"\",\"potentialAction\":[{\"@type\":\"SearchAction\",\"target\":{\"@type\":\"EntryPoint\",\"urlTemplate\":\"https:\/\/www.mercuredubaihotel.com\/?s={search_term_string}\"},\"query-input\":{\"@type\":\"PropertyValueSpecification\",\"valueRequired\":true,\"valueName\":\"search_term_string\"}}],\"inLanguage\":\"de-DE\"}]}<\/script>\n<!-- \/ Yoast SEO plugin. -->","yoast_head_json":{"title":"VORVERKAUFSANGEBOT-ANGEBOT F\u00dcR LANGZEITAUFENTHALTE - Mercure Dubai Barsha Heights -","description":"Bemerkenswerter Wert und unschlagbare Lage. Apartments, die die Annehmlichkeiten eines Hotels und die Privatsph\u00e4re eines Zuhauses bieten.     Apartment mit einem Schlafzimmer Ab AED 15,000\u00a0 pro Monat   Appartement mit zwei Schlafzimmern Ab AED 22,000 pro Monat    Vorteile:   50% Rabatt auf W\u00e4sche  25% Rabatt auf das Essen  1 \u00fcberdachter Autostellplatz pro Apartment  Kostenlose Autow\u00e4sche (AGBs gelten)  Zweimal w\u00f6chentlicher Hausmeisterservice - T\u00e4gliche M\u00fcllabfuhr  Kostenfreie Nutzung von Strom und Gas  Kostenloses Hochgeschwindigkeits-Internet  24-Stunden-Sicherheitsdienst, Rezeption und Concierge-Service  Freier Zugang zu Fitnessstudio und Pool  Freier Zugang zum Kinderclub*  Mehrkanal-Satellitenfernsehen, privater Balkon, Geschirrsp\u00fcler (nur 2BR), Waschmaschine mit Trockner  24-Stunden-Speisung auf dem Zimmer  Direkt neben der Dubai Internet City Metro Station  Ger\u00e4umiger Balkon mit Blick auf die Stadt oder das Meer  Vollst\u00e4ndig ausgestattete K\u00fcche  Engagiertes Long Stay Team f\u00fcr deinen Service  Kostenlose Shisha zur Begr\u00fc\u00dfung  Bedingungen und Konditionen:   Nur f\u00fcr neue Buchungen g\u00fcltig  Preise und Inklusivleistungen k\u00f6nnen sich je nach Monat der Buchung \u00e4ndern.  Die Preise verstehen sich inklusive Gemeindegeb\u00fchren, Servicegeb\u00fchren und Mehrwertsteuer.  Die Preise gelten vorbehaltlich der Tourismus-Dirham-Geb\u00fchren und der Kaution.  Hotelguthaben kann nicht in Bargeld umgetauscht werden  Das Hotelguthaben muss innerhalb desselben Monats verbraucht werden und kann nicht auf andere Monate \u00fcbertragen oder zur\u00fcckerstattet werden.  Autow\u00e4sche: F\u00fcr ein 1-Schlafzimmer-Apartment werden 5 kostenlose Autow\u00e4schen angeboten, f\u00fcr ein 2-Schlafzimmer-Apartment werden 5 kostenlose Autow\u00e4schen angeboten (bei 1 Auto), bei 2 Autos werden 10 kostenlose Autow\u00e4schen angeboten.  Das oben genannte Angebot gilt f\u00fcr Aufenthalte ab sofort bis zum 31","robots":{"index":"index","follow":"follow","max-snippet":"max-snippet:-1","max-image-preview":"max-image-preview:large","max-video-preview":"max-video-preview:-1"},"canonical":"https:\/\/www.mercuredubaihotel.com\/de\/angebot-fuer-langzeitaufenthalte\/early-bird-long-stay-offer\/","og_locale":"de_DE","og_type":"article","og_title":"VORVERKAUFSANGEBOT-ANGEBOT F\u00dcR LANGZEITAUFENTHALTE - Mercure Dubai Barsha Heights -","og_description":"Bemerkenswerter Wert und unschlagbare Lage. Apartments, die die Annehmlichkeiten eines Hotels und die Privatsph\u00e4re eines Zuhauses bieten.     Apartment mit einem Schlafzimmer Ab AED 15,000\u00a0 pro Monat   Appartement mit zwei Schlafzimmern Ab AED 22,000 pro Monat    Vorteile:   50% Rabatt auf W\u00e4sche  25% Rabatt auf das Essen  1 \u00fcberdachter Autostellplatz pro Apartment  Kostenlose Autow\u00e4sche (AGBs gelten)  Zweimal w\u00f6chentlicher Hausmeisterservice - T\u00e4gliche M\u00fcllabfuhr  Kostenfreie Nutzung von Strom und Gas  Kostenloses Hochgeschwindigkeits-Internet  24-Stunden-Sicherheitsdienst, Rezeption und Concierge-Service  Freier Zugang zu Fitnessstudio und Pool  Freier Zugang zum Kinderclub*  Mehrkanal-Satellitenfernsehen, privater Balkon, Geschirrsp\u00fcler (nur 2BR), Waschmaschine mit Trockner  24-Stunden-Speisung auf dem Zimmer  Direkt neben der Dubai Internet City Metro Station  Ger\u00e4umiger Balkon mit Blick auf die Stadt oder das Meer  Vollst\u00e4ndig ausgestattete K\u00fcche  Engagiertes Long Stay Team f\u00fcr deinen Service  Kostenlose Shisha zur Begr\u00fc\u00dfung  Bedingungen und Konditionen:   Nur f\u00fcr neue Buchungen g\u00fcltig  Preise und Inklusivleistungen k\u00f6nnen sich je nach Monat der Buchung \u00e4ndern.  Die Preise verstehen sich inklusive Gemeindegeb\u00fchren, Servicegeb\u00fchren und Mehrwertsteuer.  Die Preise gelten vorbehaltlich der Tourismus-Dirham-Geb\u00fchren und der Kaution.  Hotelguthaben kann nicht in Bargeld umgetauscht werden  Das Hotelguthaben muss innerhalb desselben Monats verbraucht werden und kann nicht auf andere Monate \u00fcbertragen oder zur\u00fcckerstattet werden.  Autow\u00e4sche: F\u00fcr ein 1-Schlafzimmer-Apartment werden 5 kostenlose Autow\u00e4schen angeboten, f\u00fcr ein 2-Schlafzimmer-Apartment werden 5 kostenlose Autow\u00e4schen angeboten (bei 1 Auto), bei 2 Autos werden 10 kostenlose Autow\u00e4schen angeboten.  Das oben genannte Angebot gilt f\u00fcr Aufenthalte ab sofort bis zum 31","og_url":"https:\/\/www.mercuredubaihotel.com\/de\/angebot-fuer-langzeitaufenthalte\/early-bird-long-stay-offer\/","og_site_name":"Mercure Dubai Barsha Heights","article_modified_time":"2026-01-02T07:20:49+00:00","og_image":[{"width":1945,"height":963,"url":"https:\/\/www.mercuredubaihotel.com\/wp-content\/uploads\/sites\/37\/2023\/08\/55A2768.jpg","type":"image\/jpeg"}],"twitter_card":"summary_large_image","twitter_misc":{"Gesch\u00e4tzte Lesezeit":"2 Minuten"},"schema":{"@context":"https:\/\/schema.org","@graph":[{"@type":"WebPage","@id":"https:\/\/www.mercuredubaihotel.com\/de\/angebot-fuer-langzeitaufenthalte\/early-bird-long-stay-offer\/","url":"https:\/\/www.mercuredubaihotel.com\/de\/angebot-fuer-langzeitaufenthalte\/early-bird-long-stay-offer\/","name":"VORVERKAUFSANGEBOT-ANGEBOT F\u00dcR LANGZEITAUFENTHALTE - Mercure Dubai Barsha Heights -","isPartOf":{"@id":"https:\/\/www.mercuredubaihotel.com\/#website"},"primaryImageOfPage":{"@id":"https:\/\/www.mercuredubaihotel.com\/de\/angebot-fuer-langzeitaufenthalte\/early-bird-long-stay-offer\/#primaryimage"},"image":{"@id":"https:\/\/www.mercuredubaihotel.com\/de\/angebot-fuer-langzeitaufenthalte\/early-bird-long-stay-offer\/#primaryimage"},"thumbnailUrl":"https:\/\/www.mercuredubaihotel.com\/wp-content\/uploads\/sites\/37\/2023\/08\/55A2768.jpg","datePublished":"2023-08-19T12:02:16+00:00","dateModified":"2026-01-02T07:20:49+00:00","description":"Bemerkenswerter Wert und unschlagbare Lage. Apartments, die die Annehmlichkeiten eines Hotels und die Privatsph\u00e4re eines Zuhauses bieten. Apartment mit einem Schlafzimmer Ab AED 15,000\u00a0 pro Monat Appartement mit zwei Schlafzimmern Ab AED 22,000 pro Monat Vorteile: \u2022 50% Rabatt auf W\u00e4sche \u2022 25% Rabatt auf das Essen \u2022 1 \u00fcberdachter Autostellplatz pro Apartment \u2022 Kostenlose Autow\u00e4sche (AGBs gelten) \u2022 Zweimal w\u00f6chentlicher Hausmeisterservice - T\u00e4gliche M\u00fcllabfuhr \u2022 Kostenfreie Nutzung von Strom und Gas \u2022 Kostenloses Hochgeschwindigkeits-Internet \u2022 24-Stunden-Sicherheitsdienst, Rezeption und Concierge-Service \u2022 Freier Zugang zu Fitnessstudio und Pool \u2022 Freier Zugang zum Kinderclub* \u2022 Mehrkanal-Satellitenfernsehen, privater Balkon, Geschirrsp\u00fcler (nur 2BR), Waschmaschine mit Trockner \u2022 24-Stunden-Speisung auf dem Zimmer \u2022 Direkt neben der Dubai Internet City Metro Station \u2022 Ger\u00e4umiger Balkon mit Blick auf die Stadt oder das Meer \u2022 Vollst\u00e4ndig ausgestattete K\u00fcche \u2022 Engagiertes Long Stay Team f\u00fcr deinen Service \u2022 Kostenlose Shisha zur Begr\u00fc\u00dfung Bedingungen und Konditionen: \u2022 Nur f\u00fcr neue Buchungen g\u00fcltig \u2022 Preise und Inklusivleistungen k\u00f6nnen sich je nach Monat der Buchung \u00e4ndern. \u2022 Die Preise verstehen sich inklusive Gemeindegeb\u00fchren, Servicegeb\u00fchren und Mehrwertsteuer. \u2022 Die Preise gelten vorbehaltlich der Tourismus-Dirham-Geb\u00fchren und der Kaution. \u2022 Hotelguthaben kann nicht in Bargeld umgetauscht werden \u2022 Das Hotelguthaben muss innerhalb desselben Monats verbraucht werden und kann nicht auf andere Monate \u00fcbertragen oder zur\u00fcckerstattet werden. \u2022 Autow\u00e4sche: F\u00fcr ein 1-Schlafzimmer-Apartment werden 5 kostenlose Autow\u00e4schen angeboten, f\u00fcr ein 2-Schlafzimmer-Apartment werden 5 kostenlose Autow\u00e4schen angeboten (bei 1 Auto), bei 2 Autos werden 10 kostenlose Autow\u00e4schen angeboten. \u2022 Das oben genannte Angebot gilt f\u00fcr Aufenthalte ab sofort bis zum 31","breadcrumb":{"@id":"https:\/\/www.mercuredubaihotel.com\/de\/angebot-fuer-langzeitaufenthalte\/early-bird-long-stay-offer\/#breadcrumb"},"inLanguage":"de-DE","potentialAction":[{"@type":"ReadAction","target":["https:\/\/www.mercuredubaihotel.com\/de\/angebot-fuer-langzeitaufenthalte\/early-bird-long-stay-offer\/"]}]},{"@type":"ImageObject","inLanguage":"de-DE","@id":"https:\/\/www.mercuredubaihotel.com\/de\/angebot-fuer-langzeitaufenthalte\/early-bird-long-stay-offer\/#primaryimage","url":"https:\/\/www.mercuredubaihotel.com\/wp-content\/uploads\/sites\/37\/2023\/08\/55A2768.jpg","contentUrl":"https:\/\/www.mercuredubaihotel.com\/wp-content\/uploads\/sites\/37\/2023\/08\/55A2768.jpg","width":1945,"height":963},{"@type":"BreadcrumbList","@id":"https:\/\/www.mercuredubaihotel.com\/de\/angebot-fuer-langzeitaufenthalte\/early-bird-long-stay-offer\/#breadcrumb","itemListElement":[{"@type":"ListItem","position":1,"name":"Home","item":"https:\/\/www.mercuredubaihotel.com\/de\/"},{"@type":"ListItem","position":2,"name":"Langzeitaufenthalte","item":"https:\/\/www.mercuredubaihotel.com\/de\/angebot-fuer-langzeitaufenthalte\/"},{"@type":"ListItem","position":3,"name":"VORVERKAUFSANGEBOT-ANGEBOT F\u00dcR LANGZEITAUFENTHALTE"}]},{"@type":"WebSite","@id":"https:\/\/www.mercuredubaihotel.com\/#website","url":"https:\/\/www.mercuredubaihotel.com\/","name":"Mercure Dubai Barsha Heights","description":"","potentialAction":[{"@type":"SearchAction","target":{"@type":"EntryPoint","urlTemplate":"https:\/\/www.mercuredubaihotel.com\/?s={search_term_string}"},"query-input":{"@type":"PropertyValueSpecification","valueRequired":true,"valueName":"search_term_string"}}],"inLanguage":"de-DE"}]}},"_links":{"self":[{"href":"https:\/\/www.mercuredubaihotel.com\/de\/wp-json\/wp\/v2\/pages\/1565","targetHints":{"allow":["GET"]}}],"collection":[{"href":"https:\/\/www.mercuredubaihotel.com\/de\/wp-json\/wp\/v2\/pages"}],"about":[{"href":"https:\/\/www.mercuredubaihotel.com\/de\/wp-json\/wp\/v2\/types\/page"}],"author":[{"embeddable":true,"href":"https:\/\/www.mercuredubaihotel.com\/de\/wp-json\/wp\/v2\/users\/82"}],"replies":[{"embeddable":true,"href":"https:\/\/www.mercuredubaihotel.com\/de\/wp-json\/wp\/v2\/comments?post=1565"}],"version-history":[{"count":0,"href":"https:\/\/www.mercuredubaihotel.com\/de\/wp-json\/wp\/v2\/pages\/1565\/revisions"}],"up":[{"embeddable":true,"href":"https:\/\/www.mercuredubaihotel.com\/de\/wp-json\/wp\/v2\/pages\/739"}],"wp:featuredmedia":[{"embeddable":true,"href":"https:\/\/www.mercuredubaihotel.com\/de\/wp-json\/wp\/v2\/media\/1619"}],"wp:attachment":[{"href":"https:\/\/www.mercuredubaihotel.com\/de\/wp-json\/wp\/v2\/media?parent=1565"}],"wp:term":[{"taxonomy":"category","embeddable":true,"href":"https:\/\/www.mercuredubaihotel.com\/de\/wp-json\/wp\/v2\/categories?post=1565"}],"curies":[{"name":"wp","href":"https:\/\/api.w.org\/{rel}","templated":true}]}}